{"id":147,"date":"2023-12-27T10:41:42","date_gmt":"2023-12-27T09:41:42","guid":{"rendered":"https:\/\/www.forte-cultura.network\/?page_id=147"},"modified":"2024-06-15T09:39:04","modified_gmt":"2024-06-15T07:39:04","slug":"netzwerkaktivitaeten-2021","status":"publish","type":"page","link":"https:\/\/www.forte-cultura.network\/de\/forte-cultura-blogs\/netzwerkaktivitaeten-2021\/","title":{"rendered":"FORTE CULTURA Netzwerkaktivit\u00e4ten 2021"},"content":{"rendered":"<div class=\"wp-block-columns alignwide eplus-wrapper is-layout-flex wp-container-core-columns-is-layout-28f84493 wp-block-columns-is-layout-flex eplus-styles-uid-271e42\">\n<div class=\"wp-block-column eplus-wrapper is-layout-flow wp-block-column-is-layout-flow\">\n<table>\n<tbody>\n<tr>\n<td style=\"padding-bottom: 5px; text-align: left;\">\n<p><strong>Festung K\u00f6nigstein, Sachsen (DE): FORTE CULTURA Mitgliederversammlung 2021<\/strong><\/p>\n<\/td>\n<\/tr>\n<tr>\n<td>\n<img decoding=\"async\" src=\"https:\/\/www.forte-cultura.network\/wp-content\/uploads\/2023\/12\/2021_FoCu-AGM-Koenigstein.jpg\" style=\"float:left; margin: 5px 20px 7px 0; width: 100%;\">\n<p>29 Mitglieder und G\u00e4ste aus 7 L\u00e4ndern trafen sich zur FORTE CULTURA Mitgliederversammlung 2021 auf der Festung K\u00f6nigstein (Sachsen). Unter der Leitung von Dirk R\u00f6der legten Vorstand und Wissenschaftlicher Beirat einen h\u00f6chst beeindruckenden Leistungsbericht zu den Aktivit\u00e4ten und Ergebnissen der letzten 15 Monate vor. Highlights waren dabei die positive Netzwerkentwicklung, Projektentwicklungen sowie das umfangreiche Workshop- und Konferenzprogramm in Kooperation mit EFFORTS.<\/p>\n<p>Bei den anschlie\u00dfenden Wahlen wurden Frank Riesbeck (DE) als Pr\u00e4sident, Frauke Vos-Firnkes (DE) als Vizepr\u00e4sidentin, Dirk R\u00f6der (DE) als Vizepr\u00e4sident Finanzen und Agnieszka Zurawska-Tatala (PL) als Vizepr\u00e4sidentin Kommunikation wiedergew\u00e4hlt. Neu hinzu kamen Huibert Crijns (NL) als Vizepr\u00e4sident Kulturerbe und Filippo Cailotto (IT) als Beisitzer Alpen-Adria. Hartmut R\u00f6der (DE) trat nicht zur Wiederwahl an. Aufgrund seiner gro\u00dfen Verdienste f\u00fcr FORTE CULTURA ernannte ihn die Mitgliederversammlung zum Ehrenmitglied.<\/p>\n<p>Ebenfalls gew\u00e4hlt wurde der Wissenschaftliche Beirat. Zur Wiederwahl stellten sich Prof. Dr. Teresa Colletta (IT), Ass. Prof. Dr. Nata\u0161a Uro\u0161evi\u0107 (HR), Ass. Prof. Dr.-Ing. Marcin Gorski (PL) und Dipl.-Ing. Volker K. Pachauer (AT). Neu hinzu kamen Dr. Alexander Jordan (DE) und Dr. Juan Antonio Mira Rico (ES). Weitere Informationen<\/p>\n<\/td>\n<\/tr>\n<tr><td><hr><\/td><\/tr>\n\n<tr>\n<td style=\"padding-bottom: 5px; text-align: left;\">\n<p><strong>Bergen op Zoom (NL): Workshop \"Forts Unchained\"<\/strong><\/p>\n<\/td>\n<\/tr>\n<tr>\n<td>\n<img decoding=\"async\" src=\"https:\/\/www.forte-cultura.network\/wp-content\/uploads\/2023\/12\/2021_BergenOpZoom.jpg\" style=\"float:left; margin: 5px 20px 7px 0; width: 250px;\">\n<p>In Bergen op Zoom kamen <b>EFFORTS<\/b>, sterben <b>Liberation Route Europe<\/b> und <b>FORTE CULTURA<\/b> zusammen, um \u00fcber die Rolle der Festungen im Zweiten Weltkrieg zu beraten. Oft wurden Festungen im 2. Weltkrieg als Konzentrationslager und Gef\u00e4ngnisse genutzt oder waren Schaupl\u00e4tze schwerer Kriegshandlungen. Viele dieser Standorte sind heute Denkm\u00e4ler und offerieren Ausstellungen zum Mahnen und Gedenken an diese Zeit. Aufgrund ihrer Ausrichtung k\u00f6nnen beide Kulturrouten dieses Thema gemeinsam reflektieren. Der diskutierte Projektansatz soll den Zweiten Weltkrieg in Festungsmonumenten aufarbeiten und touristisch umsetzen. Festungsstandorte mit entsprechender Geschichte sind aufgerufen, sich an dem Projekt zu beteiligen.<\/p>\n<\/td>\n<\/tr>\n<tr><td><hr><\/td><\/tr>\n\n<tr>\n<td style=\"padding-bottom: 5px; text-align: left;\">\n<p><strong>Karlovac (HR): Workshop KULTUR UND F\u00d6RDERUNG<\/strong><\/p>\n<\/td>\n<\/tr>\n<tr>\n<td>\n<img decoding=\"async\" src=\"https:\/\/www.forte-cultura.network\/wp-content\/uploads\/2023\/12\/2021_WS-Karlovac_web.jpg\" style=\"float:left; margin: 5px 20px 7px 0; width: 250px;\">\n<p>Im Rahmen des Interreg - IPA CBC Projekts <b>FORTITUDE<\/b> fand unter Leitung von Dirk R\u00f6der und Rafael Deroo in der Festungsidealstadt Karlovac im Oktober einen Fachworkshop zum Thema Heritage und Promotion statt. Projektpartner sind die <b>Kulturfestung Sibenik<\/b>, sterben <b>Festungsidealstadt Karlovac<\/b> (beide HR), die <b>Festungsstadt Herceg Novi<\/b> (BA) und die Stadt <b>Banja Luka<\/b> (ME). Der 2-t\u00e4gige Workshop befasste sich mit Fragen zum Management und zur nachhaltigen Nutzung von Festungen, zu Digitalisierung und digitalem Marketing f\u00fcr Festungen sowie der Entwicklung von Festungstourismus am Beispiel der Festungsstadt Karlovac und der <b>Burg Dubovac<\/b>.<\/p>\n<\/td>\n<\/tr>\n<tr><td><hr><\/td><\/tr>\n\n<tr>\n<td style=\"padding-bottom: 5px; text-align: left;\">\n<p><strong>D\u00f6mitz (DE): Studienprojekt der Technischen Universit\u00e4t Warschau zur Festung D\u00f6mitz<\/strong><\/p>\n<\/td>\n<\/tr>\n<tr>\n<td>\n<img decoding=\"async\" src=\"https:\/\/www.forte-cultura.network\/wp-content\/uploads\/2023\/12\/2021_Doemitz-TU-Warschau.jpg\" style=\"float:left; margin: 5px 20px 7px 0; width: 250px;\">\n<p>Unter dem Titel \"Wiedereingliederung, Sanierung und Aufwertung der touristischen Funktionen der Festung D\u00f6mitz\" haben Studenten der TU Warschau zu Beginn des Wintersemesters die Festung D\u00f6mitz besucht. In einer 4-t\u00e4gigen Bestandsaufnahme wurden alle Bereiche der Festung und ehemaligen Festungsidealstadt untersucht, um \u00fcber den Winter Konzepte und L\u00f6sungsvorschl\u00e4ge zu erarbeiten. Sanierungsstau mangels Finanzierung f\u00fchrte in D\u00f6mitz j\u00fcngst zur Schlie\u00dfung von Festungsbereichen. Das Studienprojekt wurde durch FORTE CULTURA initiiert und wird durch Marcin Gorski (TU Warschau und Mitglied des Wissenschaftlichen Beirats von FORTE CULTURA) geleitet.<\/p>\n<\/td>\n<\/tr>\n<tr><td><hr><\/td><\/tr>\n\n<tr>\n<td style=\"padding-bottom: 5px; text-align: left;\">\n<p><strong>'s-Hertogenbosch (NL): Festungsstadt mit Zitadelle wird erste FORTE CULTURA Station in den Niederlanden<\/strong><\/p>\n<\/td>\n<\/tr>\n<tr>\n<td>\n<img decoding=\"async\" src=\"https:\/\/www.forte-cultura.network\/wp-content\/uploads\/2023\/12\/2021_denBosch_Von-Joop-van-Houdt.jpg\" style=\"float:left; margin: 5px 20px 7px 0; width: 250px;\">\n<p>Die Festungsstadt 's-Hertogenbosch (kurz: Den Bosch) ist Hauptstadt der niederl\u00e4ndischen Provinz Noord-Brabant und verf\u00fcgt mit Stadtumwallung und Zitadelle \u00fcber ein au\u00dferordentliches Festungserbe. Den Bosch geht zudem \u00e4u\u00dferst innovativ damit um, was sich im Besucherzentrum im Bollwerk Sankt Johann, einem in die Befestigungsanlage integriertem Parkhaus, oder im digitalen Den Bosch Time Machine Projekt zeigt. Die Stadt ist zudem Gr\u00fcndungsmitglied von EFFORTS und unterst\u00fctzt seit vielen Jahren das Kulturerbe der Festungsmonumente in Europa. Mit dem Beitritt zu FORTE CULTURA soll das Festungsmarketing der Stadt gest\u00fctzt und die Angebote f\u00fcr Festungstourismus in Den Bosch ausgebaut und international vernetzt werden. Wir freuen uns auf die Kooperation.<\/p>\n<\/td>\n<\/tr>\n<tr><td><hr><\/td><\/tr>\n\n<tr>\n<td style=\"padding-bottom: 5px; text-align: left;\">\n<p><strong>Four \u00e1 Chaux, Lembach (FR): Neue FORTE CULTURA Station im Elsass<\/strong><\/p>\n<\/td>\n<\/tr>\n<tr>\n<td>\n<img decoding=\"async\" src=\"https:\/\/www.forte-cultura.network\/wp-content\/uploads\/2023\/12\/2021_Lembach_1.jpg\" style=\"float:left; margin: 5px 20px 7px 0; width: 250px;\">\n<p>Das Four \u00e0 Chaux in Lembach ist eine unterirdische Festungsanlage der Maginot-Linie aus dem 20. Jahrhundert. Geleitet und inszeniert von der Association des Amis de la Ligne Maginot de Lembach, bestaunen j\u00e4hrlich zehntausende Besucher die weitl\u00e4ufige Anlage. Viiele spannende Features, von der ausfahrbaren MG-Kuppel bis zum Escape-Room, machen das Fort zu einem beliebten Ausflugsziel im Elsass. Wir freuen uns auf die verst\u00e4rkte Kooperation mit Pr\u00e4sident Joseph Haensli und seinem Team, die bereits im Rahmen der Festungskooperation Oberrhein erfolgreich begonnen hat.<\/p>\n<\/td>\n<\/tr>\n<tr><td><hr><\/td><\/tr>\n\n<tr>\n<td style=\"padding-bottom: 5px; text-align: left;\">\n<p><strong>Ziegenhain (DE): Europ\u00e4ischer Festungssommer<\/strong><\/p>\n<\/td>\n<\/tr>\n<tr>\n<td>\n<img decoding=\"async\" src=\"https:\/\/www.forte-cultura.network\/wp-content\/uploads\/2023\/12\/2021_Ziegenhain.jpg\" style=\"float:left; margin: 5px 20px 7px 0; width: 250px;\">\n<p>FORTE CULTURA trifft renew Europe in der Festungs- und Konfirmationsstadt Ziegenhain<br>\nDie Stadt Ziegenhain und die EU-Fraktion Renew Europe nahmen Ende August den Europ\u00e4ischen Festungssommer zum Anlass f\u00fcr ein rauschendes Sommerfest auf dem Paradeplatz in der Konfirmations- und Festungsstadt. Gastgeber Engin Eroglu (MdEP) begr\u00fc\u00dfte knapp 200 geladene G\u00e4ste, darunter Frauke Vos-Firnkes und Dirk R\u00f6der aus dem FORTE CULTURA Vorstand. Letzterer veranschaulichte in seiner Rede die Rolle der Festungsmonumente f\u00fcr ein freies und nachhaltiges Europa.<\/p>\n<\/td>\n<\/tr>\n<tr><td><hr><\/td><\/tr>\n\n<tr>\n<td style=\"padding-bottom: 5px; text-align: left;\">\n<p><strong>Germersheim (DE): 4. Fachtagung zum Ausbau der Festungskooperation am Oberrhein<\/strong><\/p>\n<\/td>\n<\/tr>\n<tr>\n<td>\n<img decoding=\"async\" src=\"https:\/\/www.forte-cultura.network\/wp-content\/uploads\/2023\/12\/2021_Germersheim-Tagung.jpg\" style=\"float:left; margin: 5px 20px 7px 0; width: 250px;\">\n<p>Die Region Oberrhein ist eine der europ\u00e4ischen Regionen mit den meisten Festungsmonumenten aus 2000 Jahren Geschichte. Sp\u00e4testens mit dem Beitritt der Festungsstadt Germersheim in FORTE CULTURA im Jahr 2017, konnte in der Region Oberrhein ein deutsch-franz\u00f6sisches Kooperationsnetzwerk f\u00fcr Festungstourismus etabliert werden. Die nunmehr 4. Fachtagung besch\u00e4ftigte sich mit der Frage, wie grenz\u00fcberschreitender Tourismus f\u00fcr die Festungsmonumente der Region Oberrhein in Kooperation mit der Europ\u00e4ischen Kulturroute FORTE CULTURA organisiert werden kann. Die praxisorientierten Inhalte gaben Aufschluss \u00fcber den Weg als Festungsmonument zur gebuchten Tourismusdestination. In Workshopsessions wurden konkrete Reisemodule f\u00fcr den Festungstourismus am Oberrhein entwickelt. <\/p>\n<\/td>\n<\/tr>\n<tr><td><hr><\/td><\/tr>\n\n<tr>\n<td style=\"padding-bottom: 5px; text-align: left;\">\n<p><strong>Pula (HR) - Berlin (DE): Online-Konferenz mit 105 Anmeldungen aus 17 L\u00e4ndern<\/strong><\/p>\n<\/td>\n<\/tr>\n<tr>\n<td>\n<img decoding=\"async\" src=\"https:\/\/www.forte-cultura.network\/wp-content\/uploads\/2023\/12\/eventbrite-head_1.jpg\" style=\"float:left; margin: 5px 30px 7px 0; width: 180px;\">\n<p>Das gemeinsame wissenschaftliche Komitee FORTE CULTURA \/ EFFORTS veranstaltete am 6. Mai eine Evaluierungskonferenz zur \"Nachhaltigen Inwertsetzung des Kulturerbes Festungsmonumente\", die von der Juraj Dobrila Universit\u00e4t in Pula (HR) ausgerichtet wurde. Spannende Beitr\u00e4ge zu Best Practice aus Kroatien, Polen, Italien, Montenegro sowie von FORTE CULTURA sollen helfen, transnationale Diskussionen und Wissenstransfer zu wichtigen Themenfeldern f\u00fcr das Festungserbe anzuregen. Die Konferenz zeigte den hohen Bedarf an Austausch auf europ\u00e4ischer Ebene. Sie versteht sich daher als Auftakt, weitere Veranstaltungen sind geplant und finanzielle F\u00f6rderung soll daf\u00fcr eingeworben werden. Die Aufzeichnung der Konferenz kann im <a href=\"https:\/\/youtu.be\/h3QnkUHbetg\" target=\"_blank\" rel=\"noopener\"><b>FORTE CULTURA YouTube Kanal<\/b><\/a> gesehen werden.<\/p>\n<\/td>\n<\/tr>\n<tr><td><hr><\/td><\/tr>\n\n<tr>\n<td style=\"padding-bottom: 5px; text-align: left;\">\n<p><strong>Europ\u00e4ischer Festungssommer 2021 mit Pressekonferenz am Oberrhein gestartet<\/strong><\/p>\n<\/td>\n<\/tr>\n<tr>\n<td>\n<img decoding=\"async\" src=\"https:\/\/www.forte-cultura.network\/wp-content\/uploads\/2023\/12\/logo-EFS_2021red.png\" style=\"float:left; margin: -10px 25px 0 15px; width: 130px; transform: rotate(7deg);\">\n<p>Am 15. April wurde in Germersheim im Rahmen einer Pressekonferenz der Europ\u00e4ische Festungssommer 2021 eingel\u00e4utet.<\/p>\n<p>Die 2018 von FORTE CULTURA entwickelte Kampagne zur Vermarktung von Sommerevents in Festungen wird ab diesem Jahr gemeinsam mit EFFORTS durchgef\u00fchrt und erh\u00e4lt ein neues Label. Zum Europ\u00e4ischen Festungssommer geh\u00f6ren u.a. der \"Kultursommer Elbe-Festungen\", der \"Festungssommer Oberrhein\" sowie viele weitere Events und Eventserien. <\/p>\n<p>Alle Festungen (auch Nichtmitglieder) sind zur Beteiligung aufgerufen.<\/p>\n<\/td>\n<\/tr>\n<tr><td><hr><\/td><\/tr>\n\n<tr>\n<td style=\"padding-bottom: 5px; text-align: left;\">\n<p><strong>Neue Marketinginstrumente \"Kulturerbe Festungsmonumente am Oberrhein\"<\/strong><\/p>\n<\/td>\n<\/tr>\n<tr>\n<td>\n<img decoding=\"async\" src=\"https:\/\/www.forte-cultura.network\/wp-content\/uploads\/2023\/12\/UpperRhine21.jpg\" alt=\"\" style=\"width: 232px; float: left; margin: 4px 20px 5px 0;\">\n<p>Auf Initiative der Festungsstadt Germersheim, begleitet durch den Eurodistrikt PAMINA und die Touristik-Gemeinschaft Baden-Elsass-Pfalz e.V. (Vis-\u00e0-Vis), hat FORTE CULTURA im Auftrag der Marketinggemeinschaft Oberrhein einen Festungsflyer mit Karte, einen Stempelpass und eine Wanderausstellung entwickelt.<\/p>\n<p>Die Marketinginstrumente sind ab sofort bei den 30 beteiligten Festungen und Museen erh\u00e4ltlich und werden dem Festungssommer Oberrhein vom 15. April bis 31. Oktober 2021 inhaltlich begleiten. Weitere Informationen finden Sie im Bereich <a href=\"https:\/\/forte-cultura.eu\"><b>Oberrhein<\/b><\/a> auf unserer Webseite.<\/p>\n<\/td>\n<\/tr>\n<tr><td><hr><\/td><\/tr>\n\n<tr>\n<td style=\"padding-bottom: 5px; text-align: left;\">\n<p><strong> \t\nNeue FORTE CULTURA Station(en) am Oberrhein (DE-FR)\n<\/strong><\/p>\n<\/td>\n<\/tr>\n<tr>\n<td>\n\n<p>Wir begr\u00fc\u00dfen die regionale Festungsgruppe <b>\"Festungen und Wehrgeschichte am Oberrhein 1929 - 1999\"<\/b> mit dem Bunkermuseum Dettenheim, der Bunker-Tour Hausach, dem Hornisgrinde-Bunker, dem Tarnbunker Neum\u00fchl, dem Museumsbunker Emilie (alle DE) sowie dem Mus\u00e9e M\u00e9morial Walbourg (2MCLADN, FR) als neue FORTE CULTURA Stationen in unserem Netzwerk. Die Festungsgruppe ist Teil der deutsch-franz\u00f6sischen Initiative von 30 Festungsmonumenten und Museen am Oberrhein, der auch die Festungsstadt Germersheim und das Fort Schoenenbourg angeh\u00f6ren.<\/p>\n<\/td>\n<\/tr>\n<tr><td><hr><\/td><\/tr>\n\n<tr>\n<td style=\"padding-bottom: 5px; text-align: left;\">\n<p><strong>Sandomierz (PL): Neue FORTE CULTURA Station an der Weichsel<\/strong><\/p>\n<\/td>\n<\/tr>\n<tr>\n<td>\n<img decoding=\"async\" src=\"https:\/\/www.forte-cultura.network\/wp-content\/uploads\/2023\/12\/2020%20Sandomierz.jpg\" alt=\"\" style=\"width: 232px; float: left; margin: 4px 20px 5px 0;\">\n<p>Sandomierz befindet sich am westlichen Weichselufer in der Woiwodschaft Heiligkreuz. In der ehemals befestigten Altstadt mit dem zentralen Rathausplatz finden sich Bauwerke aus der Romanik, der Gotik, der Renaissance und dem Barock. Sie z\u00e4hlt zu den sch\u00f6nsten und bestgehaltensten in ganz Polen. Vor der Stadt thront das befestigte Kasimir Schloss aus dem 14. Jahrhundert und bewacht den kleinen Hafen. Spannend sind auch eine Bastion im Westen der Stadt, die unterirdischen G\u00e4nge und R\u00e4ume der Altstadt sowie die vielen Kirchen. Mit dem Kulturzentrum Sandomierz erh\u00e4lt FORTE CULTURA einen weiteren starken Partner aus Polen.<\/p>\n<\/td>\n<\/tr>\n<tr><td><hr><\/td><\/tr>\n<\/tbody><\/table><\/div><\/div>\n\n\n<hr class=\"is-style-wide eplus-wrapper wp-block-separator alignwide has-text-color has-custom-fo-cu-2-color has-alpha-channel-opacity has-custom-fo-cu-2-background-color has-background\"\/>\n\n\n<div class=\"eplus-wrapper wp-block-columns alignwide is-layout-flex wp-container-core-columns-is-layout-28f84493 wp-block-columns-is-layout-flex eplus-styles-uid-1e46e5\">\n<div class=\"eplus-wrapper wp-block-column is-layout-flow wp-block-column-is-layout-flow\">\n<div class=\"wp-block-kadence-advancedbtn kb-buttons-wrap kb-btns147_c36a9c-2b\"><a class=\"kb-button kt-button button kb-btn147_ca44ef-e4 kt-btn-size-standard kt-btn-width-type-full kb-btn-global-fill  kt-btn-has-text-true kt-btn-has-svg-false  wp-block-kadence-singlebtn\" href=\"https:\/\/www.forte-cultura.network\/de\/netzwerkaktivitaeten\/\"><span class=\"kt-btn-inner-text\">aktuell<\/span><\/a><\/div>\n<\/div>\n\n\n\n<div class=\"wp-block-column eplus-wrapper is-layout-flow wp-block-column-is-layout-flow\">\n<div class=\"wp-block-kadence-advancedbtn kb-buttons-wrap kb-btns147_ce6c62-14\"><a class=\"kb-button kt-button button kb-btn147_d105ae-0d kt-btn-size-standard kt-btn-width-type-full kb-btn-global-fill  kt-btn-has-text-true kt-btn-has-svg-false  wp-block-kadence-singlebtn\" href=\"https:\/\/www.forte-cultura.network\/de\/netzwerkaktivitaeten\/forte-cultura-netzwerkaktivitaeten-2024\/\"><span class=\"kt-btn-inner-text\">2024<\/span><\/a><\/div>\n<\/div>\n\n\n\n<div class=\"eplus-wrapper wp-block-column is-layout-flow wp-block-column-is-layout-flow\">\n<div class=\"wp-block-kadence-advancedbtn kb-buttons-wrap kb-btns147_955be6-df\"><a class=\"kb-button kt-button button kb-btn147_009979-cd kt-btn-size-standard kt-btn-width-type-full kb-btn-global-fill  kt-btn-has-text-true kt-btn-has-svg-false  wp-block-kadence-singlebtn\" href=\"https:\/\/www.forte-cultura.network\/de\/netzwerkaktivitaeten\/forte-cultura-netzwerkaktivitaeten-2023\/\"><span class=\"kt-btn-inner-text\">2023<\/span><\/a><\/div>\n<\/div>\n\n\n\n<div class=\"eplus-wrapper wp-block-column is-layout-flow wp-block-column-is-layout-flow\">\n<div class=\"wp-block-kadence-advancedbtn kb-buttons-wrap kb-btns147_d26849-35\"><a class=\"kb-button kt-button button kb-btn147_54b4ac-af kt-btn-size-standard kt-btn-width-type-full kb-btn-global-fill  kt-btn-has-text-true kt-btn-has-svg-false  wp-block-kadence-singlebtn\" href=\"https:\/\/www.forte-cultura.network\/de\/netzwerkaktivitaeten\/netzwerkaktivitaeten-2022\/\"><span class=\"kt-btn-inner-text\">2022<\/span><\/a><\/div>\n<\/div>\n\n\n\n<div class=\"eplus-wrapper wp-block-column is-layout-flow wp-block-column-is-layout-flow\">\n<div class=\"wp-block-kadence-advancedbtn kb-buttons-wrap kb-btns147_ed7fe3-d2\"><a class=\"kb-button kt-button button kb-btn147_a07546-b3 kt-btn-size-standard kt-btn-width-type-full kb-btn-global-fill  kt-btn-has-text-true kt-btn-has-svg-false  wp-block-kadence-singlebtn\" href=\"https:\/\/www.forte-cultura.network\/de\/netzwerkaktivitaeten\/netzwerkaktivitaeten-2020\/\"><span class=\"kt-btn-inner-text\">2020<\/span><\/a><\/div>\n<\/div>\n\n\n\n<div class=\"eplus-wrapper wp-block-column is-layout-flow wp-block-column-is-layout-flow\"><\/div>\n\n\n\n<div class=\"eplus-wrapper wp-block-column is-layout-flow wp-block-column-is-layout-flow\"><\/div>\n<\/div>\n\n\n<hr class=\"eplus-wrapper wp-block-separator alignwide has-text-color has-custom-fo-cu-2-color has-alpha-channel-opacity has-custom-fo-cu-2-background-color has-background\"\/>\n\n\n\n<div class=\"wp-block-kadence-spacer alignwide kt-block-spacer-147_bdef3c-f0\"><div class=\"kt-block-spacer kt-block-spacer-halign-center\"><\/div><\/div>","protected":false},"excerpt":{"rendered":"<p>Festung K\u00f6nigstein, Sachsen (DE): FORTE CULTURA Mitgliederversammlung 2021 29 Mitglieder und G\u00e4ste aus 7 L\u00e4ndern trafen sich zur FORTE CULTURA Mitgliederversammlung 2021 auf der Festung K\u00f6nigstein (Sachsen). Unter der Leitung [&hellip;]<\/p>\n","protected":false},"author":1,"featured_media":0,"parent":2,"menu_order":0,"comment_status":"closed","ping_status":"closed","template":"","meta":{"editor_plus_copied_stylings":"{}","pgc_sgb_lightbox_settings":"","_price":"","_stock":"","_tribe_ticket_header":"","_tribe_default_ticket_provider":"","_tribe_ticket_capacity":"0","_ticket_start_date":"","_ticket_end_date":"","_tribe_ticket_show_description":"","_tribe_ticket_show_not_going":false,"_tribe_ticket_use_global_stock":"","_tribe_ticket_global_stock_level":"","_global_stock_mode":"","_global_stock_cap":"","_tribe_rsvp_for_event":"","_tribe_ticket_going_count":"","_tribe_ticket_not_going_count":"","_tribe_tickets_list":"[]","_tribe_ticket_has_attendee_info_fields":false,"_EventAllDay":false,"_EventTimezone":"","_EventStartDate":"","_EventEndDate":"","_EventStartDateUTC":"","_EventEndDateUTC":"","_EventShowMap":false,"_EventShowMapLink":false,"_EventURL":"","_EventCost":"","_EventCostDescription":"","_EventCurrencySymbol":"","_EventCurrencyCode":"","_EventCurrencyPosition":"","_EventDateTimeSeparator":"","_EventTimeRangeSeparator":"","_EventOrganizerID":[],"_EventVenueID":[],"_OrganizerEmail":"","_OrganizerPhone":"","_OrganizerWebsite":"","_VenueAddress":"","_VenueCity":"","_VenueCountry":"","_VenueProvince":"","_VenueState":"","_VenueZip":"","_VenuePhone":"","_VenueURL":"","_VenueStateProvince":"","_VenueLat":"","_VenueLng":"","_VenueShowMap":false,"_VenueShowMapLink":false,"footnotes":""},"class_list":["post-147","page","type-page","status-publish","hentry"],"_links":{"self":[{"href":"https:\/\/www.forte-cultura.network\/de\/wp-json\/wp\/v2\/pages\/147","targetHints":{"allow":["GET"]}}],"collection":[{"href":"https:\/\/www.forte-cultura.network\/de\/wp-json\/wp\/v2\/pages"}],"about":[{"href":"https:\/\/www.forte-cultura.network\/de\/wp-json\/wp\/v2\/types\/page"}],"author":[{"embeddable":true,"href":"https:\/\/www.forte-cultura.network\/de\/wp-json\/wp\/v2\/users\/1"}],"replies":[{"embeddable":true,"href":"https:\/\/www.forte-cultura.network\/de\/wp-json\/wp\/v2\/comments?post=147"}],"version-history":[{"count":0,"href":"https:\/\/www.forte-cultura.network\/de\/wp-json\/wp\/v2\/pages\/147\/revisions"}],"up":[{"embeddable":true,"href":"https:\/\/www.forte-cultura.network\/de\/wp-json\/wp\/v2\/pages\/2"}],"wp:attachment":[{"href":"https:\/\/www.forte-cultura.network\/de\/wp-json\/wp\/v2\/media?parent=147"}],"curies":[{"name":"wp","href":"https:\/\/api.w.org\/{rel}","templated":true}]}}