{"id":1785,"date":"2025-01-25T15:45:53","date_gmt":"2025-01-25T14:45:53","guid":{"rendered":"https:\/\/www.forte-cultura.network\/?page_id=1785"},"modified":"2025-09-21T10:28:19","modified_gmt":"2025-09-21T08:28:19","slug":"faq-zur-mitgliedschaft","status":"publish","type":"page","link":"https:\/\/www.forte-cultura.network\/de\/faq-zur-mitgliedschaft\/","title":{"rendered":"FAQ zur Mitgliedschaft"},"content":{"rendered":"<div class=\"wp-block-kadence-accordion alignnone\"><div class=\"kt-accordion-wrap kt-accordion-id1785_7568f9-fb kt-accordion-has-13-panes kt-active-pane-0 kt-accordion-block kt-pane-header-alignment-left kt-accodion-icon-style-arrow kt-accodion-icon-side-right\" style=\"max-width:none\"><div class=\"kt-accordion-inner-wrap\" data-allow-multiple-open=\"false\" data-start-open=\"none\">\n<div class=\"wp-block-kadence-pane kt-accordion-pane kt-accordion-pane-1 kt-pane1785_c5e164-fc\"><div class=\"kt-accordion-header-wrap\"><button class=\"kt-blocks-accordion-header kt-acccordion-button-label-show\" type=\"button\"><span class=\"kt-blocks-accordion-title-wrap\"><span class=\"kt-blocks-accordion-title\"><strong>Was ist FORTE CULTURA?<\/strong><\/span><\/span><span class=\"kt-blocks-accordion-icon-trigger\"><\/span><\/button><\/div><div class=\"kt-accordion-panel kt-accordion-panel-hidden\"><div class=\"kt-accordion-panel-inner\">\n<p class=\"eplus-wrapper\">FORTE CULTURA ist die Europ\u00e4ische Kulturstra\u00dfe des Festungserbes. Sie repr\u00e4sentiert und f\u00f6rdert das kulturelle Erbe der Festungen in Europa, insbesondere durch die F\u00f6rderung des Kulturtourismus entlang der Stationen der Kulturroute.<\/p>\n<\/div><\/div><\/div>\n\n\n\n<div class=\"wp-block-kadence-pane kt-accordion-pane kt-accordion-pane-2 kt-pane1785_c2ec80-a0\"><div class=\"kt-accordion-header-wrap\"><button class=\"kt-blocks-accordion-header kt-acccordion-button-label-show\" type=\"button\"><span class=\"kt-blocks-accordion-title-wrap\"><span class=\"kt-blocks-accordion-title\"><strong>Wie viele Stationen gibt es entlang der Europ\u00e4ischen Kulturstra\u00dfe FORTE CULTURA?<\/strong><\/span><\/span><span class=\"kt-blocks-accordion-icon-trigger\"><\/span><\/button><\/div><div class=\"kt-accordion-panel kt-accordion-panel-hidden\"><div class=\"kt-accordion-panel-inner\">\n<p class=\"eplus-wrapper\">Die europ\u00e4ische Kulturroute FORTE CULTURA umfasst derzeit 63 Stationen in 14 L\u00e4ndern (siehe <a href=\"https:\/\/forte-cultura.com\/de_de\/europaeische-kulturroute-der-festungsmonumente\/\" target=\"_blank\" rel=\"noreferrer noopener\"><strong>Tourismus-Portal FORTE CULTURA<\/strong><\/a>).<\/p>\n<\/div><\/div><\/div>\n\n\n\n<div class=\"wp-block-kadence-pane kt-accordion-pane kt-accordion-pane-3 kt-pane1785_75ae5f-94\"><div class=\"kt-accordion-header-wrap\"><button class=\"kt-blocks-accordion-header kt-acccordion-button-label-show\" type=\"button\"><span class=\"kt-blocks-accordion-title-wrap\"><span class=\"kt-blocks-accordion-title\"><strong>Wie wird man eine Station auf der Europ\u00e4ischen Kulturstra\u00dfe FORTE CULTURA?<\/strong><\/span><\/span><span class=\"kt-blocks-accordion-icon-trigger\"><\/span><\/button><\/div><div class=\"kt-accordion-panel kt-accordion-panel-hidden\"><div class=\"kt-accordion-panel-inner\">\n<p class=\"eplus-wrapper\">Die Europ\u00e4ische Kulturstra\u00dfe wird von dem gleichnamigen Netzwerk FORTE CULTURA e.V. organisiert. Sie m\u00fcssen Mitglied bei FORTE CULTURA e.V. sein, um eine Station der Kulturroute zu werden.<\/p>\n<\/div><\/div><\/div>\n\n\n\n<div class=\"wp-block-kadence-pane kt-accordion-pane kt-accordion-pane-4 kt-pane1785_162dea-0b\"><div class=\"kt-accordion-header-wrap\"><button class=\"kt-blocks-accordion-header kt-acccordion-button-label-show\" type=\"button\"><span class=\"kt-blocks-accordion-title-wrap\"><span class=\"kt-blocks-accordion-title\"><strong>Wie kann ich Mitglied bei FORTE CULTURA werden?<\/strong><\/span><\/span><span class=\"kt-blocks-accordion-icon-trigger\"><\/span><\/button><\/div><div class=\"kt-accordion-panel kt-accordion-panel-hidden\"><div class=\"kt-accordion-panel-inner\">\n<p class=\"eplus-wrapper\">Herunterladen der <strong><a href=\"https:\/\/www.forte-cultura.network\/wp-content\/uploads\/2025\/02\/FoCu-application-membership_form-EN.pdf\" data-type=\"attachment\" data-id=\"1921\">Bewerbungsformular<\/a><\/strong><a href=\"https:\/\/www.forte-cultura.network\/wp-content\/uploads\/Documents\/FoCu-Antrag%20Vollmitglied_Formular.pdf\" target=\"_blank\" rel=\"noreferrer noopener\"><strong> <\/strong><\/a>auf der Seite des Netzwerks FORTE CULTURA und f\u00fcllen Sie es aus. Schicken Sie es per E-Mail an das Netzwerkb\u00fcro.<\/p>\n<\/div><\/div><\/div>\n\n\n\n<div class=\"wp-block-kadence-pane kt-accordion-pane kt-accordion-pane-5 kt-pane1785_20efce-87\"><div class=\"kt-accordion-header-wrap\"><button class=\"kt-blocks-accordion-header kt-acccordion-button-label-show\" type=\"button\"><span class=\"kt-blocks-accordion-title-wrap\"><span class=\"kt-blocks-accordion-title\"><strong>Welche Arten von Mitgliedschaften gibt es?<\/strong><\/span><\/span><span class=\"kt-blocks-accordion-icon-trigger\"><\/span><\/button><\/div><div class=\"kt-accordion-panel kt-accordion-panel-hidden\"><div class=\"kt-accordion-panel-inner\">\n<p class=\"eplus-wrapper\">Die Mitgliedschaft steht St\u00e4dten, Institutionen, Vereinen, Experten und Wissenschaftlern offen, die das Ziel verfolgen, das kulturelle Erbe befestigter Denkm\u00e4ler zu f\u00f6rdern und die Werte von FORTE CULTURA zu vertreten.<\/p>\n<\/div><\/div><\/div>\n\n\n\n<div class=\"wp-block-kadence-pane kt-accordion-pane kt-accordion-pane-6 kt-pane1785_b2fcc4-a1\"><div class=\"kt-accordion-header-wrap\"><button class=\"kt-blocks-accordion-header kt-acccordion-button-label-show\" type=\"button\"><span class=\"kt-blocks-accordion-title-wrap\"><span class=\"kt-blocks-accordion-title\"><strong>Was kostet es, Mitglied bei FORTE CULTURA zu werden?<\/strong><\/span><\/span><span class=\"kt-blocks-accordion-icon-trigger\"><\/span><\/button><\/div><div class=\"kt-accordion-panel kt-accordion-panel-hidden\"><div class=\"kt-accordion-panel-inner\">\n<p class=\"eplus-wrapper\">Die Mitgliedsbeitr\u00e4ge variieren je nach der Form der juristischen Person und\/oder dem Festungserbe, das Sie vertreten. Eine \u00dcbersicht \u00fcber die Mitgliedsbeitr\u00e4ge finden Sie auf der Website <a href=\"https:\/\/www.forte-cultura.network\/de\/organisation\/forte-cultura-mitgliedschaft\/\" data-type=\"page\" data-id=\"553\"><strong>Website des Netzes<\/strong><\/a>.<\/p>\n<\/div><\/div><\/div>\n\n\n\n<div class=\"wp-block-kadence-pane kt-accordion-pane kt-accordion-pane-7 kt-pane1785_a7f50d-91\"><div class=\"kt-accordion-header-wrap\"><button class=\"kt-blocks-accordion-header kt-acccordion-button-label-show\" type=\"button\"><span class=\"kt-blocks-accordion-title-wrap\"><span class=\"kt-blocks-accordion-title\"><strong>Was sind die Vorteile einer Mitgliedschaft bei FORTE CULTURA?<\/strong><\/span><\/span><span class=\"kt-blocks-accordion-icon-trigger\"><\/span><\/button><\/div><div class=\"kt-accordion-panel kt-accordion-panel-hidden\"><div class=\"kt-accordion-panel-inner\">\n<p style=\"margin-bottom:var(--wp--preset--spacing--10)\" class=\"eplus-wrapper\">Mitglieder, die ein Festungsdenkmal repr\u00e4sentieren, werden zu einer Station der Europ\u00e4ischen Kulturstra\u00dfe und werden in das Marketing- und Informationsprogramm aufgenommen, zum Beispiel \u00fcber das Tourismusportal FORTE CULTURA <a href=\"http:\/\/www.forte-cultura.com\/\"><strong>www.forte-cultura.com<\/strong><\/a>.<\/p>\n\n\n<ul class=\"wp-block-list has-small-font-size eplus-wrapper eplus-styles-uid-2302a8\">\n<li class=\"eplus-wrapper\">FORTE CULTURA Tourismuskatalog f\u00fcr Reiseveranstalter<\/li>\n\n\n\n<li class=\"eplus-wrapper\">FORTE CULTURA online Festungsportr\u00e4ts<\/li>\n\n\n\n<li class=\"eplus-wrapper\">FORTE CULTURA Marketinginstrumente (Flyer, Plakate, Brosch\u00fcren, Roll-up-Displays usw.)<\/li>\n\n\n\n<li class=\"eplus-wrapper\">Online-Marketing-Tools von FORTE CULTURA (digitale Apps, Karten usw.)<\/li>\n\n\n\n<li class=\"eplus-wrapper\">FORTE CULTURA Portal f\u00fcr soziale Medien und Tourismus<\/li>\n\n\n\n<li class=\"eplus-wrapper\">Europ\u00e4ischer Festungssommer<\/li>\n<\/ul>\n\n\n<p style=\"margin-bottom:var(--wp--preset--spacing--10)\" class=\"eplus-wrapper\">Alle Mitglieder profitieren au\u00dferdem von professionellem Fachwissen, Zugang zu exklusiven Veranstaltungen, Workshops und Konferenzen sowie der M\u00f6glichkeit, an gemeinsamen Projekten und Initiativen teilzunehmen, z. B:<\/p>\n\n\n<ul class=\"wp-block-list eplus-wrapper eplus-styles-uid-c7c9b4\">\n<li class=\"has-small-font-size eplus-wrapper\">Wissenschaftlicher Ausschuss von FORTE CULTURA als Pool von interdisziplin\u00e4ren Experten und Universit\u00e4ten <\/li>\n\n\n\n<li class=\"has-small-font-size eplus-wrapper\">FORTE CULTURA Akademie als Plattform f\u00fcr internationalen Austausch und Fortbildung zum Thema Festungserbe <\/li>\n\n\n\n<li class=\"has-small-font-size eplus-wrapper\">FORTE CULTURA Rahmenvertr\u00e4ge und Lizenzen (Actionbound, Euro Souvenir Banknote, etc.)<\/li>\n\n\n\n<li class=\"has-small-font-size eplus-wrapper\"><a href=\"https:\/\/www.forte-cultura.network\/en\/conferences\/previous-conferences\/\"><strong>FORTE CULTURA Workshops und Fachkonferenzen<\/strong><\/a><\/li>\n\n\n\n<li class=\"has-small-font-size eplus-wrapper\">FORTE CULTURA Handreichungen, Leitlinien, bew\u00e4hrte Verfahren<\/li>\n\n\n\n<li class=\"has-small-font-size eplus-wrapper\">FORTE CULTURA Partnernetzwerke<\/li>\n<\/ul><\/div><\/div><\/div>\n\n\n\n<div class=\"wp-block-kadence-pane kt-accordion-pane kt-accordion-pane-8 kt-pane1785_8d9561-1a\"><div class=\"kt-accordion-header-wrap\"><button class=\"kt-blocks-accordion-header kt-acccordion-button-label-show\" type=\"button\"><span class=\"kt-blocks-accordion-title-wrap\"><span class=\"kt-blocks-accordion-title\"><strong>Was wird von den Mitgliedern von FORTE CULTURA erwartet?<\/strong><\/span><\/span><span class=\"kt-blocks-accordion-icon-trigger\"><\/span><\/button><\/div><div class=\"kt-accordion-panel kt-accordion-panel-hidden\"><div class=\"kt-accordion-panel-inner\">\n<p class=\"eplus-wrapper\">Die Mitglieder repr\u00e4sentieren die Europ\u00e4ische Kulturstra\u00dfe FORTE CULTURA an ihren Festungsstandorten. Sie kennzeichnen ihre Mitgliedschaft zum Beispiel mit dem FORTE CULTURA Schild und stellen FORTE CULTURA Marketinginstrumente an ihrem Standort zur Verf\u00fcgung. Sie vernetzen sich mit anderen Stationen und nehmen an Veranstaltungen und Aktivit\u00e4ten teil.<\/p>\n\n\n\n<p class=\"eplus-wrapper\">Sie stellen Informationen, Bild- und Videomaterial \u00fcber ihren Standort f\u00fcr Marketingaktivit\u00e4ten zur Verf\u00fcgung und schulen ihre Reiseleiter zu den Inhalten der Europ\u00e4ischen Kulturstra\u00dfe (<a href=\"https:\/\/www.forte-cultura.network\/en\/for-members\/forte-cultura-certificate-for-tour-guides\/\"><strong>FORTE CULTURA Zertifikat f\u00fcr G\u00e4stef\u00fchrer zertifiziert ist<\/strong><\/a>).<\/p>\n<\/div><\/div><\/div>\n\n\n\n<div class=\"wp-block-kadence-pane kt-accordion-pane kt-accordion-pane-9 kt-pane1785_61c874-2b\"><div class=\"kt-accordion-header-wrap\"><button class=\"kt-blocks-accordion-header kt-acccordion-button-label-show\" type=\"button\"><span class=\"kt-blocks-accordion-title-wrap\"><span class=\"kt-blocks-accordion-title\"><strong>Welche Aktivit\u00e4ten und Veranstaltungen werden von FORTE CULTURA organisiert?<\/strong><\/span><\/span><span class=\"kt-blocks-accordion-icon-trigger\"><\/span><\/button><\/div><div class=\"kt-accordion-panel kt-accordion-panel-hidden\"><div class=\"kt-accordion-panel-inner\">\n<p class=\"eplus-wrapper\">FORTE CULTURA organisiert eine Vielzahl von Aktivit\u00e4ten, darunter Konferenzen, Workshops, den Europ\u00e4ischen Festungssommer und spezielle Veranstaltungen zum kulturellen Erbe von Festungen.<\/p>\n<\/div><\/div><\/div>\n\n\n\n<div class=\"wp-block-kadence-pane kt-accordion-pane kt-accordion-pane-10 kt-pane1785_f6c82e-0c\"><div class=\"kt-accordion-header-wrap\"><button class=\"kt-blocks-accordion-header kt-acccordion-button-label-show\" type=\"button\"><span class=\"kt-blocks-accordion-title-wrap\"><span class=\"kt-blocks-accordion-title\"><strong>Wie kann ich an den Veranstaltungen von FORTE CULTURA teilnehmen?<\/strong><\/span><\/span><span class=\"kt-blocks-accordion-icon-trigger\"><\/span><\/button><\/div><div class=\"kt-accordion-panel kt-accordion-panel-hidden\"><div class=\"kt-accordion-panel-inner\">\n<p class=\"eplus-wrapper\">Informationen zu aktuellen Veranstaltungen und Anmeldem\u00f6glichkeiten finden Sie auf der <a href=\"https:\/\/www.forte-cultura.network\/de\/konferenzen\/\">FORTE CULTURA Netzwerk Seite<\/a>. Sie k\u00f6nnen sich auch an unser Netzb\u00fcro wenden.<\/p>\n<\/div><\/div><\/div>\n\n\n\n<div class=\"wp-block-kadence-pane kt-accordion-pane kt-accordion-pane-11 kt-pane1785_aeadd5-81\"><div class=\"kt-accordion-header-wrap\"><button class=\"kt-blocks-accordion-header kt-acccordion-button-label-show\" type=\"button\"><span class=\"kt-blocks-accordion-title-wrap\"><span class=\"kt-blocks-accordion-title\"><strong>Welche Unterst\u00fctzung bietet FORTE CULTURA seinen Mitgliedern?<\/strong><\/span><\/span><span class=\"kt-blocks-accordion-icon-trigger\"><\/span><\/button><\/div><div class=\"kt-accordion-panel kt-accordion-panel-hidden\"><div class=\"kt-accordion-panel-inner\">\n<p class=\"eplus-wrapper\">Die Mitglieder erhalten Unterst\u00fctzung durch individuelle internationale Vermarktung ihres Festungserbes, fachliche Expertise, Zugang zu einem breiten Expertennetzwerk und die M\u00f6glichkeit zur Teilnahme an gemeinsamen Projekten und Initiativen. <\/p>\n\n\n\n<p class=\"eplus-wrapper\">FORTE CULTURA bietet viele M\u00f6glichkeiten, sich mit anderen Mitgliedern auszutauschen und gemeinsam spezifische Herausforderungen zu l\u00f6sen. Gezielte Instrumente des Festungsmarketings verhelfen den FORTE CULTURA Stationen zu einer deutlich h\u00f6heren Sichtbarkeit auf dem internationalen Tourismusmarkt. Durch die internationale Zusammenarbeit werden die touristischen Angebote qualifiziert und neue Zielgruppen angesprochen. <\/p>\n<\/div><\/div><\/div>\n\n\n\n<div class=\"wp-block-kadence-pane kt-accordion-pane kt-accordion-pane-12 kt-pane1785_a576fa-4c\"><div class=\"kt-accordion-header-wrap\"><button class=\"kt-blocks-accordion-header kt-acccordion-button-label-show\" type=\"button\"><span class=\"kt-blocks-accordion-title-wrap\"><span class=\"kt-blocks-accordion-title\"><strong>Wie kann ich mich \u00fcber die neuesten Aktivit\u00e4ten und Projekte von FORTE CULTURA informieren?<\/strong><\/span><\/span><span class=\"kt-blocks-accordion-icon-trigger\"><\/span><\/button><\/div><div class=\"kt-accordion-panel kt-accordion-panel-hidden\"><div class=\"kt-accordion-panel-inner\">\n<p class=\"eplus-wrapper\">Bleiben Sie auf dem Laufenden, indem Sie sich bei der <a href=\"https:\/\/www.forte-cultura.network\/de\/forte-cultura-newsletter\/\"><strong>Newsletter <\/strong><\/a>und besuchen Sie regelm\u00e4\u00dfig die Seite des FORTE CULTURA Netzwerks.<\/p>\n<\/div><\/div><\/div>\n\n\n\n<div class=\"wp-block-kadence-pane kt-accordion-pane kt-accordion-pane-13 kt-pane1785_958746-7e\"><div class=\"kt-accordion-header-wrap\"><button class=\"kt-blocks-accordion-header kt-acccordion-button-label-show\" type=\"button\"><span class=\"kt-blocks-accordion-title-wrap\"><span class=\"kt-blocks-accordion-title\"><strong>Was ist das EFFORTS-Netzwerk und in welchem Zusammenhang steht es mit FORTE CULTURA?<\/strong><\/span><\/span><span class=\"kt-blocks-accordion-icon-trigger\"><\/span><\/button><\/div><div class=\"kt-accordion-panel kt-accordion-panel-hidden\"><div class=\"kt-accordion-panel-inner\">\n<p class=\"eplus-wrapper\"><a href=\"https:\/\/www.efforts-europe.eu\/\" target=\"_blank\" rel=\"noreferrer noopener\">EFFORTS (Europ\u00e4ischer Verband der befestigten Standorte)<\/a>ist ein europ\u00e4isches Netzwerk f\u00fcr Festungen und Festungsorganisationen mit Sitz in Br\u00fcssel. Es unterst\u00fctzt und f\u00f6rdert das Kulturerbe befestigter Denkm\u00e4ler und verteidigt die Interessen befestigter St\u00e4tten in der EU.<\/p>\n\n\n\n<p class=\"eplus-wrapper\">FORTE CULTURA e.V. ist ein Mitglied von EFFORTS Europe. Alle FORTE CULTURA Mitglieder werden automatisch assoziierte Mitglieder von EFFORTS und umgekehrt.<\/p>\n\n\n\n<p class=\"eplus-wrapper\">EFFORTS und FORTE CULTURA bilden zusammen das gr\u00f6\u00dfte Festungsnetzwerk in Europa. Gemeinsam organisieren wir zahlreiche Fachveranstaltungen und Initiativen zur Erhaltung und nachhaltigen Nutzung von Festungsdenkm\u00e4lern in ganz Europa, z.B. den Europ\u00e4ischen Festungssommer oder die Initiative zur F\u00f6rderung von Festungsdenkm\u00e4lern in der Ukraine.<\/p>\n<\/div><\/div><\/div>\n<\/div><\/div><\/div>\n\n\n\n<p class=\"eplus-wrapper\"><\/p>","protected":false},"excerpt":{"rendered":"","protected":false},"author":1,"featured_media":0,"parent":0,"menu_order":0,"comment_status":"closed","ping_status":"closed","template":"","meta":{"editor_plus_copied_stylings":"{}","pgc_sgb_lightbox_settings":"","_price":"","_stock":"","_tribe_ticket_header":"","_tribe_default_ticket_provider":"","_tribe_ticket_capacity":"0","_ticket_start_date":"","_ticket_end_date":"","_tribe_ticket_show_description":"","_tribe_ticket_show_not_going":false,"_tribe_ticket_use_global_stock":"","_tribe_ticket_global_stock_level":"","_global_stock_mode":"","_global_stock_cap":"","_tribe_rsvp_for_event":"","_tribe_ticket_going_count":"","_tribe_ticket_not_going_count":"","_tribe_tickets_list":"[]","_tribe_ticket_has_attendee_info_fields":false,"_EventAllDay":false,"_EventTimezone":"","_EventStartDate":"","_EventEndDate":"","_EventStartDateUTC":"","_EventEndDateUTC":"","_EventShowMap":false,"_EventShowMapLink":false,"_EventURL":"","_EventCost":"","_EventCostDescription":"","_EventCurrencySymbol":"","_EventCurrencyCode":"","_EventCurrencyPosition":"","_EventDateTimeSeparator":"","_EventTimeRangeSeparator":"","_EventOrganizerID":[],"_EventVenueID":[],"_OrganizerEmail":"","_OrganizerPhone":"","_OrganizerWebsite":"","_VenueAddress":"","_VenueCity":"","_VenueCountry":"","_VenueProvince":"","_VenueState":"","_VenueZip":"","_VenuePhone":"","_VenueURL":"","_VenueStateProvince":"","_VenueLat":"","_VenueLng":"","_VenueShowMap":false,"_VenueShowMapLink":false,"footnotes":""},"class_list":["post-1785","page","type-page","status-publish","hentry"],"_links":{"self":[{"href":"https:\/\/www.forte-cultura.network\/de\/wp-json\/wp\/v2\/pages\/1785","targetHints":{"allow":["GET"]}}],"collection":[{"href":"https:\/\/www.forte-cultura.network\/de\/wp-json\/wp\/v2\/pages"}],"about":[{"href":"https:\/\/www.forte-cultura.network\/de\/wp-json\/wp\/v2\/types\/page"}],"author":[{"embeddable":true,"href":"https:\/\/www.forte-cultura.network\/de\/wp-json\/wp\/v2\/users\/1"}],"replies":[{"embeddable":true,"href":"https:\/\/www.forte-cultura.network\/de\/wp-json\/wp\/v2\/comments?post=1785"}],"version-history":[{"count":4,"href":"https:\/\/www.forte-cultura.network\/de\/wp-json\/wp\/v2\/pages\/1785\/revisions"}],"predecessor-version":[{"id":3046,"href":"https:\/\/www.forte-cultura.network\/de\/wp-json\/wp\/v2\/pages\/1785\/revisions\/3046"}],"wp:attachment":[{"href":"https:\/\/www.forte-cultura.network\/de\/wp-json\/wp\/v2\/media?parent=1785"}],"curies":[{"name":"wp","href":"https:\/\/api.w.org\/{rel}","templated":true}]}}