{"id":2529,"date":"2025-04-30T15:46:22","date_gmt":"2025-04-30T13:46:22","guid":{"rendered":"https:\/\/www.forte-cultura.network\/?page_id=2529"},"modified":"2025-04-30T15:50:26","modified_gmt":"2025-04-30T13:50:26","slug":"wissenschaftlicher-beirat","status":"publish","type":"page","link":"https:\/\/www.forte-cultura.network\/de\/scientific-advisory-board\/","title":{"rendered":"Wissenschaftlicher Beirat"},"content":{"rendered":"<div class=\"wp-block-columns alignwide eplus-wrapper is-layout-flex wp-container-core-columns-is-layout-28f84493 wp-block-columns-is-layout-flex eplus-styles-uid-3ee04c\">\n<div class=\"wp-block-column is-vertically-aligned-center eplus-wrapper is-layout-flow wp-block-column-is-layout-flow\">\n<p class=\"eplus-wrapper\">Die Experten des Wissenschaftlichen Beirats unterst\u00fctzen die Mitglieder von FORTE CULTURA in verschiedenen Fragen zu ihren jeweiligen Fachgebieten. Sie sind auch f\u00fcr die wissenschaftliche Authentizit\u00e4t der Kulturroute verantwortlich.<\/p>\n\n\n\n<p class=\"eplus-wrapper\">Ein wichtiger Partner ist dabei das Festungsnetzwerk\u00a0<strong><a href=\"https:\/\/www.efforts-europe.eu\/\" target=\"_blank\" rel=\"noreferrer noopener\">EFFORTS Europa<\/a><\/strong>, mit dem ein\u00a0<em>Gemeinsamer wissenschaftlicher Expertenausschuss<\/em>gegr\u00fcndet wurde. Die\u00a0<strong>Gemeinsamer Wissenschafts- und Sachverst\u00e4ndigenausschuss<\/strong>mit Sitz in Forte Marghera (IT), wird von Nata\u0161a Uro\u0161evi\u0107 (HR) und Fiorenzo Meneghelli (IT) geleitet.<\/p>\n\n\n\n<p class=\"eplus-wrapper\">FORTE CULTURA und seine Partner initiieren und organisieren regelm\u00e4\u00dfig Fachtagungen, Workshops, Studentenprojekte und F\u00f6rderprojekte zur Unterst\u00fctzung des kulturellen Erbes der Festungsmonumente. Daraus resultiert auch eine Reihe von interessanten Publikationen, Fachvortr\u00e4gen und Videobeitr\u00e4gen, die Sie hier in Ausz\u00fcgen finden.<\/p>\n<\/div>\n<\/div>\n\n\n<div class=\"wp-block-group alignwide has-border-color has-accent-5-border-color has-base-2-background-color has-background eplus-wrapper has-global-padding is-layout-constrained wp-container-core-group-is-layout-da470a24 wp-block-group-is-layout-constrained\" style=\"border-width:1px;border-radius:16px;padding-top:0;padding-right:var(--wp--preset--spacing--40);padding-bottom:0;padding-left:var(--wp--preset--spacing--40)\"><div class=\"wp-block-columns alignwide eplus-wrapper is-layout-flex wp-container-core-columns-is-layout-cd6a0e38 wp-block-columns-is-layout-flex eplus-styles-uid-8cc5d6\" style=\"padding-bottom:0\">\n<div class=\"wp-block-column eplus-wrapper is-layout-flow wp-block-column-is-layout-flow\"><div class=\"eplus-wrapper wp-block-columns alignwide has-base-2-background-color has-background is-layout-flex wp-container-core-columns-is-layout-5b386791 wp-block-columns-is-layout-flex eplus-styles-uid-24a897\" style=\"border-radius:10px;margin-top:0;margin-bottom:0;padding-top:var(--wp--preset--spacing--30);padding-right:0;padding-bottom:var(--wp--preset--spacing--30);padding-left:0\">\n<div class=\"eplus-wrapper wp-block-column is-vertically-aligned-top has-border-color has-accent-3-border-color has-background is-layout-flow wp-block-column-is-layout-flow\" style=\"border-width:1px;background:linear-gradient(0deg,#C2A990 0%,#F9F9F9 100%);padding-top:var(--wp--preset--spacing--10);padding-right:var(--wp--preset--spacing--10);padding-bottom:var(--wp--preset--spacing--10);padding-left:var(--wp--preset--spacing--10)\"><h4 class=\"eplus-wrapper wp-block-heading has-text-align-center eplus-styles-uid-677210\" style=\"margin-top:0;margin-bottom:0;padding-top:0;padding-bottom:0;text-transform:capitalize\"><a href=\"https:\/\/www.forte-cultura.network\/de\/fur-mitglieder\/forte-cultura-wissenschaftsblog\/\" data-type=\"page\" data-id=\"1252\"><strong>FORTE CULTURA<\/strong> <strong>Wissenschaftsblog<\/strong><\/a><\/h4>\n\n<figure class=\"eplus-wrapper is-style-default  wp-block-image aligncenter size-large is-resized eplus-styles-uid-e03879\"><a href=\"https:\/\/www.forte-cultura.network\/de\/fur-mitglieder\/forte-cultura-wissenschaftsblog\/\"><img loading=\"lazy\" decoding=\"async\" width=\"1024\" height=\"885\" src=\"https:\/\/www.forte-cultura.network\/wp-content\/uploads\/2024\/05\/FoCu-scienceblog-logo-1024x885.png\" alt=\"\" class=\"wp-image-1261\" style=\"width:220px;height:auto\" srcset=\"https:\/\/www.forte-cultura.network\/wp-content\/uploads\/2024\/05\/FoCu-scienceblog-logo-1024x885.png 1024w, https:\/\/www.forte-cultura.network\/wp-content\/uploads\/2024\/05\/FoCu-scienceblog-logo-300x259.png 300w, https:\/\/www.forte-cultura.network\/wp-content\/uploads\/2024\/05\/FoCu-scienceblog-logo-768x664.png 768w, https:\/\/www.forte-cultura.network\/wp-content\/uploads\/2024\/05\/FoCu-scienceblog-logo-14x12.png 14w, https:\/\/www.forte-cultura.network\/wp-content\/uploads\/2024\/05\/FoCu-scienceblog-logo.png 1079w\" sizes=\"auto, (max-width: 1024px) 100vw, 1024px\" \/><\/a><\/figure><\/div>\n\n\n\n<div class=\"eplus-wrapper wp-block-column has-border-color has-custom-fo-cu-1-border-color has-background is-layout-flow wp-block-column-is-layout-flow\" style=\"border-width:1px;background:linear-gradient(0deg,#cfcabe 0%,#F9F9F9 100%);padding-top:var(--wp--preset--spacing--10);padding-right:var(--wp--preset--spacing--10);padding-bottom:var(--wp--preset--spacing--10);padding-left:var(--wp--preset--spacing--10)\">\n<h4 class=\"eplus-wrapper wp-block-heading has-text-align-center\"><a href=\"https:\/\/www.forte-cultura.network\/de\/fur-mitglieder\/forte-cultura-akademie\/\" data-type=\"page\" data-id=\"832\"><strong>FORTE CULTURA <\/strong><br><strong>Akademie<\/strong><\/a><\/h4>\n\n\n\n<figure class=\"eplus-wrapper wp-block-image aligncenter size-full is-resized\"><a href=\"https:\/\/www.forte-cultura.network\/de\/fur-mitglieder\/forte-cultura-akademie\/\"><img loading=\"lazy\" decoding=\"async\" width=\"256\" height=\"256\" src=\"https:\/\/www.forte-cultura.network\/wp-content\/uploads\/2024\/01\/academy.png\" alt=\"\" class=\"wp-image-771\" style=\"width:154px;height:auto\" srcset=\"https:\/\/www.forte-cultura.network\/wp-content\/uploads\/2024\/01\/academy.png 256w, https:\/\/www.forte-cultura.network\/wp-content\/uploads\/2024\/01\/academy-150x150.png 150w, https:\/\/www.forte-cultura.network\/wp-content\/uploads\/2024\/01\/academy-12x12.png 12w\" sizes=\"auto, (max-width: 256px) 100vw, 256px\" \/><\/a><\/figure>\n<\/div>\n\n\n\n<div class=\"eplus-wrapper wp-block-column has-border-color has-custom-fo-cu-1-border-color has-background is-layout-flow wp-block-column-is-layout-flow\" style=\"border-width:1px;background:linear-gradient(0deg,#cfcabe 0%,#F9F9F9 100%);padding-top:var(--wp--preset--spacing--10);padding-right:var(--wp--preset--spacing--10);padding-bottom:var(--wp--preset--spacing--10);padding-left:var(--wp--preset--spacing--10)\">\n<h4 class=\"eplus-wrapper wp-block-heading has-text-align-center\"><a href=\"https:\/\/www.forte-cultura.network\/de\/forte-cultura-zertifikat-fur-gaestefuehrerinnen\/\" data-type=\"page\" data-id=\"648\"><strong>FORTE CULTURA<\/strong> <strong>Zertifikat <\/strong><\/a><br><a href=\"https:\/\/www.forte-cultura.network\/de\/forte-cultura-zertifikat-fur-gaestefuehrerinnen\/\" data-type=\"page\" data-id=\"648\"><strong>f\u00fcr G\u00e4stef\u00fchrer<\/strong><\/a><\/h4>\n\n\n\n<figure class=\"eplus-wrapper is-style-default wp-block-image aligncenter size-full is-resized\"><a href=\"https:\/\/www.forte-cultura.network\/de\/forte-cultura-zertifikat-fur-gaestefuehrerinnen\/\"><img loading=\"lazy\" decoding=\"async\" width=\"200\" height=\"190\" src=\"https:\/\/www.forte-cultura.network\/wp-content\/uploads\/2024\/01\/FoCu-Logo-Guide_braun-auf-weiss.png\" alt=\"\" class=\"wp-image-654\" style=\"width:147px;height:auto\" srcset=\"https:\/\/www.forte-cultura.network\/wp-content\/uploads\/2024\/01\/FoCu-Logo-Guide_braun-auf-weiss.png 200w, https:\/\/www.forte-cultura.network\/wp-content\/uploads\/2024\/01\/FoCu-Logo-Guide_braun-auf-weiss-13x12.png 13w\" sizes=\"auto, (max-width: 200px) 100vw, 200px\" \/><\/a><\/figure>\n<\/div>\n<\/div><\/div>\n<\/div><\/div>\n\n\n\n<p class=\"eplus-wrapper\"><\/p>\n\n\n\n<h2 class=\"wp-block-heading eplus-wrapper\" style=\"margin-top:var(--wp--preset--spacing--30);font-size:clamp(0.929rem, 0.929rem + ((1vw - 0.2rem) * 0.785), 1.4rem);\"><strong>Mitglieder des wissenschaftlichen Beirats von FORTE CULTURA<\/strong><\/h2>\n\n\n<div class=\"wp-block-columns is-not-stacked-on-mobile eplus-wrapper is-layout-flex wp-container-core-columns-is-layout-28f84493 wp-block-columns-is-layout-flex eplus-styles-uid-0f31c5\">\n<div class=\"wp-block-column eplus-wrapper is-layout-flow wp-block-column-is-layout-flow\" style=\"padding-right:var(--wp--preset--spacing--20);flex-basis:10%\"><figure class=\"wp-block-image size-full eplus-wrapper eplus-styles-uid-8869c0\"><img loading=\"lazy\" decoding=\"async\" width=\"207\" height=\"266\" src=\"https:\/\/www.forte-cultura.network\/wp-content\/uploads\/2023\/12\/Natasa-Urosevic.jpg\" alt=\"\" class=\"wp-image-337\" style=\"aspect-ratio:1;object-fit:cover\" srcset=\"https:\/\/www.forte-cultura.network\/wp-content\/uploads\/2023\/12\/Natasa-Urosevic.jpg 207w, https:\/\/www.forte-cultura.network\/wp-content\/uploads\/2023\/12\/Natasa-Urosevic-9x12.jpg 9w\" sizes=\"auto, (max-width: 207px) 100vw, 207px\" \/><\/figure><\/div>\n\n\n\n<div class=\"wp-block-column eplus-wrapper is-layout-flow wp-block-column-is-layout-flow\" style=\"flex-basis:80%\">\n<p class=\"eplus-wrapper\"><strong>Ass. Prof. Dr. Nata\u0161a Uro\u0161evi\u0107 (HR)<\/strong> <br>Juraj Dobrila Universit\u00e4t Pula, Studienprogramm f\u00fcr Kultur und Tourismus<\/p>\n\n\n\n<p class=\"eplus-wrapper\"><strong>Leiter des wissenschaftlichen Beirats von FORTE CULTURA<\/strong><\/p>\n<\/div>\n<\/div>\n\n<div class=\"wp-block-columns is-not-stacked-on-mobile eplus-wrapper is-layout-flex wp-container-core-columns-is-layout-28f84493 wp-block-columns-is-layout-flex eplus-styles-uid-efe542\">\n<div class=\"wp-block-column eplus-wrapper is-layout-flow wp-block-column-is-layout-flow\" style=\"padding-right:var(--wp--preset--spacing--20);flex-basis:10%\"><figure class=\"wp-block-image size-full eplus-wrapper eplus-styles-uid-8869c0\"><img loading=\"lazy\" decoding=\"async\" width=\"800\" height=\"811\" src=\"https:\/\/www.forte-cultura.network\/wp-content\/uploads\/2025\/04\/marcin.jpg\" alt=\"\" class=\"wp-image-2538\" style=\"aspect-ratio:1;object-fit:cover\" srcset=\"https:\/\/www.forte-cultura.network\/wp-content\/uploads\/2025\/04\/marcin.jpg 800w, https:\/\/www.forte-cultura.network\/wp-content\/uploads\/2025\/04\/marcin-296x300.jpg 296w, https:\/\/www.forte-cultura.network\/wp-content\/uploads\/2025\/04\/marcin-768x779.jpg 768w, https:\/\/www.forte-cultura.network\/wp-content\/uploads\/2025\/04\/marcin-12x12.jpg 12w\" sizes=\"auto, (max-width: 800px) 100vw, 800px\" \/><\/figure><\/div>\n\n\n\n<div class=\"wp-block-column eplus-wrapper is-layout-flow wp-block-column-is-layout-flow\" style=\"flex-basis:80%\">\n<p class=\"eplus-wrapper\"><strong>Dr. Marcin Gorski (PL)<\/strong> <br>Fakult\u00e4t f\u00fcr Architektur, Technische Universit\u00e4t Warschau, Abteilung f\u00fcr architektonisches Erbe und Kunst, ICOMOS Polen<\/p>\n<\/div>\n<\/div>\n\n<div class=\"wp-block-columns is-not-stacked-on-mobile eplus-wrapper is-layout-flex wp-container-core-columns-is-layout-28f84493 wp-block-columns-is-layout-flex eplus-styles-uid-f834f2\">\n<div class=\"wp-block-column eplus-wrapper is-layout-flow wp-block-column-is-layout-flow\" style=\"padding-right:var(--wp--preset--spacing--20);flex-basis:10%\"><figure class=\"wp-block-image size-full eplus-wrapper eplus-styles-uid-8869c0\"><img loading=\"lazy\" decoding=\"async\" width=\"724\" height=\"842\" src=\"https:\/\/www.forte-cultura.network\/wp-content\/uploads\/2025\/04\/Teresa-Colletta.jpg\" alt=\"\" class=\"wp-image-2533\" style=\"aspect-ratio:1;object-fit:cover\" srcset=\"https:\/\/www.forte-cultura.network\/wp-content\/uploads\/2025\/04\/Teresa-Colletta.jpg 724w, https:\/\/www.forte-cultura.network\/wp-content\/uploads\/2025\/04\/Teresa-Colletta-258x300.jpg 258w, https:\/\/www.forte-cultura.network\/wp-content\/uploads\/2025\/04\/Teresa-Colletta-10x12.jpg 10w\" sizes=\"auto, (max-width: 724px) 100vw, 724px\" \/><\/figure><\/div>\n\n\n\n<div class=\"wp-block-column eplus-wrapper is-layout-flow wp-block-column-is-layout-flow\" style=\"flex-basis:80%\">\n<p class=\"eplus-wrapper\"><strong>Prof. Dr. Teresa Colletta (IT)<\/strong><br>Universit\u00e4t Federico II Neapel, Vizepr\u00e4sidentin des Internationalen Komitees f\u00fcr historische St\u00e4dte und D\u00f6rfer, Weltdenkmalfonds, ICOMOS Italien<\/p>\n<\/div>\n<\/div>\n\n<div class=\"wp-block-columns is-not-stacked-on-mobile eplus-wrapper is-layout-flex wp-container-core-columns-is-layout-28f84493 wp-block-columns-is-layout-flex eplus-styles-uid-70b44f\">\n<div class=\"wp-block-column eplus-wrapper is-layout-flow wp-block-column-is-layout-flow\" style=\"padding-right:var(--wp--preset--spacing--20);flex-basis:10%\"><figure class=\"wp-block-image size-full eplus-wrapper eplus-styles-uid-8869c0\"><img loading=\"lazy\" decoding=\"async\" width=\"116\" height=\"154\" src=\"https:\/\/www.forte-cultura.network\/wp-content\/uploads\/2025\/04\/Volker-Pachauer.jpg\" alt=\"\" class=\"wp-image-2534\" style=\"aspect-ratio:1;object-fit:cover\" srcset=\"https:\/\/www.forte-cultura.network\/wp-content\/uploads\/2025\/04\/Volker-Pachauer.jpg 116w, https:\/\/www.forte-cultura.network\/wp-content\/uploads\/2025\/04\/Volker-Pachauer-9x12.jpg 9w\" sizes=\"auto, (max-width: 116px) 100vw, 116px\" \/><\/figure><\/div>\n\n\n\n<div class=\"wp-block-column eplus-wrapper is-layout-flow wp-block-column-is-layout-flow\" style=\"flex-basis:80%\">\n<p class=\"eplus-wrapper\"><strong><strong>Dipl.-Ing. Volker K. Pachauer (AT)<\/strong><\/strong><br>\u00d6sterreichische Gesellschaft f\u00fcr Festungsforschung, ICOMOS \u00d6sterreich<\/p>\n<\/div>\n<\/div>\n\n<div class=\"wp-block-columns is-not-stacked-on-mobile eplus-wrapper is-layout-flex wp-container-core-columns-is-layout-28f84493 wp-block-columns-is-layout-flex eplus-styles-uid-3821c0\">\n<div class=\"wp-block-column eplus-wrapper is-layout-flow wp-block-column-is-layout-flow\" style=\"padding-right:var(--wp--preset--spacing--20);flex-basis:10%\"><figure class=\"wp-block-image size-full eplus-wrapper eplus-styles-uid-8869c0\"><img loading=\"lazy\" decoding=\"async\" width=\"249\" height=\"339\" src=\"https:\/\/www.forte-cultura.network\/wp-content\/uploads\/2025\/04\/Alexnder-Jordan.jpg\" alt=\"\" class=\"wp-image-2535\" style=\"aspect-ratio:1;object-fit:cover\" srcset=\"https:\/\/www.forte-cultura.network\/wp-content\/uploads\/2025\/04\/Alexnder-Jordan.jpg 249w, https:\/\/www.forte-cultura.network\/wp-content\/uploads\/2025\/04\/Alexnder-Jordan-220x300.jpg 220w, https:\/\/www.forte-cultura.network\/wp-content\/uploads\/2025\/04\/Alexnder-Jordan-9x12.jpg 9w\" sizes=\"auto, (max-width: 249px) 100vw, 249px\" \/><\/figure><\/div>\n\n\n\n<div class=\"wp-block-column eplus-wrapper is-layout-flow wp-block-column-is-layout-flow\" style=\"flex-basis:80%\">\n<p class=\"eplus-wrapper\"><strong>Dr. Alexander Jordan (DE)<\/strong><br>Direktor des Wehrgeschichtlichen Museums Rastatt, Commission Internationale d'Histoire Militaire (CIHM), Internationales Komitee f\u00fcr Museen und Sammlungen von Waffen und Milit\u00e4rgeschichte (ICOMAM)<\/p>\n<\/div>\n<\/div>\n\n<div class=\"wp-block-columns is-not-stacked-on-mobile eplus-wrapper is-layout-flex wp-container-core-columns-is-layout-28f84493 wp-block-columns-is-layout-flex eplus-styles-uid-deccae\">\n<div class=\"wp-block-column eplus-wrapper is-layout-flow wp-block-column-is-layout-flow\" style=\"padding-right:var(--wp--preset--spacing--20);flex-basis:10%\"><figure class=\"wp-block-image size-full eplus-wrapper eplus-styles-uid-8869c0\"><img loading=\"lazy\" decoding=\"async\" width=\"179\" height=\"206\" src=\"https:\/\/www.forte-cultura.network\/wp-content\/uploads\/2025\/04\/Juan-Mira-Antonio-Rico.jpg\" alt=\"\" class=\"wp-image-2536\" style=\"aspect-ratio:1;object-fit:cover\" srcset=\"https:\/\/www.forte-cultura.network\/wp-content\/uploads\/2025\/04\/Juan-Mira-Antonio-Rico.jpg 179w, https:\/\/www.forte-cultura.network\/wp-content\/uploads\/2025\/04\/Juan-Mira-Antonio-Rico-10x12.jpg 10w\" sizes=\"auto, (max-width: 179px) 100vw, 179px\" \/><\/figure><\/div>\n\n\n\n<div class=\"wp-block-column eplus-wrapper is-layout-flow wp-block-column-is-layout-flow\" style=\"flex-basis:80%\">\n<p class=\"eplus-wrapper\"><strong>Dr. Juan Mira Antonio Rico (ES)<\/strong><br>Universitat Oberta de Catalunya, ICOMOS Spanien<\/p>\n<\/div>\n<\/div>\n\n<div class=\"wp-block-columns is-not-stacked-on-mobile eplus-wrapper is-layout-flex wp-container-core-columns-is-layout-28f84493 wp-block-columns-is-layout-flex eplus-styles-uid-f9966b\">\n<div class=\"wp-block-column eplus-wrapper is-layout-flow wp-block-column-is-layout-flow\" style=\"padding-right:var(--wp--preset--spacing--20);flex-basis:10%\"><figure class=\"wp-block-image size-full eplus-wrapper eplus-styles-uid-8869c0\"><img loading=\"lazy\" decoding=\"async\" width=\"500\" height=\"500\" src=\"https:\/\/www.forte-cultura.network\/wp-content\/uploads\/2025\/04\/John-Ebejer.jpg\" alt=\"\" class=\"wp-image-2537\" style=\"aspect-ratio:1;object-fit:cover\" srcset=\"https:\/\/www.forte-cultura.network\/wp-content\/uploads\/2025\/04\/John-Ebejer.jpg 500w, https:\/\/www.forte-cultura.network\/wp-content\/uploads\/2025\/04\/John-Ebejer-300x300.jpg 300w, https:\/\/www.forte-cultura.network\/wp-content\/uploads\/2025\/04\/John-Ebejer-150x150.jpg 150w, https:\/\/www.forte-cultura.network\/wp-content\/uploads\/2025\/04\/John-Ebejer-12x12.jpg 12w\" sizes=\"auto, (max-width: 500px) 100vw, 500px\" \/><\/figure><\/div>\n\n\n\n<div class=\"wp-block-column eplus-wrapper is-layout-flow wp-block-column-is-layout-flow\" style=\"flex-basis:80%\">\n<p class=\"eplus-wrapper\"><strong><strong>Dr. John Ebejer (MT)<\/strong><\/strong><br>Universit\u00e4t Malta, Abteilung f\u00fcr Tourismusmanagement<\/p>\n<\/div>\n<\/div>\n\n<div class=\"wp-block-columns is-not-stacked-on-mobile eplus-wrapper is-layout-flex wp-container-core-columns-is-layout-28f84493 wp-block-columns-is-layout-flex eplus-styles-uid-d3526e\">\n<div class=\"wp-block-column eplus-wrapper is-layout-flow wp-block-column-is-layout-flow\" style=\"padding-right:var(--wp--preset--spacing--20);flex-basis:10%\"><figure class=\"wp-block-image size-full eplus-wrapper eplus-styles-uid-8869c0\"><img loading=\"lazy\" decoding=\"async\" width=\"1024\" height=\"1024\" src=\"https:\/\/www.forte-cultura.network\/wp-content\/uploads\/2025\/03\/IMG_20200926_230542_601_small.jpg\" alt=\"\" class=\"wp-image-2015\" style=\"aspect-ratio:1;object-fit:cover\" srcset=\"https:\/\/www.forte-cultura.network\/wp-content\/uploads\/2025\/03\/IMG_20200926_230542_601_small.jpg 1024w, https:\/\/www.forte-cultura.network\/wp-content\/uploads\/2025\/03\/IMG_20200926_230542_601_small-300x300.jpg 300w, https:\/\/www.forte-cultura.network\/wp-content\/uploads\/2025\/03\/IMG_20200926_230542_601_small-150x150.jpg 150w, https:\/\/www.forte-cultura.network\/wp-content\/uploads\/2025\/03\/IMG_20200926_230542_601_small-768x768.jpg 768w, https:\/\/www.forte-cultura.network\/wp-content\/uploads\/2025\/03\/IMG_20200926_230542_601_small-12x12.jpg 12w, https:\/\/www.forte-cultura.network\/wp-content\/uploads\/2025\/03\/IMG_20200926_230542_601_small-600x600.jpg 600w\" sizes=\"auto, (max-width: 1024px) 100vw, 1024px\" \/><\/figure><\/div>\n\n\n\n<div class=\"wp-block-column eplus-wrapper is-layout-flow wp-block-column-is-layout-flow\" style=\"flex-basis:80%\">\n<p class=\"eplus-wrapper\"><strong><strong>Dr. <strong>Olha Tichonowa<\/strong> (UA)<\/strong><\/strong><br><\/p>\n<\/div>\n<\/div>\n\n\n<div class=\"wp-block-kadence-spacer aligncenter kt-block-spacer-2529_4fa25e-12\"><div class=\"kt-block-spacer kt-block-spacer-halign-center\"><hr class=\"kt-divider\"\/><\/div><\/div>\n\n\n<div class=\"wp-block-columns alignwide are-vertically-aligned-center eplus-wrapper is-layout-flex wp-container-core-columns-is-layout-7d874bf9 wp-block-columns-is-layout-flex eplus-styles-uid-23ab61\" style=\"margin-top:0;margin-bottom:0;padding-top:0;padding-bottom:0\">\n<div class=\"wp-block-column is-vertically-aligned-center eplus-wrapper is-layout-flow wp-block-column-is-layout-flow\" style=\"padding-top:0;padding-bottom:0\">\n<div class=\"wp-block-kadence-spacer aligncenter kt-block-spacer-2529_b07c81-fe\"><div class=\"kt-block-spacer kt-block-spacer-halign-center\"><hr class=\"kt-divider\"><\/div><\/div>\n<\/div>\n<\/div>\n\n\n<p class=\"eplus-wrapper\"><\/p>","protected":false},"excerpt":{"rendered":"<p>The experts on the Scientific Advisory Board support FORTE CULTURA members in various matters relating to their respective areas of expertise. They are also responsible for the scientific authenticity of [&hellip;]<\/p>\n","protected":false},"author":1,"featured_media":0,"parent":0,"menu_order":0,"comment_status":"closed","ping_status":"closed","template":"","meta":{"editor_plus_copied_stylings":"{}","pgc_sgb_lightbox_settings":"","_price":"","_stock":"","_tribe_ticket_header":"","_tribe_default_ticket_provider":"","_tribe_ticket_capacity":"0","_ticket_start_date":"","_ticket_end_date":"","_tribe_ticket_show_description":"","_tribe_ticket_show_not_going":false,"_tribe_ticket_use_global_stock":"","_tribe_ticket_global_stock_level":"","_global_stock_mode":"","_global_stock_cap":"","_tribe_rsvp_for_event":"","_tribe_ticket_going_count":"","_tribe_ticket_not_going_count":"","_tribe_tickets_list":"[]","_tribe_ticket_has_attendee_info_fields":false,"_EventAllDay":false,"_EventTimezone":"","_EventStartDate":"","_EventEndDate":"","_EventStartDateUTC":"","_EventEndDateUTC":"","_EventShowMap":false,"_EventShowMapLink":false,"_EventURL":"","_EventCost":"","_EventCostDescription":"","_EventCurrencySymbol":"","_EventCurrencyCode":"","_EventCurrencyPosition":"","_EventDateTimeSeparator":"","_EventTimeRangeSeparator":"","_EventOrganizerID":[],"_EventVenueID":[],"_OrganizerEmail":"","_OrganizerPhone":"","_OrganizerWebsite":"","_VenueAddress":"","_VenueCity":"","_VenueCountry":"","_VenueProvince":"","_VenueState":"","_VenueZip":"","_VenuePhone":"","_VenueURL":"","_VenueStateProvince":"","_VenueLat":"","_VenueLng":"","_VenueShowMap":false,"_VenueShowMapLink":false,"footnotes":""},"class_list":["post-2529","page","type-page","status-publish","hentry"],"_links":{"self":[{"href":"https:\/\/www.forte-cultura.network\/de\/wp-json\/wp\/v2\/pages\/2529","targetHints":{"allow":["GET"]}}],"collection":[{"href":"https:\/\/www.forte-cultura.network\/de\/wp-json\/wp\/v2\/pages"}],"about":[{"href":"https:\/\/www.forte-cultura.network\/de\/wp-json\/wp\/v2\/types\/page"}],"author":[{"embeddable":true,"href":"https:\/\/www.forte-cultura.network\/de\/wp-json\/wp\/v2\/users\/1"}],"replies":[{"embeddable":true,"href":"https:\/\/www.forte-cultura.network\/de\/wp-json\/wp\/v2\/comments?post=2529"}],"version-history":[{"count":0,"href":"https:\/\/www.forte-cultura.network\/de\/wp-json\/wp\/v2\/pages\/2529\/revisions"}],"wp:attachment":[{"href":"https:\/\/www.forte-cultura.network\/de\/wp-json\/wp\/v2\/media?parent=2529"}],"curies":[{"name":"wp","href":"https:\/\/api.w.org\/{rel}","templated":true}]}}