{"id":2786,"date":"2025-08-30T12:05:11","date_gmt":"2025-08-30T10:05:11","guid":{"rendered":"https:\/\/www.forte-cultura.network\/?page_id=2786"},"modified":"2025-11-26T13:48:59","modified_gmt":"2025-11-26T12:48:59","slug":"blog-veroffentlichungsdienst","status":"publish","type":"page","link":"https:\/\/www.forte-cultura.network\/de\/blog-publishing-service\/","title":{"rendered":"FORTE CULTURA Publishing Service"},"content":{"rendered":"<div class=\"eplus-wrapper wp-block-columns alignwide is-layout-flex wp-container-core-columns-is-layout-28f84493 wp-block-columns-is-layout-flex eplus-styles-uid-950e39\">\n<div class=\"eplus-wrapper wp-block-column is-layout-flow wp-block-column-is-layout-flow\">\n<h2 class=\"wp-block-heading eplus-wrapper\">Tragen Sie zu den FORTE CULTURA Blogs bei!<\/h2>\n\n\n\n<p class=\"eplus-wrapper\"><strong>FORTE CULTURA<\/strong> l\u00e4dt alle Mitglieder und Experten auf der ganzen Welt ein, ihre Festungsgeschichten, ihr Fachwissen und ihre Erkenntnisse in unserem Aktivit\u00e4ts- und Wissenschaftsblog zu teilen. Ihre Beitr\u00e4ge inspirieren Festungsenthusiasten und Fachleute. Eine praktische Anleitung f\u00fcr den gesamten Prozess finden Sie hier:<\/p>\n\n\n\n<h3 class=\"wp-block-heading eplus-wrapper\">Warum ein Beitrag?<\/h3>\n\n\n\n<p style=\"margin-left:var(--wp--preset--spacing--10)\" class=\"eplus-wrapper\">\u2714 Erh\u00f6hen Sie die Sichtbarkeit Ihrer Festung und Ihrer Aktivit\u00e4ten<br>\u2714 Austausch bew\u00e4hrter Verfahren und innovativer Ideen<br>\u2714 Schlie\u00dfen Sie sich mit anderen Fachleuten und Enthusiasten zusammen<br>\u2714 Unterst\u00fctzung unseres kollektiven Geschichtenerz\u00e4hlens \u00fcber Grenzen hinweg<\/p>\n\n\n\n<h3 class=\"wp-block-heading eplus-wrapper\">Blog-Abschnitte<\/h3>\n\n\n\n<p style=\"margin-left:10px\" class=\"eplus-wrapper\">\ud83d\udd38 <strong>Aktivit\u00e4ts-Blog<\/strong> - Flash-Nachrichten, Ereignisse und Geschichten von Ihren Festungsstandorten<br>\ud83d\udd38 <strong>Wissenschaftsblog<\/strong> - Umfangreiche Fach- und Forschungsartikel, Studien und \u00dcberlegungen, die f\u00fcr Festungsfachleute relevant sind<\/p>\n\n\n\n<h3 class=\"wp-block-heading eplus-wrapper\"><strong>Wie einreichen:<\/strong><\/h3>\n\n\n<div class=\"wp-block-file eplus-wrapper eplus-styles-uid-75c719\"><a id=\"wp-block-file--media-5d6a7ea6-010e-4f2f-b35d-71c0beb6e097\" href=\"https:\/\/www.forte-cultura.network\/wp-content\/uploads\/2025\/11\/Write-your-article-HERE-FORTE-CULTURA-BLOG.docx\"><strong> Schreiben Sie Ihren Artikel HIER (FORTE CULTURA BLOG)<\/strong><\/a><a href=\"https:\/\/www.forte-cultura.network\/wp-content\/uploads\/2025\/11\/Write-your-article-HERE-FORTE-CULTURA-BLOG.docx\" class=\"wp-block-file__button wp-element-button\" download aria-describedby=\"wp-block-file--media-5d6a7ea6-010e-4f2f-b35d-71c0beb6e097\">Herunterladen<\/a><\/div>\n\n<ol class=\"wp-block-list eplus-wrapper eplus-styles-uid-63dc31\">\n<li class=\"eplus-wrapper\"><strong>Format<\/strong> - Bereiten Sie Ihren Artikel in Microsoft Word als Text vor - <strong>Sie k\u00f6nnen das Formular herunterladen<\/strong><\/li>\n\n\n\n<li class=\"eplus-wrapper\"><strong>Inhalt<\/strong> - Das Thema ist nicht beschr\u00e4nkt, muss aber in irgendeiner Weise mit dem Festungserbe zu tun haben.<\/li>\n\n\n\n<li class=\"eplus-wrapper\"><strong>L\u00e4nge<\/strong> - Es gibt keine strenge Grenze, die Artikel sollten im Allgemeinen nicht mehr als 3.000 W\u00f6rter umfassen.<\/li>\n\n\n\n<li class=\"eplus-wrapper\"><strong>Sprache<\/strong> - Der Artikel sollte in englischer Sprache verfasst sein (falls nicht, keine Sorge, unser Redaktionsteam wird ihn \u00fcbersetzen)<\/li>\n\n\n\n<li class=\"eplus-wrapper\"><strong>Kopfzeile<\/strong> - An der Spitze:<ul class=\"wp-block-list eplus-wrapper eplus-styles-uid-ce3a82\">\n<li class=\"eplus-wrapper\">Titel<\/li>\n\n\n\n<li class=\"eplus-wrapper\">Autor(en) Name(n)<\/li>\n\n\n\n<li class=\"eplus-wrapper\">Ein Frontalbild<\/li>\n\n\n\n<li class=\"eplus-wrapper\">Kategorien - Sie k\u00f6nnen die Liste der Kategorien studieren <a href=\"https:\/\/www.forte-cultura.network\/de\/blog-kategorien-liste\/\" data-type=\"link\" data-id=\"https:\/\/www.forte-cultura.network\/blog-categories-list\/\"><strong>HIER<\/strong><\/a><\/li>\n\n\n\n<li class=\"eplus-wrapper\">Einleitende Beschreibung<\/li>\n<\/ul><\/li>\n\n\n\n<li class=\"eplus-wrapper\"><strong>Bilder\/Videos<\/strong> - F\u00fcgen Sie weitere Bilder oder Videos in den Text ein, falls vorhanden. Um die beste Qualit\u00e4t zu erzielen, senden Sie die Bilder bitte separat (z. B. \u00fcber WeTransfer). Wenn m\u00f6glich, erw\u00e4hnen Sie den Autor des Fotos. In den Namen einer Bilddatei k\u00f6nnen Sie eine Beschreibung schreiben, was auf dem Bild zu sehen ist (f\u00fcr sp\u00e4tere Suchzwecke im Internet).<\/li>\n\n\n\n<li class=\"eplus-wrapper\"><strong>Zitate<\/strong> - Sie k\u00f6nnen separate Zitate mit dem Namen und dem Beruf\/Titel des Redners einf\u00fcgen.<\/li>\n\n\n\n<li class=\"eplus-wrapper\">Senden Sie die Datei an: <strong><a>publish@forte-cultura.eu<\/a><\/strong><\/li>\n<\/ol>\n\n\n<h3 class=\"wp-block-heading eplus-wrapper\">Was kommt als n\u00e4chstes?<\/h3>\n\n\n<ol class=\"wp-block-list eplus-wrapper eplus-styles-uid-c51a75\">\n<li class=\"eplus-wrapper\">Benachrichtigung der Redaktion - Der Blog-Redakteur erh\u00e4lt Ihren Beitrag und bereitet ihn zur \u00dcberpr\u00fcfung vor.<\/li>\n\n\n\n<li class=\"eplus-wrapper\">Pr\u00fcfung - Das Redaktionsteam (unter der Leitung des Pr\u00e4sidenten von FORTE CULTURA) pr\u00fcft den Beitrag und entscheidet sich f\u00fcr eine der folgenden Optionen:<ul class=\"wp-block-list eplus-wrapper eplus-styles-uid-14d616\">\n<li class=\"eplus-wrapper\">Genehmigen Sie die Freigabe<\/li>\n\n\n\n<li class=\"eplus-wrapper\">Mit \u00c4nderungen genehmigen - Ihr Artikel kann ver\u00f6ffentlicht werden, aber es sind kleinere Anpassungen erforderlich; Sie werden benachrichtigt, diese \u00c4nderungen vorzunehmen.<\/li>\n\n\n\n<li class=\"eplus-wrapper\">Nicht genehmigen<\/li>\n<\/ul><\/li>\n\n\n\n<li class=\"eplus-wrapper\">Kategorisierung - Der Redakteur ordnet dem Artikel Tags und Kategorien zu und platziert ihn je nach Inhalt im Wissenschafts- oder Aktivit\u00e4tsblog.<\/li>\n\n\n\n<li class=\"eplus-wrapper\">Absprache mit dem Autor - Nach der Genehmigung kann der Redakteur mit dem Autor zusammenarbeiten, um den Artikel f\u00fcr das Web fertigzustellen, einschlie\u00dflich Layout, Bilder und visuelle Formatierung.<\/li>\n\n\n\n<li class=\"eplus-wrapper\">Terminierung und Ver\u00f6ffentlichung - Der Artikel wird in den Redaktionsplan aufgenommen. Er wird nicht sofort ver\u00f6ffentlicht, sondern erscheint im FORTE CULTURA Blog gem\u00e4\u00df dem geplanten Zeitplan.<\/li>\n\n\n\n<li class=\"eplus-wrapper\">Teilen - F\u00fcr jeden Artikel entscheidet das Redaktionsteam individuell, auf welchen FORTE CULTURA Social Media Kan\u00e4len (Facebook, Instagram, LinkedIn) er geteilt wird. Dar\u00fcber hinaus sollte der Artikel in die regelm\u00e4\u00dfigen Blog-Updates f\u00fcr Newsletter-Abonnenten aufgenommen werden und kann auch im Newsletter selbst erscheinen. Das Web wird den Artikel automatisch mit Hilfe von AI in die offiziellen Sprachen der FORTE CULTURA Website \u00fcbersetzen (\ud83c\uddec\ud83c\udde7 \ud83c\uddeb\ud83c\uddf7 \ud83c\uddee\ud83c\uddf9 \ud83c\uddf5\ud83c\uddf1 \ud83c\udde9\ud83c\uddea).<\/li>\n<\/ol>\n\n\n<p class=\"eplus-wrapper\">Wir ermutigen jedes Mitglied, mindestens einen Artikel pro Jahr einzureichen. Werden Sie Teil unserer wachsenden Gemeinschaft - Ihre Geschichte k\u00f6nnte einer der n\u00e4chsten Beitr\u00e4ge sein!<\/p>\n\n\n\n<h3 class=\"wp-block-heading eplus-wrapper\">Statistik der Blogs<\/h3>\n\n\n\n<p class=\"eplus-wrapper\">Entdecken Sie, was die Leser von FORTE CULTURA wirklich wollen! Unsere Blog-Umfrage aus dem Jahr 2025 hat ergeben, wie oft die Leser Aktualisierungen w\u00fcnschen, welche Themen sie am meisten begeistern und wer bereit ist, Inhalte beizusteuern. Hier finden Sie die wichtigsten Erkenntnisse <a href=\"https:\/\/www.forte-cultura.network\/de\/forte-cultura-blogs-interessenerhebung-2025\/\" data-type=\"link\" data-id=\"https:\/\/www.forte-cultura.network\/forte-cultura-blogs-interest-survey-2025\/\"><strong>HIER<\/strong><\/a>.<\/p>\n\n\n\n<p class=\"eplus-wrapper\">Wir bieten auch detaillierte Statistiken \u00fcber die Artikel des Blogs nach Jahr, einschlie\u00dflich der Herkunftsl\u00e4nder der einzelnen Artikel. Entdecken Sie HIER Trends, Muster und andere faszinierende Einblicke in den Blog (ab 2026 verf\u00fcgbar).<\/p>\n<\/div>\n<\/div>\n\n\n<blockquote class=\"wp-block-quote eplus-wrapper is-layout-flow wp-block-quote-is-layout-flow\">\n<p class=\"has-text-align-center eplus-wrapper\">Ben\u00f6tigen Sie weitere Informationen?<\/p>\n\n\n\n<p class=\"has-text-align-center eplus-wrapper\">Kontakt: <strong><a>publish@forte-cultura.eu<\/a><\/strong><\/p>\n<\/blockquote>\n\n\n<div class=\"eplus-wrapper wp-block-columns are-vertically-aligned-center is-layout-flex wp-container-core-columns-is-layout-1146dd41 wp-block-columns-is-layout-flex eplus-styles-uid-96468d\" style=\"padding-right:0;padding-left:0\">\n<div class=\"wp-block-column is-vertically-aligned-center eplus-wrapper is-layout-flow wp-block-column-is-layout-flow\"><\/div>\n<\/div>\n\n<div class=\"eplus-wrapper wp-block-columns are-vertically-aligned-center is-not-stacked-on-mobile is-layout-flex wp-container-core-columns-is-layout-28f84493 wp-block-columns-is-layout-flex eplus-styles-uid-a810cd\">\n<div class=\"eplus-wrapper wp-block-column is-vertically-aligned-center is-layout-flow wp-block-column-is-layout-flow\"><\/div>\n<\/div>\n\n\n<div class=\"wp-block-kadence-spacer alignwide kt-block-spacer-2786_5b2aec-73\"><div class=\"kt-block-spacer kt-block-spacer-halign-center\"><\/div><\/div>\n\n\n\n<p class=\"eplus-wrapper\"><\/p>","protected":false},"excerpt":{"rendered":"<p>Contribute to the FORTE CULTURA Blogs! FORTE CULTURA invites all members and experts around the world to share their fortress stories, expertise, and insights through our activity and science blog. [&hellip;]<\/p>\n","protected":false},"author":3,"featured_media":443,"parent":0,"menu_order":0,"comment_status":"closed","ping_status":"closed","template":"","meta":{"editor_plus_copied_stylings":"{}","pgc_sgb_lightbox_settings":"","_price":"","_stock":"","_tribe_ticket_header":"","_tribe_default_ticket_provider":"","_tribe_ticket_capacity":"0","_ticket_start_date":"","_ticket_end_date":"","_tribe_ticket_show_description":"","_tribe_ticket_show_not_going":false,"_tribe_ticket_use_global_stock":"","_tribe_ticket_global_stock_level":"","_global_stock_mode":"","_global_stock_cap":"","_tribe_rsvp_for_event":"","_tribe_ticket_going_count":"","_tribe_ticket_not_going_count":"","_tribe_tickets_list":"[]","_tribe_ticket_has_attendee_info_fields":false,"_EventAllDay":false,"_EventTimezone":"","_EventStartDate":"","_EventEndDate":"","_EventStartDateUTC":"","_EventEndDateUTC":"","_EventShowMap":false,"_EventShowMapLink":false,"_EventURL":"","_EventCost":"","_EventCostDescription":"","_EventCurrencySymbol":"","_EventCurrencyCode":"","_EventCurrencyPosition":"","_EventDateTimeSeparator":"","_EventTimeRangeSeparator":"","_EventOrganizerID":[],"_EventVenueID":[],"_OrganizerEmail":"","_OrganizerPhone":"","_OrganizerWebsite":"","_VenueAddress":"","_VenueCity":"","_VenueCountry":"","_VenueProvince":"","_VenueState":"","_VenueZip":"","_VenuePhone":"","_VenueURL":"","_VenueStateProvince":"","_VenueLat":"","_VenueLng":"","_VenueShowMap":false,"_VenueShowMapLink":false,"footnotes":""},"class_list":["post-2786","page","type-page","status-publish","has-post-thumbnail","hentry"],"_links":{"self":[{"href":"https:\/\/www.forte-cultura.network\/de\/wp-json\/wp\/v2\/pages\/2786","targetHints":{"allow":["GET"]}}],"collection":[{"href":"https:\/\/www.forte-cultura.network\/de\/wp-json\/wp\/v2\/pages"}],"about":[{"href":"https:\/\/www.forte-cultura.network\/de\/wp-json\/wp\/v2\/types\/page"}],"author":[{"embeddable":true,"href":"https:\/\/www.forte-cultura.network\/de\/wp-json\/wp\/v2\/users\/3"}],"replies":[{"embeddable":true,"href":"https:\/\/www.forte-cultura.network\/de\/wp-json\/wp\/v2\/comments?post=2786"}],"version-history":[{"count":21,"href":"https:\/\/www.forte-cultura.network\/de\/wp-json\/wp\/v2\/pages\/2786\/revisions"}],"predecessor-version":[{"id":3805,"href":"https:\/\/www.forte-cultura.network\/de\/wp-json\/wp\/v2\/pages\/2786\/revisions\/3805"}],"wp:featuredmedia":[{"embeddable":true,"href":"https:\/\/www.forte-cultura.network\/de\/wp-json\/wp\/v2\/media\/443"}],"wp:attachment":[{"href":"https:\/\/www.forte-cultura.network\/de\/wp-json\/wp\/v2\/media?parent=2786"}],"curies":[{"name":"wp","href":"https:\/\/api.w.org\/{rel}","templated":true}]}}