{"id":2799,"date":"2025-08-31T12:03:08","date_gmt":"2025-08-31T10:03:08","guid":{"rendered":"https:\/\/www.forte-cultura.network\/?page_id=2799"},"modified":"2025-08-31T12:13:14","modified_gmt":"2025-08-31T10:13:14","slug":"forte-cultura-blogs-interessenerhebung-2025","status":"publish","type":"page","link":"https:\/\/www.forte-cultura.network\/de\/forte-cultura-blogs-interest-survey-2025\/","title":{"rendered":"FORTE CULTURA Blogs - Interessenumfrage 2025"},"content":{"rendered":"<div class=\"eplus-wrapper wp-block-columns alignwide is-layout-flex wp-container-core-columns-is-layout-28f84493 wp-block-columns-is-layout-flex eplus-styles-uid-434791\">\n<div class=\"eplus-wrapper wp-block-column is-layout-flow wp-block-column-is-layout-flow\">\n<h2 class=\"eplus-wrapper wp-block-heading\">Einblicke aus unserer j\u00fcngsten Blog-Umfrage<\/h2>\n\n\n\n<p class=\"eplus-wrapper\"><em>Von Tom\u00e1\u0161 Jirouch<\/em><\/p>\n\n\n\n<p class=\"eplus-wrapper\">Im Juli 2025 haben wir eine Umfrage durchgef\u00fchrt, um die Vorlieben und das Engagement unserer Leser f\u00fcr den FORTE CULTURA Blog besser zu verstehen. Die Ergebnisse lieferten wertvolle Erkenntnisse dar\u00fcber, wie unsere Leser mit den Inhalten interagieren wollen, welche Themen sie am meisten interessieren und wie gro\u00df ihre Bereitschaft ist, Beitr\u00e4ge zu leisten. Wir haben 32 Antworten gesammelt. Hier ist, was wir gefunden haben:<\/p>\n\n\n\n<h2 class=\"wp-block-heading eplus-wrapper\">1. Bevorzugte H\u00e4ufigkeit von Blog-Updates<\/h2>\n\n\n\n<p class=\"eplus-wrapper\">Auf die Frage, wie oft sie Updates per E-Mail erhalten m\u00f6chten, waren die Antworten ziemlich gleichm\u00e4\u00dfig verteilt:<\/p>\n\n\n<ul class=\"wp-block-list eplus-wrapper eplus-styles-uid-8bcd91\">\n<li class=\"eplus-wrapper\"><strong>Einmal im Monat (monatliche Zusammenfassung):<\/strong> 9 Befragte<\/li>\n\n\n\n<li class=\"eplus-wrapper\"><strong>Einmal pro Woche (Zusammenfassung der neuen Inhalte):<\/strong> 9 Befragte<\/li>\n\n\n\n<li class=\"eplus-wrapper\"><strong>Jedes Mal, wenn ein neuer Artikel ver\u00f6ffentlicht wird (ca. w\u00f6chentlich):<\/strong> 8 Befragte<\/li>\n\n\n\n<li class=\"eplus-wrapper\"><strong>Einmal alle drei Monate (viertelj\u00e4hrliche Highlights):<\/strong> 5 Befragte<\/li>\n<\/ul>\n\n\n<p class=\"eplus-wrapper\">Zusammenfassend lassen sich die Befragten in drei Grundkategorien einteilen:<\/p>\n\n\n<ul class=\"wp-block-list eplus-wrapper eplus-styles-uid-cbb80a\">\n<li class=\"eplus-wrapper\"><strong>W\u00f6chentlich (oder wenn ein neuer Artikel ver\u00f6ffentlicht wird):<\/strong> 55 %<\/li>\n\n\n\n<li class=\"eplus-wrapper\"><strong>Einmal im Monat:<\/strong> 29 %<\/li>\n\n\n\n<li class=\"eplus-wrapper\"><strong>Seltener (viertelj\u00e4hrlich oder \u00e4hnlich):<\/strong> 16 %<\/li>\n<\/ul>\n\n\n<p class=\"eplus-wrapper\"><strong>Mitnehmen:<\/strong> Die Leser sch\u00e4tzen Flexibilit\u00e4t. Einige bevorzugen knappe monatliche oder viertelj\u00e4hrliche Aktualisierungen, w\u00e4hrend andere h\u00e4ufiger \u00fcber neue Artikel informiert werden m\u00f6chten. Das Angebot mehrerer Abonnementoptionen k\u00f6nnte alle zufrieden stellen. \u00dcber <strong>84 % der Befragten<\/strong> Aktualisierungen erhalten m\u00f6chten <strong>mindestens einmal im Monat<\/strong>.<\/p>\n\n\n\n<h3 class=\"wp-block-heading eplus-wrapper\">Was uns der Durchschnitt und der Median sagen<\/h3>\n\n\n\n<p class=\"eplus-wrapper\">Die gr\u00f6\u00dfte Gruppe zieht es vor, informiert zu werden <strong>regelm\u00e4\u00dfig, alle sieben Tage<\/strong>, w\u00e4hrend ein kleinerer Teil mit den Aktualisierungen zufrieden ist <strong>einmal im Monat oder nur einmal alle drei Monate<\/strong>. Wenn wir einen \u201cgewichteten\u201d Durchschnitt auf der Grundlage der Anzahl der Tage zwischen den Aktualisierungen berechnen, ergibt sich <strong>die durchschnittliche bevorzugte H\u00e4ufigkeit betr\u00e4gt etwa 25 Tage<\/strong>. Dies bedeutet, dass der typische Leser Aktualisierungen in etwa wie folgt w\u00fcnscht <strong>einmal im Monat<\/strong>, aber viele bevorzugen h\u00e4ufigere Benachrichtigungen.<\/p>\n\n\n\n<p class=\"eplus-wrapper\">Der Median - der Wert, der die Leser in zwei gleiche H\u00e4lften teilt, n\u00e4mlich in h\u00e4ufigere und weniger h\u00e4ufigere - f\u00e4llt in die <strong>w\u00f6chentliche oder artikelbezogene Kategorie<\/strong>. Dies best\u00e4tigt, dass die meisten Leser die <strong>regelm\u00e4\u00dfige, h\u00e4ufige Aktualisierungen<\/strong>.<\/p>\n\n\n\n<figure class=\"wp-block-image size-large eplus-wrapper\"><img loading=\"lazy\" decoding=\"async\" width=\"1024\" height=\"455\" src=\"https:\/\/www.forte-cultura.network\/wp-content\/uploads\/2025\/08\/image-1024x455.png\" alt=\"\" class=\"wp-image-2800\" srcset=\"https:\/\/www.forte-cultura.network\/wp-content\/uploads\/2025\/08\/image-1024x455.png 1024w, https:\/\/www.forte-cultura.network\/wp-content\/uploads\/2025\/08\/image-300x133.png 300w, https:\/\/www.forte-cultura.network\/wp-content\/uploads\/2025\/08\/image-768x341.png 768w, https:\/\/www.forte-cultura.network\/wp-content\/uploads\/2025\/08\/image-1536x682.png 1536w, https:\/\/www.forte-cultura.network\/wp-content\/uploads\/2025\/08\/image-2048x909.png 2048w, https:\/\/www.forte-cultura.network\/wp-content\/uploads\/2025\/08\/image-18x8.png 18w\" sizes=\"auto, (max-width: 1024px) 100vw, 1024px\" \/><\/figure>\n\n\n\n<h2 class=\"wp-block-heading eplus-wrapper\">2. Gew\u00fcnschte Inhaltsarten<\/h2>\n\n\n\n<p class=\"eplus-wrapper\">Die Teilnehmer wurden gefragt, an welchen Inhalten sie am meisten interessiert sind, und die Ergebnisse zeigen eine klare Hierarchie der Pr\u00e4ferenzen:<\/p>\n\n\n<ul class=\"wp-block-list eplus-wrapper eplus-styles-uid-560fde\">\n<li class=\"eplus-wrapper\"><strong>Projekte von Festungsstandorten:<\/strong> 27 Nennungen<\/li>\n\n\n\n<li class=\"eplus-wrapper\"><strong>Forschung, bew\u00e4hrte Verfahren und Fachartikel:<\/strong> 23 Nennungen<\/li>\n\n\n\n<li class=\"eplus-wrapper\"><strong>Reiserouten und Vorschl\u00e4ge f\u00fcr den Kulturtourismus:<\/strong> 15 Nennungen<\/li>\n\n\n\n<li class=\"eplus-wrapper\"><strong>Finanzierungsm\u00f6glichkeiten:<\/strong> 14 Nennungen<\/li>\n\n\n\n<li class=\"eplus-wrapper\"><strong>Interviews mit Mitgliedern und Einblicke in das Festungsmanagement:<\/strong> 10 Nennungen<\/li>\n<\/ul>\n\n\n<p class=\"eplus-wrapper\"><strong>Mitnehmen:<\/strong> Die Mehrheit der Leser interessiert sich am meisten f\u00fcr Inhalte, die Festungsprojekte und forschungsbasierte Artikel hervorheben. Kulturtourismus, Finanzierungsberatung und Insider-Perspektiven werden ebenfalls gesch\u00e4tzt, allerdings in etwas geringerem Ma\u00dfe.<\/p>\n\n\n\n<h2 class=\"wp-block-heading eplus-wrapper\">3. Interesse, Inhalte beizusteuern<\/h2>\n\n\n\n<p class=\"eplus-wrapper\">Wir untersuchten auch, ob die Leser daran interessiert w\u00e4ren, selbst Inhalte beizusteuern:<\/p>\n\n\n<ul class=\"wp-block-list eplus-wrapper eplus-styles-uid-e55c2d\">\n<li class=\"eplus-wrapper\"><strong>Ja, ich habe schon etwas im Kopf:<\/strong> 7 Antworten<\/li>\n\n\n\n<li class=\"eplus-wrapper\"><strong>Ja, aber ich brauche Hilfe bei den ersten Schritten:<\/strong> 7 Antworten<\/li>\n\n\n\n<li class=\"eplus-wrapper\"><strong>Vielleicht in der Zukunft:<\/strong> 10 Antworten<\/li>\n\n\n\n<li class=\"eplus-wrapper\"><strong>Nein, im Moment nicht:<\/strong> 4 Antworten<\/li>\n<\/ul>\n\n\n<p class=\"eplus-wrapper\">Von 28 Antworten:<\/p>\n\n\n<ul class=\"wp-block-list eplus-wrapper eplus-styles-uid-6bd34c\">\n<li class=\"eplus-wrapper\"><strong>Jetzt interessiert (mit Idee oder mit Bedarf an Hilfe):<\/strong> 50%<\/li>\n\n\n\n<li class=\"eplus-wrapper\"><strong>Vielleicht sp\u00e4ter:<\/strong> 36%<\/li>\n\n\n\n<li class=\"eplus-wrapper\"><strong>Kein Interesse:<\/strong> 14%<\/li>\n<\/ul>\n\n\n<p class=\"eplus-wrapper\"><strong>Mitnehmen:<\/strong> Die H\u00e4lfte der Befragten ist bereit, sofort einen Beitrag zu leisten, wobei einige eine Anleitung ben\u00f6tigen. Es gibt auch eine gro\u00dfe Gruppe, die in Zukunft einen Beitrag leisten k\u00f6nnte, was auf ein Wachstumspotenzial f\u00fcr Community-gesteuerte Inhalte hinweist.<\/p>\n\n\n\n<h2 class=\"wp-block-heading eplus-wrapper\">4. Ideen<\/h2>\n\n\n\n<p class=\"eplus-wrapper\">Unsere Umfrageteilnehmer schlugen mehrere spezifische Themen f\u00fcr den FORTE CULTURA Blog vor, darunter:<\/p>\n\n\n\n<p class=\"eplus-wrapper\"><strong>1. Veranstaltungen und Gemeinschaft<\/strong><\/p>\n\n\n<ul class=\"wp-block-list eplus-wrapper eplus-styles-uid-ee93d0\">\n<li class=\"eplus-wrapper\">Nachrichten \u00fcber bevorstehende Veranstaltungen.<\/li>\n\n\n\n<li class=\"eplus-wrapper\">Wie Menschen helfen k\u00f6nnen, Festungen zu studieren und zu dokumentieren.<\/li>\n\n\n\n<li class=\"eplus-wrapper\">Ehrenamtliche T\u00e4tigkeit und m\u00f6gliche Arbeitspl\u00e4tze f\u00fcr Mitarbeiter.<\/li>\n<\/ul>\n\n\n<p class=\"eplus-wrapper\"><strong>2. Forschung und Technologie<\/strong><\/p>\n\n\n<ul class=\"wp-block-list eplus-wrapper eplus-styles-uid-8a51ed\">\n<li class=\"eplus-wrapper\">Wissenschaftliche Untersuchungen von Festungen.<\/li>\n\n\n\n<li class=\"eplus-wrapper\">Wie KI bei Recherchen, Karten und der Verwaltung von Informationen hilft.<\/li>\n\n\n\n<li class=\"eplus-wrapper\">Werkzeuge wie Geophysik und Bodenradar zum Auffinden verborgener Strukturen.<\/li>\n<\/ul>\n\n\n<p class=\"eplus-wrapper\"><strong>3. Konservierung und gute Praktiken<\/strong><\/p>\n\n\n<ul class=\"wp-block-list eplus-wrapper eplus-styles-uid-835759\"><\/ul>\n\n<ul class=\"wp-block-list eplus-wrapper eplus-styles-uid-ec05e5\">\n<li class=\"eplus-wrapper\">Beispiele f\u00fcr Restaurierungsprojekte.<\/li>\n\n\n\n<li class=\"eplus-wrapper\">Interessante Funde, wie alte Werkzeuge oder versteckte Teile von Festungen.<\/li>\n<\/ul>\n\n<ul class=\"wp-block-list eplus-wrapper eplus-styles-uid-da00f3\"><\/ul>\n\n<ul class=\"wp-block-list eplus-wrapper eplus-styles-uid-c82099\"><\/ul>\n\n\n<p class=\"eplus-wrapper\"><strong>4. Ethik und besondere Themen<\/strong><\/p>\n\n\n<ul class=\"wp-block-list eplus-wrapper eplus-styles-uid-e5b2ef\">\n<li class=\"eplus-wrapper\">Ungew\u00f6hnliche Entdeckungen, wie Tierpfotenabdr\u00fccke auf Burgsteinen.<\/li>\n\n\n\n<li class=\"eplus-wrapper\">Ethische Fragen in Forschung und Bewahrung.<\/li>\n<\/ul>\n\n<ul class=\"wp-block-list eplus-wrapper eplus-styles-uid-e50afd\"><\/ul>\n\n<ul class=\"wp-block-list eplus-wrapper eplus-styles-uid-068815\"><\/ul>\n\n\n<h2 class=\"wp-block-heading eplus-wrapper\">Schlussfolgerung<\/h2>\n\n\n\n<p class=\"eplus-wrapper\">Die Ergebnisse der Umfrage geben einen klaren Fahrplan f\u00fcr den FORTE CULTURA Blog vor:<\/p>\n\n\n<ol class=\"wp-block-list eplus-wrapper eplus-styles-uid-4bda86\">\n<li class=\"eplus-wrapper\">Inhaltliche Schwerpunkte sind Festungsprojekte und forschungsbasierte Artikel sowie Tipps zum Kulturtourismus und zu Finanzierungsm\u00f6glichkeiten.<\/li>\n\n\n\n<li class=\"eplus-wrapper\">Ermutigen Sie die Leser zu Beitr\u00e4gen, indem Sie denjenigen, die sie ben\u00f6tigen, Hilfestellung geben.<\/li>\n\n\n\n<li class=\"eplus-wrapper\">Etwa 84 % der Befragten m\u00f6chten mindestens einmal im Monat \u00fcber den Blog informiert werden.<\/li>\n<\/ol><\/div>\n<\/div>\n\n\n<blockquote class=\"wp-block-quote eplus-wrapper is-layout-flow wp-block-quote-is-layout-flow\">\n<p class=\"has-text-align-center eplus-wrapper\">Ben\u00f6tigen Sie weitere Informationen?<\/p>\n\n\n\n<p class=\"has-text-align-center eplus-wrapper\">Kontakt: <strong><a>publish@forte-cultura.eu<\/a><\/strong><\/p>\n<\/blockquote>","protected":false},"excerpt":{"rendered":"<p>Insights from Our Recent Blog Survey By Tom\u00e1\u0161 Jirouch In July 2025 we conducted a survey to better understand our audience\u2019s preferences and engagement with the FORTE CULTURA Blog. The [&hellip;]<\/p>\n","protected":false},"author":3,"featured_media":0,"parent":0,"menu_order":0,"comment_status":"closed","ping_status":"closed","template":"","meta":{"editor_plus_copied_stylings":"{}","pgc_sgb_lightbox_settings":"","_price":"","_stock":"","_tribe_ticket_header":"","_tribe_default_ticket_provider":"","_tribe_ticket_capacity":"0","_ticket_start_date":"","_ticket_end_date":"","_tribe_ticket_show_description":"","_tribe_ticket_show_not_going":false,"_tribe_ticket_use_global_stock":"","_tribe_ticket_global_stock_level":"","_global_stock_mode":"","_global_stock_cap":"","_tribe_rsvp_for_event":"","_tribe_ticket_going_count":"","_tribe_ticket_not_going_count":"","_tribe_tickets_list":"[]","_tribe_ticket_has_attendee_info_fields":false,"_EventAllDay":false,"_EventTimezone":"","_EventStartDate":"","_EventEndDate":"","_EventStartDateUTC":"","_EventEndDateUTC":"","_EventShowMap":false,"_EventShowMapLink":false,"_EventURL":"","_EventCost":"","_EventCostDescription":"","_EventCurrencySymbol":"","_EventCurrencyCode":"","_EventCurrencyPosition":"","_EventDateTimeSeparator":"","_EventTimeRangeSeparator":"","_EventOrganizerID":[],"_EventVenueID":[],"_OrganizerEmail":"","_OrganizerPhone":"","_OrganizerWebsite":"","_VenueAddress":"","_VenueCity":"","_VenueCountry":"","_VenueProvince":"","_VenueState":"","_VenueZip":"","_VenuePhone":"","_VenueURL":"","_VenueStateProvince":"","_VenueLat":"","_VenueLng":"","_VenueShowMap":false,"_VenueShowMapLink":false,"footnotes":""},"class_list":["post-2799","page","type-page","status-publish","hentry"],"_links":{"self":[{"href":"https:\/\/www.forte-cultura.network\/de\/wp-json\/wp\/v2\/pages\/2799","targetHints":{"allow":["GET"]}}],"collection":[{"href":"https:\/\/www.forte-cultura.network\/de\/wp-json\/wp\/v2\/pages"}],"about":[{"href":"https:\/\/www.forte-cultura.network\/de\/wp-json\/wp\/v2\/types\/page"}],"author":[{"embeddable":true,"href":"https:\/\/www.forte-cultura.network\/de\/wp-json\/wp\/v2\/users\/3"}],"replies":[{"embeddable":true,"href":"https:\/\/www.forte-cultura.network\/de\/wp-json\/wp\/v2\/comments?post=2799"}],"version-history":[{"count":4,"href":"https:\/\/www.forte-cultura.network\/de\/wp-json\/wp\/v2\/pages\/2799\/revisions"}],"predecessor-version":[{"id":2808,"href":"https:\/\/www.forte-cultura.network\/de\/wp-json\/wp\/v2\/pages\/2799\/revisions\/2808"}],"wp:attachment":[{"href":"https:\/\/www.forte-cultura.network\/de\/wp-json\/wp\/v2\/media?parent=2799"}],"curies":[{"name":"wp","href":"https:\/\/api.w.org\/{rel}","templated":true}]}}