{"id":4819,"date":"2026-01-19T13:29:31","date_gmt":"2026-01-19T12:29:31","guid":{"rendered":"https:\/\/www.forte-cultura.network\/?page_id=4819"},"modified":"2026-02-11T13:06:34","modified_gmt":"2026-02-11T12:06:34","slug":"kommunikationsrichtlinien-der-gemeinschaft-forte-cultura","status":"publish","type":"page","link":"https:\/\/www.forte-cultura.network\/de\/forte-cultura-community-communication-guidelines\/","title":{"rendered":"FORTE CULTURA - Leitlinien f\u00fcr Gemeinschaft und Kommunikation"},"content":{"rendered":"<p class=\"has-text-align-center eplus-wrapper\"><em><strong>St\u00e4rkung unserer Identit\u00e4t als Europ\u00e4ische Kulturroute<\/strong><\/em><\/p>\n\n\n\n<p class=\"eplus-wrapper\">FORTE CULTURA ist mehr als eine Liste von Mitgliedern: es ist eine <strong>Gemeinschaft<\/strong> von Festungen, St\u00e4dten und Organisationen, die eine europ\u00e4ische Geschichte teilen. Diese Charta fasst zusammen, was wir in Bezug auf Kommunikation und gemeinschaftliches Verhalten voneinander erwarten, im Hinblick auf unsere <strong>EICR-Zertifizierung<\/strong> und <strong>langfristige Entwicklung.<\/strong><br><br><strong><span style=\"text-decoration: underline;\">1. Gemeinsamer Zweck<\/span><\/strong><\/p>\n\n\n\n<p class=\"eplus-wrapper\">Als Mitglieder von FORTE CULTURA verpflichten wir uns dazu:<\/p>\n\n\n<ul class=\"wp-block-list eplus-wrapper eplus-styles-uid-edf774\"><li class=\"eplus-wrapper eplus-styles-uid-8d9cae translation-block\">Das befestigte Kulturerbe als <strong>gemeinsames europ\u00e4isches Erbe<\/strong> zu pr\u00e4sentieren \u2013 <em>von Bastionen bis zu Bunkern<\/em>.<\/li>\n\n<li class=\"eplus-wrapper eplus-styles-uid-8d9cae translation-block\">Festungen als Orte der <strong>Kultur, des Tourismus, der Bildung und des Dialogs<\/strong> zu f\u00f6rdern \u2013 <em>Festungen f\u00fcr Kultur und Frieden<\/em>.<\/li>\n\n<li class=\"eplus-wrapper eplus-styles-uid-8d9cae translation-block\">Aktiv zur Sichtbarkeit und Glaubw\u00fcrdigkeit der <strong>Europ\u00e4ischen Kulturroute FORTE CULTURA Route<\/strong> beizutragen.<\/li><\/ul>\n\n\n<p class=\"eplus-wrapper\"><strong><span style=\"text-decoration: underline;\">2. Mindestkommunikationsstandards f\u00fcr Mitglieder<\/span><\/strong><\/p>\n\n\n\n<p class=\"eplus-wrapper\">Jedes Mitglied verpflichtet sich dazu:<\/p>\n\n\n\n<p class=\"eplus-wrapper\"><em><strong>Sichtbarkeit der Kulturstra\u00dfe<\/strong><\/em><\/p>\n\n\n\n<div class=\"wp-block-kadence-iconlist kt-svg-icon-list-items kt-svg-icon-list-items4819_bf6498-68 kt-svg-icon-list-columns-1 alignnone\"><ul class=\"kt-svg-icon-list\">\n<li class=\"wp-block-kadence-listitem kt-svg-icon-list-item-wrap kt-svg-icon-list-item-4819_1a05bf-6a kt-svg-icon-list-level-1 translation-block\"><span class=\"kb-svg-icon-wrap kb-svg-icon-fe_checkCircle kt-svg-icon-list-single\"><svg viewbox=\"0 0 24 24\" fill=\"none\" xmlns=\"http:\/\/www.w3.org\/2000\/svg\"><path d=\"M22 11.08V12a10 10 0 1 1-5.93-9.14\"><\/path><\/svg><\/span><span class=\"kt-svg-icon-list-text\">Pr\u00e4sentieren Sie das <strong>FORTE CULTURA-Logo und den Link<\/strong> auf der\/den Hauptwebsite(n) der Festung\/Institution.<\/span><\/li>\n\n\n\n<li class=\"wp-block-kadence-listitem kt-svg-icon-list-item-wrap kt-svg-icon-list-item-4819_08fdbc-c3 kt-svg-icon-list-level-1\"><span class=\"kb-svg-icon-wrap kb-svg-icon-fe_checkCircle kt-svg-icon-list-single\"><svg viewbox=\"0 0 24 24\"  fill=\"none\" stroke=\"currentColor\" stroke-width=\"2\" stroke-linecap=\"round\" stroke-linejoin=\"round\" xmlns=\"http:\/\/www.w3.org\/2000\/svg\"  aria-hidden=\"true\"><path d=\"M22 11.08V12a10 10 0 1 1-5.93-9.14\"\/><polyline points=\"22 4 12 14.01 9 11.01\"\/><\/svg><\/span><span class=\"kt-svg-icon-list-text\">Erw\u00e4hnung von FORTE CULTURA in einschl\u00e4gigen Brosch\u00fcren, Tafeln und digitalen Materialien, sofern dies m\u00f6glich ist.<\/span><\/li>\n<\/ul><\/div>\n\n\n\n<p class=\"eplus-wrapper\"><em><strong>Engagement mit Netzwerkkan\u00e4len<\/strong><\/em><\/p>\n\n\n\n<div class=\"wp-block-kadence-iconlist kt-svg-icon-list-items kt-svg-icon-list-items4819_e84b94-c6 kt-svg-icon-list-columns-1 alignnone\"><ul class=\"kt-svg-icon-list\">\n<li class=\"wp-block-kadence-listitem kt-svg-icon-list-item-wrap kt-svg-icon-list-item-4819_0d9975-a0 kt-svg-icon-list-level-1\"><span class=\"kb-svg-icon-wrap kb-svg-icon-fe_checkCircle kt-svg-icon-list-single\"><svg viewbox=\"0 0 24 24\"  fill=\"none\" stroke=\"currentColor\" stroke-width=\"2\" stroke-linecap=\"round\" stroke-linejoin=\"round\" xmlns=\"http:\/\/www.w3.org\/2000\/svg\"  aria-hidden=\"true\"><path d=\"M22 11.08V12a10 10 0 1 1-5.93-9.14\"\/><polyline points=\"22 4 12 14.01 9 11.01\"\/><\/svg><\/span><span class=\"kt-svg-icon-list-text\">Folgen Sie den offiziellen Kan\u00e4len von FORTE CULTURA (Website, Facebook, LinkedIn, etc.).<\/span><\/li>\n<\/ul><\/div>\n\n\n\n<p class=\"eplus-wrapper\"><em><strong>Regelm\u00e4\u00dfige Weitergabe oder Wiederverwendung von Routeninhalten<\/strong><\/em> (z. B. mindestens 1 Beitrag pro Monat oder nach wichtigen Netzank\u00fcndigungen).<\/p>\n\n\n\n<p class=\"eplus-wrapper\"><em><strong>Bereitstellung von Inhalten<\/strong><\/em><\/p>\n\n\n\n<div class=\"wp-block-kadence-iconlist kt-svg-icon-list-items kt-svg-icon-list-items4819_86a4db-af kt-svg-icon-list-columns-1 alignnone\"><ul class=\"kt-svg-icon-list\">\n<li class=\"wp-block-kadence-listitem kt-svg-icon-list-item-wrap kt-svg-icon-list-item-4819_f2ae83-37 kt-svg-icon-list-level-1\"><span class=\"kb-svg-icon-wrap kb-svg-icon-fe_checkCircle kt-svg-icon-list-single\"><svg viewbox=\"0 0 24 24\"  fill=\"none\" stroke=\"currentColor\" stroke-width=\"2\" stroke-linecap=\"round\" stroke-linejoin=\"round\" xmlns=\"http:\/\/www.w3.org\/2000\/svg\"  aria-hidden=\"true\"><path d=\"M22 11.08V12a10 10 0 1 1-5.93-9.14\"\/><polyline points=\"22 4 12 14.01 9 11.01\"\/><\/svg><\/span><span class=\"kt-svg-icon-list-text\">Wenn m\u00f6glich, Bereitstellung, <strong>Nachrichten, Fotos und Kurzgeschichten<\/strong> \u00fcber lokale Projekte, Veranstaltungen und bew\u00e4hrte Verfahren.<\/span><\/li>\n\n\n\n<li class=\"wp-block-kadence-listitem kt-svg-icon-list-item-wrap kt-svg-icon-list-item-4819_aa6f55-dc kt-svg-icon-list-level-1\"><span class=\"kb-svg-icon-wrap kb-svg-icon-fe_checkCircle kt-svg-icon-list-single\"><svg viewbox=\"0 0 24 24\"  fill=\"none\" stroke=\"currentColor\" stroke-width=\"2\" stroke-linecap=\"round\" stroke-linejoin=\"round\" xmlns=\"http:\/\/www.w3.org\/2000\/svg\"  aria-hidden=\"true\"><path d=\"M22 11.08V12a10 10 0 1 1-5.93-9.14\"\/><polyline points=\"22 4 12 14.01 9 11.01\"\/><\/svg><\/span><span class=\"kt-svg-icon-list-text\">Beantwortung von Aufforderungen zur Einreichung von Beitr\u00e4gen (Blogartikel, thematische Kampagnen, Umfragen) innerhalb angemessener Fristen.<\/span><\/li>\n<\/ul><\/div>\n\n\n\n<p class=\"eplus-wrapper\"><strong><span style=\"text-decoration: underline;\">3. Verhalten der Gemeinschaft<\/span><\/strong><\/p>\n\n\n\n<p class=\"eplus-wrapper\">Wir erwarten von allen Mitgliedern, dass sie:<\/p>\n\n\n<ul class=\"wp-block-list eplus-wrapper eplus-styles-uid-1639bd\"><li class=\"eplus-wrapper eplus-styles-uid-8d9cae\">Beteiligen Sie sich an mindestens <strong>einem Online-Mitgliedertreffen<\/strong> pro Jahr.<\/li>\n\n<li class=\"eplus-wrapper eplus-styles-uid-8d9cae\">Nominieren Sie eine <strong>lokale Kontaktperson<\/strong> f\u00fcr FORTE CULTURA und halten Sie die Daten zu Ihrem Standort auf dem neuesten Stand.<\/li>\n\n<li class=\"eplus-wrapper eplus-styles-uid-8d9cae\">Behandeln Sie andere Mitglieder als <strong>Partner<\/strong>, und f\u00f6rdern Sie den Austausch von Erfahrungen, Tools und Erkenntnissen.<\/li><\/ul>\n\n\n<p class=\"eplus-wrapper\"><strong><span style=\"text-decoration: underline;\">4. Unterst\u00fctzung durch FORTE CULTURA<\/span><\/strong><\/p>\n\n\n\n<p class=\"eplus-wrapper\">Im Gegenzug verpflichtet sich das Netzwerk zu:<\/p>\n\n\n<ul class=\"wp-block-list eplus-wrapper eplus-styles-uid-8f3cef\"><li class=\"eplus-wrapper eplus-styles-uid-8d9cae\">Bereitstellung von <strong>gebrauchsfertigen Materialien<\/strong> (Texte, Bilder, Hashtags), um das Teilen von wichtigen Ank\u00fcndigungen zu erleichtern.<\/li>\n\n<li class=\"eplus-wrapper eplus-styles-uid-8d9cae\">Hervorhebung von aktiven Mitgliedern und Clustern in <strong>der Kommunikation auf Routenebene<\/strong>.<\/li>\n\n<li class=\"eplus-wrapper eplus-styles-uid-8d9cae translation-block\">Beratung zu <strong>Kommunikation, \u00dcbersetzung und Tourismusprodukten<\/strong> im Zusammenhang mit der Route.<\/li>\n\n<li class=\"eplus-wrapper eplus-styles-uid-8d9cae translation-block\">Vertretung des befestigten Kulturerbes und der Interessen der Mitglieder auf <strong>europ\u00e4ischer Ebene<\/strong>, einschlie\u00dflich des Europarats.<\/li><\/ul>\n\n\n<p class=\"eplus-wrapper\"><\/p>\n\n\n\n<p class=\"eplus-wrapper translation-block\">Durch die Anwendung dieser einfachen Grunds\u00e4tze helfen wir uns gegenseitig, die Marke <em>FORTE CULTURA<\/em> zu st\u00e4rken, unsere Position f\u00fcr die <em>EICR-Zertifizierung<\/em> zu verbessern und die Wirkung unserer Arbeit auf lokaler und europ\u00e4ischer Ebene zu steigern.<\/p>\n\n\n\n<p class=\"eplus-wrapper\"><br><em><a href=\"https:\/\/www.forte-cultura.network\/wp-content\/uploads\/2026\/01\/FORTE-CULTURA-Community-Behaviour-Guidelines.pdf\">Als PDF herunterladen<\/a>.<\/em><\/p>\n\n\n\n<p class=\"eplus-wrapper\"><\/p>\n\n\n\n<p class=\"eplus-wrapper\"><\/p>","protected":false},"excerpt":{"rendered":"<p>Strengthening our identity as a European Cultural Route FORTE CULTURA is more than a list of members: it is a community of fortresses, cities and organisations that share a European [&hellip;]<\/p>\n","protected":false},"author":2,"featured_media":0,"parent":0,"menu_order":0,"comment_status":"closed","ping_status":"closed","template":"","meta":{"editor_plus_copied_stylings":"{}","pgc_sgb_lightbox_settings":"","_price":"","_stock":"","_tribe_ticket_header":"","_tribe_default_ticket_provider":"","_tribe_ticket_capacity":"","_ticket_start_date":"","_ticket_end_date":"","_tribe_ticket_show_description":"","_tribe_ticket_show_not_going":false,"_tribe_ticket_use_global_stock":"","_tribe_ticket_global_stock_level":"","_global_stock_mode":"","_global_stock_cap":"","_tribe_rsvp_for_event":"","_tribe_ticket_going_count":"","_tribe_ticket_not_going_count":"","_tribe_tickets_list":"[]","_tribe_ticket_has_attendee_info_fields":false,"_EventAllDay":false,"_EventTimezone":"","_EventStartDate":"","_EventEndDate":"","_EventStartDateUTC":"","_EventEndDateUTC":"","_EventShowMap":false,"_EventShowMapLink":false,"_EventURL":"","_EventCost":"","_EventCostDescription":"","_EventCurrencySymbol":"","_EventCurrencyCode":"","_EventCurrencyPosition":"","_EventDateTimeSeparator":"","_EventTimeRangeSeparator":"","_EventOrganizerID":[],"_EventVenueID":[],"_OrganizerEmail":"","_OrganizerPhone":"","_OrganizerWebsite":"","_VenueAddress":"","_VenueCity":"","_VenueCountry":"","_VenueProvince":"","_VenueState":"","_VenueZip":"","_VenuePhone":"","_VenueURL":"","_VenueStateProvince":"","_VenueLat":"","_VenueLng":"","_VenueShowMap":false,"_VenueShowMapLink":false,"footnotes":""},"class_list":["post-4819","page","type-page","status-publish","hentry"],"_links":{"self":[{"href":"https:\/\/www.forte-cultura.network\/de\/wp-json\/wp\/v2\/pages\/4819","targetHints":{"allow":["GET"]}}],"collection":[{"href":"https:\/\/www.forte-cultura.network\/de\/wp-json\/wp\/v2\/pages"}],"about":[{"href":"https:\/\/www.forte-cultura.network\/de\/wp-json\/wp\/v2\/types\/page"}],"author":[{"embeddable":true,"href":"https:\/\/www.forte-cultura.network\/de\/wp-json\/wp\/v2\/users\/2"}],"replies":[{"embeddable":true,"href":"https:\/\/www.forte-cultura.network\/de\/wp-json\/wp\/v2\/comments?post=4819"}],"version-history":[{"count":7,"href":"https:\/\/www.forte-cultura.network\/de\/wp-json\/wp\/v2\/pages\/4819\/revisions"}],"predecessor-version":[{"id":4959,"href":"https:\/\/www.forte-cultura.network\/de\/wp-json\/wp\/v2\/pages\/4819\/revisions\/4959"}],"wp:attachment":[{"href":"https:\/\/www.forte-cultura.network\/de\/wp-json\/wp\/v2\/media?parent=4819"}],"curies":[{"name":"wp","href":"https:\/\/api.w.org\/{rel}","templated":true}]}}