{"id":147,"date":"2023-12-27T10:41:42","date_gmt":"2023-12-27T09:41:42","guid":{"rendered":"https:\/\/www.forte-cultura.network\/?page_id=147"},"modified":"2024-06-15T09:39:04","modified_gmt":"2024-06-15T07:39:04","slug":"netzwerkaktivitaeten-2021","status":"publish","type":"page","link":"https:\/\/www.forte-cultura.network\/es\/forte-cultura-blogs\/netzwerkaktivitaeten-2021\/","title":{"rendered":"FORTE CULTURA Actividades en red 2021"},"content":{"rendered":"<div class=\"wp-block-columns alignwide eplus-wrapper is-layout-flex wp-container-core-columns-is-layout-28f84493 wp-block-columns-is-layout-flex eplus-styles-uid-271e42\">\n<div class=\"wp-block-column eplus-wrapper is-layout-flow wp-block-column-is-layout-flow\">\n<table>\n<tbody>\n<tr>\n<td style=\"padding-bottom: 5px; text-align: left;\">\n<p><strong>Festung K\u00f6nigstein, Sachsen (DE): FORTE CULTURA Mitgliederversammlung 2021<\/strong><\/p>\n<\/td>\n<\/tr>\n<tr>\n<td>\n<img decoding=\"async\" src=\"https:\/\/www.forte-cultura.network\/wp-content\/uploads\/2023\/12\/2021_FoCu-AGM-Koenigstein.jpg\" style=\"float:left; margin: 5px 20px 7px 0; width: 100%;\">\n<p>29 socios y miembros de 7 pa\u00edses acuden a la Asamblea de Socios 2021 de FORTE CULTURA en la Festung K\u00f6nigstein (Sajonia). Bajo la direcci\u00f3n de Dirk R\u00f6der, el Vorstand y el Wissenschaftlicher Beirat elaboraron un informe muy positivo sobre las actividades y los resultados de los \u00faltimos 15 meses. Destacan el positivo desarrollo de la red, los proyectos y el interesante programa de talleres y conferencias en colaboraci\u00f3n con EFFORTS.<\/p>\n<p>En las siguientes votaciones se eligi\u00f3 a Frank Riesbeck (DE) como Presidente, Frauke Vos-Firnkes (DE) como Vicepresidenta, Dirk R\u00f6der (DE) como Vicepresidente de Finanzas y Agnieszka Zurawska-Tatala (PL) como Vicepresidenta de Comunicaci\u00f3n. Tambi\u00e9n han sido nombrados Huibert Crijns (NL), Vicepresidente de Cultura, y Filippo Cailotto (IT), Vicepresidente de Alpen-Adria. Hartmut R\u00f6der (DE) no ser\u00e1 reelegido. Aufgrund seiner gro\u00dfen Verdienste f\u00fcr FORTE CULTURA ernannte ihn die Mitgliederversammlung zum Ehrenmitglied.<\/p>\n<p>Tambi\u00e9n se eligi\u00f3 al Consejo Cient\u00edfico. Zur Wiederwahl stellten sich Prof. Dr. Teresa Colletta (IT), Ass. Prof. Dr. Nata\u0161a Uro\u0161evi\u0107 (HR), Ass. Prof. Dr.-Ing. Marcin Gorski (PL) y Dipl.-Ing. Volker K. Pachauer (AT). Tambi\u00e9n han asistido el Dr. Alexander Jordan (DE) y el Dr. Juan Antonio Mira Rico (ES). M\u00e1s informaci\u00f3n<\/p>\n<\/td>\n<\/tr>\n<tr><td><hr><\/td><\/tr>\n\n<tr>\n<td style=\"padding-bottom: 5px; text-align: left;\">\n<p><strong>Bergen op Zoom (Pa\u00edses Bajos): Taller \u201cForts Unchained\u201d (Forts sin cadenas)\u201d<\/strong><\/p>\n<\/td>\n<\/tr>\n<tr>\n<td>\n<img decoding=\"async\" src=\"https:\/\/www.forte-cultura.network\/wp-content\/uploads\/2023\/12\/2021_BergenOpZoom.jpg\" style=\"float:left; margin: 5px 20px 7px 0; width: 250px;\">\n<p>En Bergen op Zoom <b>ESFUERZOS<\/b>, morir <b>Ruta de la Liberaci\u00f3n de Europa<\/b> und <b>FORTE CULTURA<\/b> de la Segunda Guerra Mundial. A menudo, las colonias de la 2a. Weltkrieg als Konzentrationslager und Gef\u00e4ngnisse genutzt oder waren Schaupl\u00e4tze schwerer Kriegshandlungen. Algunos de estos lugares son hoy en d\u00eda Patrimonio de la Humanidad y ofrecen exposiciones sobre esta \u00e9poca. Gracias a su organizaci\u00f3n, ambas rutas culturales pueden reflejar conjuntamente este tema. El objetivo del proyecto, que se est\u00e1 debatiendo, es convertir la Segunda Guerra Mundial en monumentos hist\u00f3ricos y fomentar el turismo. Se buscar\u00e1n puntos de referencia con una historia m\u00e1s amplia, con el fin de adaptarlos al proyecto.<\/p>\n<\/td>\n<\/tr>\n<tr><td><hr><\/td><\/tr>\n\n<tr>\n<td style=\"padding-bottom: 5px; text-align: left;\">\n<p><strong>Karlovac (HR): Taller PATRIMONIO Y PROMOCI\u00d3N<\/strong><\/p>\n<\/td>\n<\/tr>\n<tr>\n<td>\n<img decoding=\"async\" src=\"https:\/\/www.forte-cultura.network\/wp-content\/uploads\/2023\/12\/2021_WS-Karlovac_web.jpg\" style=\"float:left; margin: 5px 20px 7px 0; width: 250px;\">\n<p>En el marco de los proyectos Interreg - IPA CBC <b>FORTALEZA<\/b> bajo la direcci\u00f3n de Dirk R\u00f6der y Rafael Deroo, se celebr\u00f3 en octubre en la ciudad de Karlovac un taller sobre patrimonio y promoci\u00f3n. Los socios del proyecto son <b>Kulturfestung Sibenik<\/b>, morir <b>Festungsidealstadt Karlovac<\/b> (beide HR), die <b>Festungsstadt Herceg Novi<\/b> (BA) y la ciudad <b>Banja Luka<\/b> (ME). El taller, de dos sesiones de duraci\u00f3n, abord\u00f3 temas como la gesti\u00f3n y el uso sostenible de los centros de acogida, la digitalizaci\u00f3n y el marketing digital de los centros de acogida, as\u00ed como el desarrollo del turismo de los centros de acogida, por ejemplo en la ciudad de Karlovac y en el centro de acogida de la ciudad de Karlovac. <b>Burg Dubovac<\/b>.<\/p>\n<\/td>\n<\/tr>\n<tr><td><hr><\/td><\/tr>\n\n<tr>\n<td style=\"padding-bottom: 5px; text-align: left;\">\n<p><strong>D\u00f6mitz (DE): Proyecto de estudio de la Universidad T\u00e9cnica de Varsovia sobre la zona de D\u00f6mitz<\/strong><\/p>\n<\/td>\n<\/tr>\n<tr>\n<td>\n<img decoding=\"async\" src=\"https:\/\/www.forte-cultura.network\/wp-content\/uploads\/2023\/12\/2021_Doemitz-TU-Warschau.jpg\" style=\"float:left; margin: 5px 20px 7px 0; width: 250px;\">\n<p>Los estudiantes de la Universidad Polit\u00e9cnica de Varsovia han estudiado la fortaleza de D\u00f6mitz a principios de los semestres de invierno bajo el t\u00edtulo \u201eMejora, mantenimiento y mejora de las funciones tur\u00edsticas de la fortaleza de D\u00f6mitz\u201c. En un proyecto de 4 semanas de duraci\u00f3n, se estudiaron todos los \u00e1mbitos del Fuerte y de su antigua zona de influencia, con el fin de desarrollar conceptos y soluciones para el invierno. En D\u00f6mitz, la financiaci\u00f3n de la sanidad p\u00fablica condujo a la reducci\u00f3n de los costes de la vivienda. El proyecto de estudio fue iniciado por FORTE CULTURA y dirigido por Marcin Gorski (Universidad T\u00e9cnica de Varsovia y miembro del Consejo Cient\u00edfico de FORTE CULTURA).<\/p>\n<\/td>\n<\/tr>\n<tr><td><hr><\/td><\/tr>\n\n<tr>\n<td style=\"padding-bottom: 5px; text-align: left;\">\n<p><strong>\u2018s-Hertogenbosch (NL): Festungsstadt mit Zitadelle wird erste FORTE CULTURA Station in den Niederlanden<\/strong><\/p>\n<\/td>\n<\/tr>\n<tr>\n<td>\n<img decoding=\"async\" src=\"https:\/\/www.forte-cultura.network\/wp-content\/uploads\/2023\/12\/2021_denBosch_Von-Joop-van-Houdt.jpg\" style=\"float:left; margin: 5px 20px 7px 0; width: 250px;\">\n<p>La Ciudad de Festivales de \u2019s-Hertogenbosch (Den Bosch) es la capital de la provincia neerlandesa de Brabante Septentrional y cuenta con una muralla urbana y una ciudad de festivales en todo el mundo. Den Bosch apuesta por la innovaci\u00f3n, ya sea en el centro de visitantes del centro comercial de Sankt Johann, en un parque de atracciones integrado en el paisaje o en el proyecto digital \"La m\u00e1quina del tiempo de Den Bosch\". La ciudad es, adem\u00e1s, miembro fundador de EFFORTS y desde hace varios a\u00f1os colabora con la cultura de los festivales monumentales en Europa. Con su contribuci\u00f3n a FORTE CULTURA, podr\u00e1 gestionar el marketing de festivales de la ciudad y crear y difundir internacionalmente ofertas de turismo de festivales en Den Bosch. Wir freuen uns auf die Kooperation.<\/p>\n<\/td>\n<\/tr>\n<tr><td><hr><\/td><\/tr>\n\n<tr>\n<td style=\"padding-bottom: 5px; text-align: left;\">\n<p><strong>Four \u00e1 Chaux, Lembach (FR): Nueva estaci\u00f3n FORTE CULTURA en Elsass<\/strong><\/p>\n<\/td>\n<\/tr>\n<tr>\n<td>\n<img decoding=\"async\" src=\"https:\/\/www.forte-cultura.network\/wp-content\/uploads\/2023\/12\/2021_Lembach_1.jpg\" style=\"float:left; margin: 5px 20px 7px 0; width: 250px;\">\n<p>El Four \u00e0 Chaux de Lembach es un antiguo santuario de la L\u00ednea Maginot del siglo XX. Jahrhundert. Dirigido e inspirado por la Asociaci\u00f3n de Amigos de la L\u00ednea Maginot de Lembach, este lugar ha sido visitado durante siglos por numerosos visitantes. Numerosos elementos sorprendentes, desde la popular MG-Kuppel hasta la Sala de Escape, convierten al Fuerte en un lugar de ensue\u00f1o en el desierto. Nos complace la estrecha colaboraci\u00f3n con el Presidente Joseph Haensli y su equipo, que ya comenz\u00f3 con \u00e9xito en el marco de la Festungskooperation Oberrhein.<\/p>\n<\/td>\n<\/tr>\n<tr><td><hr><\/td><\/tr>\n\n<tr>\n<td style=\"padding-bottom: 5px; text-align: left;\">\n<p><strong>Ziegenhain (DE): Europ\u00e4ischer Festungssommer<\/strong><\/p>\n<\/td>\n<\/tr>\n<tr>\n<td>\n<img decoding=\"async\" src=\"https:\/\/www.forte-cultura.network\/wp-content\/uploads\/2023\/12\/2021_Ziegenhain.jpg\" style=\"float:left; margin: 5px 20px 7px 0; width: 250px;\">\n<p>FORTE CULTURA renueva Europa en la ciudad de festivales y confirmaciones de Ziegenhain<br>\nLa ciudad de Ziegenhain y la asociaci\u00f3n de la UE Renew Europe organizaron a finales de agosto la Fiesta Europea de las Fiestas para celebrar un gran festival de verano en la plaza de armas de la ciudad de las confirmaciones y las fiestas. El presidente Engin Eroglu (MdEP) recibi\u00f3 a unos 200 invitados, entre ellos Frauke Vos-Firnkes y Dirk R\u00f6der, miembros del Consejo de FORTE CULTURA. En su discurso, el Presidente destac\u00f3 el papel de los Monumentos de Inter\u00e9s Cultural en una Europa libre y solidaria.<\/p>\n<\/td>\n<\/tr>\n<tr><td><hr><\/td><\/tr>\n\n<tr>\n<td style=\"padding-bottom: 5px; text-align: left;\">\n<p><strong>Germersheim (DE): 4. Fachtagung zum Ausbau der Festungskooperation am Oberrhein<\/strong><\/p>\n<\/td>\n<\/tr>\n<tr>\n<td>\n<img decoding=\"async\" src=\"https:\/\/www.forte-cultura.network\/wp-content\/uploads\/2023\/12\/2021_Germersheim-Tagung.jpg\" style=\"float:left; margin: 5px 20px 7px 0; width: 250px;\">\n<p>El Oberrhein es una de las regiones europeas con mayor n\u00famero de monumentos de 2000 a\u00f1os de historia. Con la participaci\u00f3n de la ciudad de Germersheim en FORTE CULTURA en el a\u00f1o 2017, la regi\u00f3n de Oberrhein pudo establecer una red de cooperaci\u00f3n alemana-francesa para el turismo de festivales. Die nunmehr 4. Fachtagung besch\u00e4ftigte sich mit der Frage, wie grenz\u00fcberschreitender Tourismus f\u00fcr die Festungsmonumente der Region Oberrhein in Kooperation mit der Europ\u00e4ischen Kulturroute FORTE CULTURA organisiert werden kann. Las intervenciones pr\u00e1cticas han servido de orientaci\u00f3n sobre el camino a seguir como monumento y destino tur\u00edstico. En las sesiones de trabajo se elaboraron m\u00f3dulos de viaje para el turismo de destino en el Oberrhein. <\/p>\n<\/td>\n<\/tr>\n<tr><td><hr><\/td><\/tr>\n\n<tr>\n<td style=\"padding-bottom: 5px; text-align: left;\">\n<p><strong>Pula (HR) - Berl\u00edn (DE): Conferencia en l\u00ednea con 105 participantes de 17 pa\u00edses<\/strong><\/p>\n<\/td>\n<\/tr>\n<tr>\n<td>\n<img decoding=\"async\" src=\"https:\/\/www.forte-cultura.network\/wp-content\/uploads\/2023\/12\/eventbrite-head_1.jpg\" style=\"float:left; margin: 5px 30px 7px 0; width: 180px;\">\n<p>El 6 de mayo, el comit\u00e9 cient\u00edfico conjunto FORTE CULTURA \/ EFFORTS organiz\u00f3 una conferencia de evaluaci\u00f3n sobre \u201cLa aplicaci\u00f3n sostenible de los valores culturales\u201d, organizada por la Universidad Juraj Dobrila de Praga. Mai eine Evaluierungskonferenz zur \"Nachhaltigen Inwertsetzung des Kulturerbes Festungsmonumente\", die von der Juraj Dobrila Universit\u00e4t in Pula (HR) ausgerichtet wurde. Diversas contribuciones sobre buenas pr\u00e1cticas procedentes de Croacia, Polonia, Italia y Montenegro, as\u00ed como de FORTE CULTURA, contribuir\u00e1n a fomentar el debate transnacional y la transferencia de conocimientos sobre temas de inter\u00e9s para el patrimonio cultural. La Conferencia puso de relieve la gran importancia de la cooperaci\u00f3n a escala europea. Por ello, se ha decidido que se celebren nuevas reuniones y que se concedan ayudas econ\u00f3micas. El nombre de la conferencia puede figurar en <a href=\"https:\/\/youtu.be\/h3QnkUHbetg\" target=\"_blank\" rel=\"noopener\"><b>FORTE CULTURA YouTube Kanal<\/b><\/a> angsehen werden.<\/p>\n<\/td>\n<\/tr>\n<tr><td><hr><\/td><\/tr>\n\n<tr>\n<td style=\"padding-bottom: 5px; text-align: left;\">\n<p><strong>European Fortress Summer 2021 mit Pressekonferenz am Oberrhein gestartet<\/strong><\/p>\n<\/td>\n<\/tr>\n<tr>\n<td>\n<img decoding=\"async\" src=\"https:\/\/www.forte-cultura.network\/wp-content\/uploads\/2023\/12\/logo-EFS_2021red.png\" style=\"float:left; margin: -10px 25px 0 15px; width: 130px; transform: rotate(7deg);\">\n<p>Am 15. April April wurde in Germersheim im Rahmen einer Pressekonferenz der Europ\u00e4ische Festungssommer 2021 eingel\u00e4utet.<\/p>\n<p>La campa\u00f1a 2018 de FORTE CULTURA para la comercializaci\u00f3n de eventos culturales en festivales se celebrar\u00e1 este a\u00f1o en colaboraci\u00f3n con EFFORTS y crear\u00e1 un nuevo sello. Entre los Festivales Europeos se encuentran, por ejemplo, el \u201cFestival Cultural del Elba\u201d, el \u201cFestival del Oberrhein\u201d y muchos otros eventos y cert\u00e1menes. <\/p>\n<p>Todas las organizaciones (incluso las que no son miembros de la UE) est\u00e1n autorizadas a participar.<\/p>\n<\/td>\n<\/tr>\n<tr><td><hr><\/td><\/tr>\n\n<tr>\n<td style=\"padding-bottom: 5px; text-align: left;\">\n<p><strong>Neue Marketinginstrumente \u201eKulturerbe Festungsmonumente am Oberrhein\u201c (Nuevos instrumentos de mercadotecnia de los festivales culturales del Oberrhein)\u201c<\/strong><\/p>\n<\/td>\n<\/tr>\n<tr>\n<td>\n<img decoding=\"async\" src=\"https:\/\/www.forte-cultura.network\/wp-content\/uploads\/2023\/12\/UpperRhine21.jpg\" alt=\"\" style=\"width: 232px; float: left; margin: 4px 20px 5px 0;\">\n<p>A iniciativa de la Ciudad de Festivales de Germersheim, con el apoyo del Eurodistrito PAMINA y de la Asociaci\u00f3n de Turismo de Baden-Elsass-Pfalz e.V. (Vis-\u00e0-Vis), FORTE CULTURA ha creado, en colaboraci\u00f3n con la Asociaci\u00f3n de Marketing de Renania del Norte-Westfalia, un folleto de festivales con una tarjeta, un pase de visitantes y una exposici\u00f3n itinerante.<\/p>\n<p>Los instrumentos de marketing ya est\u00e1n disponibles en los 30 museos y centros de exposiciones asociados, y se enviar\u00e1n a los responsables de los centros de exposiciones de toda la regi\u00f3n del 15 al 31 de abril. April bis 31. Oktober 2021 inhaltlich begleiten. Encontrar\u00e1 m\u00e1s informaci\u00f3n en la secci\u00f3n <a href=\"https:\/\/forte-cultura.eu\"><b>Oberrhein<\/b><\/a> en nuestra p\u00e1gina web.<\/p>\n<\/td>\n<\/tr>\n<tr><td><hr><\/td><\/tr>\n\n<tr>\n<td style=\"padding-bottom: 5px; text-align: left;\">\n<p><strong> \t\nEstaci\u00f3n(es) Neue FORTE CULTURA am Oberrhein (DE-FR)\n<\/strong><\/p>\n<\/td>\n<\/tr>\n<tr>\n<td>\n\n<p>Hemos ampliado el grupo regional de Festungs <b>\u201eFestungen und Wehrgeschichte am Oberrhein 1929 - 1999\u201c<\/b> con el Bunkermuseum Dettenheim, el Bunker-Tour Hausach, el Hornisgrinde-Bunker, el Tarnbunker Neum\u00fchl, el Museumsbunker Emilie (todos DE) y el Mus\u00e9e M\u00e9morial Walbourg (2MCLADN, FR) como nuevas estaciones de FORTE CULTURA en nuestra red. El Grupo de Festivales forma parte de la iniciativa germano-francesa de 30 monumentos y museos de festivales en el Oberrhein, a la que tambi\u00e9n pertenecen la ciudad de festivales de Germersheim y el fuerte de Schoenenbourg.<\/p>\n<\/td>\n<\/tr>\n<tr><td><hr><\/td><\/tr>\n\n<tr>\n<td style=\"padding-bottom: 5px; text-align: left;\">\n<p><strong>Sandomierz (PL): Nueva estaci\u00f3n FORTE CULTURA an der Weichsel<\/strong><\/p>\n<\/td>\n<\/tr>\n<tr>\n<td>\n<img decoding=\"async\" src=\"https:\/\/www.forte-cultura.network\/wp-content\/uploads\/2023\/12\/2020%20Sandomierz.jpg\" alt=\"\" style=\"width: 232px; float: left; margin: 4px 20px 5px 0;\">\n<p>Sandomierz se encuentra al oeste de Weichselufer, en el distrito de Heiligkreuz. En el antiguo casco antiguo, con su plaza central, se encuentran edificios rom\u00e1nicos, g\u00f3ticos, renacentistas y barrocos. Se encuentra entre las m\u00e1s bellas y mejor conservadas de toda Polonia. En las afueras de la ciudad se encuentra el palacio Kasimir, que data del siglo XIV. Jahrhundert und bewacht den kleinen Hafen. Tambi\u00e9n son importantes el basti\u00f3n situado al oeste de la ciudad, las vistas panor\u00e1micas y las calles del casco antiguo, as\u00ed como las numerosas iglesias. Con el Centro Cultural de Sandomierz, FORTE CULTURA se ha convertido en otro importante socio polaco.<\/p>\n<\/td>\n<\/tr>\n<tr><td><hr><\/td><\/tr>\n<\/tbody><\/table><\/div><\/div>\n\n\n<hr class=\"is-style-wide eplus-wrapper wp-block-separator alignwide has-text-color has-custom-fo-cu-2-color has-alpha-channel-opacity has-custom-fo-cu-2-background-color has-background\"\/>\n\n\n<div class=\"eplus-wrapper wp-block-columns alignwide is-layout-flex wp-container-core-columns-is-layout-28f84493 wp-block-columns-is-layout-flex eplus-styles-uid-1e46e5\">\n<div class=\"eplus-wrapper wp-block-column is-layout-flow wp-block-column-is-layout-flow\">\n<div class=\"wp-block-kadence-advancedbtn kb-buttons-wrap kb-btns147_c36a9c-2b\"><a class=\"kb-button kt-button button kb-btn147_ca44ef-e4 kt-btn-size-standard kt-btn-width-type-full kb-btn-global-fill  kt-btn-has-text-true kt-btn-has-svg-false  wp-block-kadence-singlebtn\" href=\"https:\/\/www.forte-cultura.network\/es\/netzwerkaktivitaeten\/\"><span class=\"kt-btn-inner-text\">actualidad<\/span><\/a><\/div>\n<\/div>\n\n\n\n<div class=\"wp-block-column eplus-wrapper is-layout-flow wp-block-column-is-layout-flow\">\n<div class=\"wp-block-kadence-advancedbtn kb-buttons-wrap kb-btns147_ce6c62-14\"><a class=\"kb-button kt-button button kb-btn147_d105ae-0d kt-btn-size-standard kt-btn-width-type-full kb-btn-global-fill  kt-btn-has-text-true kt-btn-has-svg-false  wp-block-kadence-singlebtn\" href=\"https:\/\/www.forte-cultura.network\/es\/netzwerkaktivitaeten\/forte-cultura-netzwerkaktivitaeten-2024\/\"><span class=\"kt-btn-inner-text\">2024<\/span><\/a><\/div>\n<\/div>\n\n\n\n<div class=\"eplus-wrapper wp-block-column is-layout-flow wp-block-column-is-layout-flow\">\n<div class=\"wp-block-kadence-advancedbtn kb-buttons-wrap kb-btns147_955be6-df\"><a class=\"kb-button kt-button button kb-btn147_009979-cd kt-btn-size-standard kt-btn-width-type-full kb-btn-global-fill  kt-btn-has-text-true kt-btn-has-svg-false  wp-block-kadence-singlebtn\" href=\"https:\/\/www.forte-cultura.network\/es\/netzwerkaktivitaeten\/actividades-de-red-de-forte-cultura-2023\/\"><span class=\"kt-btn-inner-text\">2023<\/span><\/a><\/div>\n<\/div>\n\n\n\n<div class=\"eplus-wrapper wp-block-column is-layout-flow wp-block-column-is-layout-flow\">\n<div class=\"wp-block-kadence-advancedbtn kb-buttons-wrap kb-btns147_d26849-35\"><a class=\"kb-button kt-button button kb-btn147_54b4ac-af kt-btn-size-standard kt-btn-width-type-full kb-btn-global-fill  kt-btn-has-text-true kt-btn-has-svg-false  wp-block-kadence-singlebtn\" href=\"https:\/\/www.forte-cultura.network\/es\/netzwerkaktivitaeten\/actividades-de-red-2022\/\"><span class=\"kt-btn-inner-text\">2022<\/span><\/a><\/div>\n<\/div>\n\n\n\n<div class=\"eplus-wrapper wp-block-column is-layout-flow wp-block-column-is-layout-flow\">\n<div class=\"wp-block-kadence-advancedbtn kb-buttons-wrap kb-btns147_ed7fe3-d2\"><a class=\"kb-button kt-button button kb-btn147_a07546-b3 kt-btn-size-standard kt-btn-width-type-full kb-btn-global-fill  kt-btn-has-text-true kt-btn-has-svg-false  wp-block-kadence-singlebtn\" href=\"https:\/\/www.forte-cultura.network\/es\/netzwerkaktivitaeten\/netzwerkaktivitaeten-2020\/\"><span class=\"kt-btn-inner-text\">2020<\/span><\/a><\/div>\n<\/div>\n\n\n\n<div class=\"eplus-wrapper wp-block-column is-layout-flow wp-block-column-is-layout-flow\"><\/div>\n\n\n\n<div class=\"eplus-wrapper wp-block-column is-layout-flow wp-block-column-is-layout-flow\"><\/div>\n<\/div>\n\n\n<hr class=\"eplus-wrapper wp-block-separator alignwide has-text-color has-custom-fo-cu-2-color has-alpha-channel-opacity has-custom-fo-cu-2-background-color has-background\"\/>\n\n\n\n<div class=\"wp-block-kadence-spacer alignwide kt-block-spacer-147_bdef3c-f0\"><div class=\"kt-block-spacer kt-block-spacer-halign-center\"><\/div><\/div>","protected":false},"excerpt":{"rendered":"<p>Festung K\u00f6nigstein, Sachsen (DE): FORTE CULTURA Mitgliederversammlung 2021 29 Mitglieder und G\u00e4ste aus 7 L\u00e4ndern trafen sich zur FORTE CULTURA Mitgliederversammlung 2021 auf der Festung K\u00f6nigstein (Sachsen). Unter der Leitung [&hellip;]<\/p>\n","protected":false},"author":1,"featured_media":0,"parent":2,"menu_order":0,"comment_status":"closed","ping_status":"closed","template":"","meta":{"editor_plus_copied_stylings":"{}","pgc_sgb_lightbox_settings":"","_price":"","_stock":"","_tribe_ticket_header":"","_tribe_default_ticket_provider":"","_tribe_ticket_capacity":"0","_ticket_start_date":"","_ticket_end_date":"","_tribe_ticket_show_description":"","_tribe_ticket_show_not_going":false,"_tribe_ticket_use_global_stock":"","_tribe_ticket_global_stock_level":"","_global_stock_mode":"","_global_stock_cap":"","_tribe_rsvp_for_event":"","_tribe_ticket_going_count":"","_tribe_ticket_not_going_count":"","_tribe_tickets_list":"[]","_tribe_ticket_has_attendee_info_fields":false,"_EventAllDay":false,"_EventTimezone":"","_EventStartDate":"","_EventEndDate":"","_EventStartDateUTC":"","_EventEndDateUTC":"","_EventShowMap":false,"_EventShowMapLink":false,"_EventURL":"","_EventCost":"","_EventCostDescription":"","_EventCurrencySymbol":"","_EventCurrencyCode":"","_EventCurrencyPosition":"","_EventDateTimeSeparator":"","_EventTimeRangeSeparator":"","_EventOrganizerID":[],"_EventVenueID":[],"_OrganizerEmail":"","_OrganizerPhone":"","_OrganizerWebsite":"","_VenueAddress":"","_VenueCity":"","_VenueCountry":"","_VenueProvince":"","_VenueState":"","_VenueZip":"","_VenuePhone":"","_VenueURL":"","_VenueStateProvince":"","_VenueLat":"","_VenueLng":"","_VenueShowMap":false,"_VenueShowMapLink":false,"footnotes":""},"class_list":["post-147","page","type-page","status-publish","hentry"],"_links":{"self":[{"href":"https:\/\/www.forte-cultura.network\/es\/wp-json\/wp\/v2\/pages\/147","targetHints":{"allow":["GET"]}}],"collection":[{"href":"https:\/\/www.forte-cultura.network\/es\/wp-json\/wp\/v2\/pages"}],"about":[{"href":"https:\/\/www.forte-cultura.network\/es\/wp-json\/wp\/v2\/types\/page"}],"author":[{"embeddable":true,"href":"https:\/\/www.forte-cultura.network\/es\/wp-json\/wp\/v2\/users\/1"}],"replies":[{"embeddable":true,"href":"https:\/\/www.forte-cultura.network\/es\/wp-json\/wp\/v2\/comments?post=147"}],"version-history":[{"count":0,"href":"https:\/\/www.forte-cultura.network\/es\/wp-json\/wp\/v2\/pages\/147\/revisions"}],"up":[{"embeddable":true,"href":"https:\/\/www.forte-cultura.network\/es\/wp-json\/wp\/v2\/pages\/2"}],"wp:attachment":[{"href":"https:\/\/www.forte-cultura.network\/es\/wp-json\/wp\/v2\/media?parent=147"}],"curies":[{"name":"wp","href":"https:\/\/api.w.org\/{rel}","templated":true}]}}