{"id":2021,"date":"2025-03-31T12:43:15","date_gmt":"2025-03-31T10:43:15","guid":{"rendered":"https:\/\/www.forte-cultura.network\/?page_id=2021"},"modified":"2026-03-14T11:53:54","modified_gmt":"2026-03-14T10:53:54","slug":"socio-de-forte-cultura","status":"publish","type":"page","link":"https:\/\/www.forte-cultura.network\/es\/organisation\/forte-cultura-partner\/","title":{"rendered":"Socio de FORTE CULTURA"},"content":{"rendered":"<p style=\"margin-bottom:var(--wp--preset--spacing--50)\" class=\"eplus-wrapper\">La fortaleza de la red FORTE CULTURA se basa en las fortalezas individuales y la cohesi\u00f3n de sus miembros y socios. FORTE CULTURA es miembro de EFFORTS y, junto con otros socios, como otras rutas culturales, instituciones o fundaciones, logramos resultados sostenibles en apoyo del patrimonio europeo de las fortalezas.<\/p>\n\n\n<h2 class=\"wp-block-heading eplus-wrapper eplus-styles-uid-677210\"><em>Juntos somos fuertes<\/em><\/h2>\n\n\n<hr class=\"is-style-wide wp-block-separator alignwide has-text-color has-contrast-3-color has-alpha-channel-opacity has-contrast-3-background-color has-background eplus-wrapper\" style=\"margin-top:var(--wp--preset--spacing--20);margin-bottom:var(--wp--preset--spacing--20)\"\/>\n\n\n<div class=\"wp-block-columns alignwide eplus-wrapper is-layout-flex wp-container-core-columns-is-layout-28f84493 wp-block-columns-is-layout-flex eplus-styles-uid-6ebea3\">\n<div class=\"wp-block-column eplus-wrapper is-layout-flow wp-block-column-is-layout-flow\"><div class=\"wp-block-columns are-vertically-aligned-center is-not-stacked-on-mobile eplus-wrapper is-layout-flex wp-container-core-columns-is-layout-48c8412d wp-block-columns-is-layout-flex eplus-styles-uid-183ce4\" style=\"margin-top:0;margin-bottom:0\">\n<div class=\"wp-block-column is-vertically-aligned-center eplus-wrapper is-layout-flow wp-container-core-column-is-layout-8628b9b1 wp-block-column-is-layout-flow\" style=\"padding-top:var(--wp--preset--spacing--10);padding-right:var(--wp--preset--spacing--10);padding-bottom:var(--wp--preset--spacing--10);padding-left:var(--wp--preset--spacing--10);line-height:1.4;flex-basis:85%\">\n<p class=\"has-medium-font-size eplus-wrapper\"><a href=\"https:\/\/www.efforts-europe.eu\/\" target=\"_blank\" rel=\"noreferrer noopener\">EFFORTS (Federaci\u00f3n Europea de Sitios Fortificados)<\/a> es una red europea de fortalezas y organizaciones relacionadas con las fortalezas con sede en Bruselas. Apoya y promueve el patrimonio cultural de los monumentos fortificados y lleva a cabo labores de presi\u00f3n en la UE en favor del patrimonio fortificado europeo. FORTE CULTURA e.V. es miembro de EFFORTS Europe.<\/p>\n<\/div>\n\n\n\n<div class=\"wp-block-column is-vertically-aligned-center eplus-wrapper is-layout-flow wp-block-column-is-layout-flow\" style=\"padding-top:var(--wp--preset--spacing--10);padding-right:0;padding-bottom:var(--wp--preset--spacing--10);padding-left:0;flex-basis:10%\">\n<figure class=\"wp-block-image aligncenter size-full is-resized eplus-wrapper\"><a href=\"https:\/\/www.efforts-europe.eu\/\" target=\"_blank\" rel=\"noreferrer noopener\"><img loading=\"lazy\" decoding=\"async\" width=\"252\" height=\"216\" src=\"https:\/\/www.forte-cultura.network\/wp-content\/uploads\/2023\/12\/logo_efforts.jpg\" alt=\"\" class=\"wp-image-82\" style=\"width:136px;height:auto\" srcset=\"https:\/\/www.forte-cultura.network\/wp-content\/uploads\/2023\/12\/logo_efforts.jpg 252w, https:\/\/www.forte-cultura.network\/wp-content\/uploads\/2023\/12\/logo_efforts-14x12.jpg 14w\" sizes=\"auto, (max-width: 252px) 100vw, 252px\" \/><\/a><\/figure>\n<\/div>\n<\/div><\/div>\n<\/div>\n\n\n<hr class=\"is-style-wide wp-block-separator alignwide has-text-color has-contrast-3-color has-alpha-channel-opacity has-contrast-3-background-color has-background eplus-wrapper\" style=\"margin-top:var(--wp--preset--spacing--20);margin-bottom:var(--wp--preset--spacing--20)\"\/>\n\n\n<div class=\"wp-block-columns alignwide eplus-wrapper is-layout-flex wp-container-core-columns-is-layout-28f84493 wp-block-columns-is-layout-flex eplus-styles-uid-f62137\">\n<div class=\"wp-block-column eplus-wrapper is-layout-flow wp-block-column-is-layout-flow\"><figure class=\"wp-block-image alignleft size-full eplus-wrapper eplus-styles-uid-60e590\"><img loading=\"lazy\" decoding=\"async\" width=\"306\" height=\"107\" src=\"https:\/\/www.forte-cultura.network\/wp-content\/uploads\/2023\/12\/ADT.png\" alt=\"\" class=\"wp-image-564\" srcset=\"https:\/\/www.forte-cultura.network\/wp-content\/uploads\/2023\/12\/ADT.png 306w, https:\/\/www.forte-cultura.network\/wp-content\/uploads\/2023\/12\/ADT-300x105.png 300w, https:\/\/www.forte-cultura.network\/wp-content\/uploads\/2023\/12\/ADT-18x6.png 18w\" sizes=\"auto, (max-width: 306px) 100vw, 306px\" \/><\/figure>\n\n\n<p class=\"has-medium-font-size eplus-wrapper\">Alsace Destination Tourisme (AD) es la agencia de viajes de la Comunidad Europea de Alsacia y se encarga del desarrollo y la promoci\u00f3n del turismo, especialmente en el \u00e1mbito de la cooperaci\u00f3n transfronteriza. Debido a la agitada historia franco-alemana de Alsacia, la regi\u00f3n cuenta con numerosos monumentos fortificados. Junto con FORTE CULTURA, la ADT desea reforzar a\u00fan m\u00e1s este patrimonio cultural y ampliar de forma sostenible la ya numerosa oferta tur\u00edstica. La ADT es tambi\u00e9n un socio importante para el cl\u00faster de fortalezas FORTE CULTURA en la regi\u00f3n del Alto Rin. La ADT es miembro de FORTE CULTURA desde septiembre de 2022. <a href=\"https:\/\/www.alsace-destination-tourisme.com\/\" target=\"_blank\" rel=\"noreferrer noopener\">www.alsace-destination-tourisme.com<\/a><\/p>\n<\/div>\n<\/div>\n\n\n<hr class=\"is-style-wide wp-block-separator alignwide has-text-color has-contrast-3-color has-alpha-channel-opacity has-contrast-3-background-color has-background eplus-wrapper\" style=\"margin-top:var(--wp--preset--spacing--20);margin-bottom:var(--wp--preset--spacing--20)\"\/>\n\n\n<div class=\"wp-block-columns alignwide eplus-wrapper is-layout-flex wp-container-core-columns-is-layout-28f84493 wp-block-columns-is-layout-flex eplus-styles-uid-5f386c\">\n<div class=\"wp-block-column eplus-wrapper is-layout-flow wp-block-column-is-layout-flow\"><figure class=\"wp-block-image alignleft size-full is-resized eplus-wrapper eplus-styles-uid-60e590\"><img loading=\"lazy\" decoding=\"async\" width=\"356\" height=\"141\" src=\"https:\/\/www.forte-cultura.network\/wp-content\/uploads\/2023\/12\/logo_LRE.jpg\" alt=\"\" class=\"wp-image-565\" style=\"width:306px;height:auto\" srcset=\"https:\/\/www.forte-cultura.network\/wp-content\/uploads\/2023\/12\/logo_LRE.jpg 356w, https:\/\/www.forte-cultura.network\/wp-content\/uploads\/2023\/12\/logo_LRE-300x119.jpg 300w, https:\/\/www.forte-cultura.network\/wp-content\/uploads\/2023\/12\/logo_LRE-18x7.jpg 18w\" sizes=\"auto, (max-width: 356px) 100vw, 356px\" \/><\/figure>\n\n\n<p class=\"eplus-wrapper\">Los monumentos fortificados y la Segunda Guerra Mundial tambi\u00e9n tienen muchos puntos en com\u00fan. La ruta cultural europea \u201cLiberation Route Europe\u201d, certificada por el Consejo de Europa en 2019, recorre rutas conmemorativas hasta los lugares hist\u00f3ricos de la Segunda Guerra Mundial en Europa. FORTE CULTURA y la Liberation Route llevan cooperando a varios niveles desde finales de 2019. <a href=\"https:\/\/liberationroute.de\/\" target=\"_blank\" rel=\"noreferrer noopener\">www.liberationroute.de<\/a><\/p>\n<\/div>\n<\/div>\n\n\n<hr class=\"is-style-wide wp-block-separator alignwide has-text-color has-contrast-3-color has-alpha-channel-opacity has-contrast-3-background-color has-background eplus-wrapper\" style=\"margin-top:var(--wp--preset--spacing--20);margin-bottom:var(--wp--preset--spacing--20)\"\/>\n\n\n<div class=\"wp-block-columns alignwide eplus-wrapper is-layout-flex wp-container-core-columns-is-layout-28f84493 wp-block-columns-is-layout-flex eplus-styles-uid-c01e04\">\n<div class=\"wp-block-column eplus-wrapper is-layout-flow wp-block-column-is-layout-flow\"><figure class=\"wp-block-image alignleft size-full is-resized eplus-wrapper eplus-styles-uid-60e590\"><img loading=\"lazy\" decoding=\"async\" width=\"600\" height=\"195\" src=\"https:\/\/www.forte-cultura.network\/wp-content\/uploads\/2024\/12\/FSG-logo.jpg\" alt=\"\" class=\"wp-image-1731\" style=\"width:304px;height:auto\" srcset=\"https:\/\/www.forte-cultura.network\/wp-content\/uploads\/2024\/12\/FSG-logo.jpg 600w, https:\/\/www.forte-cultura.network\/wp-content\/uploads\/2024\/12\/FSG-logo-300x98.jpg 300w, https:\/\/www.forte-cultura.network\/wp-content\/uploads\/2024\/12\/FSG-logo-18x6.jpg 18w\" sizes=\"auto, (max-width: 600px) 100vw, 600px\" \/><\/figure>\n\n\n<p class=\"eplus-wrapper\">CIO (FSG) se fund\u00f3 en el Reino Unido en 1975 y es una organizaci\u00f3n ben\u00e9fica registrada dedicada al estudio y la conservaci\u00f3n de fortificaciones de la era de la artiller\u00eda (desde aproximadamente el a\u00f1o 1500 d. C. en adelante). En 2024, FSG y FORTE CULTURA comenzaron a trabajar juntas para alcanzar objetivos comunes con un impacto positivo en el patrimonio fortificado. En particular, los resultados de las investigaciones sobre fortificaciones se publican en las publicaciones peri\u00f3dicas de FSG \u201cFORT\u201d y \u201cCasemate\u201d, que cuentan con un amplio n\u00famero de lectores y se distribuyen a bibliotecas acad\u00e9micas de todo el mundo. Desde la pandemia del coronavirus, FSG tambi\u00e9n ofrece un amplio programa de seminarios web. <a href=\"https:\/\/www.fortressstudygroup.org\/\" target=\"_blank\" rel=\"noreferrer noopener\">www.fortressstudygroup.org<\/a><\/p>\n<\/div>\n<\/div>\n\n\n<hr class=\"is-style-wide wp-block-separator alignwide has-text-color has-contrast-3-color has-alpha-channel-opacity has-contrast-3-background-color has-background eplus-wrapper\" style=\"margin-top:var(--wp--preset--spacing--20);margin-bottom:var(--wp--preset--spacing--20)\"\/>\n\n\n<div class=\"wp-block-columns alignwide eplus-wrapper is-layout-flex wp-container-core-columns-is-layout-28f84493 wp-block-columns-is-layout-flex eplus-styles-uid-4a59a6\">\n<div class=\"wp-block-column eplus-wrapper is-layout-flow wp-block-column-is-layout-flow\"><figure class=\"wp-block-image alignright size-full is-resized eplus-wrapper eplus-styles-uid-60e590\"><img loading=\"lazy\" decoding=\"async\" width=\"228\" height=\"221\" src=\"https:\/\/www.forte-cultura.network\/wp-content\/uploads\/2023\/12\/Logo_routesofrefomation-1.jpg\" alt=\"\" class=\"wp-image-566\" style=\"width:144px;height:auto\" srcset=\"https:\/\/www.forte-cultura.network\/wp-content\/uploads\/2023\/12\/Logo_routesofrefomation-1.jpg 228w, https:\/\/www.forte-cultura.network\/wp-content\/uploads\/2023\/12\/Logo_routesofrefomation-1-12x12.jpg 12w\" sizes=\"auto, (max-width: 228px) 100vw, 228px\" \/><\/figure>\n\n\n<p class=\"eplus-wrapper\">La Ruta Europea de la Reforma representa la \u00e9poca de la Reforma, que fue significativa en la historia mundial. Hay muchos puntos en com\u00fan con la construcci\u00f3n de fortalezas modernas, y ambas se han influido mutuamente.<\/p>\n\n\n\n<p class=\"eplus-wrapper\">En mayo de 2020, FORTE CULTURA e.V. y la Ruta Europea de la Reforma firmaron un acuerdo de cooperaci\u00f3n para explorar sinergias y desarrollar impulsos para la valorizaci\u00f3n cultural-tur\u00edstica, social y econ\u00f3mica del patrimonio cultural de la Reforma y la arquitectura de las fortalezas. <a href=\"https:\/\/reformationroutes.eu\/\" target=\"_blank\" rel=\"noreferrer noopener\">www.reformationroutes.eu<\/a><\/p>\n<\/div>\n<\/div>\n\n\n<hr class=\"is-style-wide wp-block-separator alignwide has-text-color has-contrast-3-color has-alpha-channel-opacity has-contrast-3-background-color has-background eplus-wrapper\" style=\"margin-top:var(--wp--preset--spacing--20);margin-bottom:var(--wp--preset--spacing--20)\"\/>\n\n\n\n<div class=\"wp-block-kadence-spacer aligncenter kt-block-spacer-2021_b7d15c-5c\"><div class=\"kt-block-spacer kt-block-spacer-halign-center\"><hr class=\"kt-divider\"\/><\/div><\/div>\n\n\n\n<h2 class=\"wp-block-heading eplus-wrapper\">FORTE CULTURA Socio comercial<\/h2>\n\n\n\n<p class=\"eplus-wrapper\">FORTE CULTURA colabora con diversos socios del sector tur\u00edstico, la digitalizaci\u00f3n y el marketing para aumentar la visibilidad y la accesibilidad del patrimonio de las fortalezas. En ocasiones se celebran acuerdos marco que reportan importantes ventajas a los miembros de FORTE CULTURA.<\/p>\n\n\n\n<p class=\"eplus-wrapper\"><\/p>\n\n\n<div class=\"wp-block-columns alignwide eplus-wrapper is-layout-flex wp-container-core-columns-is-layout-28f84493 wp-block-columns-is-layout-flex eplus-styles-uid-5dc84c\">\n<div class=\"wp-block-column eplus-wrapper is-layout-flow wp-block-column-is-layout-flow\"><figure class=\"wp-block-image alignleft size-full is-resized has-custom-border eplus-wrapper eplus-styles-uid-a11f1b\"><img loading=\"lazy\" decoding=\"async\" width=\"383\" height=\"132\" src=\"https:\/\/www.forte-cultura.network\/wp-content\/uploads\/2025\/11\/Actionbound-logo.png\" alt=\"\" class=\"wp-image-3576\" style=\"border-radius:10px;width:306px;height:auto\" srcset=\"https:\/\/www.forte-cultura.network\/wp-content\/uploads\/2025\/11\/Actionbound-logo.png 383w, https:\/\/www.forte-cultura.network\/wp-content\/uploads\/2025\/11\/Actionbound-logo-300x103.png 300w, https:\/\/www.forte-cultura.network\/wp-content\/uploads\/2025\/11\/Actionbound-logo-18x6.png 18w\" sizes=\"auto, (max-width: 383px) 100vw, 383px\" \/><\/figure>\n\n\n<p class=\"eplus-wrapper\">En colaboraci\u00f3n con <strong>Actionbound S.L.<\/strong> (DE), FORTE CULTURA ofrece a todas las emisoras asociadas la oportunidad de utilizar la aplicaci\u00f3n Actionbound. Actionbound es una aplicaci\u00f3n m\u00f3vil que permite a los usuarios crear y jugar a recorridos interactivos y gamificados y a rallies de acertijos. La aplicaci\u00f3n es una gran herramienta de marketing para instituciones y organizaciones culturales, ya que ofrece una forma \u00fanica de atraer y entusiasmar a los visitantes y clientes potenciales. Todos los miembros de Forte Cultura e.V. tienen la posibilidad de crear sus propios recorridos y rallies de acertijos \u201cpersonalizados\u201d. <strong>Los miembros no tienen que pagar una cuota de licencia.<\/strong> para la oferta de Actionbound. <\/p>\n\n\n\n<p class=\"has-text-align-right eplus-wrapper\"><a href=\"https:\/\/forte-cultura.com\/en\/events\/forte-cultura-world-of-experience\/\" target=\"_blank\" rel=\"noreferrer noopener\"><strong><em>m\u00e1s informaci\u00f3n<\/em><\/strong><\/a><\/p>\n<\/div>\n<\/div>\n\n\n<hr class=\"is-style-wide wp-block-separator alignwide has-text-color has-contrast-3-color has-alpha-channel-opacity has-contrast-3-background-color has-background eplus-wrapper\" style=\"margin-top:var(--wp--preset--spacing--20);margin-bottom:var(--wp--preset--spacing--20)\"\/>\n\n\n<div class=\"wp-block-columns alignwide eplus-wrapper is-layout-flex wp-container-core-columns-is-layout-28f84493 wp-block-columns-is-layout-flex eplus-styles-uid-fd39dc\">\n<div class=\"wp-block-column eplus-wrapper is-layout-flow wp-block-column-is-layout-flow\"><figure class=\"wp-block-image alignleft size-full is-resized has-custom-border eplus-wrapper eplus-styles-uid-60e590\"><img loading=\"lazy\" decoding=\"async\" width=\"1200\" height=\"630\" src=\"https:\/\/www.forte-cultura.network\/wp-content\/uploads\/2025\/11\/reveel.guide_.jpg\" alt=\"\" class=\"wp-image-3577\" style=\"border-radius:10px;width:304px;height:auto\" srcset=\"https:\/\/www.forte-cultura.network\/wp-content\/uploads\/2025\/11\/reveel.guide_.jpg 1200w, https:\/\/www.forte-cultura.network\/wp-content\/uploads\/2025\/11\/reveel.guide_-300x158.jpg 300w, https:\/\/www.forte-cultura.network\/wp-content\/uploads\/2025\/11\/reveel.guide_-1024x538.jpg 1024w, https:\/\/www.forte-cultura.network\/wp-content\/uploads\/2025\/11\/reveel.guide_-768x403.jpg 768w, https:\/\/www.forte-cultura.network\/wp-content\/uploads\/2025\/11\/reveel.guide_-18x9.jpg 18w\" sizes=\"auto, (max-width: 1200px) 100vw, 1200px\" \/><\/figure>\n\n\n<p class=\"eplus-wrapper\"><strong>Reveel.Gu\u00eda<\/strong> (FI) hace que las experiencias de los visitantes sean m\u00e1s accesibles, sostenibles y modernas al convertir los mapas en papel en gu\u00edas digitales instant\u00e1neas en los tel\u00e9fonos de los visitantes en varios idiomas. Las atracciones pueden ofrecer experiencias multiling\u00fces atractivas sin el tiempo y el coste que supone crear sus propias soluciones. Reveel ofrece una alternativa rentable y sostenible a los mapas impresos y las audiogu\u00edas tradicionales. Con solo un smartphone, los visitantes pueden acceder a mapas y rutas digitales, contenido multiling\u00fce, integraci\u00f3n de medios enriquecidos o funciones interactivas. Gracias a nuestra colaboraci\u00f3n,\u00a0<strong>Todos los miembros de FORTE CULTURA reciben un descuento de 50%.<\/strong>\u00a0en los planes de suscripci\u00f3n de Reveel (a partir de solo 99 \u20ac al mes). Esto convierte a Reveel en una soluci\u00f3n asequible y preparada para el futuro incluso para los sitios patrimoniales peque\u00f1os y medianos. <\/p>\n\n\n\n<p class=\"has-text-align-right eplus-wrapper\"><a href=\"https:\/\/www.forte-cultura.network\/es\/descubra-reveel-una-nueva-herramienta-digital-para-el-patrimonio-fortificado\/\" data-type=\"post\" data-id=\"3059\"><em><strong>m\u00e1s informaci\u00f3n<\/strong><\/em><\/a><\/p>\n<\/div>\n<\/div>\n\n\n<hr class=\"is-style-wide wp-block-separator alignwide has-text-color has-contrast-3-color has-alpha-channel-opacity has-contrast-3-background-color has-background eplus-wrapper\" style=\"margin-top:var(--wp--preset--spacing--20);margin-bottom:var(--wp--preset--spacing--20)\"\/>\n\n\n<div class=\"wp-block-columns alignwide eplus-wrapper is-layout-flex wp-container-core-columns-is-layout-28f84493 wp-block-columns-is-layout-flex eplus-styles-uid-963111\">\n<div class=\"wp-block-column eplus-wrapper is-layout-flow wp-block-column-is-layout-flow\"><figure class=\"wp-block-image alignleft size-full is-resized has-custom-border eplus-wrapper eplus-styles-uid-60e590\"><img loading=\"lazy\" decoding=\"async\" width=\"527\" height=\"290\" src=\"https:\/\/www.forte-cultura.network\/wp-content\/uploads\/2025\/11\/Budingen002a.jpg\" alt=\"\" class=\"wp-image-3586\" style=\"border-radius:10px;width:304px;height:auto\" srcset=\"https:\/\/www.forte-cultura.network\/wp-content\/uploads\/2025\/11\/Budingen002a.jpg 527w, https:\/\/www.forte-cultura.network\/wp-content\/uploads\/2025\/11\/Budingen002a-300x165.jpg 300w, https:\/\/www.forte-cultura.network\/wp-content\/uploads\/2025\/11\/Budingen002a-18x10.jpg 18w\" sizes=\"auto, (max-width: 527px) 100vw, 527px\" \/><\/figure>\n\n\n<p class=\"eplus-wrapper\">En colaboraci\u00f3n con <strong>EuroSchein-Souvenir S.L.<\/strong> (DE), FORTE CULTURA ofrece desde 2021 la posibilidad de producir y vender billetes de recuerdo personalizados. Los billetes de recuerdo tienen todas las caracter\u00edsticas de los billetes de euro aut\u00e9nticos y son objetos de colecci\u00f3n muy populares en toda Europa.<strong> Los miembros de FORTE CULTURA reciben un descuento.<\/strong> en los costes de producci\u00f3n. Aprovecha esta oportunidad para imprimir tu propio dinero (de recuerdo). Los billetes personalizables no solo refuerzan tu imagen como lugar fortificado, sino que tambi\u00e9n aumentan tus ingresos. Nuestros miembros Germersheim y B\u00fcdingen ya han emitido sus propios billetes, incluyendo la marca FORTE CULTURA.<\/p>\n<\/div>\n<\/div>\n\n\n<hr class=\"is-style-wide wp-block-separator alignwide has-text-color has-contrast-3-color has-alpha-channel-opacity has-contrast-3-background-color has-background eplus-wrapper\" style=\"margin-top:var(--wp--preset--spacing--20);margin-bottom:var(--wp--preset--spacing--20)\"\/>\n\n\n\n<p class=\"eplus-wrapper\"><\/p>\n\n\n\n<p class=\"eplus-wrapper\"><\/p>\n\n\n\n<p class=\"eplus-wrapper\"><\/p>","protected":false},"excerpt":{"rendered":"<p>The strength of the FORTE CULTURA network is based on the individual strengths and cohesion of its members and FORTE CULTURA partners. FORTE CULTURA is a member of EFFORTS and [&hellip;]<\/p>\n","protected":false},"author":1,"featured_media":0,"parent":329,"menu_order":1,"comment_status":"closed","ping_status":"closed","template":"","meta":{"editor_plus_copied_stylings":"{}","pgc_sgb_lightbox_settings":"","_price":"","_stock":"","_tribe_ticket_header":"","_tribe_default_ticket_provider":"","_tribe_ticket_capacity":"0","_ticket_start_date":"","_ticket_end_date":"","_tribe_ticket_show_description":"","_tribe_ticket_show_not_going":false,"_tribe_ticket_use_global_stock":"","_tribe_ticket_global_stock_level":"","_global_stock_mode":"","_global_stock_cap":"","_tribe_rsvp_for_event":"","_tribe_ticket_going_count":"","_tribe_ticket_not_going_count":"","_tribe_tickets_list":"[]","_tribe_ticket_has_attendee_info_fields":false,"_EventAllDay":false,"_EventTimezone":"","_EventStartDate":"","_EventEndDate":"","_EventStartDateUTC":"","_EventEndDateUTC":"","_EventShowMap":false,"_EventShowMapLink":false,"_EventURL":"","_EventCost":"","_EventCostDescription":"","_EventCurrencySymbol":"","_EventCurrencyCode":"","_EventCurrencyPosition":"","_EventDateTimeSeparator":"","_EventTimeRangeSeparator":"","_EventOrganizerID":[],"_EventVenueID":[],"_OrganizerEmail":"","_OrganizerPhone":"","_OrganizerWebsite":"","_VenueAddress":"","_VenueCity":"","_VenueCountry":"","_VenueProvince":"","_VenueState":"","_VenueZip":"","_VenuePhone":"","_VenueURL":"","_VenueStateProvince":"","_VenueLat":"","_VenueLng":"","_VenueShowMap":false,"_VenueShowMapLink":false,"footnotes":""},"class_list":["post-2021","page","type-page","status-publish","hentry"],"_links":{"self":[{"href":"https:\/\/www.forte-cultura.network\/es\/wp-json\/wp\/v2\/pages\/2021","targetHints":{"allow":["GET"]}}],"collection":[{"href":"https:\/\/www.forte-cultura.network\/es\/wp-json\/wp\/v2\/pages"}],"about":[{"href":"https:\/\/www.forte-cultura.network\/es\/wp-json\/wp\/v2\/types\/page"}],"author":[{"embeddable":true,"href":"https:\/\/www.forte-cultura.network\/es\/wp-json\/wp\/v2\/users\/1"}],"replies":[{"embeddable":true,"href":"https:\/\/www.forte-cultura.network\/es\/wp-json\/wp\/v2\/comments?post=2021"}],"version-history":[{"count":20,"href":"https:\/\/www.forte-cultura.network\/es\/wp-json\/wp\/v2\/pages\/2021\/revisions"}],"predecessor-version":[{"id":5103,"href":"https:\/\/www.forte-cultura.network\/es\/wp-json\/wp\/v2\/pages\/2021\/revisions\/5103"}],"up":[{"embeddable":true,"href":"https:\/\/www.forte-cultura.network\/es\/wp-json\/wp\/v2\/pages\/329"}],"wp:attachment":[{"href":"https:\/\/www.forte-cultura.network\/es\/wp-json\/wp\/v2\/media?parent=2021"}],"curies":[{"name":"wp","href":"https:\/\/api.w.org\/{rel}","templated":true}]}}