{"id":2786,"date":"2025-08-30T12:05:11","date_gmt":"2025-08-30T10:05:11","guid":{"rendered":"https:\/\/www.forte-cultura.network\/?page_id=2786"},"modified":"2025-11-26T13:48:59","modified_gmt":"2025-11-26T12:48:59","slug":"servicio-de-publicacion-de-blogs","status":"publish","type":"page","link":"https:\/\/www.forte-cultura.network\/es\/blog-publishing-service\/","title":{"rendered":"Servicio de publicaciones de FORTE CULTURA"},"content":{"rendered":"<div class=\"eplus-wrapper wp-block-columns alignwide is-layout-flex wp-container-core-columns-is-layout-28f84493 wp-block-columns-is-layout-flex eplus-styles-uid-950e39\">\n<div class=\"eplus-wrapper wp-block-column is-layout-flow wp-block-column-is-layout-flow\">\n<h2 class=\"wp-block-heading eplus-wrapper\">\u00a1Contribuye a los blogs de FORTE CULTURA!<\/h2>\n\n\n\n<p class=\"eplus-wrapper\"><strong>FORTE CULTURA<\/strong> invita a todos los miembros y expertos de todo el mundo a compartir sus historias, experiencia y conocimientos sobre fortalezas a trav\u00e9s de nuestro blog de actividades y ciencia. Sus contribuciones inspiran a entusiastas y profesionales de las fortalezas. Consulte aqu\u00ed las instrucciones pr\u00e1cticas para todo el proceso:<\/p>\n\n\n\n<h3 class=\"wp-block-heading eplus-wrapper\">\u00bfPor qu\u00e9 contribuir?<\/h3>\n\n\n\n<p style=\"margin-left:var(--wp--preset--spacing--10)\" class=\"eplus-wrapper\">\u2714 Aumenta la visibilidad de tu fortaleza y tus actividades<br>\u2714 Compartir buenas pr\u00e1cticas e ideas innovadoras<br>\u2714 Conectar con otros profesionales y entusiastas<br>\u2714 Apoyar nuestra narraci\u00f3n colectiva m\u00e1s all\u00e1 de las fronteras<\/p>\n\n\n\n<h3 class=\"wp-block-heading eplus-wrapper\">Secciones del blog<\/h3>\n\n\n\n<p style=\"margin-left:10px\" class=\"eplus-wrapper\">\ud83d\udd38 <strong>Blog de actividades<\/strong> - Flash de noticias, eventos e historias de los sitios de tu fortaleza<br>\ud83d\udd38 <strong>Blog cient\u00edfico<\/strong> - Amplios art\u00edculos de expertos e investigadores, estudios y reflexiones relevantes para los profesionales de las fortalezas<\/p>\n\n\n\n<h3 class=\"wp-block-heading eplus-wrapper\"><strong>C\u00f3mo presentarse:<\/strong><\/h3>\n\n\n<div class=\"wp-block-file eplus-wrapper eplus-styles-uid-75c719\"><a id=\"wp-block-file--media-5d6a7ea6-010e-4f2f-b35d-71c0beb6e097\" href=\"https:\/\/www.forte-cultura.network\/wp-content\/uploads\/2025\/11\/Write-your-article-HERE-FORTE-CULTURA-BLOG.docx\"><strong> Escriba su art\u00edculo AQU\u00cd (FORTE CULTURA BLOG)<\/strong><\/a><a href=\"https:\/\/www.forte-cultura.network\/wp-content\/uploads\/2025\/11\/Write-your-article-HERE-FORTE-CULTURA-BLOG.docx\" class=\"wp-block-file__button wp-element-button\" download aria-describedby=\"wp-block-file--media-5d6a7ea6-010e-4f2f-b35d-71c0beb6e097\">Descargar<\/a><\/div>\n\n<ol class=\"wp-block-list eplus-wrapper eplus-styles-uid-63dc31\">\n<li class=\"eplus-wrapper\"><strong>Formato<\/strong> - Prepare su art\u00edculo en Microsoft Word como texto - <strong>puede descargar el formulario<\/strong><\/li>\n\n\n\n<li class=\"eplus-wrapper\"><strong>Contenido<\/strong> - El tema no est\u00e1 restringido, pero debe estar relacionado de alguna manera con el patrimonio de las fortalezas.<\/li>\n\n\n\n<li class=\"eplus-wrapper\"><strong>Longitud<\/strong> - No hay un l\u00edmite estricto, pero los art\u00edculos no deben superar las 3.000 palabras.<\/li>\n\n\n\n<li class=\"eplus-wrapper\"><strong>Idioma<\/strong> - El art\u00edculo debe estar en ingl\u00e9s (si no, no se preocupe, nuestro equipo editorial lo traducir\u00e1)<\/li>\n\n\n\n<li class=\"eplus-wrapper\"><strong>Cabecera<\/strong> - Arriba:<ul class=\"wp-block-list eplus-wrapper eplus-styles-uid-ce3a82\">\n<li class=\"eplus-wrapper\">T\u00edtulo<\/li>\n\n\n\n<li class=\"eplus-wrapper\">Nombre del autor<\/li>\n\n\n\n<li class=\"eplus-wrapper\">Una imagen frontal<\/li>\n\n\n\n<li class=\"eplus-wrapper\">Categor\u00edas - puede estudiar la lista de categor\u00edas <a href=\"https:\/\/www.forte-cultura.network\/es\/lista-de-categorias-del-blog\/\" data-type=\"link\" data-id=\"https:\/\/www.forte-cultura.network\/blog-categories-list\/\"><strong>AQU\u00cd<\/strong><\/a><\/li>\n\n\n\n<li class=\"eplus-wrapper\">Descripci\u00f3n introductoria<\/li>\n<\/ul><\/li>\n\n\n\n<li class=\"eplus-wrapper\"><strong>Im\u00e1genes\/v\u00eddeos<\/strong> - A\u00f1ade otras im\u00e1genes o v\u00eddeos en el texto si est\u00e1n disponibles. Para obtener la mejor calidad, env\u00ede las im\u00e1genes por separado (por ejemplo, a trav\u00e9s de WeTransfer). Si es posible, menciona al autor de la foto. En el nombre de un archivo de imagen, puedes escribir la descripci\u00f3n, lo que hay en la imagen (para futuras b\u00fasquedas en la web).<\/li>\n\n\n\n<li class=\"eplus-wrapper\"><strong>Citas<\/strong> - Puede incluir citas separadas con el nombre del orador y su profesi\u00f3n\/t\u00edtulo.<\/li>\n\n\n\n<li class=\"eplus-wrapper\">Env\u00eda el archivo a: <strong><a>publish@forte-cultura.eu<\/a><\/strong><\/li>\n<\/ol>\n\n\n<h3 class=\"wp-block-heading eplus-wrapper\">\u00bfQu\u00e9 sigue?<\/h3>\n\n\n<ol class=\"wp-block-list eplus-wrapper eplus-styles-uid-c51a75\">\n<li class=\"eplus-wrapper\">Notificaci\u00f3n editorial - El editor del blog recibe su env\u00edo y lo prepara para su revisi\u00f3n.<\/li>\n\n\n\n<li class=\"eplus-wrapper\">Revisi\u00f3n - El equipo editorial (dirigido por el presidente de FORTE CULTURA) lo revisa y decide una de las siguientes opciones:<ul class=\"wp-block-list eplus-wrapper eplus-styles-uid-14d616\">\n<li class=\"eplus-wrapper\">Aprobar la liberaci\u00f3n<\/li>\n\n\n\n<li class=\"eplus-wrapper\">Aprobar con cambios - Su art\u00edculo puede publicarse, pero se solicitan peque\u00f1os ajustes; se le notificar\u00e1 para que realice estos cambios.<\/li>\n\n\n\n<li class=\"eplus-wrapper\">No autorizar<\/li>\n<\/ul><\/li>\n\n\n\n<li class=\"eplus-wrapper\">Categorizaci\u00f3n - El editor asigna etiquetas y categor\u00edas al art\u00edculo y, en funci\u00f3n de su contenido, lo coloca en el Blog de Ciencia o en el de Actividad.<\/li>\n\n\n\n<li class=\"eplus-wrapper\">Acuerdo con el autor - Tras la aprobaci\u00f3n, el editor puede coordinarse con el autor para finalizar el art\u00edculo para la web, incluyendo la maquetaci\u00f3n, las im\u00e1genes y el formato visual.<\/li>\n\n\n\n<li class=\"eplus-wrapper\">Programaci\u00f3n y publicaci\u00f3n - El art\u00edculo se a\u00f1ade a la programaci\u00f3n editorial. No se publica inmediatamente, pero aparecer\u00e1 en el blog de FORTE CULTURA seg\u00fan el calendario previsto.<\/li>\n\n\n\n<li class=\"eplus-wrapper\">Compartir - Para cada art\u00edculo, el equipo editorial decide individualmente en qu\u00e9 canales de medios sociales de FORTE CULTURA (Facebook, Instagram, LinkedIn) se compartir\u00e1. Adem\u00e1s, el art\u00edculo se incluir\u00e1 en las actualizaciones peri\u00f3dicas del blog para los suscriptores del bolet\u00edn y tambi\u00e9n podr\u00e1 aparecer en el propio bolet\u00edn. La web traducir\u00e1 autom\u00e1ticamente el art\u00edculo a los idiomas oficiales de la web de FORTE CULTURA utilizando AI (\ud83c\uddec\ud83c\udde7 \ud83c\uddeb\ud83c\uddf7 \ud83c\uddee\ud83c\uddf9 \ud83c\uddf5\ud83c\uddf1 \ud83c\udde9\ud83c\uddea).<\/li>\n<\/ol>\n\n\n<p class=\"eplus-wrapper\">Animamos a todos los miembros a enviar al menos un art\u00edculo al a\u00f1o. \u00danase a nuestra creciente comunidad: \u00a1su historia podr\u00eda ser uno de los pr\u00f3ximos art\u00edculos destacados!<\/p>\n\n\n\n<h3 class=\"wp-block-heading eplus-wrapper\">Estad\u00edsticas de los blogs<\/h3>\n\n\n\n<p class=\"eplus-wrapper\">Descubra lo que realmente quieren los lectores de FORTE CULTURA. Nuestra encuesta sobre el blog de 2025 revel\u00f3 la frecuencia con la que los lectores desean actualizaciones, los temas que m\u00e1s les interesan y qui\u00e9n est\u00e1 dispuesto a contribuir con contenidos. Descubra las claves <a href=\"https:\/\/www.forte-cultura.network\/es\/forte-cultura-blogs-encuesta-de-interes-2025\/\" data-type=\"link\" data-id=\"https:\/\/www.forte-cultura.network\/forte-cultura-blogs-interest-survey-2025\/\"><strong>AQU\u00cd<\/strong><\/a>.<\/p>\n\n\n\n<p class=\"eplus-wrapper\">Tambi\u00e9n ofrecemos estad\u00edsticas detalladas de los art\u00edculos del blog por a\u00f1o, incluidos los pa\u00edses de origen de cada art\u00edculo. Explore tendencias, patrones y otras fascinantes perspectivas del blog AQU\u00cd (estar\u00e1 disponible en 2026).<\/p>\n<\/div>\n<\/div>\n\n\n<blockquote class=\"wp-block-quote eplus-wrapper is-layout-flow wp-block-quote-is-layout-flow\">\n<p class=\"has-text-align-center eplus-wrapper\">\u00bfNecesitas m\u00e1s informaci\u00f3n?<\/p>\n\n\n\n<p class=\"has-text-align-center eplus-wrapper\">Contacto: <strong><a>publish@forte-cultura.eu<\/a><\/strong><\/p>\n<\/blockquote>\n\n\n<div class=\"eplus-wrapper wp-block-columns are-vertically-aligned-center is-layout-flex wp-container-core-columns-is-layout-1146dd41 wp-block-columns-is-layout-flex eplus-styles-uid-96468d\" style=\"padding-right:0;padding-left:0\">\n<div class=\"wp-block-column is-vertically-aligned-center eplus-wrapper is-layout-flow wp-block-column-is-layout-flow\"><\/div>\n<\/div>\n\n<div class=\"eplus-wrapper wp-block-columns are-vertically-aligned-center is-not-stacked-on-mobile is-layout-flex wp-container-core-columns-is-layout-28f84493 wp-block-columns-is-layout-flex eplus-styles-uid-a810cd\">\n<div class=\"eplus-wrapper wp-block-column is-vertically-aligned-center is-layout-flow wp-block-column-is-layout-flow\"><\/div>\n<\/div>\n\n\n<div class=\"wp-block-kadence-spacer alignwide kt-block-spacer-2786_5b2aec-73\"><div class=\"kt-block-spacer kt-block-spacer-halign-center\"><\/div><\/div>\n\n\n\n<p class=\"eplus-wrapper\"><\/p>","protected":false},"excerpt":{"rendered":"<p>Contribute to the FORTE CULTURA Blogs! FORTE CULTURA invites all members and experts around the world to share their fortress stories, expertise, and insights through our activity and science blog. [&hellip;]<\/p>\n","protected":false},"author":3,"featured_media":443,"parent":0,"menu_order":0,"comment_status":"closed","ping_status":"closed","template":"","meta":{"editor_plus_copied_stylings":"{}","pgc_sgb_lightbox_settings":"","_price":"","_stock":"","_tribe_ticket_header":"","_tribe_default_ticket_provider":"","_tribe_ticket_capacity":"0","_ticket_start_date":"","_ticket_end_date":"","_tribe_ticket_show_description":"","_tribe_ticket_show_not_going":false,"_tribe_ticket_use_global_stock":"","_tribe_ticket_global_stock_level":"","_global_stock_mode":"","_global_stock_cap":"","_tribe_rsvp_for_event":"","_tribe_ticket_going_count":"","_tribe_ticket_not_going_count":"","_tribe_tickets_list":"[]","_tribe_ticket_has_attendee_info_fields":false,"_EventAllDay":false,"_EventTimezone":"","_EventStartDate":"","_EventEndDate":"","_EventStartDateUTC":"","_EventEndDateUTC":"","_EventShowMap":false,"_EventShowMapLink":false,"_EventURL":"","_EventCost":"","_EventCostDescription":"","_EventCurrencySymbol":"","_EventCurrencyCode":"","_EventCurrencyPosition":"","_EventDateTimeSeparator":"","_EventTimeRangeSeparator":"","_EventOrganizerID":[],"_EventVenueID":[],"_OrganizerEmail":"","_OrganizerPhone":"","_OrganizerWebsite":"","_VenueAddress":"","_VenueCity":"","_VenueCountry":"","_VenueProvince":"","_VenueState":"","_VenueZip":"","_VenuePhone":"","_VenueURL":"","_VenueStateProvince":"","_VenueLat":"","_VenueLng":"","_VenueShowMap":false,"_VenueShowMapLink":false,"footnotes":""},"class_list":["post-2786","page","type-page","status-publish","has-post-thumbnail","hentry"],"_links":{"self":[{"href":"https:\/\/www.forte-cultura.network\/es\/wp-json\/wp\/v2\/pages\/2786","targetHints":{"allow":["GET"]}}],"collection":[{"href":"https:\/\/www.forte-cultura.network\/es\/wp-json\/wp\/v2\/pages"}],"about":[{"href":"https:\/\/www.forte-cultura.network\/es\/wp-json\/wp\/v2\/types\/page"}],"author":[{"embeddable":true,"href":"https:\/\/www.forte-cultura.network\/es\/wp-json\/wp\/v2\/users\/3"}],"replies":[{"embeddable":true,"href":"https:\/\/www.forte-cultura.network\/es\/wp-json\/wp\/v2\/comments?post=2786"}],"version-history":[{"count":21,"href":"https:\/\/www.forte-cultura.network\/es\/wp-json\/wp\/v2\/pages\/2786\/revisions"}],"predecessor-version":[{"id":3805,"href":"https:\/\/www.forte-cultura.network\/es\/wp-json\/wp\/v2\/pages\/2786\/revisions\/3805"}],"wp:featuredmedia":[{"embeddable":true,"href":"https:\/\/www.forte-cultura.network\/es\/wp-json\/wp\/v2\/media\/443"}],"wp:attachment":[{"href":"https:\/\/www.forte-cultura.network\/es\/wp-json\/wp\/v2\/media?parent=2786"}],"curies":[{"name":"wp","href":"https:\/\/api.w.org\/{rel}","templated":true}]}}