{"id":2799,"date":"2025-08-31T12:03:08","date_gmt":"2025-08-31T10:03:08","guid":{"rendered":"https:\/\/www.forte-cultura.network\/?page_id=2799"},"modified":"2025-08-31T12:13:14","modified_gmt":"2025-08-31T10:13:14","slug":"forte-cultura-blogs-encuesta-de-interes-2025","status":"publish","type":"page","link":"https:\/\/www.forte-cultura.network\/es\/forte-cultura-blogs-interest-survey-2025\/","title":{"rendered":"FORTE CULTURA Blogs - Encuesta de inter\u00e9s 2025"},"content":{"rendered":"<div class=\"eplus-wrapper wp-block-columns alignwide is-layout-flex wp-container-core-columns-is-layout-28f84493 wp-block-columns-is-layout-flex eplus-styles-uid-434791\">\n<div class=\"eplus-wrapper wp-block-column is-layout-flow wp-block-column-is-layout-flow\">\n<h2 class=\"eplus-wrapper wp-block-heading\">Conclusiones de nuestra reciente encuesta sobre blogs<\/h2>\n\n\n\n<p class=\"eplus-wrapper\"><em>Por Tom\u00e1\u0161 Jirouch<\/em><\/p>\n\n\n\n<p class=\"eplus-wrapper\">En julio de 2025 realizamos una encuesta para conocer mejor las preferencias de nuestra audiencia y su compromiso con el Blog de FORTE CULTURA. Los resultados han proporcionado informaci\u00f3n valiosa sobre c\u00f3mo quieren interactuar nuestros lectores con el contenido, qu\u00e9 temas les interesan m\u00e1s y su disposici\u00f3n a contribuir. Hemos recogido 32 respuestas. Esto es lo que hemos encontrado:<\/p>\n\n\n\n<h2 class=\"wp-block-heading eplus-wrapper\">1. Frecuencia preferida de las actualizaciones del blog<\/h2>\n\n\n\n<p class=\"eplus-wrapper\">A la pregunta de con qu\u00e9 frecuencia desear\u00edan recibir actualizaciones por correo electr\u00f3nico, las respuestas se distribuyeron de forma bastante uniforme:<\/p>\n\n\n<ul class=\"wp-block-list eplus-wrapper eplus-styles-uid-8bcd91\">\n<li class=\"eplus-wrapper\"><strong>Una vez al mes (resumen mensual):<\/strong> 9 encuestados<\/li>\n\n\n\n<li class=\"eplus-wrapper\"><strong>Una vez a la semana (resumen de nuevos contenidos):<\/strong> 9 encuestados<\/li>\n\n\n\n<li class=\"eplus-wrapper\"><strong>Cada vez que se publica un nuevo art\u00edculo (aprox. semanalmente):<\/strong> 8 encuestados<\/li>\n\n\n\n<li class=\"eplus-wrapper\"><strong>Una vez cada tres meses (hitos trimestrales):<\/strong> 5 encuestados<\/li>\n<\/ul>\n\n\n<p class=\"eplus-wrapper\">En resumen, los encuestados pueden agruparse en tres categor\u00edas b\u00e1sicas:<\/p>\n\n\n<ul class=\"wp-block-list eplus-wrapper eplus-styles-uid-cbb80a\">\n<li class=\"eplus-wrapper\"><strong>Semanalmente (o cada vez que se publique un nuevo art\u00edculo):<\/strong> 55 %<\/li>\n\n\n\n<li class=\"eplus-wrapper\"><strong>Una vez al mes:<\/strong> 29 %<\/li>\n\n\n\n<li class=\"eplus-wrapper\"><strong>Con menor frecuencia (trimestral o similar):<\/strong> 16 %<\/li>\n<\/ul>\n\n\n<p class=\"eplus-wrapper\"><strong>Para llevar:<\/strong> Los lectores aprecian la flexibilidad. Algunos prefieren actualizaciones mensuales o trimestrales concisas, mientras que otros quieren notificaciones m\u00e1s frecuentes sobre nuevos art\u00edculos. Ofrecer m\u00faltiples opciones de suscripci\u00f3n podr\u00eda satisfacer a todos. Acerca de <strong>84 % de los encuestados<\/strong> desea recibir actualizaciones <strong>al menos una vez al mes<\/strong>.<\/p>\n\n\n\n<h3 class=\"wp-block-heading eplus-wrapper\">Qu\u00e9 nos dicen la media y la mediana<\/h3>\n\n\n\n<p class=\"eplus-wrapper\">El grupo m\u00e1s numeroso prefiere estar informado <strong>regularmente, cada siete d\u00edas<\/strong>, mientras que una parte menor est\u00e1 satisfecha con las actualizaciones <strong>una vez al mes o s\u00f3lo una vez cada tres meses<\/strong>. Si calculamos una media \u201cponderada\u201d en funci\u00f3n del n\u00famero de d\u00edas transcurridos entre las actualizaciones, el <strong>la frecuencia media preferida es de unos 25 d\u00edas<\/strong>. Esto significa que el lector t\u00edpico quiere actualizaciones aproximadamente <strong>una vez al mes<\/strong>, pero muchos prefieren notificaciones m\u00e1s frecuentes.<\/p>\n\n\n\n<p class=\"eplus-wrapper\">La mediana -el valor que divide a los lectores en dos mitades iguales, m\u00e1s frecuentes y menos frecuentes- entra en el <strong>categor\u00eda semanal o por art\u00edculo<\/strong>. Esto confirma que la mayor\u00eda de los lectores prefieren <strong>actualizaciones peri\u00f3dicas y frecuentes<\/strong>.<\/p>\n\n\n\n<figure class=\"wp-block-image size-large eplus-wrapper\"><img loading=\"lazy\" decoding=\"async\" width=\"1024\" height=\"455\" src=\"https:\/\/www.forte-cultura.network\/wp-content\/uploads\/2025\/08\/image-1024x455.png\" alt=\"\" class=\"wp-image-2800\" srcset=\"https:\/\/www.forte-cultura.network\/wp-content\/uploads\/2025\/08\/image-1024x455.png 1024w, https:\/\/www.forte-cultura.network\/wp-content\/uploads\/2025\/08\/image-300x133.png 300w, https:\/\/www.forte-cultura.network\/wp-content\/uploads\/2025\/08\/image-768x341.png 768w, https:\/\/www.forte-cultura.network\/wp-content\/uploads\/2025\/08\/image-1536x682.png 1536w, https:\/\/www.forte-cultura.network\/wp-content\/uploads\/2025\/08\/image-2048x909.png 2048w, https:\/\/www.forte-cultura.network\/wp-content\/uploads\/2025\/08\/image-18x8.png 18w\" sizes=\"auto, (max-width: 1024px) 100vw, 1024px\" \/><\/figure>\n\n\n\n<h2 class=\"wp-block-heading eplus-wrapper\">2. Tipos de contenido m\u00e1s deseados<\/h2>\n\n\n\n<p class=\"eplus-wrapper\">Se pregunt\u00f3 a los participantes qu\u00e9 contenidos les interesaban m\u00e1s, y los resultados muestran una clara jerarqu\u00eda de preferencias:<\/p>\n\n\n<ul class=\"wp-block-list eplus-wrapper eplus-styles-uid-560fde\">\n<li class=\"eplus-wrapper\"><strong>Proyectos de emplazamientos de fortalezas:<\/strong> 27 menciones<\/li>\n\n\n\n<li class=\"eplus-wrapper\"><strong>Investigaci\u00f3n, buenas pr\u00e1cticas y art\u00edculos de expertos:<\/strong> 23 menciones<\/li>\n\n\n\n<li class=\"eplus-wrapper\"><strong>Itinerarios y sugerencias de turismo cultural:<\/strong> 15 menciones<\/li>\n\n\n\n<li class=\"eplus-wrapper\"><strong>Oportunidades de financiaci\u00f3n:<\/strong> 14 menciones<\/li>\n\n\n\n<li class=\"eplus-wrapper\"><strong>Entrevistas a los miembros y perspectivas de gesti\u00f3n de la fortaleza:<\/strong> 10 menciones<\/li>\n<\/ul>\n\n\n<p class=\"eplus-wrapper\"><strong>Para llevar:<\/strong> A la mayor\u00eda de los lectores les interesan m\u00e1s los contenidos que destacan los proyectos de las fortalezas y los art\u00edculos basados en la investigaci\u00f3n. El turismo cultural, la orientaci\u00f3n en materia de financiaci\u00f3n y las perspectivas desde dentro tambi\u00e9n se valoran, pero en un grado ligeramente menor.<\/p>\n\n\n\n<h2 class=\"wp-block-heading eplus-wrapper\">3. Inter\u00e9s en aportar contenidos<\/h2>\n\n\n\n<p class=\"eplus-wrapper\">Tambi\u00e9n estudiamos si los lectores estar\u00edan interesados en aportar contenidos ellos mismos:<\/p>\n\n\n<ul class=\"wp-block-list eplus-wrapper eplus-styles-uid-e55c2d\">\n<li class=\"eplus-wrapper\"><strong>S\u00ed, ya tengo algo en mente:<\/strong> 7 respuestas<\/li>\n\n\n\n<li class=\"eplus-wrapper\"><strong>S\u00ed, pero necesito ayuda para empezar:<\/strong> 7 respuestas<\/li>\n\n\n\n<li class=\"eplus-wrapper\"><strong>Quiz\u00e1 en el futuro:<\/strong> 10 respuestas<\/li>\n\n\n\n<li class=\"eplus-wrapper\"><strong>No, no por el momento:<\/strong> 4 respuestas<\/li>\n<\/ul>\n\n\n<p class=\"eplus-wrapper\">De 28 respuestas:<\/p>\n\n\n<ul class=\"wp-block-list eplus-wrapper eplus-styles-uid-6bd34c\">\n<li class=\"eplus-wrapper\"><strong>Interesados ahora (con idea o que necesiten ayuda):<\/strong> 50%<\/li>\n\n\n\n<li class=\"eplus-wrapper\"><strong>Tal vez m\u00e1s tarde:<\/strong> 36%<\/li>\n\n\n\n<li class=\"eplus-wrapper\"><strong>No me interesa:<\/strong> 14%<\/li>\n<\/ul>\n\n\n<p class=\"eplus-wrapper\"><strong>Para llevar:<\/strong> La mitad de los encuestados est\u00e1n dispuestos a contribuir inmediatamente, aunque algunos necesitan orientaci\u00f3n. Tambi\u00e9n hay un grupo considerable que podr\u00eda contribuir en el futuro, lo que indica un potencial de crecimiento de los contenidos impulsados por la comunidad.<\/p>\n\n\n\n<h2 class=\"wp-block-heading eplus-wrapper\">4. Ideas<\/h2>\n\n\n\n<p class=\"eplus-wrapper\">Los encuestados sugirieron varios temas espec\u00edficos para el blog de FORTE CULTURA:<\/p>\n\n\n\n<p class=\"eplus-wrapper\"><strong>1. Eventos y Comunidad<\/strong><\/p>\n\n\n<ul class=\"wp-block-list eplus-wrapper eplus-styles-uid-ee93d0\">\n<li class=\"eplus-wrapper\">Noticias sobre pr\u00f3ximos eventos.<\/li>\n\n\n\n<li class=\"eplus-wrapper\">C\u00f3mo la gente puede ayudar a estudiar y documentar los fuertes.<\/li>\n\n\n\n<li class=\"eplus-wrapper\">Trabajo voluntario y posibles empleos para el personal.<\/li>\n<\/ul>\n\n\n<p class=\"eplus-wrapper\"><strong>2. Investigaci\u00f3n y tecnolog\u00eda<\/strong><\/p>\n\n\n<ul class=\"wp-block-list eplus-wrapper eplus-styles-uid-8a51ed\">\n<li class=\"eplus-wrapper\">Utilizar la ciencia para estudiar las fortalezas.<\/li>\n\n\n\n<li class=\"eplus-wrapper\">C\u00f3mo ayuda la IA en la investigaci\u00f3n, los mapas y la gesti\u00f3n de la informaci\u00f3n.<\/li>\n\n\n\n<li class=\"eplus-wrapper\">Herramientas como la geof\u00edsica y el radar de penetraci\u00f3n en el suelo para encontrar estructuras ocultas.<\/li>\n<\/ul>\n\n\n<p class=\"eplus-wrapper\"><strong>3. Conservaci\u00f3n y buenas pr\u00e1cticas<\/strong><\/p>\n\n\n<ul class=\"wp-block-list eplus-wrapper eplus-styles-uid-835759\"><\/ul>\n\n<ul class=\"wp-block-list eplus-wrapper eplus-styles-uid-ec05e5\">\n<li class=\"eplus-wrapper\">Ejemplos de proyectos de restauraci\u00f3n.<\/li>\n\n\n\n<li class=\"eplus-wrapper\">Hallazgos interesantes, como herramientas antiguas o partes ocultas de fortalezas.<\/li>\n<\/ul>\n\n<ul class=\"wp-block-list eplus-wrapper eplus-styles-uid-da00f3\"><\/ul>\n\n<ul class=\"wp-block-list eplus-wrapper eplus-styles-uid-c82099\"><\/ul>\n\n\n<p class=\"eplus-wrapper\"><strong>4. \u00c9tica y temas especiales<\/strong><\/p>\n\n\n<ul class=\"wp-block-list eplus-wrapper eplus-styles-uid-e5b2ef\">\n<li class=\"eplus-wrapper\">Descubrimientos ins\u00f3litos, como huellas de animales en ladrillos de castillos.<\/li>\n\n\n\n<li class=\"eplus-wrapper\">Cuestiones \u00e9ticas de la investigaci\u00f3n y la conservaci\u00f3n.<\/li>\n<\/ul>\n\n<ul class=\"wp-block-list eplus-wrapper eplus-styles-uid-e50afd\"><\/ul>\n\n<ul class=\"wp-block-list eplus-wrapper eplus-styles-uid-068815\"><\/ul>\n\n\n<h2 class=\"wp-block-heading eplus-wrapper\">Conclusi\u00f3n<\/h2>\n\n\n\n<p class=\"eplus-wrapper\">Los resultados de la encuesta proporcionan una hoja de ruta clara para el Blog de FORTE CULTURA:<\/p>\n\n\n<ol class=\"wp-block-list eplus-wrapper eplus-styles-uid-4bda86\">\n<li class=\"eplus-wrapper\">Centrar el contenido en proyectos de fortalezas y art\u00edculos basados en la investigaci\u00f3n, al tiempo que se incluyen consejos sobre turismo cultural y oportunidades de financiaci\u00f3n.<\/li>\n\n\n\n<li class=\"eplus-wrapper\">Fomentar las contribuciones de los lectores orientando a quienes lo necesiten.<\/li>\n\n\n\n<li class=\"eplus-wrapper\">Alrededor del 84 % de los encuestados desea recibir actualizaciones del blog al menos una vez al mes.<\/li>\n<\/ol><\/div>\n<\/div>\n\n\n<blockquote class=\"wp-block-quote eplus-wrapper is-layout-flow wp-block-quote-is-layout-flow\">\n<p class=\"has-text-align-center eplus-wrapper\">\u00bfNecesitas m\u00e1s informaci\u00f3n?<\/p>\n\n\n\n<p class=\"has-text-align-center eplus-wrapper\">Contacto: <strong><a>publish@forte-cultura.eu<\/a><\/strong><\/p>\n<\/blockquote>","protected":false},"excerpt":{"rendered":"<p>Insights from Our Recent Blog Survey By Tom\u00e1\u0161 Jirouch In July 2025 we conducted a survey to better understand our audience\u2019s preferences and engagement with the FORTE CULTURA Blog. The [&hellip;]<\/p>\n","protected":false},"author":3,"featured_media":0,"parent":0,"menu_order":0,"comment_status":"closed","ping_status":"closed","template":"","meta":{"editor_plus_copied_stylings":"{}","pgc_sgb_lightbox_settings":"","_price":"","_stock":"","_tribe_ticket_header":"","_tribe_default_ticket_provider":"","_tribe_ticket_capacity":"0","_ticket_start_date":"","_ticket_end_date":"","_tribe_ticket_show_description":"","_tribe_ticket_show_not_going":false,"_tribe_ticket_use_global_stock":"","_tribe_ticket_global_stock_level":"","_global_stock_mode":"","_global_stock_cap":"","_tribe_rsvp_for_event":"","_tribe_ticket_going_count":"","_tribe_ticket_not_going_count":"","_tribe_tickets_list":"[]","_tribe_ticket_has_attendee_info_fields":false,"_EventAllDay":false,"_EventTimezone":"","_EventStartDate":"","_EventEndDate":"","_EventStartDateUTC":"","_EventEndDateUTC":"","_EventShowMap":false,"_EventShowMapLink":false,"_EventURL":"","_EventCost":"","_EventCostDescription":"","_EventCurrencySymbol":"","_EventCurrencyCode":"","_EventCurrencyPosition":"","_EventDateTimeSeparator":"","_EventTimeRangeSeparator":"","_EventOrganizerID":[],"_EventVenueID":[],"_OrganizerEmail":"","_OrganizerPhone":"","_OrganizerWebsite":"","_VenueAddress":"","_VenueCity":"","_VenueCountry":"","_VenueProvince":"","_VenueState":"","_VenueZip":"","_VenuePhone":"","_VenueURL":"","_VenueStateProvince":"","_VenueLat":"","_VenueLng":"","_VenueShowMap":false,"_VenueShowMapLink":false,"footnotes":""},"class_list":["post-2799","page","type-page","status-publish","hentry"],"_links":{"self":[{"href":"https:\/\/www.forte-cultura.network\/es\/wp-json\/wp\/v2\/pages\/2799","targetHints":{"allow":["GET"]}}],"collection":[{"href":"https:\/\/www.forte-cultura.network\/es\/wp-json\/wp\/v2\/pages"}],"about":[{"href":"https:\/\/www.forte-cultura.network\/es\/wp-json\/wp\/v2\/types\/page"}],"author":[{"embeddable":true,"href":"https:\/\/www.forte-cultura.network\/es\/wp-json\/wp\/v2\/users\/3"}],"replies":[{"embeddable":true,"href":"https:\/\/www.forte-cultura.network\/es\/wp-json\/wp\/v2\/comments?post=2799"}],"version-history":[{"count":4,"href":"https:\/\/www.forte-cultura.network\/es\/wp-json\/wp\/v2\/pages\/2799\/revisions"}],"predecessor-version":[{"id":2808,"href":"https:\/\/www.forte-cultura.network\/es\/wp-json\/wp\/v2\/pages\/2799\/revisions\/2808"}],"wp:attachment":[{"href":"https:\/\/www.forte-cultura.network\/es\/wp-json\/wp\/v2\/media?parent=2799"}],"curies":[{"name":"wp","href":"https:\/\/api.w.org\/{rel}","templated":true}]}}