{"id":3496,"date":"2025-11-12T23:57:22","date_gmt":"2025-11-12T22:57:22","guid":{"rendered":"https:\/\/www.forte-cultura.network\/?page_id=3496"},"modified":"2026-02-16T07:06:47","modified_gmt":"2026-02-16T06:06:47","slug":"lista-de-categorias-del-blog","status":"publish","type":"page","link":"https:\/\/www.forte-cultura.network\/es\/blog-categories-list\/","title":{"rendered":"FORTE CULTURA Blogs de actividades y ciencia Lista de categor\u00edas"},"content":{"rendered":"<div class=\"eplus-wrapper wp-block-columns alignwide is-layout-flex wp-container-core-columns-is-layout-28f84493 wp-block-columns-is-layout-flex eplus-styles-uid-9a0cd6\">\n<div class=\"eplus-wrapper wp-block-column is-layout-flow wp-block-column-is-layout-flow\">\n<h2 class=\"wp-block-heading eplus-wrapper\">Categor\u00edas tem\u00e1ticas<\/h2>\n<\/div>\n<\/div>\n\n\n<div class=\"wp-block-group eplus-wrapper is-vertical is-layout-flex wp-container-core-group-is-layout-fe9cc265 wp-block-group-is-layout-flex\"><ul class=\"wp-block-list eplus-wrapper eplus-styles-uid-2e8f32\">\n<li class=\"eplus-wrapper\"><strong><a href=\"https:\/\/www.forte-cultura.network\/es\/categoria\/blog-de-ciencia\/\" data-type=\"link\" data-id=\"https:\/\/www.forte-cultura.network\/category\/science-blog\/\">Blog cient\u00edfico<\/a><\/strong> \u2013 Art\u00edculos dirigidos a expertos y cient\u00edficos. Suelen ser m\u00e1s largos que las entradas del blog de actividades. El blog tiene su propia p\u00e1gina dedicada. <a href=\"https:\/\/www.forte-cultura.network\/es\/para-miembros\/blog-de-ciencia-forte-cultura\/\" data-type=\"link\" data-id=\"https:\/\/www.forte-cultura.network\/fuer-mitglieder\/forte-cultura-science-blog\/\"><strong>AQU\u00cd<\/strong><\/a>.<\/li>\n\n\n\n<li class=\"eplus-wrapper\">En general<ul class=\"wp-block-list eplus-wrapper eplus-styles-uid-3d1c7c\">\n<li class=\"eplus-wrapper\"><strong><a href=\"https:\/\/www.forte-cultura.network\/es\/categoria\/blog-de-actividades-no-utilices-esto\/blog-de-ciencia\/cultural-management\/\" data-type=\"link\" data-id=\"https:\/\/www.forte-cultura.network\/category\/activity-blog-do-not-use-this\/science-blog\/cultural-management\/\">Gesti\u00f3n cultural<\/a><\/strong> \u2013 Se centra en la reutilizaci\u00f3n tur\u00edstica, educativa y cultural del patrimonio fortificado.<\/li>\n\n\n\n<li class=\"eplus-wrapper\"><strong><a href=\"https:\/\/www.forte-cultura.network\/es\/categoria\/blog-de-actividades-no-utilices-esto\/blog-de-ciencia\/gestion-de-fortalezas\/\" data-type=\"link\" data-id=\"https:\/\/www.forte-cultura.network\/category\/activity-blog-do-not-use-this\/science-blog\/fortress-management\/\">Gesti\u00f3n de fortalezas<\/a><\/strong> \u2013 Se refiere a la conservaci\u00f3n estructural, el mantenimiento y la gesti\u00f3n operativa de los emplazamientos fortificados, incluyendo la financiaci\u00f3n, la arquitectura, las pol\u00edticas, el desarrollo regional, la cohesi\u00f3n, la gobernanza, etc.<\/li>\n<\/ul><\/li>\n\n\n\n<li class=\"eplus-wrapper\">Horizontal:<ul class=\"wp-block-list eplus-wrapper eplus-styles-uid-e1e34b\">\n<li class=\"eplus-wrapper\"><strong><a href=\"https:\/\/www.forte-cultura.network\/es\/categoria\/blog-de-actividades-no-utilices-esto\/horizontal\/creativo\/\" data-type=\"link\" data-id=\"https:\/\/www.forte-cultura.network\/category\/activity-blog-do-not-use-this\/horizontal\/creative\/\">Creativo<\/a><\/strong> \u2013 Art\u00edculos sobre turismo creativo<\/li>\n\n\n\n<li class=\"eplus-wrapper\"><strong><a href=\"https:\/\/www.forte-cultura.network\/es\/categoria\/digital\/\" data-type=\"link\" data-id=\"https:\/\/www.forte-cultura.network\/category\/digital\/\">Digital<\/a><\/strong> \u2013 Sobre las tecnolog\u00edas digitales emergentes y la inteligencia artificial relacionadas con la interpretaci\u00f3n y la gesti\u00f3n de fortalezas...<\/li>\n\n\n\n<li class=\"eplus-wrapper\"><strong><a href=\"https:\/\/www.forte-cultura.network\/es\/categoria\/blog-de-actividades-no-utilices-esto\/horizontal\/verde\/\" data-type=\"link\" data-id=\"https:\/\/www.forte-cultura.network\/category\/activity-blog-do-not-use-this\/horizontal\/green\/\">Verde<\/a><\/strong> \u2013 Art\u00edculos sobre enfoques respetuosos con el medio ambiente en la conservaci\u00f3n de fortalezas y el turismo, incluyendo la eficiencia energ\u00e9tica, la protecci\u00f3n del paisaje y la movilidad ecol\u00f3gica. Se tratan tanto las intervenciones de sostenibilidad dura como blanda.<\/li>\n\n\n\n<li class=\"eplus-wrapper\"><strong><a href=\"https:\/\/www.forte-cultura.network\/es\/categoria\/blog-de-actividades-no-utilices-esto\/horizontal\/inclusivo\/\" data-type=\"link\" data-id=\"https:\/\/www.forte-cultura.network\/category\/activity-blog-do-not-use-this\/horizontal\/inclusive\/\">Inclusivo<\/a><\/strong> \u2013 Art\u00edculos sobre c\u00f3mo el patrimonio de las fortalezas se hace accesible a todo el mundo mediante dise\u00f1os sin barreras, interpretaciones multiling\u00fces y la inclusi\u00f3n de diversos grupos sociales, incluidas las personas con discapacidad.<\/li>\n\n\n\n<li class=\"eplus-wrapper\"><strong><a href=\"https:\/\/www.forte-cultura.network\/es\/categoria\/blog-de-actividades-no-utilices-esto\/horizontal\/participativo\/\" data-type=\"link\" data-id=\"https:\/\/www.forte-cultura.network\/category\/activity-blog-do-not-use-this\/horizontal\/participative\/\">Participativo<\/a><\/strong> \u2013 Informaci\u00f3n sobre c\u00f3mo las comunidades, los actores locales y los visitantes participan en la planificaci\u00f3n espacial, el turismo, los eventos culturales, etc., tanto para las intervenciones planificadas de tipo duro como blando en las fortificaciones.<\/li>\n\n\n\n<li class=\"eplus-wrapper\"><strong><a href=\"https:\/\/www.forte-cultura.network\/es\/categoria\/blog-de-actividades-no-utilices-esto\/horizontal\/historia\/\" data-type=\"link\" data-id=\"https:\/\/www.forte-cultura.network\/category\/activity-blog-do-not-use-this\/horizontal\/history\/\">Historia<\/a><\/strong> \u2013 Art\u00edculos sobre la historia de las fortificaciones.<\/li>\n\n\n\n<li class=\"eplus-wrapper\"><strong><a href=\"https:\/\/www.forte-cultura.network\/es\/categoria\/blog-de-actividades-no-utilices-esto\/horizontal\/actividades-educativas\/\" data-type=\"link\" data-id=\"https:\/\/www.forte-cultura.network\/category\/activity-blog-do-not-use-this\/horizontal\/educational-activities\/\">Educaci\u00f3n<\/a><\/strong> - Art\u00edculos sobre las actividades educativas en las fortalezas<\/li>\n<\/ul><\/li>\n\n\n\n<li class=\"eplus-wrapper\">Otros<ul class=\"wp-block-list eplus-wrapper eplus-styles-uid-8a6977\">\n<li class=\"eplus-wrapper\"><a href=\"https:\/\/www.forte-cultura.network\/es\/categoria\/blog-de-actividades-no-utilices-esto\/premios\/\" data-type=\"link\" data-id=\"https:\/\/www.forte-cultura.network\/category\/activity-blog-do-not-use-this\/awards\/\"><strong>Premios<\/strong><\/a><\/li>\n\n\n\n<li class=\"eplus-wrapper\"><strong><a href=\"https:\/\/www.forte-cultura.network\/es\/categoria\/blog-de-actividades-no-utilices-esto\/ue\/\" data-type=\"link\" data-id=\"https:\/\/www.forte-cultura.network\/category\/activity-blog-do-not-use-this\/eu\/\">UE<\/a><\/strong> \u2013 Destaca la alineaci\u00f3n de FORTE CULTURA con las pol\u00edticas de la UE y del Consejo de Europa, as\u00ed como su papel en la cooperaci\u00f3n europea.<\/li>\n\n\n\n<li class=\"eplus-wrapper\"><strong><a href=\"https:\/\/www.forte-cultura.network\/es\/categoria\/blog-de-actividades-no-utilices-esto\/funding\/\" data-type=\"link\" data-id=\"https:\/\/www.forte-cultura.network\/category\/activity-blog-do-not-use-this\/funding\/\">Financiaci\u00f3n<\/a><\/strong> \u2013 Ofrece informaci\u00f3n sobre oportunidades de financiaci\u00f3n para todas las partes interesadas pertinentes.<\/li>\n\n\n\n<li class=\"eplus-wrapper\"><strong><a href=\"https:\/\/www.forte-cultura.network\/es\/categoria\/blog-de-ciencia\/proteccion-del-patrimonio\/\" data-type=\"link\" data-id=\"https:\/\/www.forte-cultura.network\/category\/science-blog\/heritage-protection\/\">Protecci\u00f3n del patrimonio<\/a><\/strong> \u2013 Art\u00edculos centrados en la preservaci\u00f3n y salvaguarda del patrimonio de las fortalezas, incluyendo marcos legales, t\u00e9cnicas de conservaci\u00f3n, gesti\u00f3n de riesgos y documentaci\u00f3n de estructuras hist\u00f3ricas.<\/li>\n\n\n\n<li class=\"eplus-wrapper\"><strong><a href=\"https:\/\/www.forte-cultura.network\/es\/categoria\/blog-de-actividades-no-utilices-esto\/enfoque\/\" data-type=\"link\" data-id=\"https:\/\/www.forte-cultura.network\/category\/activity-blog-do-not-use-this\/focus\/\">Fortaleza en el punto de mira<\/a><\/strong> \u2013 Recoge experiencias personales vividas en fortalezas.<\/li>\n\n\n\n<li class=\"eplus-wrapper\"><strong><a href=\"https:\/\/www.forte-cultura.network\/es\/categoria\/conferencias-2\/\" data-type=\"link\" data-id=\"https:\/\/www.forte-cultura.network\/category\/conferences-2\/\">Art\u00edculos de conferencias<\/a><\/strong> \u2013 La categor\u00eda presenta conferencias internacionales, simposios y talleres (v\u00e9ase la diferencia con la categor\u00eda \u201c<em>conferencias anteriores sobre la fortaleza<\/em>\u201c)<\/li>\n\n\n\n<li class=\"eplus-wrapper\"><strong><a href=\"https:\/\/www.forte-cultura.network\/es\/categoria\/noticias\/de-las-estaciones-miembros\/\" data-type=\"link\" data-id=\"https:\/\/www.forte-cultura.network\/category\/news\/from-the-member-stations\/\">de las estaciones miembros<\/a><\/strong> \u2013 Destaca noticias, historias e iniciativas directamente desde los sitios web de cada fortaleza.<\/li>\n<\/ul><\/li>\n\n\n\n<li class=\"eplus-wrapper\"><a href=\"https:\/\/www.forte-cultura.network\/es\/categoria\/general-2\/\" data-type=\"link\" data-id=\"https:\/\/www.forte-cultura.network\/category\/general-2\/\"><strong>General<\/strong><\/a> \u2013 Incluye informaci\u00f3n general, actualizaciones y recursos relevantes para la red de fortalezas.<ul class=\"wp-block-list eplus-wrapper eplus-styles-uid-97151b\">\n<li class=\"eplus-wrapper\"><strong><a href=\"https:\/\/www.forte-cultura.network\/es\/categoria\/noticias\/red-2\/\" data-type=\"link\" data-id=\"https:\/\/www.forte-cultura.network\/category\/news\/network-2\/\">Red<\/a><\/strong><\/li>\n\n\n\n<li class=\"eplus-wrapper\"><strong><a href=\"https:\/\/www.forte-cultura.network\/es\/categoria\/general-2\/reuniones-de-la-red\/\" data-type=\"link\" data-id=\"https:\/\/www.forte-cultura.network\/category\/general-2\/network-meetings\/\">Reuniones de red<\/a><\/strong> \u2013 Reuniones peri\u00f3dicas para gestores de fortalezas, expertos y socios con el fin de intercambiar conocimientos, planificar proyectos conjuntos y reforzar la cooperaci\u00f3n en toda Europa.<\/li>\n\n\n\n<li class=\"eplus-wrapper\"><strong><a href=\"https:\/\/www.forte-cultura.network\/es\/categoria\/general-2\/noticias\/\" data-type=\"link\" data-id=\"https:\/\/www.forte-cultura.network\/category\/general-2\/news\/\">Noticias<\/a><\/strong> \u2013 Proporciona informaci\u00f3n actualizada sobre la red FORTE CULTURA.<\/li>\n\n\n\n<li class=\"eplus-wrapper\"><strong><a href=\"https:\/\/www.forte-cultura.network\/es\/categoria\/general-2\/fortaleza-europea-verano-2\/\" data-type=\"link\" data-id=\"https:\/\/www.forte-cultura.network\/category\/general-2\/european-fortress-summer-2\/\">Fortaleza europea Verano<\/a><\/strong> \u2013 Un programa europeo de eventos culturales, exposiciones, conciertos y recreaciones hist\u00f3ricas celebrados en fortalezas, que rinde homenaje al patrimonio com\u00fan europeo en materia de fortificaciones.<\/li>\n<\/ul><\/li>\n<\/ul><\/div>\n\n\n\n<h2 class=\"wp-block-heading eplus-wrapper\">Categor\u00edas especiales<\/h2>\n\n\n<ul class=\"wp-block-list eplus-wrapper eplus-styles-uid-856ce0\">\n<li class=\"eplus-wrapper\"><strong><a href=\"https:\/\/www.forte-cultura.network\/es\/categoria\/viajes-piloto-2\/\" data-type=\"link\" data-id=\"https:\/\/www.forte-cultura.network\/category\/pilot-trips-2\/\">Viajes piloto<\/a><\/strong> \u2013 Muestra el desarrollo de rutas de viaje y viajes de estudio. Las publicaciones de esta categor\u00eda se comparten en la p\u00e1gina de FORTE CULTURA Academy. <a href=\"https:\/\/www.forte-cultura.network\/es\/para-miembros\/academia-forte-cultura\/#Study\" data-type=\"link\" data-id=\"https:\/\/www.forte-cultura.network\/fuer-mitglieder\/forte-cultura-academy\/#Study\"><strong>AQU\u00cd<\/strong><\/a>.<\/li>\n\n\n\n<li class=\"eplus-wrapper\"><strong><a href=\"https:\/\/www.forte-cultura.network\/es\/categoria\/conferencias-2\/conferencias-anteriores-sobre-la-fortaleza\/\" data-type=\"link\" data-id=\"https:\/\/www.forte-cultura.network\/category\/conferences-2\/previous-fortress-conferences\/\">Conferencias l\u00edderes sobre fortalezas<\/a><\/strong> \u2013 Ofrece un archivo especial de conferencias anteriores sobre fortalezas, que incluye documentaci\u00f3n, resultados y presentaciones de toda Europa. Cada conferencia anterior recibe solo una publicaci\u00f3n\/informe en una p\u00e1gina dedicada. <a href=\"https:\/\/www.forte-cultura.network\/es\/conferencias\/conferencias-fructiferas\/\"><strong>AQU\u00cd<\/strong><\/a>, y tambi\u00e9n aparece en la p\u00e1gina de la Academia FORTE CULTURA. <strong><a href=\"https:\/\/www.forte-cultura.network\/es\/para-miembros\/academia-forte-cultura\/#Conferences\" data-type=\"link\" data-id=\"https:\/\/www.forte-cultura.network\/fuer-mitglieder\/forte-cultura-academy\/#Conferences\">AQU\u00cd<\/a><\/strong>. Por el contrario, la categor\u00eda \u201cConferencias\u201d est\u00e1 abierta a art\u00edculos individuales sobre cualquier aspecto de una conferencia, por lo que una sola conferencia puede tener varios art\u00edculos.<\/li>\n\n\n\n<li class=\"eplus-wrapper\"><strong><a href=\"https:\/\/www.forte-cultura.network\/es\/categoria\/proyectos-2\/\">Proyectos<\/a><\/strong>\u00a0\u2013 Presenta iniciativas actuales y completadas dentro de la red FORTE CULTURA que destacan la innovaci\u00f3n y el desarrollo sostenible del patrimonio. Los proyectos tambi\u00e9n tienen una p\u00e1gina dedicada. <strong><a href=\"https:\/\/www.forte-cultura.network\/es\/proyectos-2\/\" data-type=\"link\" data-id=\"https:\/\/www.forte-cultura.network\/projects-2\/\">AQU\u00cd<\/a><\/strong>.<\/li>\n<\/ul>\n\n\n<h2 class=\"wp-block-heading eplus-wrapper\">Categor\u00edas topogr\u00e1ficas<\/h2>\n\n\n<ul class=\"wp-block-list eplus-wrapper eplus-styles-uid-6d7984\">\n<li class=\"eplus-wrapper\"><strong><a href=\"https:\/\/www.forte-cultura.network\/es\/categoria\/estaciones\/\" data-type=\"link\" data-id=\"https:\/\/www.forte-cultura.network\/category\/stations\/\">Ubicaciones<\/a><\/strong> \u2013 Destaca los lugares fortificados y los destinos miembros a lo largo de la ruta cultural europea, cada uno con su propia historia y experiencia para los visitantes.<\/li>\n<\/ul>\n\n\n<h2 class=\"wp-block-heading eplus-wrapper\">Categor\u00edas temporales<\/h2>\n\n\n<ul class=\"wp-block-list eplus-wrapper eplus-styles-uid-1cc78c\">\n<li class=\"eplus-wrapper\">Por a\u00f1o: <strong>2024<\/strong>, <strong>2025<\/strong>, <strong>2026<\/strong>\u2026<\/li>\n<\/ul>\n\n<div  class=\"wp-block-ultimate-post-ultp-taxonomy ultp-block-0b5638\"><div class=\"ultp-block-wrapper\"><div class=\"ultp-loading\"><div class=\"ultp-loading-blocks\" style=\"width:100%;height:100%;\"><div style=\"left: 0;top: 0;animation-delay:0s;\"><\/div><div style=\"left: 21px;top: 0;animation-delay:0.125s;\"><\/div><div style=\"left: 42px;top: 0;animation-delay:0.25s;\"><\/div><div style=\"left: 0;top: 21px;animation-delay:0.875s;\"><\/div><div style=\"left: 42px;top: 21px;animation-delay:0.375s;\"><\/div><div style=\"left: 0;top: 42px;animation-delay:0.75s;\"><\/div><div style=\"left: 42px;top: 42px;animation-delay:0.625s;\"><\/div><div style=\"left: 21px;top: 42px;animation-delay:0.5s;\"><\/div><\/div><\/div><div class=\"ultp-heading-filter\"><div class=\"ultp-heading-filter-in\"><div class=\"ultp-heading-wrap ultp-heading-style9 ultp-heading-left\"><h2 class=\"ultp-heading-inner\"><span>Art\u00edculos por a\u00f1o<\/span><\/h2><\/div><\/div><\/div><div class=\"ultp-block-items-wrap\"><ul class=\"ultp-taxonomy-items  ultp-taxonomy-animation-none ultp-taxonomy-column-5 ultp-taxonomy-layout-1\"><li class=\"ultp-block-item ultp-taxonomy-item\"><a href=\"https:\/\/www.forte-cultura.network\/es\/category\/general-2\/news\/2013\/\" ><span class=\"ultp-taxonomy-name\" >2013<\/span><span class=\"ultp-taxonomy-count\" >16<\/span><\/a><\/li><li class=\"ultp-block-item ultp-taxonomy-item\"><a href=\"https:\/\/www.forte-cultura.network\/es\/category\/general-2\/news\/2014\/\" ><span class=\"ultp-taxonomy-name\" >2014<\/span><span class=\"ultp-taxonomy-count\" >20<\/span><\/a><\/li><li class=\"ultp-block-item ultp-taxonomy-item\"><a href=\"https:\/\/www.forte-cultura.network\/es\/category\/general-2\/news\/2015\/\" ><span class=\"ultp-taxonomy-name\" >2015<\/span><span class=\"ultp-taxonomy-count\" >2<\/span><\/a><\/li><li class=\"ultp-block-item ultp-taxonomy-item\"><a href=\"https:\/\/www.forte-cultura.network\/es\/category\/general-2\/news\/2016\/\" ><span class=\"ultp-taxonomy-name\" >2016<\/span><span class=\"ultp-taxonomy-count\" >6<\/span><\/a><\/li><li class=\"ultp-block-item ultp-taxonomy-item\"><a href=\"https:\/\/www.forte-cultura.network\/es\/category\/general-2\/news\/2017\/\" ><span class=\"ultp-taxonomy-name\" >2017<\/span><span class=\"ultp-taxonomy-count\" >10<\/span><\/a><\/li><li class=\"ultp-block-item ultp-taxonomy-item\"><a href=\"https:\/\/www.forte-cultura.network\/es\/category\/general-2\/news\/2018\/\" ><span class=\"ultp-taxonomy-name\" >2018<\/span><span class=\"ultp-taxonomy-count\" >10<\/span><\/a><\/li><li class=\"ultp-block-item ultp-taxonomy-item\"><a href=\"https:\/\/www.forte-cultura.network\/es\/category\/general-2\/news\/2019\/\" ><span class=\"ultp-taxonomy-name\" >2019<\/span><span class=\"ultp-taxonomy-count\" >21<\/span><\/a><\/li><li class=\"ultp-block-item ultp-taxonomy-item\"><a href=\"https:\/\/www.forte-cultura.network\/es\/category\/general-2\/news\/2020\/\" ><span class=\"ultp-taxonomy-name\" >2020<\/span><span class=\"ultp-taxonomy-count\" >25<\/span><\/a><\/li><li class=\"ultp-block-item ultp-taxonomy-item\"><a href=\"https:\/\/www.forte-cultura.network\/es\/category\/general-2\/news\/2021\/\" ><span class=\"ultp-taxonomy-name\" >2021<\/span><span class=\"ultp-taxonomy-count\" >14<\/span><\/a><\/li><li class=\"ultp-block-item ultp-taxonomy-item\"><a href=\"https:\/\/www.forte-cultura.network\/es\/category\/general-2\/news\/2022\/\" ><span class=\"ultp-taxonomy-name\" >2022<\/span><span class=\"ultp-taxonomy-count\" >25<\/span><\/a><\/li><li class=\"ultp-block-item ultp-taxonomy-item\"><a href=\"https:\/\/www.forte-cultura.network\/es\/category\/general-2\/news\/2023\/\" ><span class=\"ultp-taxonomy-name\" >2023<\/span><span class=\"ultp-taxonomy-count\" >22<\/span><\/a><\/li><li class=\"ultp-block-item ultp-taxonomy-item\"><a href=\"https:\/\/www.forte-cultura.network\/es\/category\/general-2\/news\/2024\/\" ><span class=\"ultp-taxonomy-name\" >2024<\/span><span class=\"ultp-taxonomy-count\" >25<\/span><\/a><\/li><li class=\"ultp-block-item ultp-taxonomy-item\"><a href=\"https:\/\/www.forte-cultura.network\/es\/category\/general-2\/news\/2025\/\" ><span class=\"ultp-taxonomy-name\" >2025<\/span><span class=\"ultp-taxonomy-count\" >40<\/span><\/a><\/li><li class=\"ultp-block-item ultp-taxonomy-item\"><a href=\"https:\/\/www.forte-cultura.network\/es\/category\/general-2\/news\/2026\/\" ><span class=\"ultp-taxonomy-name\" >2026<\/span><span class=\"ultp-taxonomy-count\" >15<\/span><\/a><\/li><\/ul><\/div><\/div><\/div>\n\n\n<p class=\"eplus-wrapper\"><\/p>\n\n\n<blockquote class=\"wp-block-quote eplus-wrapper is-layout-flow wp-block-quote-is-layout-flow eplus-styles-uid-a24249\">\n<p class=\"has-text-align-center eplus-wrapper\">\u00bfNecesitas m\u00e1s informaci\u00f3n?<\/p>\n\n\n\n<p class=\"has-text-align-center eplus-wrapper\">Contacto: <strong><a>publish@forte-cultura.eu<\/a><\/strong><\/p>\n<\/blockquote>\n\n<div class=\"eplus-wrapper wp-block-columns are-vertically-aligned-center is-layout-flex wp-container-core-columns-is-layout-1146dd41 wp-block-columns-is-layout-flex eplus-styles-uid-317c5f\" style=\"padding-right:0;padding-left:0\">\n<div class=\"wp-block-column is-vertically-aligned-center eplus-wrapper is-layout-flow wp-block-column-is-layout-flow\"><\/div>\n<\/div>\n\n<div class=\"eplus-wrapper wp-block-columns are-vertically-aligned-center is-not-stacked-on-mobile is-layout-flex wp-container-core-columns-is-layout-28f84493 wp-block-columns-is-layout-flex eplus-styles-uid-5bb9bd\">\n<div class=\"eplus-wrapper wp-block-column is-vertically-aligned-center is-layout-flow wp-block-column-is-layout-flow\"><\/div>\n<\/div>\n\n\n<div class=\"wp-block-kadence-spacer alignwide kt-block-spacer-3496_9666e3-6b\"><div class=\"kt-block-spacer kt-block-spacer-halign-center\"><\/div><\/div>\n\n\n\n<p class=\"eplus-wrapper\"><\/p>","protected":false},"excerpt":{"rendered":"<p>Thematic categories Special categories Topographical categories Temporary categories Need more information? Contact: publish@forte-cultura.eu<\/p>","protected":false},"author":3,"featured_media":3616,"parent":0,"menu_order":0,"comment_status":"closed","ping_status":"closed","template":"","meta":{"editor_plus_copied_stylings":"{}","pgc_sgb_lightbox_settings":"","_price":"","_stock":"","_tribe_ticket_header":"","_tribe_default_ticket_provider":"","_tribe_ticket_capacity":"0","_ticket_start_date":"","_ticket_end_date":"","_tribe_ticket_show_description":"","_tribe_ticket_show_not_going":false,"_tribe_ticket_use_global_stock":"","_tribe_ticket_global_stock_level":"","_global_stock_mode":"","_global_stock_cap":"","_tribe_rsvp_for_event":"","_tribe_ticket_going_count":"","_tribe_ticket_not_going_count":"","_tribe_tickets_list":"[]","_tribe_ticket_has_attendee_info_fields":false,"_EventAllDay":false,"_EventTimezone":"","_EventStartDate":"","_EventEndDate":"","_EventStartDateUTC":"","_EventEndDateUTC":"","_EventShowMap":false,"_EventShowMapLink":false,"_EventURL":"","_EventCost":"","_EventCostDescription":"","_EventCurrencySymbol":"","_EventCurrencyCode":"","_EventCurrencyPosition":"","_EventDateTimeSeparator":"","_EventTimeRangeSeparator":"","_EventOrganizerID":[],"_EventVenueID":[],"_OrganizerEmail":"","_OrganizerPhone":"","_OrganizerWebsite":"","_VenueAddress":"","_VenueCity":"","_VenueCountry":"","_VenueProvince":"","_VenueState":"","_VenueZip":"","_VenuePhone":"","_VenueURL":"","_VenueStateProvince":"","_VenueLat":"","_VenueLng":"","_VenueShowMap":false,"_VenueShowMapLink":false,"footnotes":""},"class_list":["post-3496","page","type-page","status-publish","has-post-thumbnail","hentry"],"_links":{"self":[{"href":"https:\/\/www.forte-cultura.network\/es\/wp-json\/wp\/v2\/pages\/3496","targetHints":{"allow":["GET"]}}],"collection":[{"href":"https:\/\/www.forte-cultura.network\/es\/wp-json\/wp\/v2\/pages"}],"about":[{"href":"https:\/\/www.forte-cultura.network\/es\/wp-json\/wp\/v2\/types\/page"}],"author":[{"embeddable":true,"href":"https:\/\/www.forte-cultura.network\/es\/wp-json\/wp\/v2\/users\/3"}],"replies":[{"embeddable":true,"href":"https:\/\/www.forte-cultura.network\/es\/wp-json\/wp\/v2\/comments?post=3496"}],"version-history":[{"count":26,"href":"https:\/\/www.forte-cultura.network\/es\/wp-json\/wp\/v2\/pages\/3496\/revisions"}],"predecessor-version":[{"id":4997,"href":"https:\/\/www.forte-cultura.network\/es\/wp-json\/wp\/v2\/pages\/3496\/revisions\/4997"}],"wp:featuredmedia":[{"embeddable":true,"href":"https:\/\/www.forte-cultura.network\/es\/wp-json\/wp\/v2\/media\/3616"}],"wp:attachment":[{"href":"https:\/\/www.forte-cultura.network\/es\/wp-json\/wp\/v2\/media?parent=3496"}],"curies":[{"name":"wp","href":"https:\/\/api.w.org\/{rel}","templated":true}]}}