{"id":4819,"date":"2026-01-19T13:29:31","date_gmt":"2026-01-19T12:29:31","guid":{"rendered":"https:\/\/www.forte-cultura.network\/?page_id=4819"},"modified":"2026-02-11T13:06:34","modified_gmt":"2026-02-11T12:06:34","slug":"directrices-de-comunicacion-comunitaria-de-forte-cultura","status":"publish","type":"page","link":"https:\/\/www.forte-cultura.network\/es\/forte-cultura-community-communication-guidelines\/","title":{"rendered":"FORTE CULTURA - Directrices comunitarias y de comunicaci\u00f3n"},"content":{"rendered":"<p class=\"has-text-align-center eplus-wrapper\"><em><strong>Reforzar nuestra identidad como Itinerario Cultural Europeo<\/strong><\/em><\/p>\n\n\n\n<p class=\"eplus-wrapper\">FORTE CULTURA es m\u00e1s que una lista de miembros: es un <strong>comunidad<\/strong> de fortalezas, ciudades y organizaciones que comparten una historia europea. Esta Carta resume lo que esperamos unos de otros en t\u00e9rminos de comunicaci\u00f3n y comportamiento comunitario, en vista de nuestra <strong>Certificaci\u00f3n EICR<\/strong> y <strong>desarrollo a largo plazo.<\/strong><br><br><strong><span style=\"text-decoration: underline;\">1. Prop\u00f3sito compartido<\/span><\/strong><\/p>\n\n\n\n<p class=\"eplus-wrapper\">Como miembros de FORTE CULTURA, nos comprometemos a:<\/p>\n\n\n<ul class=\"wp-block-list eplus-wrapper eplus-styles-uid-edf774\"><li class=\"eplus-wrapper eplus-styles-uid-8d9cae translation-block\">Presentar el patrimonio fortificado como <strong>herencia com\u00fan europea<\/strong> - <em>desde bastiones a b\u00fankeres<\/em>.<\/li>\n\n<li class=\"eplus-wrapper eplus-styles-uid-8d9cae translation-block\">Promover las fortalezas como espacios de <strong>cultura, turismo, educaci\u00f3n y di\u00e1logo<\/strong> - <em>fortalezas para la cultura y la paz<\/em>.<\/li>\n\n<li class=\"eplus-wrapper eplus-styles-uid-8d9cae translation-block\">Contribuir activamente a la visibilidad y credibilidad de la ruta <strong>FORTE CULTURA<\/strong>.<\/li><\/ul>\n\n\n<p class=\"eplus-wrapper\"><strong><span style=\"text-decoration: underline;\">2. Normas m\u00ednimas de comunicaci\u00f3n para los miembros<\/span><\/strong><\/p>\n\n\n\n<p class=\"eplus-wrapper\">Cada miembro se compromete a:<\/p>\n\n\n\n<p class=\"eplus-wrapper\"><em><strong>Visibilidad del Itinerario Cultural<\/strong><\/em><\/p>\n\n\n\n<div class=\"wp-block-kadence-iconlist kt-svg-icon-list-items kt-svg-icon-list-items4819_bf6498-68 kt-svg-icon-list-columns-1 alignnone\"><ul class=\"kt-svg-icon-list\">\n<li class=\"wp-block-kadence-listitem kt-svg-icon-list-item-wrap kt-svg-icon-list-item-4819_1a05bf-6a kt-svg-icon-list-level-1 translation-block\"><span class=\"kb-svg-icon-wrap kb-svg-icon-fe_checkCircle kt-svg-icon-list-single\"><svg viewbox=\"0 0 24 24\" fill=\"none\" xmlns=\"http:\/\/www.w3.org\/2000\/svg\"><path d=\"M22 11.08V12a10 10 0 1 1-5.93-9.14\"><\/path><\/svg><\/span><span class=\"kt-svg-icon-list-text\">Mostrar el logotipo y el enlace <strong>FORTE CULTURA<\/strong> en la(s) p\u00e1gina(s) web principal(es) de la fortaleza \/ instituci\u00f3n.<\/span><\/li>\n\n\n\n<li class=\"wp-block-kadence-listitem kt-svg-icon-list-item-wrap kt-svg-icon-list-item-4819_08fdbc-c3 kt-svg-icon-list-level-1\"><span class=\"kb-svg-icon-wrap kb-svg-icon-fe_checkCircle kt-svg-icon-list-single\"><svg viewbox=\"0 0 24 24\"  fill=\"none\" stroke=\"currentColor\" stroke-width=\"2\" stroke-linecap=\"round\" stroke-linejoin=\"round\" xmlns=\"http:\/\/www.w3.org\/2000\/svg\"  aria-hidden=\"true\"><path d=\"M22 11.08V12a10 10 0 1 1-5.93-9.14\"\/><polyline points=\"22 4 12 14.01 9 11.01\"\/><\/svg><\/span><span class=\"kt-svg-icon-list-text\">Mencione FORTE CULTURA en los folletos, paneles y materiales digitales pertinentes, siempre que sea posible.<\/span><\/li>\n<\/ul><\/div>\n\n\n\n<p class=\"eplus-wrapper\"><em><strong>Compromiso con los canales de la red<\/strong><\/em><\/p>\n\n\n\n<div class=\"wp-block-kadence-iconlist kt-svg-icon-list-items kt-svg-icon-list-items4819_e84b94-c6 kt-svg-icon-list-columns-1 alignnone\"><ul class=\"kt-svg-icon-list\">\n<li class=\"wp-block-kadence-listitem kt-svg-icon-list-item-wrap kt-svg-icon-list-item-4819_0d9975-a0 kt-svg-icon-list-level-1\"><span class=\"kb-svg-icon-wrap kb-svg-icon-fe_checkCircle kt-svg-icon-list-single\"><svg viewbox=\"0 0 24 24\"  fill=\"none\" stroke=\"currentColor\" stroke-width=\"2\" stroke-linecap=\"round\" stroke-linejoin=\"round\" xmlns=\"http:\/\/www.w3.org\/2000\/svg\"  aria-hidden=\"true\"><path d=\"M22 11.08V12a10 10 0 1 1-5.93-9.14\"\/><polyline points=\"22 4 12 14.01 9 11.01\"\/><\/svg><\/span><span class=\"kt-svg-icon-list-text\">Siga los canales oficiales de FORTE CULTURA (p\u00e1gina web, Facebook, LinkedIn, etc.).<\/span><\/li>\n<\/ul><\/div>\n\n\n\n<p class=\"eplus-wrapper\"><em><strong>Compartir o reutilizar el contenido de las rutas con regularidad<\/strong><\/em> (por ejemplo, al menos 1 post al mes o despu\u00e9s de anuncios importantes de la red).<\/p>\n\n\n\n<p class=\"eplus-wrapper\"><em><strong>Aportaci\u00f3n de contenidos<\/strong><\/em><\/p>\n\n\n\n<div class=\"wp-block-kadence-iconlist kt-svg-icon-list-items kt-svg-icon-list-items4819_86a4db-af kt-svg-icon-list-columns-1 alignnone\"><ul class=\"kt-svg-icon-list\">\n<li class=\"wp-block-kadence-listitem kt-svg-icon-list-item-wrap kt-svg-icon-list-item-4819_f2ae83-37 kt-svg-icon-list-level-1\"><span class=\"kb-svg-icon-wrap kb-svg-icon-fe_checkCircle kt-svg-icon-list-single\"><svg viewbox=\"0 0 24 24\"  fill=\"none\" stroke=\"currentColor\" stroke-width=\"2\" stroke-linecap=\"round\" stroke-linejoin=\"round\" xmlns=\"http:\/\/www.w3.org\/2000\/svg\"  aria-hidden=\"true\"><path d=\"M22 11.08V12a10 10 0 1 1-5.93-9.14\"\/><polyline points=\"22 4 12 14.01 9 11.01\"\/><\/svg><\/span><span class=\"kt-svg-icon-list-text\">Proporcionar, cuando sea posible, <strong>noticias, fotos y relatos breves<\/strong> sobre proyectos, actos y buenas pr\u00e1cticas locales.<\/span><\/li>\n\n\n\n<li class=\"wp-block-kadence-listitem kt-svg-icon-list-item-wrap kt-svg-icon-list-item-4819_aa6f55-dc kt-svg-icon-list-level-1\"><span class=\"kb-svg-icon-wrap kb-svg-icon-fe_checkCircle kt-svg-icon-list-single\"><svg viewbox=\"0 0 24 24\"  fill=\"none\" stroke=\"currentColor\" stroke-width=\"2\" stroke-linecap=\"round\" stroke-linejoin=\"round\" xmlns=\"http:\/\/www.w3.org\/2000\/svg\"  aria-hidden=\"true\"><path d=\"M22 11.08V12a10 10 0 1 1-5.93-9.14\"\/><polyline points=\"22 4 12 14.01 9 11.01\"\/><\/svg><\/span><span class=\"kt-svg-icon-list-text\">Responder a las peticiones de contribuciones (art\u00edculos de blog, campa\u00f1as tem\u00e1ticas, encuestas) en plazos razonables.<\/span><\/li>\n<\/ul><\/div>\n\n\n\n<p class=\"eplus-wrapper\"><strong><span style=\"text-decoration: underline;\">3. Comportamiento comunitario<\/span><\/strong><\/p>\n\n\n\n<p class=\"eplus-wrapper\">Esperamos que todos los miembros:<\/p>\n\n\n<ul class=\"wp-block-list eplus-wrapper eplus-styles-uid-1639bd\"><li class=\"eplus-wrapper eplus-styles-uid-8d9cae\">Participar en al menos <strong>una Reuni\u00f3n de Miembros en l\u00ednea<\/strong> al a\u00f1o.<\/li>\n\n<li class=\"eplus-wrapper eplus-styles-uid-8d9cae\">Nominar a un <strong>persona de contacto local<\/strong> para FORTE CULTURA y mantener actualizados sus datos.<\/li>\n\n<li class=\"eplus-wrapper eplus-styles-uid-8d9cae\">Tratar a los dem\u00e1s miembros como <strong>socios<\/strong>, compartir experiencias, herramientas y lecciones aprendidas.<\/li><\/ul>\n\n\n<p class=\"eplus-wrapper\"><strong><span style=\"text-decoration: underline;\">4. Apoyo de FORTE CULTURA<\/span><\/strong><\/p>\n\n\n\n<p class=\"eplus-wrapper\">A cambio, la red se compromete a:<\/p>\n\n\n<ul class=\"wp-block-list eplus-wrapper eplus-styles-uid-8f3cef\"><li class=\"eplus-wrapper eplus-styles-uid-8d9cae\">Proporcione <strong>materiales listos para usar<\/strong> (textos, visuales, hashtags) para facilitar el intercambio de anuncios importantes.<\/li>\n\n<li class=\"eplus-wrapper eplus-styles-uid-8d9cae\">Destacar los miembros activos y las agrupaciones en <strong>comunicaci\u00f3n a nivel de ruta<\/strong>.<\/li>\n\n<li class=\"eplus-wrapper eplus-styles-uid-8d9cae translation-block\">Ofrecer orientaci\u00f3n sobre <strong>productos de comunicaci\u00f3n, interpretaci\u00f3n y turismo<\/strong> vinculados a la ruta.<\/li>\n\n<li class=\"eplus-wrapper eplus-styles-uid-8d9cae translation-block\">Representar el patrimonio fortificado y los intereses de los miembros a <strong>nivel europeo<\/strong>, incluido el Consejo de Europa.<\/li><\/ul>\n\n\n<p class=\"eplus-wrapper\"><\/p>\n\n\n\n<p class=\"eplus-wrapper translation-block\">Aplicando estos sencillos principios, nos ayudamos mutuamente a reforzar la marca <em>FORTE CULTURA,<\/em> mejorar nuestra posici\u00f3n de cara a la certificaci\u00f3n <em>EICR<\/em> y <em>aumentar el impacto de nuestro trabajo<\/em> a escala local y europea.<\/p>\n\n\n\n<p class=\"eplus-wrapper\"><br><em><a href=\"https:\/\/www.forte-cultura.network\/wp-content\/uploads\/2026\/01\/FORTE-CULTURA-Community-Behaviour-Guidelines.pdf\">Descargar como PDF<\/a>.<\/em><\/p>\n\n\n\n<p class=\"eplus-wrapper\"><\/p>\n\n\n\n<p class=\"eplus-wrapper\"><\/p>","protected":false},"excerpt":{"rendered":"<p>Strengthening our identity as a European Cultural Route FORTE CULTURA is more than a list of members: it is a community of fortresses, cities and organisations that share a European [&hellip;]<\/p>\n","protected":false},"author":2,"featured_media":0,"parent":0,"menu_order":0,"comment_status":"closed","ping_status":"closed","template":"","meta":{"editor_plus_copied_stylings":"{}","pgc_sgb_lightbox_settings":"","_price":"","_stock":"","_tribe_ticket_header":"","_tribe_default_ticket_provider":"","_tribe_ticket_capacity":"","_ticket_start_date":"","_ticket_end_date":"","_tribe_ticket_show_description":"","_tribe_ticket_show_not_going":false,"_tribe_ticket_use_global_stock":"","_tribe_ticket_global_stock_level":"","_global_stock_mode":"","_global_stock_cap":"","_tribe_rsvp_for_event":"","_tribe_ticket_going_count":"","_tribe_ticket_not_going_count":"","_tribe_tickets_list":"[]","_tribe_ticket_has_attendee_info_fields":false,"_EventAllDay":false,"_EventTimezone":"","_EventStartDate":"","_EventEndDate":"","_EventStartDateUTC":"","_EventEndDateUTC":"","_EventShowMap":false,"_EventShowMapLink":false,"_EventURL":"","_EventCost":"","_EventCostDescription":"","_EventCurrencySymbol":"","_EventCurrencyCode":"","_EventCurrencyPosition":"","_EventDateTimeSeparator":"","_EventTimeRangeSeparator":"","_EventOrganizerID":[],"_EventVenueID":[],"_OrganizerEmail":"","_OrganizerPhone":"","_OrganizerWebsite":"","_VenueAddress":"","_VenueCity":"","_VenueCountry":"","_VenueProvince":"","_VenueState":"","_VenueZip":"","_VenuePhone":"","_VenueURL":"","_VenueStateProvince":"","_VenueLat":"","_VenueLng":"","_VenueShowMap":false,"_VenueShowMapLink":false,"footnotes":""},"class_list":["post-4819","page","type-page","status-publish","hentry"],"_links":{"self":[{"href":"https:\/\/www.forte-cultura.network\/es\/wp-json\/wp\/v2\/pages\/4819","targetHints":{"allow":["GET"]}}],"collection":[{"href":"https:\/\/www.forte-cultura.network\/es\/wp-json\/wp\/v2\/pages"}],"about":[{"href":"https:\/\/www.forte-cultura.network\/es\/wp-json\/wp\/v2\/types\/page"}],"author":[{"embeddable":true,"href":"https:\/\/www.forte-cultura.network\/es\/wp-json\/wp\/v2\/users\/2"}],"replies":[{"embeddable":true,"href":"https:\/\/www.forte-cultura.network\/es\/wp-json\/wp\/v2\/comments?post=4819"}],"version-history":[{"count":7,"href":"https:\/\/www.forte-cultura.network\/es\/wp-json\/wp\/v2\/pages\/4819\/revisions"}],"predecessor-version":[{"id":4959,"href":"https:\/\/www.forte-cultura.network\/es\/wp-json\/wp\/v2\/pages\/4819\/revisions\/4959"}],"wp:attachment":[{"href":"https:\/\/www.forte-cultura.network\/es\/wp-json\/wp\/v2\/media?parent=4819"}],"curies":[{"name":"wp","href":"https:\/\/api.w.org\/{rel}","templated":true}]}}