{"id":147,"date":"2023-12-27T10:41:42","date_gmt":"2023-12-27T09:41:42","guid":{"rendered":"https:\/\/www.forte-cultura.network\/?page_id=147"},"modified":"2024-06-15T09:39:04","modified_gmt":"2024-06-15T07:39:04","slug":"activites-de-reseau-2021","status":"publish","type":"page","link":"https:\/\/www.forte-cultura.network\/fr\/forte-cultura-blogs\/netzwerkaktivitaeten-2021\/","title":{"rendered":"FORTE CULTURA Netzwerkaktivit\u00e4ten 2021"},"content":{"rendered":"<div class=\"wp-block-columns alignwide eplus-wrapper is-layout-flex wp-container-core-columns-is-layout-28f84493 wp-block-columns-is-layout-flex eplus-styles-uid-271e42\">\n<div class=\"wp-block-column eplus-wrapper is-layout-flow wp-block-column-is-layout-flow\">\n<table>\n<tbody>\n<tr>\n<td style=\"padding-bottom: 5px; text-align: left;\">\n<p><strong>Festung K\u00f6nigstein, Sachsen (DE) : FORTE CULTURA Mitgliederversammlung 2021<\/strong><\/p>\n<\/td>\n<\/tr>\n<tr>\n<td>\n<img decoding=\"async\" src=\"https:\/\/www.forte-cultura.network\/wp-content\/uploads\/2023\/12\/2021_FoCu-AGM-Koenigstein.jpg\" style=\"float:left; margin: 5px 20px 7px 0; width: 100%;\">\n<p>29 membres et filles de 7 pays se rendent \u00e0 l'assembl\u00e9e g\u00e9n\u00e9rale des membres de FORTE CULTURA 2021 dans la ville de K\u00f6nigstein (Saxe). Sous la direction de Dirk R\u00f6der, le comit\u00e9 directeur et le comit\u00e9 scientifique ont pr\u00e9sent\u00e9 un rapport tr\u00e8s impressionnant sur les activit\u00e9s et les r\u00e9sultats des 15 derniers mois. Les points forts ont \u00e9t\u00e9 le d\u00e9veloppement positif du r\u00e9seau, les projets et le programme ambitieux d'ateliers et de conf\u00e9rences en coop\u00e9ration avec EFFORTS.<\/p>\n<p>Lors des nominations pr\u00e9c\u00e9dentes, Frank Riesbeck (DE) a \u00e9t\u00e9 nomm\u00e9 pr\u00e9sident, Frauke Vos-Firnkes (DE) a \u00e9t\u00e9 nomm\u00e9e vice-pr\u00e9sidente, Dirk R\u00f6der (DE) a \u00e9t\u00e9 nomm\u00e9 vicepr\u00e9sident charg\u00e9 des finances et Agnieszka Zurawska-Tatala (PL) a \u00e9t\u00e9 nomm\u00e9e vice-pr\u00e9sidente charg\u00e9e de la communication. Huibert Crijns (NL), vice-pr\u00e9sident charg\u00e9 de la culture, et Filippo Cailotto (IT), conseiller charg\u00e9 de la r\u00e9gion Alpes-Adriatique, ont \u00e9galement \u00e9t\u00e9 nomm\u00e9s. Hartmut R\u00f6der (DE) n'a pas \u00e9t\u00e9 retenu. En raison de ses nombreux engagements en faveur de la FORTE CULTURA, il a \u00e9t\u00e9 remplac\u00e9 par l'\u00e9quipe des membres du conseil d'administration.<\/p>\n<p>Le comit\u00e9 scientifique s'est \u00e9galement impos\u00e9. Zur Wiederwahl stellten sich Prof. Dr. Teresa Colletta (IT), Ass. Nata\u0161a Uro\u0161evi\u0107 (HR), Ass. Marcin Gorski (PL) et Volker K. Pachauer (AT). Alexander Jordan (DE) et Juan Antonio Mira Rico (ES). Autres informations<\/p>\n<\/td>\n<\/tr>\n<tr><td><hr><\/td><\/tr>\n\n<tr>\n<td style=\"padding-bottom: 5px; text-align: left;\">\n<p><strong>Bergen op Zoom (NL) : Atelier \"Forts Unchained\"<\/strong><\/p>\n<\/td>\n<\/tr>\n<tr>\n<td>\n<img decoding=\"async\" src=\"https:\/\/www.forte-cultura.network\/wp-content\/uploads\/2023\/12\/2021_BergenOpZoom.jpg\" style=\"float:left; margin: 5px 20px 7px 0; width: 250px;\">\n<p>A Bergen op Zoom kamen <b>EFFORTS<\/b>, mourir <b>Route de la lib\u00e9ration Europe<\/b> und <b>FORTE CULTURA<\/b> pour discuter du r\u00f4le des forteresses au cours de la deuxi\u00e8me guerre mondiale. Souvent, les Festungen de la 2. Weltkrieg en tant que lieux de concentration et d'exploitation, ou ont \u00e9t\u00e9 des lieux d'ex\u00e9cution d'op\u00e9rations de guerre de plus grande envergure. Un grand nombre de ces stands sont aujourd'hui des t\u00e9moins et proposent des expositions sur la m\u00e9moire et l'histoire de cette \u00e9poque. Dans le cadre de leur mise en \u0153uvre, les deux r\u00e9seaux culturels peuvent r\u00e9fl\u00e9chir ensemble \u00e0 ce th\u00e8me. Le projet discut\u00e9 vise \u00e0 transformer la Seconde Guerre mondiale en monuments historiques et \u00e0 les rendre plus attrayants sur le plan touristique. Les monuments qui ont une histoire diff\u00e9rente sont cr\u00e9\u00e9s pour \u00eatre associ\u00e9s au projet.<\/p>\n<\/td>\n<\/tr>\n<tr><td><hr><\/td><\/tr>\n\n<tr>\n<td style=\"padding-bottom: 5px; text-align: left;\">\n<p><strong>Karlovac (HR) : Atelier HERITAGE ET PROMOTION<\/strong><\/p>\n<\/td>\n<\/tr>\n<tr>\n<td>\n<img decoding=\"async\" src=\"https:\/\/www.forte-cultura.network\/wp-content\/uploads\/2023\/12\/2021_WS-Karlovac_web.jpg\" style=\"float:left; margin: 5px 20px 7px 0; width: 250px;\">\n<p>Dans le cadre des projets Interreg - IPA CBC <b>FORTITUDE<\/b> a organis\u00e9, sous la direction de Dirk R\u00f6der et Rafael Deroo, un atelier de formation sur le th\u00e8me du patrimoine et de la promotion dans la ville de Karlovac, au mois d'octobre. Les partenaires du projet sont les suivants <b>Kulturfestung Sibenik<\/b>, mourir <b>Festungsidealstadt Karlovac<\/b> (beide HR), die <b>Festungsstadt Herceg Novi<\/b> (BA) et la ville <b>Banja Luka<\/b> (ME). L'atelier de deux jours a abord\u00e9 des questions relatives \u00e0 la gestion et \u00e0 la protection des sites, \u00e0 la num\u00e9risation et au marketing num\u00e9rique pour les sites, ainsi qu'au d\u00e9veloppement du tourisme de site, \u00e0 l'exemple de la ville de Karlovac et de la ville de G\u00f6teborg. <b>Burg Dubovac<\/b>.<\/p>\n<\/td>\n<\/tr>\n<tr><td><hr><\/td><\/tr>\n\n<tr>\n<td style=\"padding-bottom: 5px; text-align: left;\">\n<p><strong>D\u00f6mitz (DE) : Projet d'\u00e9tude de la Technischen Universit\u00e4t Warschau sur le site de D\u00f6mitz<\/strong><\/p>\n<\/td>\n<\/tr>\n<tr>\n<td>\n<img decoding=\"async\" src=\"https:\/\/www.forte-cultura.network\/wp-content\/uploads\/2023\/12\/2021_Doemitz-TU-Warschau.jpg\" style=\"float:left; margin: 5px 20px 7px 0; width: 250px;\">\n<p>Sous le titre \"Wiedereingliederung, Sanierung und Aufwertung der touristischen Funktionen der Festung D\u00f6mitz\", des \u00e9tudiants de l'Universit\u00e9 technique de Varsovie ont \u00e9tudi\u00e9 le site de D\u00f6mitz au d\u00e9but du semestre d'hiver. Dans le cadre d'un projet de quatre ans, tous les domaines de la forteresse et de l'ancien quartier de la forteresse ont \u00e9t\u00e9 \u00e9tudi\u00e9s, afin d'\u00e9laborer des concepts et des m\u00e9thodes de travail pour l'hiver. Le financement de Sanierungsstau mangels a commenc\u00e9 \u00e0 D\u00f6mitz d\u00e8s le d\u00e9but de l'ann\u00e9e par une r\u00e9duction des co\u00fbts de fonctionnement. Ce projet d'\u00e9tude a \u00e9t\u00e9 initi\u00e9 par FORTE CULTURA et est dirig\u00e9 par Marcin Gorski (TU Warschau et membre du comit\u00e9 scientifique de FORTE CULTURA).<\/p>\n<\/td>\n<\/tr>\n<tr><td><hr><\/td><\/tr>\n\n<tr>\n<td style=\"padding-bottom: 5px; text-align: left;\">\n<p><strong>'s-Hertogenbosch (NL) : Festungsstadt mit Zitadelle wird erste FORTE CULTURA Station in den Niederlanden (en anglais)<\/strong><\/p>\n<\/td>\n<\/tr>\n<tr>\n<td>\n<img decoding=\"async\" src=\"https:\/\/www.forte-cultura.network\/wp-content\/uploads\/2023\/12\/2021_denBosch_Von-Joop-van-Houdt.jpg\" style=\"float:left; margin: 5px 20px 7px 0; width: 250px;\">\n<p>La ville de 's-Hertogenbosch (plus connue sous le nom de Den Bosch) est la capitale de la province du Brabant-Septentrional et dispose d'une infrastructure municipale et d'une infrastructure de quartier qui lui conf\u00e8rent un caract\u00e8re exceptionnel. Den Bosch est donc tr\u00e8s innovant, que ce soit dans le centre d'accueil des visiteurs de l'usine de Sankt Johann, dans le parc int\u00e9gr\u00e9 \u00e0 l'environnement ou dans le projet de machine \u00e0 remonter le temps de Den Bosch. La ville est \u00e9galement membre fondateur d'EFFORTS et soutient depuis de nombreuses ann\u00e9es la culture des monuments comm\u00e9moratifs en Europe. Gr\u00e2ce \u00e0 sa contribution \u00e0 FORTE CULTURA, le marketing festif de la ville sera renforc\u00e9 et les offres de tourisme festif \u00e0 Den Bosch seront d\u00e9velopp\u00e9es et diffus\u00e9es \u00e0 l'\u00e9chelle internationale. Nous nous r\u00e9jouissons de cette coop\u00e9ration.<\/p>\n<\/td>\n<\/tr>\n<tr><td><hr><\/td><\/tr>\n\n<tr>\n<td style=\"padding-bottom: 5px; text-align: left;\">\n<p><strong>Four \u00e1 Chaux, Lembach (FR) : Nouvelle station FORTE CULTURA dans l'Elsass<\/strong><\/p>\n<\/td>\n<\/tr>\n<tr>\n<td>\n<img decoding=\"async\" src=\"https:\/\/www.forte-cultura.network\/wp-content\/uploads\/2023\/12\/2021_Lembach_1.jpg\" style=\"float:left; margin: 5px 20px 7px 0; width: 250px;\">\n<p>Le Four \u00e0 Chaux de Lembach est un \u00e9tablissement de la Ligne Maginot situ\u00e9 \u00e0 l'int\u00e9rieur de la ligne de d\u00e9marcation depuis le 20e si\u00e8cle. Jahrhundert. L'association des Amis de la Ligne Maginot de Lembach, qui en assure la direction et l'entretien, a accueilli des visiteurs de tous \u00e2ges dans cet \u00e9tablissement. De nombreux \u00e9l\u00e9ments \u00e9poustouflants, de l'ausfahrbaren MG-Kuppel \u00e0 la Escape-Room, font de ce fort un lieu d'exception dans l'Elsass. Nous nous r\u00e9jouissons de la coop\u00e9ration fructueuse avec le pr\u00e9sident Joseph Haensli et son \u00e9quipe, qui s'est d\u00e9j\u00e0 mise en place dans le cadre de la coop\u00e9ration fructueuse avec l'Oberrhein.<\/p>\n<\/td>\n<\/tr>\n<tr><td><hr><\/td><\/tr>\n\n<tr>\n<td style=\"padding-bottom: 5px; text-align: left;\">\n<p><strong>Ziegenhain (DE) : Le commissaire europ\u00e9en \u00e0 l'environnement et au d\u00e9veloppement durable<\/strong><\/p>\n<\/td>\n<\/tr>\n<tr>\n<td>\n<img decoding=\"async\" src=\"https:\/\/www.forte-cultura.network\/wp-content\/uploads\/2023\/12\/2021_Ziegenhain.jpg\" style=\"float:left; margin: 5px 20px 7px 0; width: 250px;\">\n<p>FORTE CULTURA rencontre le renouveau de l'Europe dans la ville de Ziegenhain.<br>\nLa ville de Ziegenhain et l'association europ\u00e9enne Renew Europe ont organis\u00e9 fin ao\u00fbt le festival europ\u00e9en de la f\u00eate pour une f\u00eate de l'\u00e9t\u00e9 exceptionnelle sur la place des d\u00e9fil\u00e9s de la ville des confirmations et des f\u00eates. Le pr\u00e9sident Engin Eroglu (MdEP) a accueilli pr\u00e8s de 200 personnes, dont Frauke Vos-Firnkes et Dirk R\u00f6der, du comit\u00e9 directeur de FORTE CULTURA. Le premier a soulign\u00e9 dans sa d\u00e9claration le r\u00f4le des monuments comm\u00e9moratifs dans la construction d'une Europe libre et respectueuse de l'environnement.<\/p>\n<\/td>\n<\/tr>\n<tr><td><hr><\/td><\/tr>\n\n<tr>\n<td style=\"padding-bottom: 5px; text-align: left;\">\n<p><strong>Germersheim (DE) : 4. Rencontre pour l'\u00e9laboration d'une coop\u00e9ration en mati\u00e8re d'\u00e9levage dans l'Oberrhein<\/strong><\/p>\n<\/td>\n<\/tr>\n<tr>\n<td>\n<img decoding=\"async\" src=\"https:\/\/www.forte-cultura.network\/wp-content\/uploads\/2023\/12\/2021_Germersheim-Tagung.jpg\" style=\"float:left; margin: 5px 20px 7px 0; width: 250px;\">\n<p>La r\u00e9gion Oberrhein est l'une des r\u00e9gions europ\u00e9ennes qui poss\u00e8de le plus grand nombre de monuments fun\u00e9raires datant de 2000 ans. Depuis la participation de la ville de Germersheim \u00e0 FORTE CULTURA en 2017, la r\u00e9gion Oberrhein a mis en place un r\u00e9seau de coop\u00e9ration franco-allemand pour le tourisme festif. La 4. Fachtagung besch\u00e4ftigte sich mit der Frage, wie grenz\u00fcberschreitender Tourismus f\u00fcr die Festungsmonumente der Region Oberrhein in Kooperation with der Europ\u00e4ischen Kulturroute FORTE CULTURA organisiert werden kann. Les apports de la pratique ont permis d'\u00e9clairer le chemin \u00e0 parcourir en tant que monument du patrimoine vers la destination touristique choisie. Dans les ateliers, des modules de voyage concrets ont \u00e9t\u00e9 \u00e9labor\u00e9s pour le tourisme de s\u00e9jour dans l'Oberrhein. <\/p>\n<\/td>\n<\/tr>\n<tr><td><hr><\/td><\/tr>\n\n<tr>\n<td style=\"padding-bottom: 5px; text-align: left;\">\n<p><strong>Pula (HR) - Berlin (DE) : Conf\u00e9rence en ligne avec 105 participants de 17 pays<\/strong><\/p>\n<\/td>\n<\/tr>\n<tr>\n<td>\n<img decoding=\"async\" src=\"https:\/\/www.forte-cultura.network\/wp-content\/uploads\/2023\/12\/eventbrite-head_1.jpg\" style=\"float:left; margin: 5px 30px 7px 0; width: 180px;\">\n<p>Le comit\u00e9 scientifique conjoint FORTE CULTURA \/ EFFORTS a organis\u00e9 le 6 mai une conf\u00e9rence d'\u00e9valuation sur le th\u00e8me \"Nachhaltigen Inwertsetzung des Kulturerbes Festungsmonumente\", organis\u00e9e par l'universit\u00e9 Juraj Dobrila \u00e0 Pula. Mai eine Evaluierungskonferenz zur \"Nachhaltigen Inwertsetzung des Kulturerbes Festungsmonumente\", die von der Juraj Dobrila Universit\u00e4t in Pula (HR) ausgerichtet wurde. Des contributions \u00e9tendues sur les meilleures pratiques en provenance de Croatie, de Pologne, d'Italie, du Mont\u00e9n\u00e9gro et de FORTE CULTURA aideront \u00e0 organiser des discussions transnationales et des transferts de connaissances sur des th\u00e8mes importants pour le patrimoine culturel. La conf\u00e9rence a mis en \u00e9vidence l'importance de l'\u00e9change \u00e0 l'\u00e9chelle europ\u00e9enne. La conf\u00e9rence a donc \u00e9t\u00e9 l'occasion de constater que d'autres manifestations sont pr\u00e9vues et qu'un soutien financier ne peut \u00eatre accord\u00e9 qu'apr\u00e8s coup. L'intitul\u00e9 de la conf\u00e9rence peut \u00eatre indiqu\u00e9 dans les documents suivants <a href=\"https:\/\/youtu.be\/h3QnkUHbetg\" target=\"_blank\" rel=\"noopener\"><b>FORTE CULTURA YouTube Kanal<\/b><\/a> angsehen werden.<\/p>\n<\/td>\n<\/tr>\n<tr><td><hr><\/td><\/tr>\n\n<tr>\n<td style=\"padding-bottom: 5px; text-align: left;\">\n<p><strong>L'\u00e9t\u00e9 2021 de la Forteresse europ\u00e9enne avec une conf\u00e9rence de presse dans l'Oberrhein est programm\u00e9<\/strong><\/p>\n<\/td>\n<\/tr>\n<tr>\n<td>\n<img decoding=\"async\" src=\"https:\/\/www.forte-cultura.network\/wp-content\/uploads\/2023\/12\/logo-EFS_2021red.png\" style=\"float:left; margin: -10px 25px 0 15px; width: 130px; transform: rotate(7deg);\">\n<p>Am 15. Le 15 avril, une conf\u00e9rence de presse a \u00e9t\u00e9 organis\u00e9e \u00e0 Germersheim dans le cadre de la Journ\u00e9e europ\u00e9enne des droits de l'homme 2021.<\/p>\n<p>La campagne lanc\u00e9e en 2018 par FORTE CULTURA pour la commercialisation des \u00e9v\u00e9nements culturels dans les festivals sera lanc\u00e9e cette ann\u00e9e en collaboration avec EFFORTS et comprendra un nouveau label. Parmi les festivals europ\u00e9ens, citons les festivals culturels de l'Elbe, les festivals de l'Oberrhein et bien d'autres manifestations et \u00e9v\u00e9nements. <\/p>\n<p>Tous les membres (y compris les non-membres) sont soumis \u00e0 l'obligation de vigilance.<\/p>\n<\/td>\n<\/tr>\n<tr><td><hr><\/td><\/tr>\n\n<tr>\n<td style=\"padding-bottom: 5px; text-align: left;\">\n<p><strong>Nouveaux instruments de marketing \"Monuments des f\u00eates culturelles dans l'Oberrhein\".<\/strong><\/p>\n<\/td>\n<\/tr>\n<tr>\n<td>\n<img decoding=\"async\" src=\"https:\/\/www.forte-cultura.network\/wp-content\/uploads\/2023\/12\/UpperRhine21.jpg\" alt=\"\" style=\"width: 232px; float: left; margin: 4px 20px 5px 0;\">\n<p>\u00c0 l'initiative de la ville de Germersheim, soutenue par l'initiative europ\u00e9enne PAMINA et la communaut\u00e9 touristique Baden-Elsass-Pfalz e.V. (Vis-\u00e0-Vis), FORTE CULTURA a cr\u00e9\u00e9, \u00e0 la demande de la communaut\u00e9 marketing du Haut-Rhin, un d\u00e9pliant avec carte, un collet et une exposition itin\u00e9rante.<\/p>\n<p>Les instruments de marketing sont disponibles d\u00e8s \u00e0 pr\u00e9sent dans les 30 festivals et mus\u00e9es partenaires et doivent \u00eatre utilis\u00e9s par les organisateurs de festivals de l'Oberrhein du 15 avril au 31 avril. April bis 31. Oktober 2021 inhaltlich begleiten. Weitere Informationen finden Sie in Bereich <a href=\"https:\/\/forte-cultura.eu\"><b>Oberrhein<\/b><\/a> sur notre site web.<\/p>\n<\/td>\n<\/tr>\n<tr><td><hr><\/td><\/tr>\n\n<tr>\n<td style=\"padding-bottom: 5px; text-align: left;\">\n<p><strong> \t\nNouvelle station FORTE CULTURA(en) am Oberrhein (DE-FR)\n<\/strong><\/p>\n<\/td>\n<\/tr>\n<tr>\n<td>\n\n<p>Nous renfor\u00e7ons le groupe r\u00e9gional d'intervention <b>\"Festungen und Wehrgeschichte am Oberrhein 1929 - 1999\"<\/b> avec le Bunkermuseum Dettenheim, le Bunker-Tour Hausach, le Hornisgrinde-Bunker, le Tarnbunker Neum\u00fchl, le Museumsbunker Emilie (tous DE) ainsi que le Mus\u00e9e M\u00e9morial Walbourg (2MCLADN, FR) comme nouvelles stations FORTE CULTURA dans notre r\u00e9seau. Le groupe des monuments fait partie de l'initiative franco-allemande de 30 monuments et mus\u00e9es de l'Oberrhein, qui comprend \u00e9galement la ville de Germersheim et le fort de Schoenenbourg.<\/p>\n<\/td>\n<\/tr>\n<tr><td><hr><\/td><\/tr>\n\n<tr>\n<td style=\"padding-bottom: 5px; text-align: left;\">\n<p><strong>Sandomierz (PL) : Nouvelle station FORTE CULTURA \u00e0 Weichsel<\/strong><\/p>\n<\/td>\n<\/tr>\n<tr>\n<td>\n<img decoding=\"async\" src=\"https:\/\/www.forte-cultura.network\/wp-content\/uploads\/2023\/12\/2020%20Sandomierz.jpg\" alt=\"\" style=\"width: 232px; float: left; margin: 4px 20px 5px 0;\">\n<p>Sandomierz se trouve \u00e0 l'ouest du Weichselufer, dans la r\u00e9gion de Heiligkreuz. Dans l'ancienne vieille ville avec la place centrale de la mairie, on trouve des b\u00e2timents de style roman, gothique, Renaissance et baroque. Elle compte parmi les plus belles et les mieux entretenues de toute la Pologne. En face de la ville se trouve le ch\u00e2teau de Kasimir, datant du 14. Jahrhundert (14e si\u00e8cle), et le petit port de la ville est \u00e0 l'honneur. Le bastion \u00e0 l'ouest de la ville, les rues et les paysages uniques de l'Altstadt ainsi que les nombreuses \u00e9glises sont autant d'exemples de l'\u00e9tendue de la ville. Avec le centre culturel de Sandomierz, FORTE CULTURA a trouv\u00e9 un autre partenaire de poids en Pologne.<\/p>\n<\/td>\n<\/tr>\n<tr><td><hr><\/td><\/tr>\n<\/tbody><\/table><\/div><\/div>\n\n\n<hr class=\"is-style-wide eplus-wrapper wp-block-separator alignwide has-text-color has-custom-fo-cu-2-color has-alpha-channel-opacity has-custom-fo-cu-2-background-color has-background\"\/>\n\n\n<div class=\"eplus-wrapper wp-block-columns alignwide is-layout-flex wp-container-core-columns-is-layout-28f84493 wp-block-columns-is-layout-flex eplus-styles-uid-1e46e5\">\n<div class=\"eplus-wrapper wp-block-column is-layout-flow wp-block-column-is-layout-flow\">\n<div class=\"wp-block-kadence-advancedbtn kb-buttons-wrap kb-btns147_c36a9c-2b\"><a class=\"kb-button kt-button button kb-btn147_ca44ef-e4 kt-btn-size-standard kt-btn-width-type-full kb-btn-global-fill  kt-btn-has-text-true kt-btn-has-svg-false  wp-block-kadence-singlebtn\" href=\"https:\/\/www.forte-cultura.network\/fr\/activites-reseau\/\"><span class=\"kt-btn-inner-text\">aktuell<\/span><\/a><\/div>\n<\/div>\n\n\n\n<div class=\"wp-block-column eplus-wrapper is-layout-flow wp-block-column-is-layout-flow\">\n<div class=\"wp-block-kadence-advancedbtn kb-buttons-wrap kb-btns147_ce6c62-14\"><a class=\"kb-button kt-button button kb-btn147_d105ae-0d kt-btn-size-standard kt-btn-width-type-full kb-btn-global-fill  kt-btn-has-text-true kt-btn-has-svg-false  wp-block-kadence-singlebtn\" href=\"https:\/\/www.forte-cultura.network\/fr\/activites-reseau\/forte-cultura-activites-de-reseau-2024\/\"><span class=\"kt-btn-inner-text\">2024<\/span><\/a><\/div>\n<\/div>\n\n\n\n<div class=\"eplus-wrapper wp-block-column is-layout-flow wp-block-column-is-layout-flow\">\n<div class=\"wp-block-kadence-advancedbtn kb-buttons-wrap kb-btns147_955be6-df\"><a class=\"kb-button kt-button button kb-btn147_009979-cd kt-btn-size-standard kt-btn-width-type-full kb-btn-global-fill  kt-btn-has-text-true kt-btn-has-svg-false  wp-block-kadence-singlebtn\" href=\"https:\/\/www.forte-cultura.network\/fr\/activites-reseau\/forte-cultura-activites-de-reseau-2023\/\"><span class=\"kt-btn-inner-text\">2023<\/span><\/a><\/div>\n<\/div>\n\n\n\n<div class=\"eplus-wrapper wp-block-column is-layout-flow wp-block-column-is-layout-flow\">\n<div class=\"wp-block-kadence-advancedbtn kb-buttons-wrap kb-btns147_d26849-35\"><a class=\"kb-button kt-button button kb-btn147_54b4ac-af kt-btn-size-standard kt-btn-width-type-full kb-btn-global-fill  kt-btn-has-text-true kt-btn-has-svg-false  wp-block-kadence-singlebtn\" href=\"https:\/\/www.forte-cultura.network\/fr\/activites-reseau\/activites-de-reseau-2022\/\"><span class=\"kt-btn-inner-text\">2022<\/span><\/a><\/div>\n<\/div>\n\n\n\n<div class=\"eplus-wrapper wp-block-column is-layout-flow wp-block-column-is-layout-flow\">\n<div class=\"wp-block-kadence-advancedbtn kb-buttons-wrap kb-btns147_ed7fe3-d2\"><a class=\"kb-button kt-button button kb-btn147_a07546-b3 kt-btn-size-standard kt-btn-width-type-full kb-btn-global-fill  kt-btn-has-text-true kt-btn-has-svg-false  wp-block-kadence-singlebtn\" href=\"https:\/\/www.forte-cultura.network\/fr\/activites-reseau\/activites-de-reseau-2020\/\"><span class=\"kt-btn-inner-text\">2020<\/span><\/a><\/div>\n<\/div>\n\n\n\n<div class=\"eplus-wrapper wp-block-column is-layout-flow wp-block-column-is-layout-flow\"><\/div>\n\n\n\n<div class=\"eplus-wrapper wp-block-column is-layout-flow wp-block-column-is-layout-flow\"><\/div>\n<\/div>\n\n\n<hr class=\"eplus-wrapper wp-block-separator alignwide has-text-color has-custom-fo-cu-2-color has-alpha-channel-opacity has-custom-fo-cu-2-background-color has-background\"\/>\n\n\n\n<div class=\"wp-block-kadence-spacer alignwide kt-block-spacer-147_bdef3c-f0\"><div class=\"kt-block-spacer kt-block-spacer-halign-center\"><\/div><\/div>","protected":false},"excerpt":{"rendered":"<p>Festung K\u00f6nigstein, Sachsen (DE): FORTE CULTURA Mitgliederversammlung 2021 29 Mitglieder und G\u00e4ste aus 7 L\u00e4ndern trafen sich zur FORTE CULTURA Mitgliederversammlung 2021 auf der Festung K\u00f6nigstein (Sachsen). Unter der Leitung [&hellip;]<\/p>\n","protected":false},"author":1,"featured_media":0,"parent":2,"menu_order":0,"comment_status":"closed","ping_status":"closed","template":"","meta":{"editor_plus_copied_stylings":"{}","pgc_sgb_lightbox_settings":"","_price":"","_stock":"","_tribe_ticket_header":"","_tribe_default_ticket_provider":"","_tribe_ticket_capacity":"0","_ticket_start_date":"","_ticket_end_date":"","_tribe_ticket_show_description":"","_tribe_ticket_show_not_going":false,"_tribe_ticket_use_global_stock":"","_tribe_ticket_global_stock_level":"","_global_stock_mode":"","_global_stock_cap":"","_tribe_rsvp_for_event":"","_tribe_ticket_going_count":"","_tribe_ticket_not_going_count":"","_tribe_tickets_list":"[]","_tribe_ticket_has_attendee_info_fields":false,"_EventAllDay":false,"_EventTimezone":"","_EventStartDate":"","_EventEndDate":"","_EventStartDateUTC":"","_EventEndDateUTC":"","_EventShowMap":false,"_EventShowMapLink":false,"_EventURL":"","_EventCost":"","_EventCostDescription":"","_EventCurrencySymbol":"","_EventCurrencyCode":"","_EventCurrencyPosition":"","_EventDateTimeSeparator":"","_EventTimeRangeSeparator":"","_EventOrganizerID":[],"_EventVenueID":[],"_OrganizerEmail":"","_OrganizerPhone":"","_OrganizerWebsite":"","_VenueAddress":"","_VenueCity":"","_VenueCountry":"","_VenueProvince":"","_VenueState":"","_VenueZip":"","_VenuePhone":"","_VenueURL":"","_VenueStateProvince":"","_VenueLat":"","_VenueLng":"","_VenueShowMap":false,"_VenueShowMapLink":false,"footnotes":""},"class_list":["post-147","page","type-page","status-publish","hentry"],"_links":{"self":[{"href":"https:\/\/www.forte-cultura.network\/fr\/wp-json\/wp\/v2\/pages\/147","targetHints":{"allow":["GET"]}}],"collection":[{"href":"https:\/\/www.forte-cultura.network\/fr\/wp-json\/wp\/v2\/pages"}],"about":[{"href":"https:\/\/www.forte-cultura.network\/fr\/wp-json\/wp\/v2\/types\/page"}],"author":[{"embeddable":true,"href":"https:\/\/www.forte-cultura.network\/fr\/wp-json\/wp\/v2\/users\/1"}],"replies":[{"embeddable":true,"href":"https:\/\/www.forte-cultura.network\/fr\/wp-json\/wp\/v2\/comments?post=147"}],"version-history":[{"count":0,"href":"https:\/\/www.forte-cultura.network\/fr\/wp-json\/wp\/v2\/pages\/147\/revisions"}],"up":[{"embeddable":true,"href":"https:\/\/www.forte-cultura.network\/fr\/wp-json\/wp\/v2\/pages\/2"}],"wp:attachment":[{"href":"https:\/\/www.forte-cultura.network\/fr\/wp-json\/wp\/v2\/media?parent=147"}],"curies":[{"name":"wp","href":"https:\/\/api.w.org\/{rel}","templated":true}]}}