{"id":2786,"date":"2025-08-30T12:05:11","date_gmt":"2025-08-30T10:05:11","guid":{"rendered":"https:\/\/www.forte-cultura.network\/?page_id=2786"},"modified":"2025-11-26T13:48:59","modified_gmt":"2025-11-26T12:48:59","slug":"service-de-publication-de-blogs","status":"publish","type":"page","link":"https:\/\/www.forte-cultura.network\/fr\/blog-publishing-service\/","title":{"rendered":"FORTE CULTURA Service d'\u00e9dition"},"content":{"rendered":"<div class=\"eplus-wrapper wp-block-columns alignwide is-layout-flex wp-container-core-columns-is-layout-28f84493 wp-block-columns-is-layout-flex eplus-styles-uid-950e39\">\n<div class=\"eplus-wrapper wp-block-column is-layout-flow wp-block-column-is-layout-flow\">\n<h2 class=\"wp-block-heading eplus-wrapper\">Contribuez aux blogs de FORTE CULTURA !<\/h2>\n\n\n\n<p class=\"eplus-wrapper\"><strong>FORTE CULTURA<\/strong> invite tous les membres et experts du monde entier \u00e0 partager leurs anecdotes, leur expertise et leurs connaissances sur les forteresses via notre blog consacr\u00e9 aux activit\u00e9s et \u00e0 la science. Vos contributions inspirent les passionn\u00e9s et les professionnels des forteresses. Veuillez consulter les instructions pratiques pour l'ensemble du processus ici :<\/p>\n\n\n\n<h3 class=\"wp-block-heading eplus-wrapper\">Pourquoi contribuer ?<\/h3>\n\n\n\n<p style=\"margin-left:var(--wp--preset--spacing--10)\" class=\"eplus-wrapper\">\u2714 Am\u00e9liorez la visibilit\u00e9 de votre forteresse et de vos activit\u00e9s<br>\u2714 Partager les meilleures pratiques et les id\u00e9es innovantes<br>\u2714 Se connecter avec d'autres professionnels et passionn\u00e9s<br>\u2714 Soutenir notre r\u00e9cit collectif au-del\u00e0 des fronti\u00e8res<\/p>\n\n\n\n<h3 class=\"wp-block-heading eplus-wrapper\">Sections du blog<\/h3>\n\n\n\n<p style=\"margin-left:10px\" class=\"eplus-wrapper\">\ud83d\udd38 <strong>Blog d'activit\u00e9<\/strong> - Nouvelles, \u00e9v\u00e9nements et histoires de vos sites de forteresse<br>\ud83d\udd38 <strong>Blog sur la science<\/strong> - Nombreux articles d'experts et de chercheurs, \u00e9tudes et r\u00e9flexions pertinents pour les professionnels des forteresses<\/p>\n\n\n\n<h3 class=\"wp-block-heading eplus-wrapper\"><strong>Comment soumettre :<\/strong><\/h3>\n\n\n<div class=\"wp-block-file eplus-wrapper eplus-styles-uid-75c719\"><a id=\"wp-block-file--media-5d6a7ea6-010e-4f2f-b35d-71c0beb6e097\" href=\"https:\/\/www.forte-cultura.network\/wp-content\/uploads\/2025\/11\/Write-your-article-HERE-FORTE-CULTURA-BLOG.docx\"><strong> \u00c9crivez votre article ICI (BLOG FORTE CULTURA)<\/strong><\/a><a href=\"https:\/\/www.forte-cultura.network\/wp-content\/uploads\/2025\/11\/Write-your-article-HERE-FORTE-CULTURA-BLOG.docx\" class=\"wp-block-file__button wp-element-button\" download aria-describedby=\"wp-block-file--media-5d6a7ea6-010e-4f2f-b35d-71c0beb6e097\">T\u00e9l\u00e9charger<\/a><\/div>\n\n<ol class=\"wp-block-list eplus-wrapper eplus-styles-uid-63dc31\">\n<li class=\"eplus-wrapper\"><strong>Format<\/strong> \u2013 Pr\u00e9parez votre article dans Microsoft Word sous forme de texte \u2013 <strong>vous pouvez t\u00e9l\u00e9charger le formulaire<\/strong><\/li>\n\n\n\n<li class=\"eplus-wrapper\"><strong>Contenu<\/strong> - Le sujet n'est pas limit\u00e9, mais il doit \u00eatre li\u00e9 d'une mani\u00e8re ou d'une autre au patrimoine de la forteresse.<\/li>\n\n\n\n<li class=\"eplus-wrapper\"><strong>Longueur<\/strong> \u2013 Il n'y a pas de limite stricte, mais les articles ne doivent g\u00e9n\u00e9ralement pas d\u00e9passer 3 000 mots.<\/li>\n\n\n\n<li class=\"eplus-wrapper\"><strong>Langue<\/strong> - L'article doit \u00eatre r\u00e9dig\u00e9 en anglais (si ce n'est pas le cas, ne vous inqui\u00e9tez pas, notre \u00e9quipe \u00e9ditoriale le traduira).<\/li>\n\n\n\n<li class=\"eplus-wrapper\"><strong>En-t\u00eate<\/strong> \u2013 En haut :<ul class=\"wp-block-list eplus-wrapper eplus-styles-uid-ce3a82\">\n<li class=\"eplus-wrapper\">Titre<\/li>\n\n\n\n<li class=\"eplus-wrapper\">Nom(s) de l'auteur ou des auteurs<\/li>\n\n\n\n<li class=\"eplus-wrapper\">Une image de face<\/li>\n\n\n\n<li class=\"eplus-wrapper\">Cat\u00e9gories \u2013 vous pouvez consulter la liste des cat\u00e9gories <a href=\"https:\/\/www.forte-cultura.network\/fr\/liste-des-categories-de-blogs\/\" data-type=\"link\" data-id=\"https:\/\/www.forte-cultura.network\/blog-categories-list\/\"><strong>ICI<\/strong><\/a><\/li>\n\n\n\n<li class=\"eplus-wrapper\">Description introductive<\/li>\n<\/ul><\/li>\n\n\n\n<li class=\"eplus-wrapper\"><strong>Images\/vid\u00e9os<\/strong> - Ajoutez d'autres images ou vid\u00e9os dans le texte si elles sont disponibles. Pour une meilleure qualit\u00e9, veuillez envoyer les images s\u00e9par\u00e9ment (par exemple, via WeTransfer). Si possible, mentionnez l'auteur de la photo. Dans le nom d'un fichier image, vous pouvez \u00e9crire une description du contenu de l'image (\u00e0 des fins de recherche ult\u00e9rieure sur le web).<\/li>\n\n\n\n<li class=\"eplus-wrapper\"><strong>Citations<\/strong> - Vous pouvez inclure des citations s\u00e9par\u00e9es avec le nom et la profession\/titre de l'orateur.<\/li>\n\n\n\n<li class=\"eplus-wrapper\">Envoyer le fichier \u00e0 <strong><a>publish@forte-cultura.eu<\/a><\/strong><\/li>\n<\/ol>\n\n\n<h3 class=\"wp-block-heading eplus-wrapper\">Quelle est la prochaine \u00e9tape ?<\/h3>\n\n\n<ol class=\"wp-block-list eplus-wrapper eplus-styles-uid-c51a75\">\n<li class=\"eplus-wrapper\">Notification \u00e9ditoriale \u2013 Le r\u00e9dacteur en chef du blog re\u00e7oit votre soumission et la pr\u00e9pare pour examen.<\/li>\n\n\n\n<li class=\"eplus-wrapper\">R\u00e9vision \u2013 L'\u00e9quipe \u00e9ditoriale (dirig\u00e9e par le pr\u00e9sident de FORTE CULTURA) examine le projet et prend l'une des d\u00e9cisions suivantes :<ul class=\"wp-block-list eplus-wrapper eplus-styles-uid-14d616\">\n<li class=\"eplus-wrapper\">Approuver la lib\u00e9ration<\/li>\n\n\n\n<li class=\"eplus-wrapper\">Approuver avec modifications - Votre article peut \u00eatre publi\u00e9, mais des modifications mineures sont n\u00e9cessaires ; vous serez inform\u00e9 de la n\u00e9cessit\u00e9 d'effectuer ces modifications.<\/li>\n\n\n\n<li class=\"eplus-wrapper\">Ne pas autoriser<\/li>\n<\/ul><\/li>\n\n\n\n<li class=\"eplus-wrapper\">Cat\u00e9gorisation \u2013 L'\u00e9diteur attribue des balises et des cat\u00e9gories \u00e0 l'article et, en fonction de son contenu, le place dans la rubrique Science ou Activit\u00e9.<\/li>\n\n\n\n<li class=\"eplus-wrapper\">Accord avec l'auteur \u2013 Apr\u00e8s validation, l'\u00e9diteur peut coordonner avec l'auteur la finalisation de l'article pour le web, y compris la mise en page, les images et le formatage visuel.<\/li>\n\n\n\n<li class=\"eplus-wrapper\">Planification et publication \u2013 L'article est ajout\u00e9 au calendrier \u00e9ditorial. Il n'est pas publi\u00e9 imm\u00e9diatement, mais appara\u00eetra sur le blog FORTE CULTURA selon le calendrier pr\u00e9vu.<\/li>\n\n\n\n<li class=\"eplus-wrapper\">Partage \u2013 Pour chaque article, l'\u00e9quipe \u00e9ditoriale d\u00e9cide individuellement sur quels r\u00e9seaux sociaux FORTE CULTURA (Facebook, Instagram, LinkedIn) il sera partag\u00e9. En outre, l'article doit \u00eatre inclus dans les mises \u00e0 jour r\u00e9guli\u00e8res du blog pour les abonn\u00e9s \u00e0 la newsletter et peut \u00e9galement appara\u00eetre dans la newsletter elle-m\u00eame. Le site web traduira automatiquement l'article dans les langues officielles du site web de FORTE CULTURA \u00e0 l'aide de l'IA (\ud83c\uddec\ud83c\udde7 \ud83c\uddeb\ud83c\uddf7 \ud83c\uddee\ud83c\uddf9 \ud83c\uddf5\ud83c\uddf1 \ud83c\udde9\ud83c\uddea).<\/li>\n<\/ol>\n\n\n<p class=\"eplus-wrapper\">Nous encourageons chaque membre \u00e0 soumettre au moins un article par an. Rejoignez notre communaut\u00e9 grandissante - votre histoire pourrait \u00eatre l'un des prochains articles pr\u00e9sent\u00e9s !<\/p>\n\n\n\n<h3 class=\"wp-block-heading eplus-wrapper\">Statistiques des blogs<\/h3>\n\n\n\n<p class=\"eplus-wrapper\">D\u00e9couvrez ce que les lecteurs de FORTE CULTURA veulent vraiment ! Notre enqu\u00eate sur le blog 2025 a r\u00e9v\u00e9l\u00e9 la fr\u00e9quence \u00e0 laquelle les lecteurs souhaitent des mises \u00e0 jour, les sujets qui les int\u00e9ressent le plus et les personnes pr\u00eates \u00e0 contribuer au contenu. D\u00e9couvrez les principales conclusions <a href=\"https:\/\/www.forte-cultura.network\/fr\/enquete-sur-les-interets-des-blogs-de-forte-cultura-2025\/\" data-type=\"link\" data-id=\"https:\/\/www.forte-cultura.network\/forte-cultura-blogs-interest-survey-2025\/\"><strong>ICI<\/strong><\/a>.<\/p>\n\n\n\n<p class=\"eplus-wrapper\">Nous fournissons \u00e9galement des statistiques d\u00e9taill\u00e9es sur les articles du blog par ann\u00e9e, y compris les pays d'origine de chaque article. Explorez les tendances, les mod\u00e8les et d'autres informations fascinantes du blog ICI (sera disponible en 2026).<\/p>\n<\/div>\n<\/div>\n\n\n<blockquote class=\"wp-block-quote eplus-wrapper is-layout-flow wp-block-quote-is-layout-flow\">\n<p class=\"has-text-align-center eplus-wrapper\">Besoin de plus d'informations ?<\/p>\n\n\n\n<p class=\"has-text-align-center eplus-wrapper\">Contact : <strong><a>publish@forte-cultura.eu<\/a><\/strong><\/p>\n<\/blockquote>\n\n\n<div class=\"eplus-wrapper wp-block-columns are-vertically-aligned-center is-layout-flex wp-container-core-columns-is-layout-1146dd41 wp-block-columns-is-layout-flex eplus-styles-uid-96468d\" style=\"padding-right:0;padding-left:0\">\n<div class=\"wp-block-column is-vertically-aligned-center eplus-wrapper is-layout-flow wp-block-column-is-layout-flow\"><\/div>\n<\/div>\n\n<div class=\"eplus-wrapper wp-block-columns are-vertically-aligned-center is-not-stacked-on-mobile is-layout-flex wp-container-core-columns-is-layout-28f84493 wp-block-columns-is-layout-flex eplus-styles-uid-a810cd\">\n<div class=\"eplus-wrapper wp-block-column is-vertically-aligned-center is-layout-flow wp-block-column-is-layout-flow\"><\/div>\n<\/div>\n\n\n<div class=\"wp-block-kadence-spacer alignwide kt-block-spacer-2786_5b2aec-73\"><div class=\"kt-block-spacer kt-block-spacer-halign-center\"><\/div><\/div>\n\n\n\n<p class=\"eplus-wrapper\"><\/p>","protected":false},"excerpt":{"rendered":"<p>Contribute to the FORTE CULTURA Blogs! FORTE CULTURA invites all members and experts around the world to share their fortress stories, expertise, and insights through our activity and science blog. [&hellip;]<\/p>\n","protected":false},"author":3,"featured_media":443,"parent":0,"menu_order":0,"comment_status":"closed","ping_status":"closed","template":"","meta":{"editor_plus_copied_stylings":"{}","pgc_sgb_lightbox_settings":"","_price":"","_stock":"","_tribe_ticket_header":"","_tribe_default_ticket_provider":"","_tribe_ticket_capacity":"0","_ticket_start_date":"","_ticket_end_date":"","_tribe_ticket_show_description":"","_tribe_ticket_show_not_going":false,"_tribe_ticket_use_global_stock":"","_tribe_ticket_global_stock_level":"","_global_stock_mode":"","_global_stock_cap":"","_tribe_rsvp_for_event":"","_tribe_ticket_going_count":"","_tribe_ticket_not_going_count":"","_tribe_tickets_list":"[]","_tribe_ticket_has_attendee_info_fields":false,"_EventAllDay":false,"_EventTimezone":"","_EventStartDate":"","_EventEndDate":"","_EventStartDateUTC":"","_EventEndDateUTC":"","_EventShowMap":false,"_EventShowMapLink":false,"_EventURL":"","_EventCost":"","_EventCostDescription":"","_EventCurrencySymbol":"","_EventCurrencyCode":"","_EventCurrencyPosition":"","_EventDateTimeSeparator":"","_EventTimeRangeSeparator":"","_EventOrganizerID":[],"_EventVenueID":[],"_OrganizerEmail":"","_OrganizerPhone":"","_OrganizerWebsite":"","_VenueAddress":"","_VenueCity":"","_VenueCountry":"","_VenueProvince":"","_VenueState":"","_VenueZip":"","_VenuePhone":"","_VenueURL":"","_VenueStateProvince":"","_VenueLat":"","_VenueLng":"","_VenueShowMap":false,"_VenueShowMapLink":false,"footnotes":""},"class_list":["post-2786","page","type-page","status-publish","has-post-thumbnail","hentry"],"_links":{"self":[{"href":"https:\/\/www.forte-cultura.network\/fr\/wp-json\/wp\/v2\/pages\/2786","targetHints":{"allow":["GET"]}}],"collection":[{"href":"https:\/\/www.forte-cultura.network\/fr\/wp-json\/wp\/v2\/pages"}],"about":[{"href":"https:\/\/www.forte-cultura.network\/fr\/wp-json\/wp\/v2\/types\/page"}],"author":[{"embeddable":true,"href":"https:\/\/www.forte-cultura.network\/fr\/wp-json\/wp\/v2\/users\/3"}],"replies":[{"embeddable":true,"href":"https:\/\/www.forte-cultura.network\/fr\/wp-json\/wp\/v2\/comments?post=2786"}],"version-history":[{"count":21,"href":"https:\/\/www.forte-cultura.network\/fr\/wp-json\/wp\/v2\/pages\/2786\/revisions"}],"predecessor-version":[{"id":3805,"href":"https:\/\/www.forte-cultura.network\/fr\/wp-json\/wp\/v2\/pages\/2786\/revisions\/3805"}],"wp:featuredmedia":[{"embeddable":true,"href":"https:\/\/www.forte-cultura.network\/fr\/wp-json\/wp\/v2\/media\/443"}],"wp:attachment":[{"href":"https:\/\/www.forte-cultura.network\/fr\/wp-json\/wp\/v2\/media?parent=2786"}],"curies":[{"name":"wp","href":"https:\/\/api.w.org\/{rel}","templated":true}]}}