{"id":2799,"date":"2025-08-31T12:03:08","date_gmt":"2025-08-31T10:03:08","guid":{"rendered":"https:\/\/www.forte-cultura.network\/?page_id=2799"},"modified":"2025-08-31T12:13:14","modified_gmt":"2025-08-31T10:13:14","slug":"enquete-sur-les-interets-des-blogs-de-forte-cultura-2025","status":"publish","type":"page","link":"https:\/\/www.forte-cultura.network\/fr\/forte-cultura-blogs-interest-survey-2025\/","title":{"rendered":"FORTE CULTURA Blogs - Enqu\u00eate d'int\u00e9r\u00eat 2025"},"content":{"rendered":"<div class=\"eplus-wrapper wp-block-columns alignwide is-layout-flex wp-container-core-columns-is-layout-28f84493 wp-block-columns-is-layout-flex eplus-styles-uid-434791\">\n<div class=\"eplus-wrapper wp-block-column is-layout-flow wp-block-column-is-layout-flow\">\n<h2 class=\"eplus-wrapper wp-block-heading\">Les enseignements de notre r\u00e9cente enqu\u00eate sur les blogs<\/h2>\n\n\n\n<p class=\"eplus-wrapper\"><em>Par Tom\u00e1\u0161 Jirouch<\/em><\/p>\n\n\n\n<p class=\"eplus-wrapper\">En juillet 2025, nous avons men\u00e9 une enqu\u00eate pour mieux comprendre les pr\u00e9f\u00e9rences et l'engagement de notre public \u00e0 l'\u00e9gard du blog FORTE CULTURA. Les r\u00e9sultats ont fourni des informations pr\u00e9cieuses sur la mani\u00e8re dont nos lecteurs souhaitent interagir avec le contenu, sur les sujets qui les int\u00e9ressent le plus et sur leur volont\u00e9 de contribuer. Nous avons recueilli 32 r\u00e9ponses. Voici ce que nous avons trouv\u00e9 :<\/p>\n\n\n\n<h2 class=\"wp-block-heading eplus-wrapper\">1. Fr\u00e9quence pr\u00e9f\u00e9r\u00e9e des mises \u00e0 jour du blog<\/h2>\n\n\n\n<p class=\"eplus-wrapper\">Lorsqu'on leur a demand\u00e9 \u00e0 quelle fr\u00e9quence ils souhaitaient recevoir des mises \u00e0 jour par courrier \u00e9lectronique, les r\u00e9ponses ont \u00e9t\u00e9 assez uniform\u00e9ment r\u00e9parties :<\/p>\n\n\n<ul class=\"wp-block-list eplus-wrapper eplus-styles-uid-8bcd91\">\n<li class=\"eplus-wrapper\"><strong>Une fois par mois (bulletin mensuel) :<\/strong> 9 r\u00e9pondants<\/li>\n\n\n\n<li class=\"eplus-wrapper\"><strong>Une fois par semaine (r\u00e9sum\u00e9 du nouveau contenu) :<\/strong> 9 r\u00e9pondants<\/li>\n\n\n\n<li class=\"eplus-wrapper\"><strong>Chaque fois qu'un nouvel article est publi\u00e9 (environ une fois par semaine) :<\/strong> 8 r\u00e9pondants<\/li>\n\n\n\n<li class=\"eplus-wrapper\"><strong>Une fois tous les trois mois (faits saillants trimestriels) :<\/strong> 5 r\u00e9pondants<\/li>\n<\/ul>\n\n\n<p class=\"eplus-wrapper\">En r\u00e9sum\u00e9, les r\u00e9pondants peuvent \u00eatre regroup\u00e9s en trois cat\u00e9gories principales :<\/p>\n\n\n<ul class=\"wp-block-list eplus-wrapper eplus-styles-uid-cbb80a\">\n<li class=\"eplus-wrapper\"><strong>Hebdomadaire (ou \u00e0 chaque fois qu'un nouvel article est publi\u00e9) :<\/strong> 55 %<\/li>\n\n\n\n<li class=\"eplus-wrapper\"><strong>Une fois par mois :<\/strong> 29 %<\/li>\n\n\n\n<li class=\"eplus-wrapper\"><strong>Moins souvent (trimestrielle ou similaire) :<\/strong> 16 %<\/li>\n<\/ul>\n\n\n<p class=\"eplus-wrapper\"><strong>\u00c0 emporter :<\/strong> Les lecteurs appr\u00e9cient la flexibilit\u00e9. Certains pr\u00e9f\u00e8rent des mises \u00e0 jour mensuelles ou trimestrielles concises, tandis que d'autres souhaitent \u00eatre inform\u00e9s plus fr\u00e9quemment des nouveaux articles. Proposer plusieurs options d'abonnement peut satisfaire tout le monde. \u00c0 propos de <strong>84 % des r\u00e9pondants<\/strong> souhaitez recevoir des mises \u00e0 jour <strong>au moins une fois par mois<\/strong>.<\/p>\n\n\n\n<h3 class=\"wp-block-heading eplus-wrapper\">Ce que nous disent la moyenne et la m\u00e9diane<\/h3>\n\n\n\n<p class=\"eplus-wrapper\">Le groupe le plus important pr\u00e9f\u00e8re \u00eatre inform\u00e9 <strong>r\u00e9guli\u00e8rement, tous les sept jours<\/strong>, tandis qu'une plus petite partie est satisfaite des mises \u00e0 jour <strong>une fois par mois ou seulement une fois tous les trois mois<\/strong>. Si l'on calcule une moyenne \u201cpond\u00e9r\u00e9e\u201d en fonction du nombre de jours entre les mises \u00e0 jour, les <strong>la fr\u00e9quence moyenne pr\u00e9f\u00e9r\u00e9e est d'environ 25 jours<\/strong>. Cela signifie que le lecteur type souhaite des mises \u00e0 jour d'environ <strong>une fois par mois<\/strong>, mais beaucoup pr\u00e9f\u00e8rent des notifications plus fr\u00e9quentes.<\/p>\n\n\n\n<p class=\"eplus-wrapper\">La m\u00e9diane - la valeur qui divise les lecteurs en deux moiti\u00e9s \u00e9gales, les plus fr\u00e9quents et les moins fr\u00e9quents - fait partie de la cat\u00e9gorie des \"lecteurs\". <strong>cat\u00e9gorie hebdomadaire ou par article<\/strong>. Cela confirme que la plupart des lecteurs pr\u00e9f\u00e8rent <strong>des mises \u00e0 jour r\u00e9guli\u00e8res et fr\u00e9quentes<\/strong>.<\/p>\n\n\n\n<figure class=\"wp-block-image size-large eplus-wrapper\"><img loading=\"lazy\" decoding=\"async\" width=\"1024\" height=\"455\" src=\"https:\/\/www.forte-cultura.network\/wp-content\/uploads\/2025\/08\/image-1024x455.png\" alt=\"\" class=\"wp-image-2800\" srcset=\"https:\/\/www.forte-cultura.network\/wp-content\/uploads\/2025\/08\/image-1024x455.png 1024w, https:\/\/www.forte-cultura.network\/wp-content\/uploads\/2025\/08\/image-300x133.png 300w, https:\/\/www.forte-cultura.network\/wp-content\/uploads\/2025\/08\/image-768x341.png 768w, https:\/\/www.forte-cultura.network\/wp-content\/uploads\/2025\/08\/image-1536x682.png 1536w, https:\/\/www.forte-cultura.network\/wp-content\/uploads\/2025\/08\/image-2048x909.png 2048w, https:\/\/www.forte-cultura.network\/wp-content\/uploads\/2025\/08\/image-18x8.png 18w\" sizes=\"auto, (max-width: 1024px) 100vw, 1024px\" \/><\/figure>\n\n\n\n<h2 class=\"wp-block-heading eplus-wrapper\">2. Types de contenu les plus souhait\u00e9s<\/h2>\n\n\n\n<p class=\"eplus-wrapper\">Les participants ont \u00e9t\u00e9 interrog\u00e9s sur le contenu qui les int\u00e9resse le plus, et les r\u00e9sultats montrent une hi\u00e9rarchie claire des pr\u00e9f\u00e9rences :<\/p>\n\n\n<ul class=\"wp-block-list eplus-wrapper eplus-styles-uid-560fde\">\n<li class=\"eplus-wrapper\"><strong>Projets de sites de forteresse :<\/strong> 27 mentions<\/li>\n\n\n\n<li class=\"eplus-wrapper\"><strong>Recherche, meilleures pratiques et articles d'experts :<\/strong> 23 mentions<\/li>\n\n\n\n<li class=\"eplus-wrapper\"><strong>Itin\u00e9raires et suggestions de tourisme culturel :<\/strong> 15 mentions<\/li>\n\n\n\n<li class=\"eplus-wrapper\"><strong>Possibilit\u00e9s de financement :<\/strong> 14 mentions<\/li>\n\n\n\n<li class=\"eplus-wrapper\"><strong>Entretiens avec les membres et aper\u00e7u de la gestion des forteresses :<\/strong> 10 mentions<\/li>\n<\/ul>\n\n\n<p class=\"eplus-wrapper\"><strong>\u00c0 emporter :<\/strong> La majorit\u00e9 des lecteurs sont plus int\u00e9ress\u00e9s par le contenu mettant en valeur les projets de forteresse et les articles fond\u00e9s sur la recherche. Le tourisme culturel, les conseils en mati\u00e8re de financement et les points de vue d'initi\u00e9s sont \u00e9galement appr\u00e9ci\u00e9s, mais dans une moindre mesure.<\/p>\n\n\n\n<h2 class=\"wp-block-heading eplus-wrapper\">3. Int\u00e9r\u00eat pour la contribution au contenu<\/h2>\n\n\n\n<p class=\"eplus-wrapper\">Nous avons \u00e9galement cherch\u00e9 \u00e0 savoir si les lecteurs seraient int\u00e9ress\u00e9s par une contribution au contenu :<\/p>\n\n\n<ul class=\"wp-block-list eplus-wrapper eplus-styles-uid-e55c2d\">\n<li class=\"eplus-wrapper\"><strong>Oui, j'ai d\u00e9j\u00e0 une id\u00e9e en t\u00eate :<\/strong> 7 r\u00e9ponses<\/li>\n\n\n\n<li class=\"eplus-wrapper\"><strong>Oui, mais j'ai besoin d'aide pour commencer :<\/strong> 7 r\u00e9ponses<\/li>\n\n\n\n<li class=\"eplus-wrapper\"><strong>Peut-\u00eatre \u00e0 l'avenir :<\/strong> 10 r\u00e9ponses<\/li>\n\n\n\n<li class=\"eplus-wrapper\"><strong>Non, pas pour le moment :<\/strong> 4 r\u00e9ponses<\/li>\n<\/ul>\n\n\n<p class=\"eplus-wrapper\">Sur 28 r\u00e9ponses :<\/p>\n\n\n<ul class=\"wp-block-list eplus-wrapper eplus-styles-uid-6bd34c\">\n<li class=\"eplus-wrapper\"><strong>Int\u00e9ress\u00e9(e) d\u00e8s maintenant (avec une id\u00e9e ou ayant besoin d'aide) :<\/strong> 50%<\/li>\n\n\n\n<li class=\"eplus-wrapper\"><strong>Peut-\u00eatre plus tard :<\/strong> 36%<\/li>\n\n\n\n<li class=\"eplus-wrapper\"><strong>Pas int\u00e9ress\u00e9 :<\/strong> 14%<\/li>\n<\/ul>\n\n\n<p class=\"eplus-wrapper\"><strong>\u00c0 emporter :<\/strong> La moiti\u00e9 des personnes interrog\u00e9es sont pr\u00eates \u00e0 contribuer imm\u00e9diatement, certaines ayant besoin d'\u00eatre guid\u00e9es. Il y a \u00e9galement un groupe assez important qui pourrait contribuer \u00e0 l'avenir, ce qui indique un potentiel de croissance pour le contenu g\u00e9r\u00e9 par la communaut\u00e9.<\/p>\n\n\n\n<h2 class=\"wp-block-heading eplus-wrapper\">4. Les id\u00e9es<\/h2>\n\n\n\n<p class=\"eplus-wrapper\">Les r\u00e9pondants \u00e0 notre enqu\u00eate ont sugg\u00e9r\u00e9 plusieurs sujets sp\u00e9cifiques pour le blog FORTE CULTURA, notamment<\/p>\n\n\n\n<p class=\"eplus-wrapper\"><strong>1. \u00c9v\u00e9nements et communaut\u00e9<\/strong><\/p>\n\n\n<ul class=\"wp-block-list eplus-wrapper eplus-styles-uid-ee93d0\">\n<li class=\"eplus-wrapper\">Nouvelles sur les \u00e9v\u00e9nements \u00e0 venir.<\/li>\n\n\n\n<li class=\"eplus-wrapper\">Comment les gens peuvent contribuer \u00e0 l'\u00e9tude et \u00e0 la documentation des forts.<\/li>\n\n\n\n<li class=\"eplus-wrapper\">Travail b\u00e9n\u00e9vole et emplois possibles pour le personnel.<\/li>\n<\/ul>\n\n\n<p class=\"eplus-wrapper\"><strong>2. Recherche et technologie<\/strong><\/p>\n\n\n<ul class=\"wp-block-list eplus-wrapper eplus-styles-uid-8a51ed\">\n<li class=\"eplus-wrapper\">La science au service de l'\u00e9tude des forteresses.<\/li>\n\n\n\n<li class=\"eplus-wrapper\">Comment l'IA aide \u00e0 la recherche, aux cartes et \u00e0 la gestion de l'information.<\/li>\n\n\n\n<li class=\"eplus-wrapper\">Des outils tels que la g\u00e9ophysique et le radar \u00e0 p\u00e9n\u00e9tration de sol pour trouver des structures cach\u00e9es.<\/li>\n<\/ul>\n\n\n<p class=\"eplus-wrapper\"><strong>3. Conservation et bonnes pratiques<\/strong><\/p>\n\n\n<ul class=\"wp-block-list eplus-wrapper eplus-styles-uid-835759\"><\/ul>\n\n<ul class=\"wp-block-list eplus-wrapper eplus-styles-uid-ec05e5\">\n<li class=\"eplus-wrapper\">Exemples de projets de restauration.<\/li>\n\n\n\n<li class=\"eplus-wrapper\">Des d\u00e9couvertes int\u00e9ressantes, comme de vieux outils ou des parties cach\u00e9es de forteresses.<\/li>\n<\/ul>\n\n<ul class=\"wp-block-list eplus-wrapper eplus-styles-uid-da00f3\"><\/ul>\n\n<ul class=\"wp-block-list eplus-wrapper eplus-styles-uid-c82099\"><\/ul>\n\n\n<p class=\"eplus-wrapper\"><strong>4. \u00c9thique et sujets sp\u00e9ciaux<\/strong><\/p>\n\n\n<ul class=\"wp-block-list eplus-wrapper eplus-styles-uid-e5b2ef\">\n<li class=\"eplus-wrapper\">Des d\u00e9couvertes inhabituelles, comme des empreintes de pattes d'animaux sur des briques de ch\u00e2teau.<\/li>\n\n\n\n<li class=\"eplus-wrapper\">Questions \u00e9thiques dans la recherche et la pr\u00e9servation.<\/li>\n<\/ul>\n\n<ul class=\"wp-block-list eplus-wrapper eplus-styles-uid-e50afd\"><\/ul>\n\n<ul class=\"wp-block-list eplus-wrapper eplus-styles-uid-068815\"><\/ul>\n\n\n<h2 class=\"wp-block-heading eplus-wrapper\">Conclusion<\/h2>\n\n\n\n<p class=\"eplus-wrapper\">Les r\u00e9sultats de l'enqu\u00eate fournissent une feuille de route claire pour le blog FORTE CULTURA :<\/p>\n\n\n<ol class=\"wp-block-list eplus-wrapper eplus-styles-uid-4bda86\">\n<li class=\"eplus-wrapper\">Le contenu est ax\u00e9 sur les projets de forteresse et les articles fond\u00e9s sur la recherche, tout en incluant des conseils sur le tourisme culturel et les possibilit\u00e9s de financement.<\/li>\n\n\n\n<li class=\"eplus-wrapper\">Encourager les contributions des lecteurs en fournissant des conseils \u00e0 ceux qui en ont besoin.<\/li>\n\n\n\n<li class=\"eplus-wrapper\">Environ 84 % des r\u00e9pondants souhaitent recevoir des mises \u00e0 jour du blog au moins une fois par mois.<\/li>\n<\/ol><\/div>\n<\/div>\n\n\n<blockquote class=\"wp-block-quote eplus-wrapper is-layout-flow wp-block-quote-is-layout-flow\">\n<p class=\"has-text-align-center eplus-wrapper\">Besoin de plus d'informations ?<\/p>\n\n\n\n<p class=\"has-text-align-center eplus-wrapper\">Contact : <strong><a>publish@forte-cultura.eu<\/a><\/strong><\/p>\n<\/blockquote>","protected":false},"excerpt":{"rendered":"<p>Insights from Our Recent Blog Survey By Tom\u00e1\u0161 Jirouch In July 2025 we conducted a survey to better understand our audience\u2019s preferences and engagement with the FORTE CULTURA Blog. The [&hellip;]<\/p>\n","protected":false},"author":3,"featured_media":0,"parent":0,"menu_order":0,"comment_status":"closed","ping_status":"closed","template":"","meta":{"editor_plus_copied_stylings":"{}","pgc_sgb_lightbox_settings":"","_price":"","_stock":"","_tribe_ticket_header":"","_tribe_default_ticket_provider":"","_tribe_ticket_capacity":"0","_ticket_start_date":"","_ticket_end_date":"","_tribe_ticket_show_description":"","_tribe_ticket_show_not_going":false,"_tribe_ticket_use_global_stock":"","_tribe_ticket_global_stock_level":"","_global_stock_mode":"","_global_stock_cap":"","_tribe_rsvp_for_event":"","_tribe_ticket_going_count":"","_tribe_ticket_not_going_count":"","_tribe_tickets_list":"[]","_tribe_ticket_has_attendee_info_fields":false,"_EventAllDay":false,"_EventTimezone":"","_EventStartDate":"","_EventEndDate":"","_EventStartDateUTC":"","_EventEndDateUTC":"","_EventShowMap":false,"_EventShowMapLink":false,"_EventURL":"","_EventCost":"","_EventCostDescription":"","_EventCurrencySymbol":"","_EventCurrencyCode":"","_EventCurrencyPosition":"","_EventDateTimeSeparator":"","_EventTimeRangeSeparator":"","_EventOrganizerID":[],"_EventVenueID":[],"_OrganizerEmail":"","_OrganizerPhone":"","_OrganizerWebsite":"","_VenueAddress":"","_VenueCity":"","_VenueCountry":"","_VenueProvince":"","_VenueState":"","_VenueZip":"","_VenuePhone":"","_VenueURL":"","_VenueStateProvince":"","_VenueLat":"","_VenueLng":"","_VenueShowMap":false,"_VenueShowMapLink":false,"footnotes":""},"class_list":["post-2799","page","type-page","status-publish","hentry"],"_links":{"self":[{"href":"https:\/\/www.forte-cultura.network\/fr\/wp-json\/wp\/v2\/pages\/2799","targetHints":{"allow":["GET"]}}],"collection":[{"href":"https:\/\/www.forte-cultura.network\/fr\/wp-json\/wp\/v2\/pages"}],"about":[{"href":"https:\/\/www.forte-cultura.network\/fr\/wp-json\/wp\/v2\/types\/page"}],"author":[{"embeddable":true,"href":"https:\/\/www.forte-cultura.network\/fr\/wp-json\/wp\/v2\/users\/3"}],"replies":[{"embeddable":true,"href":"https:\/\/www.forte-cultura.network\/fr\/wp-json\/wp\/v2\/comments?post=2799"}],"version-history":[{"count":4,"href":"https:\/\/www.forte-cultura.network\/fr\/wp-json\/wp\/v2\/pages\/2799\/revisions"}],"predecessor-version":[{"id":2808,"href":"https:\/\/www.forte-cultura.network\/fr\/wp-json\/wp\/v2\/pages\/2799\/revisions\/2808"}],"wp:attachment":[{"href":"https:\/\/www.forte-cultura.network\/fr\/wp-json\/wp\/v2\/media?parent=2799"}],"curies":[{"name":"wp","href":"https:\/\/api.w.org\/{rel}","templated":true}]}}