{"id":4819,"date":"2026-01-19T13:29:31","date_gmt":"2026-01-19T12:29:31","guid":{"rendered":"https:\/\/www.forte-cultura.network\/?page_id=4819"},"modified":"2026-02-11T13:06:34","modified_gmt":"2026-02-11T12:06:34","slug":"lignes-directrices-de-la-communaute-forte-cultura-en-matiere-de-communication","status":"publish","type":"page","link":"https:\/\/www.forte-cultura.network\/fr\/forte-cultura-community-communication-guidelines\/","title":{"rendered":"FORTE CULTURA - Lignes directrices pour la communaut\u00e9 et la communication"},"content":{"rendered":"<p class=\"has-text-align-center eplus-wrapper\"><em><strong>Renforcer notre identit\u00e9 en tant qu'itin\u00e9raire culturel europ\u00e9en<\/strong><\/em><\/p>\n\n\n\n<p class=\"eplus-wrapper\">FORTE CULTURA est plus qu'une liste de membres : c'est une <strong>communaut\u00e9<\/strong> de forteresses, de villes et d'organisations qui partagent une histoire europ\u00e9enne. Cette Charte r\u00e9sume ce que nous attendons les uns des autres en termes de communication et de comportement communautaire, compte tenu de notre <strong>Certification de l'IREC<\/strong> et <strong>le d\u00e9veloppement \u00e0 long terme.<\/strong><br><br><strong><span style=\"text-decoration: underline;\">1. Objectif commun<\/span><\/strong><\/p>\n\n\n\n<p class=\"eplus-wrapper\">En tant que membres de FORTE CULTURA, nous nous engageons \u00e0 :<\/p>\n\n\n<ul class=\"wp-block-list eplus-wrapper eplus-styles-uid-edf774\"><li class=\"eplus-wrapper eplus-styles-uid-8d9cae translation-block\">Pr\u00e9senter le patrimoine fortifi\u00e9 comme un <strong>h\u00e9ritage europ\u00e9en commun<\/strong> - <em>des bastions aux bunkers<\/em>.<\/li>\n\n<li class=\"eplus-wrapper eplus-styles-uid-8d9cae translation-block\">Promouvoir les forteresses en tant qu'espaces de <strong>culture, de tourisme, d'\u00e9ducation et de dialogue<\/strong> - <em>forteresses pour la culture et la paix<\/em>.<\/li>\n\n<li class=\"eplus-wrapper eplus-styles-uid-8d9cae translation-block\">Contribuer activement \u00e0 la visibilit\u00e9 et \u00e0 la cr\u00e9dibilit\u00e9 de l'itin\u00e9raire <strong>FORTE CULTURA<\/strong>.<\/li><\/ul>\n\n\n<p class=\"eplus-wrapper\"><strong><span style=\"text-decoration: underline;\">2. Normes minimales de communication pour les membres<\/span><\/strong><\/p>\n\n\n\n<p class=\"eplus-wrapper\">Chaque membre s'engage \u00e0 :<\/p>\n\n\n\n<p class=\"eplus-wrapper\"><em><strong>Visibilit\u00e9 de l'itin\u00e9raire culturel<\/strong><\/em><\/p>\n\n\n\n<div class=\"wp-block-kadence-iconlist kt-svg-icon-list-items kt-svg-icon-list-items4819_bf6498-68 kt-svg-icon-list-columns-1 alignnone\"><ul class=\"kt-svg-icon-list\">\n<li class=\"wp-block-kadence-listitem kt-svg-icon-list-item-wrap kt-svg-icon-list-item-4819_1a05bf-6a kt-svg-icon-list-level-1 translation-block\"><span class=\"kb-svg-icon-wrap kb-svg-icon-fe_checkCircle kt-svg-icon-list-single\"><svg viewbox=\"0 0 24 24\" fill=\"none\" xmlns=\"http:\/\/www.w3.org\/2000\/svg\"><path d=\"M22 11.08V12a10 10 0 1 1-5.93-9.14\"><\/path><\/svg><\/span><span class=\"kt-svg-icon-list-text\">Afficher le logo et le lien <strong>FORTE CULTURA<\/strong> sur le(s) site(s) web principal(aux) de la forteresse \/ de l'institution.<\/span><\/li>\n\n\n\n<li class=\"wp-block-kadence-listitem kt-svg-icon-list-item-wrap kt-svg-icon-list-item-4819_08fdbc-c3 kt-svg-icon-list-level-1\"><span class=\"kb-svg-icon-wrap kb-svg-icon-fe_checkCircle kt-svg-icon-list-single\"><svg viewbox=\"0 0 24 24\"  fill=\"none\" stroke=\"currentColor\" stroke-width=\"2\" stroke-linecap=\"round\" stroke-linejoin=\"round\" xmlns=\"http:\/\/www.w3.org\/2000\/svg\"  aria-hidden=\"true\"><path d=\"M22 11.08V12a10 10 0 1 1-5.93-9.14\"\/><polyline points=\"22 4 12 14.01 9 11.01\"\/><\/svg><\/span><span class=\"kt-svg-icon-list-text\">Mentionner FORTE CULTURA dans les brochures, les panneaux et le mat\u00e9riel num\u00e9rique pertinents, dans la mesure du possible.<\/span><\/li>\n<\/ul><\/div>\n\n\n\n<p class=\"eplus-wrapper\"><em><strong>Engagement avec les canaux du r\u00e9seau<\/strong><\/em><\/p>\n\n\n\n<div class=\"wp-block-kadence-iconlist kt-svg-icon-list-items kt-svg-icon-list-items4819_e84b94-c6 kt-svg-icon-list-columns-1 alignnone\"><ul class=\"kt-svg-icon-list\">\n<li class=\"wp-block-kadence-listitem kt-svg-icon-list-item-wrap kt-svg-icon-list-item-4819_0d9975-a0 kt-svg-icon-list-level-1\"><span class=\"kb-svg-icon-wrap kb-svg-icon-fe_checkCircle kt-svg-icon-list-single\"><svg viewbox=\"0 0 24 24\"  fill=\"none\" stroke=\"currentColor\" stroke-width=\"2\" stroke-linecap=\"round\" stroke-linejoin=\"round\" xmlns=\"http:\/\/www.w3.org\/2000\/svg\"  aria-hidden=\"true\"><path d=\"M22 11.08V12a10 10 0 1 1-5.93-9.14\"\/><polyline points=\"22 4 12 14.01 9 11.01\"\/><\/svg><\/span><span class=\"kt-svg-icon-list-text\">Suivez les canaux officiels de FORTE CULTURA (site web, Facebook, LinkedIn, etc.).<\/span><\/li>\n<\/ul><\/div>\n\n\n\n<p class=\"eplus-wrapper\"><em><strong>Partager ou r\u00e9utiliser r\u00e9guli\u00e8rement le contenu des itin\u00e9raires<\/strong><\/em> (par exemple, au moins un message par mois ou apr\u00e8s des annonces importantes concernant le r\u00e9seau).<\/p>\n\n\n\n<p class=\"eplus-wrapper\"><em><strong>Contribution au contenu<\/strong><\/em><\/p>\n\n\n\n<div class=\"wp-block-kadence-iconlist kt-svg-icon-list-items kt-svg-icon-list-items4819_86a4db-af kt-svg-icon-list-columns-1 alignnone\"><ul class=\"kt-svg-icon-list\">\n<li class=\"wp-block-kadence-listitem kt-svg-icon-list-item-wrap kt-svg-icon-list-item-4819_f2ae83-37 kt-svg-icon-list-level-1\"><span class=\"kb-svg-icon-wrap kb-svg-icon-fe_checkCircle kt-svg-icon-list-single\"><svg viewbox=\"0 0 24 24\"  fill=\"none\" stroke=\"currentColor\" stroke-width=\"2\" stroke-linecap=\"round\" stroke-linejoin=\"round\" xmlns=\"http:\/\/www.w3.org\/2000\/svg\"  aria-hidden=\"true\"><path d=\"M22 11.08V12a10 10 0 1 1-5.93-9.14\"\/><polyline points=\"22 4 12 14.01 9 11.01\"\/><\/svg><\/span><span class=\"kt-svg-icon-list-text\">Fournir, dans la mesure du possible, <strong>nouvelles, photos et histoires courtes<\/strong> sur les projets locaux, les \u00e9v\u00e9nements et les bonnes pratiques.<\/span><\/li>\n\n\n\n<li class=\"wp-block-kadence-listitem kt-svg-icon-list-item-wrap kt-svg-icon-list-item-4819_aa6f55-dc kt-svg-icon-list-level-1\"><span class=\"kb-svg-icon-wrap kb-svg-icon-fe_checkCircle kt-svg-icon-list-single\"><svg viewbox=\"0 0 24 24\"  fill=\"none\" stroke=\"currentColor\" stroke-width=\"2\" stroke-linecap=\"round\" stroke-linejoin=\"round\" xmlns=\"http:\/\/www.w3.org\/2000\/svg\"  aria-hidden=\"true\"><path d=\"M22 11.08V12a10 10 0 1 1-5.93-9.14\"\/><polyline points=\"22 4 12 14.01 9 11.01\"\/><\/svg><\/span><span class=\"kt-svg-icon-list-text\">R\u00e9pondre aux appels \u00e0 contribution (articles de blog, campagnes th\u00e9matiques, enqu\u00eates) dans des d\u00e9lais raisonnables.<\/span><\/li>\n<\/ul><\/div>\n\n\n\n<p class=\"eplus-wrapper\"><strong><span style=\"text-decoration: underline;\">3. Comportement de la communaut\u00e9<\/span><\/strong><\/p>\n\n\n\n<p class=\"eplus-wrapper\">Nous attendons de tous les membres qu'ils<\/p>\n\n\n<ul class=\"wp-block-list eplus-wrapper eplus-styles-uid-1639bd\"><li class=\"eplus-wrapper eplus-styles-uid-8d9cae\">Participer \u00e0 au moins <strong>une r\u00e9union de membres en ligne<\/strong> par an.<\/li>\n\n<li class=\"eplus-wrapper eplus-styles-uid-8d9cae\">Nommer un <strong>personne de contact locale<\/strong> pour FORTE CULTURA et tenir leurs coordonn\u00e9es \u00e0 jour.<\/li>\n\n<li class=\"eplus-wrapper eplus-styles-uid-8d9cae\">Traiter les autres membres comme <strong>partenaires<\/strong>, Les participants \u00e0 la conf\u00e9rence sont invit\u00e9s \u00e0 partager leur exp\u00e9rience, leurs outils et les enseignements tir\u00e9s de l'exp\u00e9rience.<\/li><\/ul>\n\n\n<p class=\"eplus-wrapper\"><strong><span style=\"text-decoration: underline;\">4. Soutien de FORTE CULTURA<\/span><\/strong><\/p>\n\n\n\n<p class=\"eplus-wrapper\">En contrepartie, le r\u00e9seau s'engage \u00e0 :<\/p>\n\n\n<ul class=\"wp-block-list eplus-wrapper eplus-styles-uid-8f3cef\"><li class=\"eplus-wrapper eplus-styles-uid-8d9cae\">Fournir <strong>des mat\u00e9riaux pr\u00eats \u00e0 l'emploi<\/strong> (textes, visuels, hashtags) pour faciliter le partage des annonces importantes.<\/li>\n\n<li class=\"eplus-wrapper eplus-styles-uid-8d9cae\">Mettre en avant les membres actifs et les clusters dans <strong>communication au niveau de l'itin\u00e9raire<\/strong>.<\/li>\n\n<li class=\"eplus-wrapper eplus-styles-uid-8d9cae translation-block\">Offrir des conseils en mati\u00e8re de <strong>communication, d'interpr\u00e9tation et de produits touristiques<\/strong> li\u00e9s \u00e0 l'itin\u00e9raire.<\/li>\n\n<li class=\"eplus-wrapper eplus-styles-uid-8d9cae translation-block\">Repr\u00e9senter le patrimoine fortifi\u00e9 et les int\u00e9r\u00eats des membres au niveau europ\u00e9en, y compris au Conseil de l'Europe.<\/li><\/ul>\n\n\n<p class=\"eplus-wrapper\"><\/p>\n\n\n\n<p class=\"eplus-wrapper translation-block\">En appliquant ces principes simples, nous nous aidons mutuellement \u00e0 renforcer la marque <em>FORTE CULTURA,<\/em> \u00e0 am\u00e9liorer notre position pour la certification <em>EICR<\/em> et \u00e0 <em>accro\u00eetre l'impact de notre travail<\/em> au niveau local et europ\u00e9en.<\/p>\n\n\n\n<p class=\"eplus-wrapper\"><br><em><a href=\"https:\/\/www.forte-cultura.network\/wp-content\/uploads\/2026\/01\/FORTE-CULTURA-Community-Behaviour-Guidelines.pdf\">T\u00e9l\u00e9charger en PDF<\/a>.<\/em><\/p>\n\n\n\n<p class=\"eplus-wrapper\"><\/p>\n\n\n\n<p class=\"eplus-wrapper\"><\/p>","protected":false},"excerpt":{"rendered":"<p>Strengthening our identity as a European Cultural Route FORTE CULTURA is more than a list of members: it is a community of fortresses, cities and organisations that share a European [&hellip;]<\/p>\n","protected":false},"author":2,"featured_media":0,"parent":0,"menu_order":0,"comment_status":"closed","ping_status":"closed","template":"","meta":{"editor_plus_copied_stylings":"{}","pgc_sgb_lightbox_settings":"","_price":"","_stock":"","_tribe_ticket_header":"","_tribe_default_ticket_provider":"","_tribe_ticket_capacity":"","_ticket_start_date":"","_ticket_end_date":"","_tribe_ticket_show_description":"","_tribe_ticket_show_not_going":false,"_tribe_ticket_use_global_stock":"","_tribe_ticket_global_stock_level":"","_global_stock_mode":"","_global_stock_cap":"","_tribe_rsvp_for_event":"","_tribe_ticket_going_count":"","_tribe_ticket_not_going_count":"","_tribe_tickets_list":"[]","_tribe_ticket_has_attendee_info_fields":false,"_EventAllDay":false,"_EventTimezone":"","_EventStartDate":"","_EventEndDate":"","_EventStartDateUTC":"","_EventEndDateUTC":"","_EventShowMap":false,"_EventShowMapLink":false,"_EventURL":"","_EventCost":"","_EventCostDescription":"","_EventCurrencySymbol":"","_EventCurrencyCode":"","_EventCurrencyPosition":"","_EventDateTimeSeparator":"","_EventTimeRangeSeparator":"","_EventOrganizerID":[],"_EventVenueID":[],"_OrganizerEmail":"","_OrganizerPhone":"","_OrganizerWebsite":"","_VenueAddress":"","_VenueCity":"","_VenueCountry":"","_VenueProvince":"","_VenueState":"","_VenueZip":"","_VenuePhone":"","_VenueURL":"","_VenueStateProvince":"","_VenueLat":"","_VenueLng":"","_VenueShowMap":false,"_VenueShowMapLink":false,"footnotes":""},"class_list":["post-4819","page","type-page","status-publish","hentry"],"_links":{"self":[{"href":"https:\/\/www.forte-cultura.network\/fr\/wp-json\/wp\/v2\/pages\/4819","targetHints":{"allow":["GET"]}}],"collection":[{"href":"https:\/\/www.forte-cultura.network\/fr\/wp-json\/wp\/v2\/pages"}],"about":[{"href":"https:\/\/www.forte-cultura.network\/fr\/wp-json\/wp\/v2\/types\/page"}],"author":[{"embeddable":true,"href":"https:\/\/www.forte-cultura.network\/fr\/wp-json\/wp\/v2\/users\/2"}],"replies":[{"embeddable":true,"href":"https:\/\/www.forte-cultura.network\/fr\/wp-json\/wp\/v2\/comments?post=4819"}],"version-history":[{"count":7,"href":"https:\/\/www.forte-cultura.network\/fr\/wp-json\/wp\/v2\/pages\/4819\/revisions"}],"predecessor-version":[{"id":4959,"href":"https:\/\/www.forte-cultura.network\/fr\/wp-json\/wp\/v2\/pages\/4819\/revisions\/4959"}],"wp:attachment":[{"href":"https:\/\/www.forte-cultura.network\/fr\/wp-json\/wp\/v2\/media?parent=4819"}],"curies":[{"name":"wp","href":"https:\/\/api.w.org\/{rel}","templated":true}]}}