{"id":147,"date":"2023-12-27T10:41:42","date_gmt":"2023-12-27T09:41:42","guid":{"rendered":"https:\/\/www.forte-cultura.network\/?page_id=147"},"modified":"2024-06-15T09:39:04","modified_gmt":"2024-06-15T07:39:04","slug":"attivita-di-rete-2021","status":"publish","type":"page","link":"https:\/\/www.forte-cultura.network\/it\/forte-cultura-blogs\/netzwerkaktivitaeten-2021\/","title":{"rendered":"FORTE CULTURA Attivit\u00e0 in rete 2021"},"content":{"rendered":"<div class=\"wp-block-columns alignwide eplus-wrapper is-layout-flex wp-container-core-columns-is-layout-28f84493 wp-block-columns-is-layout-flex eplus-styles-uid-271e42\">\n<div class=\"wp-block-column eplus-wrapper is-layout-flow wp-block-column-is-layout-flow\">\n<table>\n<tbody>\n<tr>\n<td style=\"padding-bottom: 5px; text-align: left;\">\n<p><strong>Festung K\u00f6nigstein, Sassonia (DE): FORTE CULTURA Mitgliederversammlung 2021<\/strong><\/p>\n<\/td>\n<\/tr>\n<tr>\n<td>\n<img decoding=\"async\" src=\"https:\/\/www.forte-cultura.network\/wp-content\/uploads\/2023\/12\/2021_FoCu-AGM-Koenigstein.jpg\" style=\"float:left; margin: 5px 20px 7px 0; width: 100%;\">\n<p>29 Mitglieder e G\u00e4ste aus 7 L\u00e4ndern trafen sich zur FORTE CULTURA Mitgliederversammlung 2021 auf der Festung K\u00f6nigstein (Sachsen). Sotto la guida di Dirk R\u00f6der, il Vorstand e il Wissenschaftlicher Beirat hanno presentato un resoconto molto interessante delle attivit\u00e0 e dei risultati degli ultimi 15 mesi. I punti salienti sono stati il positivo sviluppo della rete, i progetti e l'interessante programma di workshop e conferenze in collaborazione con EFFORTS.<\/p>\n<p>Tra gli altri sono stati eletti Frank Riesbeck (DE) come Presidente, Frauke Vos-Firnkes (DE) come Vicepresidente, Dirk R\u00f6der (DE) come Vicepresidente Finanzen e Agnieszka Zurawska-Tatala (PL) come Vicepresidente Kommunikation. Huibert Crijns (NL) als Vizepr\u00e4sident Kulturerbe e Filippo Cailotto (IT) als Beisitzer Alpen-Adria. Hartmut R\u00f6der (DE) non \u00e8 stato nominato. A causa della sua grande passione per FORTE CULTURA, ha ricevuto la Mitgliederversammlung come Ehrenmitglied.<\/p>\n<p>Ebenfalls gew\u00e4hlt wurde der Wissenschaftliche Beirat. Zur Wiederwahl stellten sich Prof. Dr. Teresa Colletta (IT), Ass. Prof. Dr. Nata\u0161a Uro\u0161evi\u0107 (HR), Ass. Prof. Dr.-Ing. Marcin Gorski (PL) e Dipl.-Ing. Volker K. Pachauer (AT). Hanno partecipato anche il Dr. Alexander Jordan (DE) e il Dr. Juan Antonio Mira Rico (ES). Altre informazioni<\/p>\n<\/td>\n<\/tr>\n<tr><td><hr><\/td><\/tr>\n\n<tr>\n<td style=\"padding-bottom: 5px; text-align: left;\">\n<p><strong>Bergen op Zoom (NL): Workshop \"Forti incatenati<\/strong><\/p>\n<\/td>\n<\/tr>\n<tr>\n<td>\n<img decoding=\"async\" src=\"https:\/\/www.forte-cultura.network\/wp-content\/uploads\/2023\/12\/2021_BergenOpZoom.jpg\" style=\"float:left; margin: 5px 20px 7px 0; width: 250px;\">\n<p>A Bergen op Zoom sono arrivati <b>SFORZI<\/b>, morire <b>Itinerario di liberazione Europa<\/b> e <b>FORTE CULTURA<\/b> insieme, per discutere del ruolo delle Festioni nella Seconda Guerra Mondiale. Spesso le Festungen durante la 2. Guerra Mondiale sono state considerate come centri di concentramento e come luoghi di culto. Weltkrieg als Konzentrationslager und Gef\u00e4ngnisse genutzt oder waren Schaupl\u00e4tze schwerer Kriegshandlungen. Alcuni di questi stand sono diventati oggi Denkm\u00e4ler e offrono esposizioni per conoscere e approfondire la storia di questo periodo. A causa della loro strutturazione, i due centri culturali possono riflettere insieme su questo tema. Il discusso progetto di ricerca mira a trasformare la seconda guerra mondiale in monumenti storici e a renderli turistici. Sono state selezionate le testimonianze di una storia pi\u00f9 complessa, che possono essere messe a confronto con il progetto.<\/p>\n<\/td>\n<\/tr>\n<tr><td><hr><\/td><\/tr>\n\n<tr>\n<td style=\"padding-bottom: 5px; text-align: left;\">\n<p><strong>Karlovac (HR): Workshop PATRIMONIO E PROMOZIONE<\/strong><\/p>\n<\/td>\n<\/tr>\n<tr>\n<td>\n<img decoding=\"async\" src=\"https:\/\/www.forte-cultura.network\/wp-content\/uploads\/2023\/12\/2021_WS-Karlovac_web.jpg\" style=\"float:left; margin: 5px 20px 7px 0; width: 250px;\">\n<p>Progetto Interreg - IPA CBC <b>FORTITUDINE<\/b> ha organizzato, sotto la guida di Dirk R\u00f6der e Rafael Deroo, nella Festungsidealstadt Karlovac nell'ottobre scorso, un workshop sul tema Patrimonio e promozione. I partner del progetto sono i seguenti <b>Kulturfestung Sibenik<\/b>, morire <b>Festungsidealstadt Karlovac<\/b> (beide HR), die <b>Festungsstadt Herceg Novi<\/b> (BA) e la citt\u00e0 <b>Banja Luka<\/b> (ME). Il workshop, della durata di 2 giorni, si \u00e8 incentrato su temi quali la gestione e la valorizzazione delle strutture ricettive, la digitalizzazione e il marketing digitale per le strutture ricettive e lo sviluppo del turismo delle strutture ricettive, come ad esempio la citt\u00e0 di Karlovac e la citt\u00e0 di Karlovac. <b>Burg Dubovac<\/b>.<\/p>\n<\/td>\n<\/tr>\n<tr><td><hr><\/td><\/tr>\n\n<tr>\n<td style=\"padding-bottom: 5px; text-align: left;\">\n<p><strong>D\u00f6mitz (DE): Progetto di studio della Technischen Universit\u00e4t Warschau sulla Festung D\u00f6mitz<\/strong><\/p>\n<\/td>\n<\/tr>\n<tr>\n<td>\n<img decoding=\"async\" src=\"https:\/\/www.forte-cultura.network\/wp-content\/uploads\/2023\/12\/2021_Doemitz-TU-Warschau.jpg\" style=\"float:left; margin: 5px 20px 7px 0; width: 250px;\">\n<p>Con il titolo \"Wiedereingliederung, Sanierung und Aufwertung der touristischen Funktionen der Festung D\u00f6mitz\" gli studenti della TU Warschau hanno visitato all'inizio del semestre invernale la Festung D\u00f6mitz. In un progetto di 4 gruppi di lavoro sono state analizzate tutte le aree della Festung e dell'ex Festungsidealstadt, con l'obiettivo di elaborare soluzioni e soluzioni per l'inverno. Il finanziamento del Sanierungsstau mangels f\u00fchrte in D\u00f6mitz j\u00fcngst zur Schlie\u00dfung von Festungsbereichen. Il progetto di studio \u00e8 stato avviato da FORTE CULTURA ed \u00e8 stato guidato da Marcin Gorski (TU Warschau e Mitglied des Wissenschaftlichen Beirats von FORTE CULTURA).<\/p>\n<\/td>\n<\/tr>\n<tr><td><hr><\/td><\/tr>\n\n<tr>\n<td style=\"padding-bottom: 5px; text-align: left;\">\n<p><strong>'s-Hertogenbosch (NL): La citt\u00e0 di Festungsstadt con Zitadelle diventa la prima stazione di FORTE CULTURA nei Paesi Bassi.<\/strong><\/p>\n<\/td>\n<\/tr>\n<tr>\n<td>\n<img decoding=\"async\" src=\"https:\/\/www.forte-cultura.network\/wp-content\/uploads\/2023\/12\/2021_denBosch_Von-Joop-van-Houdt.jpg\" style=\"float:left; margin: 5px 20px 7px 0; width: 250px;\">\n<p>La citt\u00e0 di Festungsstadt 's-Hertogenbosch (in breve: Den Bosch) \u00e8 la citt\u00e0 principale della provincia niederl\u00e4ndischen Noord-Brabant e si basa su una cinta muraria e su una zona di villeggiatura di dimensioni maggiori. Den Bosch \u00e8 sempre pi\u00f9 innovativo, come dimostrano il Besucherzentrum im Bollwerk Sankt Johann, il Parkhaus integrato nella Befestigungsanlage o il progetto digitale Den Bosch Time Machine. La citt\u00e0 \u00e8 anche membro di EFFORTS e da molti anni sostiene la cultura dei monumenti in Europa. Con il contributo di FORTE CULTURA \u00e8 possibile gestire il Festungsmarketing della citt\u00e0 e ottenere offerte per il turismo delle feste a Den Bosch, sia a livello internazionale che internazionale. Siamo felici di collaborare con voi.<\/p>\n<\/td>\n<\/tr>\n<tr><td><hr><\/td><\/tr>\n\n<tr>\n<td style=\"padding-bottom: 5px; text-align: left;\">\n<p><strong>Four \u00e1 Chaux, Lembach (FR): Nuova stazione FORTE CULTURA nell'Elsass<\/strong><\/p>\n<\/td>\n<\/tr>\n<tr>\n<td>\n<img decoding=\"async\" src=\"https:\/\/www.forte-cultura.network\/wp-content\/uploads\/2023\/12\/2021_Lembach_1.jpg\" style=\"float:left; margin: 5px 20px 7px 0; width: 250px;\">\n<p>Il Four \u00e0 Chaux di Lembach \u00e8 un'unica struttura della linea Maginot del 20\u00b0 secolo. Jahrhundert. Geleitet und inszeniert von der Association des Amis de la Ligne Maginot de Lembach, bestaunen j\u00e4hrlich zehntausende Besucher die weitl\u00e4ufige Anlage. Le numerose e spiccate caratteristiche, a partire dall'ausfahrbaren MG-Kuppel fino alla Escape-Room, fanno s\u00ec che il Forte diventi una delle pi\u00f9 importanti strutture di accoglienza dell'Elsass. Siamo soddisfatti della cooperazione con il presidente Joseph Haensli e il suo team, che \u00e8 iniziata da poco nel quadro della cooperazione con il Festungskooperation Oberrhein.<\/p>\n<\/td>\n<\/tr>\n<tr><td><hr><\/td><\/tr>\n\n<tr>\n<td style=\"padding-bottom: 5px; text-align: left;\">\n<p><strong>Ziegenhain (DE): Europ\u00e4ischer Festungssommer<\/strong><\/p>\n<\/td>\n<\/tr>\n<tr>\n<td>\n<img decoding=\"async\" src=\"https:\/\/www.forte-cultura.network\/wp-content\/uploads\/2023\/12\/2021_Ziegenhain.jpg\" style=\"float:left; margin: 5px 20px 7px 0; width: 250px;\">\n<p>FORTE CULTURA incontra il rinnovamento dell'Europa nella citt\u00e0 di Ziegenhain, sede di festeggiamenti e conferme.<br>\nLa citt\u00e0 di Ziegenhain e l'Unione Europea Renew Europe hanno organizzato a fine agosto l'Europ\u00e4ischen Festungssommer con una festa di fine anno sulla Paradeplatz della citt\u00e0 delle conferme e della festa. Il direttore Engin Eroglu (MdEP) ha invitato circa 200 persone, tra cui Frauke Vos-Firnkes e Dirk R\u00f6der del comitato direttivo di FORTE CULTURA. Nella sua presentazione, l'organizzatore ha spiegato il ruolo dei monumenti per un'Europa libera e solidale.<\/p>\n<\/td>\n<\/tr>\n<tr><td><hr><\/td><\/tr>\n\n<tr>\n<td style=\"padding-bottom: 5px; text-align: left;\">\n<p><strong>Germersheim (DE): 4. Fachtagung zum Ausbau der Festungskooperation am Oberrhein (Incontro per la creazione di una cooperazione con i produttori)<\/strong><\/p>\n<\/td>\n<\/tr>\n<tr>\n<td>\n<img decoding=\"async\" src=\"https:\/\/www.forte-cultura.network\/wp-content\/uploads\/2023\/12\/2021_Germersheim-Tagung.jpg\" style=\"float:left; margin: 5px 20px 7px 0; width: 250px;\">\n<p>La Regione Oberrhein \u00e8 una delle regioni europee con il maggior numero di monumenti funerari da 2000 anni di storia. Gi\u00e0 nel 2017, con il contributo della citt\u00e0 di Germersheim a FORTE CULTURA, nella regione dell'Oberrhein \u00e8 stato creato un progetto di cooperazione tra Germania e Francia per il turismo delle feste. La 4. Fachtagung besch\u00e4ftigte sich mit der Frage, wie grenz\u00fcberschreitender Tourismus f\u00fcr die Festungsmonumente der Region Oberrhein in Kooperation mit der Europ\u00e4ischen Kulturroute FORTE CULTURA organisiert werden kann. Gli interventi pratici hanno dato un'impronta al percorso come monumento di festa per la destinazione turistica. In Workshopsessions sono stati creati dei dettagliati moduli di viaggio per il turismo di festa nell'Oberrhein. <\/p>\n<\/td>\n<\/tr>\n<tr><td><hr><\/td><\/tr>\n\n<tr>\n<td style=\"padding-bottom: 5px; text-align: left;\">\n<p><strong>Pola (HR) - Berlino (DE): Conferenza online con 105 partecipanti da 17 paesi<\/strong><\/p>\n<\/td>\n<\/tr>\n<tr>\n<td>\n<img decoding=\"async\" src=\"https:\/\/www.forte-cultura.network\/wp-content\/uploads\/2023\/12\/eventbrite-head_1.jpg\" style=\"float:left; margin: 5px 30px 7px 0; width: 180px;\">\n<p>Il comitato scientifico congiunto FORTE CULTURA \/ EFFORTS ha organizzato il 6 maggio una conferenza di valutazione su \"Nachhaltigen Inwertzung des Kulturerbes Festungsmonumente\". Mai eine Evaluierungskonferenz zur \"Nachhaltigen Inwertsetzung des Kulturerbes Festungsmonumente\", die von der Juraj Dobrila Universit\u00e4t in Pula (HR) ausgerichtet wurde. I contributi sulle migliori pratiche provenienti da Croazia, Polonia, Italia, Montenegro e da FORTE CULTURA contribuiranno a creare discussioni transnazionali e a trasferire le conoscenze sui temi pi\u00f9 importanti per il festival. La conferenza ha messo in evidenza l'alto livello di importanza dell'Austausch auf europ\u00e4ischer Ebene. Si \u00e8 quindi deciso che ulteriori eventi sono in programma e che il sostegno finanziario deve essere garantito. Il nome dell'evento pu\u00f2 essere indicato nel <a href=\"https:\/\/youtu.be\/h3QnkUHbetg\" target=\"_blank\" rel=\"noopener\"><b>FORTE CULTURA Canale YouTube<\/b><\/a> angsehen werden.<\/p>\n<\/td>\n<\/tr>\n<tr><td><hr><\/td><\/tr>\n\n<tr>\n<td style=\"padding-bottom: 5px; text-align: left;\">\n<p><strong>Estate europea della fortezza 2021 con conferenza di presentazione nell'Oberrhein<\/strong><\/p>\n<\/td>\n<\/tr>\n<tr>\n<td>\n<img decoding=\"async\" src=\"https:\/\/www.forte-cultura.network\/wp-content\/uploads\/2023\/12\/logo-EFS_2021red.png\" style=\"float:left; margin: -10px 25px 0 15px; width: 130px; transform: rotate(7deg);\">\n<p>Il 15 aprile si \u00e8 svolta a Germersheim la conferenza di presentazione degli Europ\u00e4ische Festungssommer 2021. aprile si \u00e8 svolta a Germersheim, nel quadro di una conferenza di presentazione dell'Europ\u00e4ische Festungssommer 2021, l'evento \u00e8 stato organizzato.<\/p>\n<p>La campagna 2018 di FORTE CULTURA per la vendita di eventi nelle Festunghe \u00e8 stata inaugurata in collaborazione con EFFORTS e ha portato alla creazione di una nuova etichetta. Tra gli Europ\u00e4ischen Festungssommer ci sono anche il \"Kultursommer Elbe-Festungen\", il \"Festungssommer Oberrhein\" e molti altri eventi e manifestazioni. <\/p>\n<p>Tutte le Festungen (anche le Nichtmitglieder) sono state selezionate per la Beteiligung.<\/p>\n<\/td>\n<\/tr>\n<tr><td><hr><\/td><\/tr>\n\n<tr>\n<td style=\"padding-bottom: 5px; text-align: left;\">\n<p><strong>Nuovi strumenti di marketing \"Kulturerbe Festungsmonumente am Oberrhein<\/strong><\/p>\n<\/td>\n<\/tr>\n<tr>\n<td>\n<img decoding=\"async\" src=\"https:\/\/www.forte-cultura.network\/wp-content\/uploads\/2023\/12\/UpperRhine21.jpg\" alt=\"\" style=\"width: 232px; float: left; margin: 4px 20px 5px 0;\">\n<p>Su iniziativa della Festungsstadt di Germersheim, guidata dall'Eurodistrikt PAMINA e dalla Touristik-Gemeinschaft Baden-Elsass-Pfalz e.V. (Vis-\u00e0-Vis), FORTE CULTURA ha realizzato, in collaborazione con la Marketinggemeinschaft Oberrhein, un Festungsflyer con una carta, uno Stempelpass e una Wanderausstellung.<\/p>\n<p>Gli strumenti di marketing sono disponibili da subito nei 30 musei e fondazioni di cui fanno parte e saranno utilizzati dai commercianti di festival dell'Oberrhein dal 15 aprile al 31 aprile. Aprile al 31. Oktober 2021 inhaltlich begleiten. Ulteriori informazioni sono disponibili in Bereich <a href=\"https:\/\/forte-cultura.eu\"><b>Oberrhein<\/b><\/a> sul nostro sito web.<\/p>\n<\/td>\n<\/tr>\n<tr><td><hr><\/td><\/tr>\n\n<tr>\n<td style=\"padding-bottom: 5px; text-align: left;\">\n<p><strong> \t\nNeue FORTE CULTURA Station(en) am Oberrhein (DE-FR)\n<\/strong><\/p>\n<\/td>\n<\/tr>\n<tr>\n<td>\n\n<p>Abbiamo iniziato a lavorare con il gruppo regionale dei Festungsgruppe <b>\"Festungen und Wehrgeschichte am Oberrhein 1929 - 1999\"<\/b> con il Bunkermuseum Dettenheim, il Bunker-Tour Hausach, il Bunker Hornisgrinde, il Tarnbunker Neum\u00fchl, il Museumsbunker Emilie (tutti DE) e il Mus\u00e9e M\u00e9morial Walbourg (2MCLADN, FR) come nuove stazioni di FORTE CULTURA nella nostra rete. Il gruppo Festungs \u00e8 parte dell'iniziativa franco-tedesca di 30 monumenti e musei dell'Oberrhein, che comprende anche la citt\u00e0 di Germersheim e il forte di Schoenenbourg.<\/p>\n<\/td>\n<\/tr>\n<tr><td><hr><\/td><\/tr>\n\n<tr>\n<td style=\"padding-bottom: 5px; text-align: left;\">\n<p><strong>Sandomierz (PL): Nuova stazione FORTE CULTURA sul Weichsel<\/strong><\/p>\n<\/td>\n<\/tr>\n<tr>\n<td>\n<img decoding=\"async\" src=\"https:\/\/www.forte-cultura.network\/wp-content\/uploads\/2023\/12\/2020%20Sandomierz.jpg\" alt=\"\" style=\"width: 232px; float: left; margin: 4px 20px 5px 0;\">\n<p>Sandomierz si trova sulla Weichselufer occidentale, nella Woiwodschaft Heiligkreuz. Nell'ex citt\u00e0 vecchia, con la piazza centrale del municipio, si trovano opere di architettura romanica, gotica, rinascimentale e barocca. Si trova tra i pi\u00f9 belli e meglio conservati di tutta la Polonia. Nel cuore della citt\u00e0 si trova il bellissimo castello di Kasimir, risalente al 14\u00b0 secolo. Jahrhundert e si pu\u00f2 ammirare il piccolo porto. Sono da vedere anche un bastione a ovest della citt\u00e0, le zone e i quartieri della citt\u00e0 vecchia e le numerose chiese. Con il Kulturzentrum Sandomierz, FORTE CULTURA ha trovato un altro importante partner in Polonia.<\/p>\n<\/td>\n<\/tr>\n<tr><td><hr><\/td><\/tr>\n<\/tbody><\/table><\/div><\/div>\n\n\n<hr class=\"is-style-wide eplus-wrapper wp-block-separator alignwide has-text-color has-custom-fo-cu-2-color has-alpha-channel-opacity has-custom-fo-cu-2-background-color has-background\"\/>\n\n\n<div class=\"eplus-wrapper wp-block-columns alignwide is-layout-flex wp-container-core-columns-is-layout-28f84493 wp-block-columns-is-layout-flex eplus-styles-uid-1e46e5\">\n<div class=\"eplus-wrapper wp-block-column is-layout-flow wp-block-column-is-layout-flow\">\n<div class=\"wp-block-kadence-advancedbtn kb-buttons-wrap kb-btns147_c36a9c-2b\"><a class=\"kb-button kt-button button kb-btn147_ca44ef-e4 kt-btn-size-standard kt-btn-width-type-full kb-btn-global-fill  kt-btn-has-text-true kt-btn-has-svg-false  wp-block-kadence-singlebtn\" href=\"https:\/\/www.forte-cultura.network\/it\/attivita-di-rete\/\"><span class=\"kt-btn-inner-text\">aktuell<\/span><\/a><\/div>\n<\/div>\n\n\n\n<div class=\"wp-block-column eplus-wrapper is-layout-flow wp-block-column-is-layout-flow\">\n<div class=\"wp-block-kadence-advancedbtn kb-buttons-wrap kb-btns147_ce6c62-14\"><a class=\"kb-button kt-button button kb-btn147_d105ae-0d kt-btn-size-standard kt-btn-width-type-full kb-btn-global-fill  kt-btn-has-text-true kt-btn-has-svg-false  wp-block-kadence-singlebtn\" href=\"https:\/\/www.forte-cultura.network\/it\/attivita-di-rete\/attivita-della-rete-forte-cultura-2024\/\"><span class=\"kt-btn-inner-text\">2024<\/span><\/a><\/div>\n<\/div>\n\n\n\n<div class=\"eplus-wrapper wp-block-column is-layout-flow wp-block-column-is-layout-flow\">\n<div class=\"wp-block-kadence-advancedbtn kb-buttons-wrap kb-btns147_955be6-df\"><a class=\"kb-button kt-button button kb-btn147_009979-cd kt-btn-size-standard kt-btn-width-type-full kb-btn-global-fill  kt-btn-has-text-true kt-btn-has-svg-false  wp-block-kadence-singlebtn\" href=\"https:\/\/www.forte-cultura.network\/it\/attivita-di-rete\/attivita-della-rete-forte-cultura-2023\/\"><span class=\"kt-btn-inner-text\">2023<\/span><\/a><\/div>\n<\/div>\n\n\n\n<div class=\"eplus-wrapper wp-block-column is-layout-flow wp-block-column-is-layout-flow\">\n<div class=\"wp-block-kadence-advancedbtn kb-buttons-wrap kb-btns147_d26849-35\"><a class=\"kb-button kt-button button kb-btn147_54b4ac-af kt-btn-size-standard kt-btn-width-type-full kb-btn-global-fill  kt-btn-has-text-true kt-btn-has-svg-false  wp-block-kadence-singlebtn\" href=\"https:\/\/www.forte-cultura.network\/it\/attivita-di-rete\/attivita-di-rete-2022\/\"><span class=\"kt-btn-inner-text\">2022<\/span><\/a><\/div>\n<\/div>\n\n\n\n<div class=\"eplus-wrapper wp-block-column is-layout-flow wp-block-column-is-layout-flow\">\n<div class=\"wp-block-kadence-advancedbtn kb-buttons-wrap kb-btns147_ed7fe3-d2\"><a class=\"kb-button kt-button button kb-btn147_a07546-b3 kt-btn-size-standard kt-btn-width-type-full kb-btn-global-fill  kt-btn-has-text-true kt-btn-has-svg-false  wp-block-kadence-singlebtn\" href=\"https:\/\/www.forte-cultura.network\/it\/attivita-di-rete\/attivita-di-rete-2020\/\"><span class=\"kt-btn-inner-text\">2020<\/span><\/a><\/div>\n<\/div>\n\n\n\n<div class=\"eplus-wrapper wp-block-column is-layout-flow wp-block-column-is-layout-flow\"><\/div>\n\n\n\n<div class=\"eplus-wrapper wp-block-column is-layout-flow wp-block-column-is-layout-flow\"><\/div>\n<\/div>\n\n\n<hr class=\"eplus-wrapper wp-block-separator alignwide has-text-color has-custom-fo-cu-2-color has-alpha-channel-opacity has-custom-fo-cu-2-background-color has-background\"\/>\n\n\n\n<div class=\"wp-block-kadence-spacer alignwide kt-block-spacer-147_bdef3c-f0\"><div class=\"kt-block-spacer kt-block-spacer-halign-center\"><\/div><\/div>","protected":false},"excerpt":{"rendered":"<p>Festung K\u00f6nigstein, Sachsen (DE): FORTE CULTURA Mitgliederversammlung 2021 29 Mitglieder und G\u00e4ste aus 7 L\u00e4ndern trafen sich zur FORTE CULTURA Mitgliederversammlung 2021 auf der Festung K\u00f6nigstein (Sachsen). Unter der Leitung [&hellip;]<\/p>\n","protected":false},"author":1,"featured_media":0,"parent":2,"menu_order":0,"comment_status":"closed","ping_status":"closed","template":"","meta":{"editor_plus_copied_stylings":"{}","pgc_sgb_lightbox_settings":"","_price":"","_stock":"","_tribe_ticket_header":"","_tribe_default_ticket_provider":"","_tribe_ticket_capacity":"0","_ticket_start_date":"","_ticket_end_date":"","_tribe_ticket_show_description":"","_tribe_ticket_show_not_going":false,"_tribe_ticket_use_global_stock":"","_tribe_ticket_global_stock_level":"","_global_stock_mode":"","_global_stock_cap":"","_tribe_rsvp_for_event":"","_tribe_ticket_going_count":"","_tribe_ticket_not_going_count":"","_tribe_tickets_list":"[]","_tribe_ticket_has_attendee_info_fields":false,"_EventAllDay":false,"_EventTimezone":"","_EventStartDate":"","_EventEndDate":"","_EventStartDateUTC":"","_EventEndDateUTC":"","_EventShowMap":false,"_EventShowMapLink":false,"_EventURL":"","_EventCost":"","_EventCostDescription":"","_EventCurrencySymbol":"","_EventCurrencyCode":"","_EventCurrencyPosition":"","_EventDateTimeSeparator":"","_EventTimeRangeSeparator":"","_EventOrganizerID":[],"_EventVenueID":[],"_OrganizerEmail":"","_OrganizerPhone":"","_OrganizerWebsite":"","_VenueAddress":"","_VenueCity":"","_VenueCountry":"","_VenueProvince":"","_VenueState":"","_VenueZip":"","_VenuePhone":"","_VenueURL":"","_VenueStateProvince":"","_VenueLat":"","_VenueLng":"","_VenueShowMap":false,"_VenueShowMapLink":false,"footnotes":""},"class_list":["post-147","page","type-page","status-publish","hentry"],"_links":{"self":[{"href":"https:\/\/www.forte-cultura.network\/it\/wp-json\/wp\/v2\/pages\/147","targetHints":{"allow":["GET"]}}],"collection":[{"href":"https:\/\/www.forte-cultura.network\/it\/wp-json\/wp\/v2\/pages"}],"about":[{"href":"https:\/\/www.forte-cultura.network\/it\/wp-json\/wp\/v2\/types\/page"}],"author":[{"embeddable":true,"href":"https:\/\/www.forte-cultura.network\/it\/wp-json\/wp\/v2\/users\/1"}],"replies":[{"embeddable":true,"href":"https:\/\/www.forte-cultura.network\/it\/wp-json\/wp\/v2\/comments?post=147"}],"version-history":[{"count":0,"href":"https:\/\/www.forte-cultura.network\/it\/wp-json\/wp\/v2\/pages\/147\/revisions"}],"up":[{"embeddable":true,"href":"https:\/\/www.forte-cultura.network\/it\/wp-json\/wp\/v2\/pages\/2"}],"wp:attachment":[{"href":"https:\/\/www.forte-cultura.network\/it\/wp-json\/wp\/v2\/media?parent=147"}],"curies":[{"name":"wp","href":"https:\/\/api.w.org\/{rel}","templated":true}]}}