{"id":2799,"date":"2025-08-31T12:03:08","date_gmt":"2025-08-31T10:03:08","guid":{"rendered":"https:\/\/www.forte-cultura.network\/?page_id=2799"},"modified":"2025-08-31T12:13:14","modified_gmt":"2025-08-31T10:13:14","slug":"indagine-sugli-interessi-dei-blog-di-forte-cultura-2025","status":"publish","type":"page","link":"https:\/\/www.forte-cultura.network\/it\/forte-cultura-blogs-interest-survey-2025\/","title":{"rendered":"Blog FORTE CULTURA - Sondaggio di interesse 2025"},"content":{"rendered":"<div class=\"eplus-wrapper wp-block-columns alignwide is-layout-flex wp-container-core-columns-is-layout-28f84493 wp-block-columns-is-layout-flex eplus-styles-uid-434791\">\n<div class=\"eplus-wrapper wp-block-column is-layout-flow wp-block-column-is-layout-flow\">\n<h2 class=\"eplus-wrapper wp-block-heading\">Spunti dal nostro recente sondaggio sul blog<\/h2>\n\n\n\n<p class=\"eplus-wrapper\"><em>Di Tom\u00e1\u0161 Jirouch<\/em><\/p>\n\n\n\n<p class=\"eplus-wrapper\">Nel luglio del 2025 abbiamo condotto un sondaggio per capire meglio le preferenze del nostro pubblico e il suo coinvolgimento con il blog di FORTE CULTURA. I risultati hanno fornito indicazioni preziose su come i nostri lettori vogliono interagire con i contenuti, su quali argomenti li interessano di pi\u00f9 e sulla loro disponibilit\u00e0 a contribuire. Abbiamo raccolto 32 risposte. Ecco cosa abbiamo scoperto:<\/p>\n\n\n\n<h2 class=\"wp-block-heading eplus-wrapper\">1. Frequenza preferita per gli aggiornamenti del blog<\/h2>\n\n\n\n<p class=\"eplus-wrapper\">Alla domanda sulla frequenza con cui vorrebbero ricevere aggiornamenti via e-mail, le risposte sono state equamente distribuite:<\/p>\n\n\n<ul class=\"wp-block-list eplus-wrapper eplus-styles-uid-8bcd91\">\n<li class=\"eplus-wrapper\"><strong>Una volta al mese (round-up mensile):<\/strong> 9 rispondenti<\/li>\n\n\n\n<li class=\"eplus-wrapper\"><strong>Una volta alla settimana (riepilogo dei nuovi contenuti):<\/strong> 9 rispondenti<\/li>\n\n\n\n<li class=\"eplus-wrapper\"><strong>Ogni volta che viene pubblicato un nuovo articolo (circa ogni settimana):<\/strong> 8 rispondenti<\/li>\n\n\n\n<li class=\"eplus-wrapper\"><strong>Una volta ogni tre mesi (dati salienti trimestrali):<\/strong> 5 intervistati<\/li>\n<\/ul>\n\n\n<p class=\"eplus-wrapper\">In sintesi, gli intervistati possono essere raggruppati in tre categorie fondamentali:<\/p>\n\n\n<ul class=\"wp-block-list eplus-wrapper eplus-styles-uid-cbb80a\">\n<li class=\"eplus-wrapper\"><strong>Settimanalmente (o ogni volta che viene pubblicato un nuovo articolo):<\/strong> 55 %<\/li>\n\n\n\n<li class=\"eplus-wrapper\"><strong>Una volta al mese:<\/strong> 29 %<\/li>\n\n\n\n<li class=\"eplus-wrapper\"><strong>Meno spesso (trimestrale o simile):<\/strong> 16 %<\/li>\n<\/ul>\n\n\n<p class=\"eplus-wrapper\"><strong>Da qui il risultato:<\/strong> I lettori apprezzano la flessibilit\u00e0. Alcuni preferiscono aggiornamenti concisi, mensili o trimestrali, mentre altri desiderano notifiche pi\u00f9 frequenti sui nuovi articoli. Offrire pi\u00f9 opzioni di abbonamento potrebbe soddisfare tutti. Circa <strong>84 % degli intervistati<\/strong> desidera ricevere gli aggiornamenti <strong>almeno una volta al mese<\/strong>.<\/p>\n\n\n\n<h3 class=\"wp-block-heading eplus-wrapper\">Cosa ci dicono la media e la mediana<\/h3>\n\n\n\n<p class=\"eplus-wrapper\">Il gruppo pi\u00f9 numeroso preferisce essere informato <strong>regolarmente, ogni sette giorni<\/strong>mentre una parte pi\u00f9 piccola \u00e8 soddisfatta degli aggiornamenti <strong>una volta al mese o solo una volta ogni tre mesi<\/strong>. Se si calcola una media \"ponderata\" in base al numero di giorni che intercorrono tra un aggiornamento e l'altro, si ottiene il risultato di <strong>la frequenza media preferita \u00e8 di circa 25 giorni<\/strong>. Questo significa che il lettore tipo vuole aggiornamenti pi\u00f9 o meno <strong>una volta al mese<\/strong>ma molti preferiscono notifiche pi\u00f9 frequenti.<\/p>\n\n\n\n<p class=\"eplus-wrapper\">La mediana - il valore che divide i lettori in due met\u00e0 uguali, pi\u00f9 frequenti e meno frequenti - rientra nella categoria <strong>categoria settimanale o per articolo<\/strong>. Questo conferma che la maggior parte dei lettori preferisce <strong>aggiornamenti regolari e frequenti<\/strong>.<\/p>\n\n\n\n<figure class=\"wp-block-image size-large eplus-wrapper\"><img loading=\"lazy\" decoding=\"async\" width=\"1024\" height=\"455\" src=\"https:\/\/www.forte-cultura.network\/wp-content\/uploads\/2025\/08\/image-1024x455.png\" alt=\"\" class=\"wp-image-2800\" srcset=\"https:\/\/www.forte-cultura.network\/wp-content\/uploads\/2025\/08\/image-1024x455.png 1024w, https:\/\/www.forte-cultura.network\/wp-content\/uploads\/2025\/08\/image-300x133.png 300w, https:\/\/www.forte-cultura.network\/wp-content\/uploads\/2025\/08\/image-768x341.png 768w, https:\/\/www.forte-cultura.network\/wp-content\/uploads\/2025\/08\/image-1536x682.png 1536w, https:\/\/www.forte-cultura.network\/wp-content\/uploads\/2025\/08\/image-2048x909.png 2048w, https:\/\/www.forte-cultura.network\/wp-content\/uploads\/2025\/08\/image-18x8.png 18w\" sizes=\"auto, (max-width: 1024px) 100vw, 1024px\" \/><\/figure>\n\n\n\n<h2 class=\"wp-block-heading eplus-wrapper\">2. Tipi di contenuto pi\u00f9 desiderati<\/h2>\n\n\n\n<p class=\"eplus-wrapper\">Ai partecipanti \u00e8 stato chiesto quali sono i contenuti a cui sono pi\u00f9 interessati e i risultati mostrano una chiara gerarchia di preferenze:<\/p>\n\n\n<ul class=\"wp-block-list eplus-wrapper eplus-styles-uid-560fde\">\n<li class=\"eplus-wrapper\"><strong>Progetti di siti fortificati:<\/strong> 27 menzioni<\/li>\n\n\n\n<li class=\"eplus-wrapper\"><strong>Ricerche, buone pratiche e articoli di esperti:<\/strong> 23 menzioni<\/li>\n\n\n\n<li class=\"eplus-wrapper\"><strong>Itinerari e proposte di turismo culturale:<\/strong> 15 menzioni<\/li>\n\n\n\n<li class=\"eplus-wrapper\"><strong>Opportunit\u00e0 di finanziamento:<\/strong> 14 menzioni<\/li>\n\n\n\n<li class=\"eplus-wrapper\"><strong>Interviste ai soci e approfondimenti sulla gestione della fortezza:<\/strong> 10 menzioni<\/li>\n<\/ul>\n\n\n<p class=\"eplus-wrapper\"><strong>Da qui il risultato:<\/strong> La maggior parte dei lettori \u00e8 pi\u00f9 coinvolta dai contenuti che mettono in evidenza i progetti della fortezza e dagli articoli basati sulla ricerca. Anche il turismo culturale, la guida ai finanziamenti e le prospettive degli addetti ai lavori sono apprezzati, ma in misura leggermente inferiore.<\/p>\n\n\n\n<h2 class=\"wp-block-heading eplus-wrapper\">3. Interesse a contribuire ai contenuti<\/h2>\n\n\n\n<p class=\"eplus-wrapper\">Abbiamo anche valutato se i lettori fossero interessati a contribuire con i loro contenuti:<\/p>\n\n\n<ul class=\"wp-block-list eplus-wrapper eplus-styles-uid-e55c2d\">\n<li class=\"eplus-wrapper\"><strong>S\u00ec, ho gi\u00e0 in mente qualcosa:<\/strong> 7 risposte<\/li>\n\n\n\n<li class=\"eplus-wrapper\"><strong>S\u00ec, ma ho bisogno di aiuto per iniziare:<\/strong> 7 risposte<\/li>\n\n\n\n<li class=\"eplus-wrapper\"><strong>Forse in futuro:<\/strong> 10 risposte<\/li>\n\n\n\n<li class=\"eplus-wrapper\"><strong>No, non al momento:<\/strong> 4 risposte<\/li>\n<\/ul>\n\n\n<p class=\"eplus-wrapper\">Da 28 risposte:<\/p>\n\n\n<ul class=\"wp-block-list eplus-wrapper eplus-styles-uid-6bd34c\">\n<li class=\"eplus-wrapper\"><strong>Interessati ora (con un'idea o con bisogno di aiuto):<\/strong> 50%<\/li>\n\n\n\n<li class=\"eplus-wrapper\"><strong>Forse pi\u00f9 tardi:<\/strong> 36%<\/li>\n\n\n\n<li class=\"eplus-wrapper\"><strong>Non sono interessato:<\/strong> 14%<\/li>\n<\/ul>\n\n\n<p class=\"eplus-wrapper\"><strong>Da qui il risultato:<\/strong> La met\u00e0 degli intervistati \u00e8 pronta a contribuire immediatamente, mentre alcuni hanno bisogno di una guida. C'\u00e8 anche un gruppo consistente che potrebbe contribuire in futuro, il che indica un potenziale di crescita dei contenuti della comunit\u00e0.<\/p>\n\n\n\n<h2 class=\"wp-block-heading eplus-wrapper\">4. Le idee<\/h2>\n\n\n\n<p class=\"eplus-wrapper\">I partecipanti al sondaggio hanno suggerito diversi argomenti specifici per il blog di FORTE CULTURA, tra cui:<\/p>\n\n\n\n<p class=\"eplus-wrapper\"><strong>1. Eventi e comunit\u00e0<\/strong><\/p>\n\n\n<ul class=\"wp-block-list eplus-wrapper eplus-styles-uid-ee93d0\">\n<li class=\"eplus-wrapper\">Notizie sui prossimi eventi.<\/li>\n\n\n\n<li class=\"eplus-wrapper\">Come le persone possono contribuire allo studio e alla documentazione dei forti.<\/li>\n\n\n\n<li class=\"eplus-wrapper\">Attivit\u00e0 di volontariato e possibili impieghi per il personale.<\/li>\n<\/ul>\n\n\n<p class=\"eplus-wrapper\"><strong>2. Ricerca e tecnologia<\/strong><\/p>\n\n\n<ul class=\"wp-block-list eplus-wrapper eplus-styles-uid-8a51ed\">\n<li class=\"eplus-wrapper\">Usare la scienza per studiare le fortezze.<\/li>\n\n\n\n<li class=\"eplus-wrapper\">Come l'IA aiuta nella ricerca, nelle mappe e nella gestione delle informazioni.<\/li>\n\n\n\n<li class=\"eplus-wrapper\">Strumenti come la geofisica e il radar di penetrazione del terreno per trovare strutture nascoste.<\/li>\n<\/ul>\n\n\n<p class=\"eplus-wrapper\"><strong>3. Conservazione e buone pratiche<\/strong><\/p>\n\n\n<ul class=\"wp-block-list eplus-wrapper eplus-styles-uid-835759\"><\/ul>\n\n<ul class=\"wp-block-list eplus-wrapper eplus-styles-uid-ec05e5\">\n<li class=\"eplus-wrapper\">Esempi di progetti di restauro.<\/li>\n\n\n\n<li class=\"eplus-wrapper\">Ritrovamenti interessanti, come vecchi utensili o parti nascoste di fortezze.<\/li>\n<\/ul>\n\n<ul class=\"wp-block-list eplus-wrapper eplus-styles-uid-da00f3\"><\/ul>\n\n<ul class=\"wp-block-list eplus-wrapper eplus-styles-uid-c82099\"><\/ul>\n\n\n<p class=\"eplus-wrapper\"><strong>4. Etica e argomenti speciali<\/strong><\/p>\n\n\n<ul class=\"wp-block-list eplus-wrapper eplus-styles-uid-e5b2ef\">\n<li class=\"eplus-wrapper\">Scoperte insolite, come impronte di animali sui mattoni di un castello.<\/li>\n\n\n\n<li class=\"eplus-wrapper\">Questioni etiche nella ricerca e nella conservazione.<\/li>\n<\/ul>\n\n<ul class=\"wp-block-list eplus-wrapper eplus-styles-uid-e50afd\"><\/ul>\n\n<ul class=\"wp-block-list eplus-wrapper eplus-styles-uid-068815\"><\/ul>\n\n\n<h2 class=\"wp-block-heading eplus-wrapper\">Conclusione<\/h2>\n\n\n\n<p class=\"eplus-wrapper\">I risultati del sondaggio forniscono una chiara tabella di marcia per il Blog FORTE CULTURA:<\/p>\n\n\n<ol class=\"wp-block-list eplus-wrapper eplus-styles-uid-4bda86\">\n<li class=\"eplus-wrapper\">Concentra i contenuti su progetti di fortificazioni e articoli basati sulla ricerca, includendo anche consigli sul turismo culturale e opportunit\u00e0 di finanziamento.<\/li>\n\n\n\n<li class=\"eplus-wrapper\">Incoraggiare i contributi dei lettori fornendo indicazioni a chi ne ha bisogno.<\/li>\n\n\n\n<li class=\"eplus-wrapper\">Circa l'84 % degli intervistati desidera ricevere aggiornamenti sul blog almeno una volta al mese.<\/li>\n<\/ol><\/div>\n<\/div>\n\n\n<blockquote class=\"wp-block-quote eplus-wrapper is-layout-flow wp-block-quote-is-layout-flow\">\n<p class=\"has-text-align-center eplus-wrapper\">Avete bisogno di ulteriori informazioni?<\/p>\n\n\n\n<p class=\"has-text-align-center eplus-wrapper\">Contatto: <strong><a>publish@forte-cultura.eu<\/a><\/strong><\/p>\n<\/blockquote>","protected":false},"excerpt":{"rendered":"<p>Insights from Our Recent Blog Survey By Tom\u00e1\u0161 Jirouch In July 2025 we conducted a survey to better understand our audience\u2019s preferences and engagement with the FORTE CULTURA Blog. The [&hellip;]<\/p>\n","protected":false},"author":3,"featured_media":0,"parent":0,"menu_order":0,"comment_status":"closed","ping_status":"closed","template":"","meta":{"editor_plus_copied_stylings":"{}","pgc_sgb_lightbox_settings":"","_price":"","_stock":"","_tribe_ticket_header":"","_tribe_default_ticket_provider":"","_tribe_ticket_capacity":"0","_ticket_start_date":"","_ticket_end_date":"","_tribe_ticket_show_description":"","_tribe_ticket_show_not_going":false,"_tribe_ticket_use_global_stock":"","_tribe_ticket_global_stock_level":"","_global_stock_mode":"","_global_stock_cap":"","_tribe_rsvp_for_event":"","_tribe_ticket_going_count":"","_tribe_ticket_not_going_count":"","_tribe_tickets_list":"[]","_tribe_ticket_has_attendee_info_fields":false,"_EventAllDay":false,"_EventTimezone":"","_EventStartDate":"","_EventEndDate":"","_EventStartDateUTC":"","_EventEndDateUTC":"","_EventShowMap":false,"_EventShowMapLink":false,"_EventURL":"","_EventCost":"","_EventCostDescription":"","_EventCurrencySymbol":"","_EventCurrencyCode":"","_EventCurrencyPosition":"","_EventDateTimeSeparator":"","_EventTimeRangeSeparator":"","_EventOrganizerID":[],"_EventVenueID":[],"_OrganizerEmail":"","_OrganizerPhone":"","_OrganizerWebsite":"","_VenueAddress":"","_VenueCity":"","_VenueCountry":"","_VenueProvince":"","_VenueState":"","_VenueZip":"","_VenuePhone":"","_VenueURL":"","_VenueStateProvince":"","_VenueLat":"","_VenueLng":"","_VenueShowMap":false,"_VenueShowMapLink":false,"footnotes":""},"class_list":["post-2799","page","type-page","status-publish","hentry"],"_links":{"self":[{"href":"https:\/\/www.forte-cultura.network\/it\/wp-json\/wp\/v2\/pages\/2799","targetHints":{"allow":["GET"]}}],"collection":[{"href":"https:\/\/www.forte-cultura.network\/it\/wp-json\/wp\/v2\/pages"}],"about":[{"href":"https:\/\/www.forte-cultura.network\/it\/wp-json\/wp\/v2\/types\/page"}],"author":[{"embeddable":true,"href":"https:\/\/www.forte-cultura.network\/it\/wp-json\/wp\/v2\/users\/3"}],"replies":[{"embeddable":true,"href":"https:\/\/www.forte-cultura.network\/it\/wp-json\/wp\/v2\/comments?post=2799"}],"version-history":[{"count":4,"href":"https:\/\/www.forte-cultura.network\/it\/wp-json\/wp\/v2\/pages\/2799\/revisions"}],"predecessor-version":[{"id":2808,"href":"https:\/\/www.forte-cultura.network\/it\/wp-json\/wp\/v2\/pages\/2799\/revisions\/2808"}],"wp:attachment":[{"href":"https:\/\/www.forte-cultura.network\/it\/wp-json\/wp\/v2\/media?parent=2799"}],"curies":[{"name":"wp","href":"https:\/\/api.w.org\/{rel}","templated":true}]}}