{"id":3496,"date":"2025-11-12T23:57:22","date_gmt":"2025-11-12T22:57:22","guid":{"rendered":"https:\/\/www.forte-cultura.network\/?page_id=3496"},"modified":"2026-02-16T07:06:47","modified_gmt":"2026-02-16T06:06:47","slug":"elenco-delle-categorie-del-blog","status":"publish","type":"page","link":"https:\/\/www.forte-cultura.network\/it\/blog-categories-list\/","title":{"rendered":"FORTE CULTURA Blog di attivit\u00e0 e scienze Elenco delle categorie"},"content":{"rendered":"<div class=\"eplus-wrapper wp-block-columns alignwide is-layout-flex wp-container-core-columns-is-layout-28f84493 wp-block-columns-is-layout-flex eplus-styles-uid-9a0cd6\">\n<div class=\"eplus-wrapper wp-block-column is-layout-flow wp-block-column-is-layout-flow\">\n<h2 class=\"wp-block-heading eplus-wrapper\">Categorie tematiche<\/h2>\n<\/div>\n<\/div>\n\n\n<div class=\"wp-block-group eplus-wrapper is-vertical is-layout-flex wp-container-core-group-is-layout-fe9cc265 wp-block-group-is-layout-flex\"><ul class=\"wp-block-list eplus-wrapper eplus-styles-uid-2e8f32\">\n<li class=\"eplus-wrapper\"><strong><a href=\"https:\/\/www.forte-cultura.network\/it\/categoria\/blog-scientifico\/\" data-type=\"link\" data-id=\"https:\/\/www.forte-cultura.network\/category\/science-blog\/\">Blog sulla scienza<\/a><\/strong> \u2013 Articoli di gruppo rivolti a esperti e scienziati. Di solito sono pi\u00f9 lunghi dei post del blog delle attivit\u00e0. Il blog ha una propria pagina dedicata. <a href=\"https:\/\/www.forte-cultura.network\/it\/per-i-membri\/blog-scientifico-di-forte-cultura\/\" data-type=\"link\" data-id=\"https:\/\/www.forte-cultura.network\/fuer-mitglieder\/forte-cultura-science-blog\/\"><strong>QUI<\/strong><\/a>.<\/li>\n\n\n\n<li class=\"eplus-wrapper\">Complessivamente<ul class=\"wp-block-list eplus-wrapper eplus-styles-uid-3d1c7c\">\n<li class=\"eplus-wrapper\"><strong><a href=\"https:\/\/www.forte-cultura.network\/it\/categoria\/blog-delle-attivita-non-utilizzare-questo\/blog-scientifico\/cultural-management\/\" data-type=\"link\" data-id=\"https:\/\/www.forte-cultura.network\/category\/activity-blog-do-not-use-this\/science-blog\/cultural-management\/\">Gestione culturale<\/a><\/strong> \u2013 Si concentra sul riutilizzo turistico, educativo e culturale del patrimonio fortificato<\/li>\n\n\n\n<li class=\"eplus-wrapper\"><strong><a href=\"https:\/\/www.forte-cultura.network\/it\/categoria\/blog-delle-attivita-non-utilizzare-questo\/blog-scientifico\/gestione-della-fortezza\/\" data-type=\"link\" data-id=\"https:\/\/www.forte-cultura.network\/category\/activity-blog-do-not-use-this\/science-blog\/fortress-management\/\">Gestione della fortezza<\/a><\/strong> \u2013 Riguarda la conservazione strutturale, la manutenzione e la gestione operativa dei siti fortificati, compresi i finanziamenti, l'architettura, le politiche, lo sviluppo regionale, la coesione, la governance, ecc.<\/li>\n<\/ul><\/li>\n\n\n\n<li class=\"eplus-wrapper\">Orizzontale:<ul class=\"wp-block-list eplus-wrapper eplus-styles-uid-e1e34b\">\n<li class=\"eplus-wrapper\"><strong><a href=\"https:\/\/www.forte-cultura.network\/it\/categoria\/blog-delle-attivita-non-utilizzare-questo\/orizzontale\/creativo\/\" data-type=\"link\" data-id=\"https:\/\/www.forte-cultura.network\/category\/activity-blog-do-not-use-this\/horizontal\/creative\/\">Creativo<\/a><\/strong> \u2013 Articoli sul turismo creativo<\/li>\n\n\n\n<li class=\"eplus-wrapper\"><strong><a href=\"https:\/\/www.forte-cultura.network\/it\/categoria\/digitale\/\" data-type=\"link\" data-id=\"https:\/\/www.forte-cultura.network\/category\/digital\/\">Digitale<\/a><\/strong> \u2013 Informazioni sulle tecnologie digitali emergenti e sull'intelligenza artificiale collegate all'interpretazione e alla gestione delle fortezze...<\/li>\n\n\n\n<li class=\"eplus-wrapper\"><strong><a href=\"https:\/\/www.forte-cultura.network\/it\/categoria\/blog-delle-attivita-non-utilizzare-questo\/orizzontale\/verde\/\" data-type=\"link\" data-id=\"https:\/\/www.forte-cultura.network\/category\/activity-blog-do-not-use-this\/horizontal\/green\/\">Verde<\/a><\/strong> \u2013 Articoli su approcci ecocompatibili nella conservazione delle fortezze e nel turismo, tra cui efficienza energetica, protezione del paesaggio e mobilit\u00e0 eco-compatibile. Sono stati trattati interventi di sostenibilit\u00e0 sia hard che soft.<\/li>\n\n\n\n<li class=\"eplus-wrapper\"><strong><a href=\"https:\/\/www.forte-cultura.network\/it\/categoria\/blog-delle-attivita-non-utilizzare-questo\/orizzontale\/inclusivo\/\" data-type=\"link\" data-id=\"https:\/\/www.forte-cultura.network\/category\/activity-blog-do-not-use-this\/horizontal\/inclusive\/\">Inclusivo<\/a><\/strong> \u2013 Articoli su come il patrimonio delle fortezze sia reso accessibile a tutti grazie a progetti senza barriere architettoniche, traduzioni multilingue e inclusione di diversi gruppi sociali, comprese le persone con disabilit\u00e0.<\/li>\n\n\n\n<li class=\"eplus-wrapper\"><strong><a href=\"https:\/\/www.forte-cultura.network\/it\/categoria\/blog-delle-attivita-non-utilizzare-questo\/orizzontale\/partecipativo\/\" data-type=\"link\" data-id=\"https:\/\/www.forte-cultura.network\/category\/activity-blog-do-not-use-this\/horizontal\/participative\/\">Partecipativo<\/a><\/strong> \u2013 Informazioni su come le comunit\u00e0, gli attori locali e i visitatori sono coinvolti nella pianificazione territoriale, nel turismo, negli eventi culturali ecc., sia per gli interventi programmati di tipo fisico che immateriale nelle fortificazioni.<\/li>\n\n\n\n<li class=\"eplus-wrapper\"><strong><a href=\"https:\/\/www.forte-cultura.network\/it\/categoria\/blog-delle-attivita-non-utilizzare-questo\/orizzontale\/storia\/\" data-type=\"link\" data-id=\"https:\/\/www.forte-cultura.network\/category\/activity-blog-do-not-use-this\/horizontal\/history\/\">La storia<\/a><\/strong> \u2013 Articoli sulla storia delle fortificazioni<\/li>\n\n\n\n<li class=\"eplus-wrapper\"><strong><a href=\"https:\/\/www.forte-cultura.network\/it\/categoria\/blog-delle-attivita-non-utilizzare-questo\/orizzontale\/attivita-educative\/\" data-type=\"link\" data-id=\"https:\/\/www.forte-cultura.network\/category\/activity-blog-do-not-use-this\/horizontal\/educational-activities\/\">Istruzione<\/a><\/strong> - Articoli sulle attivit\u00e0 didattiche all'interno delle fortezze<\/li>\n<\/ul><\/li>\n\n\n\n<li class=\"eplus-wrapper\">Altro<ul class=\"wp-block-list eplus-wrapper eplus-styles-uid-8a6977\">\n<li class=\"eplus-wrapper\"><a href=\"https:\/\/www.forte-cultura.network\/it\/categoria\/blog-delle-attivita-non-utilizzare-questo\/premi\/\" data-type=\"link\" data-id=\"https:\/\/www.forte-cultura.network\/category\/activity-blog-do-not-use-this\/awards\/\"><strong>Premi<\/strong><\/a><\/li>\n\n\n\n<li class=\"eplus-wrapper\"><strong><a href=\"https:\/\/www.forte-cultura.network\/it\/categoria\/blog-delle-attivita-non-utilizzare-questo\/ue\/\" data-type=\"link\" data-id=\"https:\/\/www.forte-cultura.network\/category\/activity-blog-do-not-use-this\/eu\/\">UE<\/a><\/strong> \u2013 Evidenzia l'allineamento di FORTE CULTURA con le politiche dell'UE e del Consiglio d'Europa e il suo ruolo nella cooperazione europea.<\/li>\n\n\n\n<li class=\"eplus-wrapper\"><strong><a href=\"https:\/\/www.forte-cultura.network\/it\/categoria\/blog-delle-attivita-non-utilizzare-questo\/finanziamento\/\" data-type=\"link\" data-id=\"https:\/\/www.forte-cultura.network\/category\/activity-blog-do-not-use-this\/funding\/\">Finanziamento<\/a><\/strong> \u2013 Offre informazioni sulle opportunit\u00e0 di finanziamento per tutti gli stakeholder interessati.<\/li>\n\n\n\n<li class=\"eplus-wrapper\"><strong><a href=\"https:\/\/www.forte-cultura.network\/it\/categoria\/blog-scientifico\/protezione-del-patrimonio\/\" data-type=\"link\" data-id=\"https:\/\/www.forte-cultura.network\/category\/science-blog\/heritage-protection\/\">Protezione del patrimonio<\/a><\/strong> \u2013 Articoli incentrati sulla conservazione e la salvaguardia del patrimonio fortificato, compresi i quadri giuridici, le tecniche di conservazione, la gestione dei rischi e la documentazione delle strutture storiche.<\/li>\n\n\n\n<li class=\"eplus-wrapper\"><strong><a href=\"https:\/\/www.forte-cultura.network\/it\/categoria\/blog-delle-attivita-non-utilizzare-questo\/focus\/\" data-type=\"link\" data-id=\"https:\/\/www.forte-cultura.network\/category\/activity-blog-do-not-use-this\/focus\/\">Fortezza in primo piano<\/a><\/strong> \u2013 Racconta esperienze personali vissute nelle fortezze.<\/li>\n\n\n\n<li class=\"eplus-wrapper\"><strong><a href=\"https:\/\/www.forte-cultura.network\/it\/categoria\/conferenze-3\/\" data-type=\"link\" data-id=\"https:\/\/www.forte-cultura.network\/category\/conferences-2\/\">Articoli della conferenza<\/a><\/strong> \u2013 La categoria presenta conferenze internazionali, simposi e workshop (si veda la differenza con la categoria \u201c<em>precedenti conferenze sulla fortezza<\/em>\u201c)<\/li>\n\n\n\n<li class=\"eplus-wrapper\"><strong><a href=\"https:\/\/www.forte-cultura.network\/it\/categoria\/notizie-2\/dalle-stazioni-membri\/\" data-type=\"link\" data-id=\"https:\/\/www.forte-cultura.network\/category\/news\/from-the-member-stations\/\">dalle stazioni membri<\/a><\/strong> \u2013 Evidenzia notizie, storie e iniziative provenienti direttamente dai singoli siti delle fortezze.<\/li>\n<\/ul><\/li>\n\n\n\n<li class=\"eplus-wrapper\"><a href=\"https:\/\/www.forte-cultura.network\/it\/categoria\/generale-2\/\" data-type=\"link\" data-id=\"https:\/\/www.forte-cultura.network\/category\/general-2\/\"><strong>Generale<\/strong><\/a> \u2013 Contiene informazioni generali, aggiornamenti e risorse relative alla rete delle fortezze.<ul class=\"wp-block-list eplus-wrapper eplus-styles-uid-97151b\">\n<li class=\"eplus-wrapper\"><strong><a href=\"https:\/\/www.forte-cultura.network\/it\/categoria\/notizie-2\/rete-2\/\" data-type=\"link\" data-id=\"https:\/\/www.forte-cultura.network\/category\/news\/network-2\/\">Rete<\/a><\/strong><\/li>\n\n\n\n<li class=\"eplus-wrapper\"><strong><a href=\"https:\/\/www.forte-cultura.network\/it\/categoria\/generale-2\/incontri-di-rete\/\" data-type=\"link\" data-id=\"https:\/\/www.forte-cultura.network\/category\/general-2\/network-meetings\/\">Riunioni di rete<\/a><\/strong> \u2013 Incontri regolari per i gestori delle fortezze, gli esperti e i partner per scambiare conoscenze, pianificare progetti comuni e rafforzare la cooperazione in tutta Europa.<\/li>\n\n\n\n<li class=\"eplus-wrapper\"><strong><a href=\"https:\/\/www.forte-cultura.network\/it\/categoria\/generale-2\/notizie-2\/\" data-type=\"link\" data-id=\"https:\/\/www.forte-cultura.network\/category\/general-2\/news\/\">Notizie<\/a><\/strong> \u2013 Fornisce aggiornamenti sulla rete FORTE CULTURA.<\/li>\n\n\n\n<li class=\"eplus-wrapper\"><strong><a href=\"https:\/\/www.forte-cultura.network\/it\/categoria\/generale-2\/fortezza-europea-estate-2\/\" data-type=\"link\" data-id=\"https:\/\/www.forte-cultura.network\/category\/general-2\/european-fortress-summer-2\/\">Estate in fortezza europea<\/a><\/strong> \u2013 Un programma europeo di eventi culturali, mostre, concerti e rievocazioni storiche organizzati nei siti delle fortezze, per celebrare il patrimonio comune europeo delle fortezze.<\/li>\n<\/ul><\/li>\n<\/ul><\/div>\n\n\n\n<h2 class=\"wp-block-heading eplus-wrapper\">Categorie speciali<\/h2>\n\n\n<ul class=\"wp-block-list eplus-wrapper eplus-styles-uid-856ce0\">\n<li class=\"eplus-wrapper\"><strong><a href=\"https:\/\/www.forte-cultura.network\/it\/categoria\/viaggi-pilota-2\/\" data-type=\"link\" data-id=\"https:\/\/www.forte-cultura.network\/category\/pilot-trips-2\/\">Viaggi pilota<\/a><\/strong> \u2013 Presenta lo sviluppo di itinerari di viaggio e viaggi studio. I post di questa categoria sono condivisi sulla pagina FORTE CULTURA Academy. <a href=\"https:\/\/www.forte-cultura.network\/it\/per-i-membri\/accademia-forte-cultura\/#Study\" data-type=\"link\" data-id=\"https:\/\/www.forte-cultura.network\/fuer-mitglieder\/forte-cultura-academy\/#Study\"><strong>QUI<\/strong><\/a>.<\/li>\n\n\n\n<li class=\"eplus-wrapper\"><strong><a href=\"https:\/\/www.forte-cultura.network\/it\/categoria\/conferenze-3\/precedenti-conferenze-sulla-fortezza\/\" data-type=\"link\" data-id=\"https:\/\/www.forte-cultura.network\/category\/conferences-2\/previous-fortress-conferences\/\">Conferenze sulle fortezze pi\u00f9 importanti<\/a><\/strong> \u2013 Fornisce un archivio speciale delle precedenti conferenze sulla fortezza, compresa la documentazione, i risultati e le presentazioni provenienti da tutta Europa. Ogni conferenza precedente riceve un solo post\/rapporto su una pagina dedicata. <a href=\"https:\/\/www.forte-cultura.network\/it\/conferenze\/conferenze-precedenti\/\"><strong>QUI<\/strong><\/a>, e compare anche nella pagina FORTE CULTURA Academy <strong><a href=\"https:\/\/www.forte-cultura.network\/it\/per-i-membri\/accademia-forte-cultura\/#Conferences\" data-type=\"link\" data-id=\"https:\/\/www.forte-cultura.network\/fuer-mitglieder\/forte-cultura-academy\/#Conferences\">QUI<\/a><\/strong>. Al contrario, la categoria \u201cConferenze\u201d \u00e8 aperta a singoli articoli su qualsiasi aspetto di una conferenza, quindi una singola conferenza pu\u00f2 avere pi\u00f9 articoli.<\/li>\n\n\n\n<li class=\"eplus-wrapper\"><strong><a href=\"https:\/\/www.forte-cultura.network\/it\/categoria\/progetti-2\/\">Progetti<\/a><\/strong>\u00a0\u2013 Presenta iniziative attuali e completate all'interno della rete FORTE CULTURA che mettono in risalto l'innovazione e lo sviluppo sostenibile del patrimonio culturale. I progetti hanno anche una pagina dedicata. <strong><a href=\"https:\/\/www.forte-cultura.network\/it\/progetti-2\/\" data-type=\"link\" data-id=\"https:\/\/www.forte-cultura.network\/projects-2\/\">QUI<\/a><\/strong>.<\/li>\n<\/ul>\n\n\n<h2 class=\"wp-block-heading eplus-wrapper\">Categorie topografiche<\/h2>\n\n\n<ul class=\"wp-block-list eplus-wrapper eplus-styles-uid-6d7984\">\n<li class=\"eplus-wrapper\"><strong><a href=\"https:\/\/www.forte-cultura.network\/it\/categoria\/stazioni\/\" data-type=\"link\" data-id=\"https:\/\/www.forte-cultura.network\/category\/stations\/\">Localit\u00e0<\/a><\/strong> \u2013 Mette in risalto i siti fortificati e le destinazioni affiliate lungo l'itinerario culturale europeo, ognuno dei quali offre una propria storia e un'esperienza unica ai visitatori.<\/li>\n<\/ul>\n\n\n<h2 class=\"wp-block-heading eplus-wrapper\">Categorie temporanee<\/h2>\n\n\n<ul class=\"wp-block-list eplus-wrapper eplus-styles-uid-1cc78c\">\n<li class=\"eplus-wrapper\">Per anno: <strong>2024<\/strong>, <strong>2025<\/strong>, <strong>2026<\/strong>\u2026<\/li>\n<\/ul>\n\n<div  class=\"wp-block-ultimate-post-ultp-taxonomy ultp-block-0b5638\"><div class=\"ultp-block-wrapper\"><div class=\"ultp-loading\"><div class=\"ultp-loading-blocks\" style=\"width:100%;height:100%;\"><div style=\"left: 0;top: 0;animation-delay:0s;\"><\/div><div style=\"left: 21px;top: 0;animation-delay:0.125s;\"><\/div><div style=\"left: 42px;top: 0;animation-delay:0.25s;\"><\/div><div style=\"left: 0;top: 21px;animation-delay:0.875s;\"><\/div><div style=\"left: 42px;top: 21px;animation-delay:0.375s;\"><\/div><div style=\"left: 0;top: 42px;animation-delay:0.75s;\"><\/div><div style=\"left: 42px;top: 42px;animation-delay:0.625s;\"><\/div><div style=\"left: 21px;top: 42px;animation-delay:0.5s;\"><\/div><\/div><\/div><div class=\"ultp-heading-filter\"><div class=\"ultp-heading-filter-in\"><div class=\"ultp-heading-wrap ultp-heading-style9 ultp-heading-left\"><h2 class=\"ultp-heading-inner\"><span>Articoli per anno<\/span><\/h2><\/div><\/div><\/div><div class=\"ultp-block-items-wrap\"><ul class=\"ultp-taxonomy-items  ultp-taxonomy-animation-none ultp-taxonomy-column-5 ultp-taxonomy-layout-1\"><li class=\"ultp-block-item ultp-taxonomy-item\"><a href=\"https:\/\/www.forte-cultura.network\/it\/category\/general-2\/news\/2013\/\" ><span class=\"ultp-taxonomy-name\" >2013<\/span><span class=\"ultp-taxonomy-count\" >16<\/span><\/a><\/li><li class=\"ultp-block-item ultp-taxonomy-item\"><a href=\"https:\/\/www.forte-cultura.network\/it\/category\/general-2\/news\/2014\/\" ><span class=\"ultp-taxonomy-name\" >2014<\/span><span class=\"ultp-taxonomy-count\" >20<\/span><\/a><\/li><li class=\"ultp-block-item ultp-taxonomy-item\"><a href=\"https:\/\/www.forte-cultura.network\/it\/category\/general-2\/news\/2015\/\" ><span class=\"ultp-taxonomy-name\" >2015<\/span><span class=\"ultp-taxonomy-count\" >2<\/span><\/a><\/li><li class=\"ultp-block-item ultp-taxonomy-item\"><a href=\"https:\/\/www.forte-cultura.network\/it\/category\/general-2\/news\/2016\/\" ><span class=\"ultp-taxonomy-name\" >2016<\/span><span class=\"ultp-taxonomy-count\" >6<\/span><\/a><\/li><li class=\"ultp-block-item ultp-taxonomy-item\"><a href=\"https:\/\/www.forte-cultura.network\/it\/category\/general-2\/news\/2017\/\" ><span class=\"ultp-taxonomy-name\" >2017<\/span><span class=\"ultp-taxonomy-count\" >10<\/span><\/a><\/li><li class=\"ultp-block-item ultp-taxonomy-item\"><a href=\"https:\/\/www.forte-cultura.network\/it\/category\/general-2\/news\/2018\/\" ><span class=\"ultp-taxonomy-name\" >2018<\/span><span class=\"ultp-taxonomy-count\" >10<\/span><\/a><\/li><li class=\"ultp-block-item ultp-taxonomy-item\"><a href=\"https:\/\/www.forte-cultura.network\/it\/category\/general-2\/news\/2019\/\" ><span class=\"ultp-taxonomy-name\" >2019<\/span><span class=\"ultp-taxonomy-count\" >21<\/span><\/a><\/li><li class=\"ultp-block-item ultp-taxonomy-item\"><a href=\"https:\/\/www.forte-cultura.network\/it\/category\/general-2\/news\/2020\/\" ><span class=\"ultp-taxonomy-name\" >2020<\/span><span class=\"ultp-taxonomy-count\" >25<\/span><\/a><\/li><li class=\"ultp-block-item ultp-taxonomy-item\"><a href=\"https:\/\/www.forte-cultura.network\/it\/category\/general-2\/news\/2021\/\" ><span class=\"ultp-taxonomy-name\" >2021<\/span><span class=\"ultp-taxonomy-count\" >14<\/span><\/a><\/li><li class=\"ultp-block-item ultp-taxonomy-item\"><a href=\"https:\/\/www.forte-cultura.network\/it\/category\/general-2\/news\/2022\/\" ><span class=\"ultp-taxonomy-name\" >2022<\/span><span class=\"ultp-taxonomy-count\" >25<\/span><\/a><\/li><li class=\"ultp-block-item ultp-taxonomy-item\"><a href=\"https:\/\/www.forte-cultura.network\/it\/category\/general-2\/news\/2023\/\" ><span class=\"ultp-taxonomy-name\" >2023<\/span><span class=\"ultp-taxonomy-count\" >22<\/span><\/a><\/li><li class=\"ultp-block-item ultp-taxonomy-item\"><a href=\"https:\/\/www.forte-cultura.network\/it\/category\/general-2\/news\/2024\/\" ><span class=\"ultp-taxonomy-name\" >2024<\/span><span class=\"ultp-taxonomy-count\" >25<\/span><\/a><\/li><li class=\"ultp-block-item ultp-taxonomy-item\"><a href=\"https:\/\/www.forte-cultura.network\/it\/category\/general-2\/news\/2025\/\" ><span class=\"ultp-taxonomy-name\" >2025<\/span><span class=\"ultp-taxonomy-count\" >40<\/span><\/a><\/li><li class=\"ultp-block-item ultp-taxonomy-item\"><a href=\"https:\/\/www.forte-cultura.network\/it\/category\/general-2\/news\/2026\/\" ><span class=\"ultp-taxonomy-name\" >2026<\/span><span class=\"ultp-taxonomy-count\" >15<\/span><\/a><\/li><\/ul><\/div><\/div><\/div>\n\n\n<p class=\"eplus-wrapper\"><\/p>\n\n\n<blockquote class=\"wp-block-quote eplus-wrapper is-layout-flow wp-block-quote-is-layout-flow eplus-styles-uid-a24249\">\n<p class=\"has-text-align-center eplus-wrapper\">Avete bisogno di ulteriori informazioni?<\/p>\n\n\n\n<p class=\"has-text-align-center eplus-wrapper\">Contatto: <strong><a>publish@forte-cultura.eu<\/a><\/strong><\/p>\n<\/blockquote>\n\n<div class=\"eplus-wrapper wp-block-columns are-vertically-aligned-center is-layout-flex wp-container-core-columns-is-layout-1146dd41 wp-block-columns-is-layout-flex eplus-styles-uid-317c5f\" style=\"padding-right:0;padding-left:0\">\n<div class=\"wp-block-column is-vertically-aligned-center eplus-wrapper is-layout-flow wp-block-column-is-layout-flow\"><\/div>\n<\/div>\n\n<div class=\"eplus-wrapper wp-block-columns are-vertically-aligned-center is-not-stacked-on-mobile is-layout-flex wp-container-core-columns-is-layout-28f84493 wp-block-columns-is-layout-flex eplus-styles-uid-5bb9bd\">\n<div class=\"eplus-wrapper wp-block-column is-vertically-aligned-center is-layout-flow wp-block-column-is-layout-flow\"><\/div>\n<\/div>\n\n\n<div class=\"wp-block-kadence-spacer alignwide kt-block-spacer-3496_9666e3-6b\"><div class=\"kt-block-spacer kt-block-spacer-halign-center\"><\/div><\/div>\n\n\n\n<p class=\"eplus-wrapper\"><\/p>","protected":false},"excerpt":{"rendered":"<p>Thematic categories Special categories Topographical categories Temporary categories Need more information? Contact: publish@forte-cultura.eu<\/p>","protected":false},"author":3,"featured_media":3616,"parent":0,"menu_order":0,"comment_status":"closed","ping_status":"closed","template":"","meta":{"editor_plus_copied_stylings":"{}","pgc_sgb_lightbox_settings":"","_price":"","_stock":"","_tribe_ticket_header":"","_tribe_default_ticket_provider":"","_tribe_ticket_capacity":"0","_ticket_start_date":"","_ticket_end_date":"","_tribe_ticket_show_description":"","_tribe_ticket_show_not_going":false,"_tribe_ticket_use_global_stock":"","_tribe_ticket_global_stock_level":"","_global_stock_mode":"","_global_stock_cap":"","_tribe_rsvp_for_event":"","_tribe_ticket_going_count":"","_tribe_ticket_not_going_count":"","_tribe_tickets_list":"[]","_tribe_ticket_has_attendee_info_fields":false,"_EventAllDay":false,"_EventTimezone":"","_EventStartDate":"","_EventEndDate":"","_EventStartDateUTC":"","_EventEndDateUTC":"","_EventShowMap":false,"_EventShowMapLink":false,"_EventURL":"","_EventCost":"","_EventCostDescription":"","_EventCurrencySymbol":"","_EventCurrencyCode":"","_EventCurrencyPosition":"","_EventDateTimeSeparator":"","_EventTimeRangeSeparator":"","_EventOrganizerID":[],"_EventVenueID":[],"_OrganizerEmail":"","_OrganizerPhone":"","_OrganizerWebsite":"","_VenueAddress":"","_VenueCity":"","_VenueCountry":"","_VenueProvince":"","_VenueState":"","_VenueZip":"","_VenuePhone":"","_VenueURL":"","_VenueStateProvince":"","_VenueLat":"","_VenueLng":"","_VenueShowMap":false,"_VenueShowMapLink":false,"footnotes":""},"class_list":["post-3496","page","type-page","status-publish","has-post-thumbnail","hentry"],"_links":{"self":[{"href":"https:\/\/www.forte-cultura.network\/it\/wp-json\/wp\/v2\/pages\/3496","targetHints":{"allow":["GET"]}}],"collection":[{"href":"https:\/\/www.forte-cultura.network\/it\/wp-json\/wp\/v2\/pages"}],"about":[{"href":"https:\/\/www.forte-cultura.network\/it\/wp-json\/wp\/v2\/types\/page"}],"author":[{"embeddable":true,"href":"https:\/\/www.forte-cultura.network\/it\/wp-json\/wp\/v2\/users\/3"}],"replies":[{"embeddable":true,"href":"https:\/\/www.forte-cultura.network\/it\/wp-json\/wp\/v2\/comments?post=3496"}],"version-history":[{"count":26,"href":"https:\/\/www.forte-cultura.network\/it\/wp-json\/wp\/v2\/pages\/3496\/revisions"}],"predecessor-version":[{"id":4997,"href":"https:\/\/www.forte-cultura.network\/it\/wp-json\/wp\/v2\/pages\/3496\/revisions\/4997"}],"wp:featuredmedia":[{"embeddable":true,"href":"https:\/\/www.forte-cultura.network\/it\/wp-json\/wp\/v2\/media\/3616"}],"wp:attachment":[{"href":"https:\/\/www.forte-cultura.network\/it\/wp-json\/wp\/v2\/media?parent=3496"}],"curies":[{"name":"wp","href":"https:\/\/api.w.org\/{rel}","templated":true}]}}