{"id":4819,"date":"2026-01-19T13:29:31","date_gmt":"2026-01-19T12:29:31","guid":{"rendered":"https:\/\/www.forte-cultura.network\/?page_id=4819"},"modified":"2026-02-11T13:06:34","modified_gmt":"2026-02-11T12:06:34","slug":"forte-cultura-community-communication-guidelines","status":"publish","type":"page","link":"https:\/\/www.forte-cultura.network\/it\/forte-cultura-community-communication-guidelines\/","title":{"rendered":"FORTE CULTURA - Linee guida per la comunit\u00e0 e la comunicazione"},"content":{"rendered":"<p class=\"has-text-align-center eplus-wrapper\"><em><strong>Rafforzare la nostra identit\u00e0 di Itinerario Culturale Europeo<\/strong><\/em><\/p>\n\n\n\n<p class=\"eplus-wrapper\">FORTE CULTURA \u00e8 molto pi\u00f9 di un elenco di membri: \u00e8 una <strong>comunit\u00e0<\/strong> di fortezze, citt\u00e0 e organizzazioni che condividono una storia europea. Questa Carta riassume ci\u00f2 che ci aspettiamo gli uni dagli altri in termini di comunicazione e di comportamento della comunit\u00e0, in vista della nostra <strong>Certificazione EICR<\/strong> e <strong>sviluppo a lungo termine.<\/strong><br><br><strong><span style=\"text-decoration: underline;\">1. Scopo condiviso<\/span><\/strong><\/p>\n\n\n\n<p class=\"eplus-wrapper\">Come membri di FORTE CULTURA, ci impegniamo a:<\/p>\n\n\n<ul class=\"wp-block-list eplus-wrapper eplus-styles-uid-edf774\"><li class=\"eplus-wrapper eplus-styles-uid-8d9cae translation-block\">Present fortified heritage as a <strong>common European legacy<\/strong> \u2013 <em>from bastions to bunkers<\/em>.<\/li>\n\n<li class=\"eplus-wrapper eplus-styles-uid-8d9cae translation-block\">Promote fortresses as spaces for <strong>culture, tourism, education and dialogue<\/strong> \u2013 <em>fortresses for culture and peace<\/em>.<\/li>\n\n<li class=\"eplus-wrapper eplus-styles-uid-8d9cae translation-block\">Contribute actively to the visibility and credibility of the <strong>FORTE CULTURA route<\/strong>.<\/li><\/ul>\n\n\n<p class=\"eplus-wrapper\"><strong><span style=\"text-decoration: underline;\">2. Standard minimi di comunicazione per i membri<\/span><\/strong><\/p>\n\n\n\n<p class=\"eplus-wrapper\">Ogni membro si impegna a:<\/p>\n\n\n\n<p class=\"eplus-wrapper\"><em><strong>Visibilit\u00e0 dell'itinerario culturale<\/strong><\/em><\/p>\n\n\n\n<div class=\"wp-block-kadence-iconlist kt-svg-icon-list-items kt-svg-icon-list-items4819_bf6498-68 kt-svg-icon-list-columns-1 alignnone\"><ul class=\"kt-svg-icon-list\">\n<li class=\"wp-block-kadence-listitem kt-svg-icon-list-item-wrap kt-svg-icon-list-item-4819_1a05bf-6a kt-svg-icon-list-level-1 translation-block\"><span class=\"kb-svg-icon-wrap kb-svg-icon-fe_checkCircle kt-svg-icon-list-single\"><svg viewbox=\"0 0 24 24\" fill=\"none\" stroke=\"currentColor\" stroke-width=\"2\" stroke-linecap=\"round\" stroke-linejoin=\"round\" xmlns=\"http:\/\/www.w3.org\/2000\/svg\" aria-hidden=\"true\"><path d=\"M22 11.08V12a10 10 0 1 1-5.93-9.14\"><\/path><polyline points=\"22 4 12 14.01 9 11.01\"><\/polyline><\/svg><\/span><span class=\"kt-svg-icon-list-text\">Display the <strong>FORTE CULTURA logo and link<\/strong> on the main website(s) of the fortress \/ institution.<\/span><\/li>\n\n\n\n<li class=\"wp-block-kadence-listitem kt-svg-icon-list-item-wrap kt-svg-icon-list-item-4819_08fdbc-c3 kt-svg-icon-list-level-1\"><span class=\"kb-svg-icon-wrap kb-svg-icon-fe_checkCircle kt-svg-icon-list-single\"><svg viewbox=\"0 0 24 24\"  fill=\"none\" stroke=\"currentColor\" stroke-width=\"2\" stroke-linecap=\"round\" stroke-linejoin=\"round\" xmlns=\"http:\/\/www.w3.org\/2000\/svg\"  aria-hidden=\"true\"><path d=\"M22 11.08V12a10 10 0 1 1-5.93-9.14\"\/><polyline points=\"22 4 12 14.01 9 11.01\"\/><\/svg><\/span><span class=\"kt-svg-icon-list-text\">Menzionare FORTE CULTURA nelle brochure, nei pannelli e nei materiali digitali, quando possibile.<\/span><\/li>\n<\/ul><\/div>\n\n\n\n<p class=\"eplus-wrapper\"><em><strong>Coinvolgimento con i canali di rete<\/strong><\/em><\/p>\n\n\n\n<div class=\"wp-block-kadence-iconlist kt-svg-icon-list-items kt-svg-icon-list-items4819_e84b94-c6 kt-svg-icon-list-columns-1 alignnone\"><ul class=\"kt-svg-icon-list\">\n<li class=\"wp-block-kadence-listitem kt-svg-icon-list-item-wrap kt-svg-icon-list-item-4819_0d9975-a0 kt-svg-icon-list-level-1\"><span class=\"kb-svg-icon-wrap kb-svg-icon-fe_checkCircle kt-svg-icon-list-single\"><svg viewbox=\"0 0 24 24\"  fill=\"none\" stroke=\"currentColor\" stroke-width=\"2\" stroke-linecap=\"round\" stroke-linejoin=\"round\" xmlns=\"http:\/\/www.w3.org\/2000\/svg\"  aria-hidden=\"true\"><path d=\"M22 11.08V12a10 10 0 1 1-5.93-9.14\"\/><polyline points=\"22 4 12 14.01 9 11.01\"\/><\/svg><\/span><span class=\"kt-svg-icon-list-text\">Seguire i canali ufficiali di FORTE CULTURA (sito web, Facebook, LinkedIn, ecc.).<\/span><\/li>\n<\/ul><\/div>\n\n\n\n<p class=\"eplus-wrapper\"><em><strong>Condividere o riutilizzare regolarmente i contenuti del percorso<\/strong><\/em> (ad esempio, almeno 1 post al mese o dopo importanti annunci di rete).<\/p>\n\n\n\n<p class=\"eplus-wrapper\"><em><strong>Contributo di contenuto<\/strong><\/em><\/p>\n\n\n\n<div class=\"wp-block-kadence-iconlist kt-svg-icon-list-items kt-svg-icon-list-items4819_86a4db-af kt-svg-icon-list-columns-1 alignnone\"><ul class=\"kt-svg-icon-list\">\n<li class=\"wp-block-kadence-listitem kt-svg-icon-list-item-wrap kt-svg-icon-list-item-4819_f2ae83-37 kt-svg-icon-list-level-1\"><span class=\"kb-svg-icon-wrap kb-svg-icon-fe_checkCircle kt-svg-icon-list-single\"><svg viewbox=\"0 0 24 24\"  fill=\"none\" stroke=\"currentColor\" stroke-width=\"2\" stroke-linecap=\"round\" stroke-linejoin=\"round\" xmlns=\"http:\/\/www.w3.org\/2000\/svg\"  aria-hidden=\"true\"><path d=\"M22 11.08V12a10 10 0 1 1-5.93-9.14\"\/><polyline points=\"22 4 12 14.01 9 11.01\"\/><\/svg><\/span><span class=\"kt-svg-icon-list-text\">Fornire, quando possibile, <strong>notizie, foto e racconti<\/strong> su progetti, eventi e buone pratiche locali.<\/span><\/li>\n\n\n\n<li class=\"wp-block-kadence-listitem kt-svg-icon-list-item-wrap kt-svg-icon-list-item-4819_aa6f55-dc kt-svg-icon-list-level-1\"><span class=\"kb-svg-icon-wrap kb-svg-icon-fe_checkCircle kt-svg-icon-list-single\"><svg viewbox=\"0 0 24 24\"  fill=\"none\" stroke=\"currentColor\" stroke-width=\"2\" stroke-linecap=\"round\" stroke-linejoin=\"round\" xmlns=\"http:\/\/www.w3.org\/2000\/svg\"  aria-hidden=\"true\"><path d=\"M22 11.08V12a10 10 0 1 1-5.93-9.14\"\/><polyline points=\"22 4 12 14.01 9 11.01\"\/><\/svg><\/span><span class=\"kt-svg-icon-list-text\">Rispondere alle richieste di contributi (articoli di blog, campagne tematiche, sondaggi) entro scadenze ragionevoli.<\/span><\/li>\n<\/ul><\/div>\n\n\n\n<p class=\"eplus-wrapper\"><strong><span style=\"text-decoration: underline;\">3. Comportamento della comunit\u00e0<\/span><\/strong><\/p>\n\n\n\n<p class=\"eplus-wrapper\">Ci aspettiamo che tutti i membri<\/p>\n\n\n<ul class=\"wp-block-list eplus-wrapper eplus-styles-uid-1639bd\"><li class=\"eplus-wrapper eplus-styles-uid-8d9cae\">Partecipare ad almeno <strong>una riunione online dei soci<\/strong> all'anno.<\/li>\n\n<li class=\"eplus-wrapper eplus-styles-uid-8d9cae\">Nominare un <strong>persona di contatto locale<\/strong> per FORTE CULTURA e tenere aggiornati i propri dati.<\/li>\n\n<li class=\"eplus-wrapper eplus-styles-uid-8d9cae\">Trattare gli altri membri come <strong>partner<\/strong>, condividendo esperienze, strumenti e lezioni apprese.<\/li><\/ul>\n\n\n<p class=\"eplus-wrapper\"><strong><span style=\"text-decoration: underline;\">4. Sostegno di FORTE CULTURA<\/span><\/strong><\/p>\n\n\n\n<p class=\"eplus-wrapper\">In cambio, la rete si impegna a:<\/p>\n\n\n<ul class=\"wp-block-list eplus-wrapper eplus-styles-uid-8f3cef\"><li class=\"eplus-wrapper eplus-styles-uid-8d9cae\">Fornire <strong>materiali pronti all'uso<\/strong> (testi, immagini, hashtag) per facilitare la condivisione degli annunci pi\u00f9 importanti.<\/li>\n\n<li class=\"eplus-wrapper eplus-styles-uid-8d9cae\">Evidenziare i membri attivi e i cluster in <strong>comunicazione a livello di percorso<\/strong>.<\/li>\n\n<li class=\"eplus-wrapper eplus-styles-uid-8d9cae translation-block\">Offer guidance on <strong>communication, interpretation and tourism products<\/strong> linked to the route.<\/li>\n\n<li class=\"eplus-wrapper eplus-styles-uid-8d9cae translation-block\">Represent fortified heritage and member interests at <strong>European level<\/strong>, including the Council of Europe.<\/li><\/ul>\n\n\n<p class=\"eplus-wrapper\"><\/p>\n\n\n\n<p class=\"eplus-wrapper translation-block\">By applying these simple principles, we help each other strengthen the <em>FORTE CULTURA brand,<\/em> improve our position for <em>EICR certification<\/em> and <em>increase the impact of our work<\/em> at local and European level.<\/p>\n\n\n\n<p class=\"eplus-wrapper\"><br><em><a href=\"https:\/\/www.forte-cultura.network\/wp-content\/uploads\/2026\/01\/FORTE-CULTURA-Community-Behaviour-Guidelines.pdf\">Scarica come PDF<\/a>.<\/em><\/p>\n\n\n\n<p class=\"eplus-wrapper\"><\/p>\n\n\n\n<p class=\"eplus-wrapper\"><\/p>","protected":false},"excerpt":{"rendered":"<p>Strengthening our identity as a European Cultural Route FORTE CULTURA is more than a list of members: it is a community of fortresses, cities and organisations that share a European [&hellip;]<\/p>\n","protected":false},"author":2,"featured_media":0,"parent":0,"menu_order":0,"comment_status":"closed","ping_status":"closed","template":"","meta":{"editor_plus_copied_stylings":"{}","pgc_sgb_lightbox_settings":"","_price":"","_stock":"","_tribe_ticket_header":"","_tribe_default_ticket_provider":"","_tribe_ticket_capacity":"","_ticket_start_date":"","_ticket_end_date":"","_tribe_ticket_show_description":"","_tribe_ticket_show_not_going":false,"_tribe_ticket_use_global_stock":"","_tribe_ticket_global_stock_level":"","_global_stock_mode":"","_global_stock_cap":"","_tribe_rsvp_for_event":"","_tribe_ticket_going_count":"","_tribe_ticket_not_going_count":"","_tribe_tickets_list":"[]","_tribe_ticket_has_attendee_info_fields":false,"_EventAllDay":false,"_EventTimezone":"","_EventStartDate":"","_EventEndDate":"","_EventStartDateUTC":"","_EventEndDateUTC":"","_EventShowMap":false,"_EventShowMapLink":false,"_EventURL":"","_EventCost":"","_EventCostDescription":"","_EventCurrencySymbol":"","_EventCurrencyCode":"","_EventCurrencyPosition":"","_EventDateTimeSeparator":"","_EventTimeRangeSeparator":"","_EventOrganizerID":[],"_EventVenueID":[],"_OrganizerEmail":"","_OrganizerPhone":"","_OrganizerWebsite":"","_VenueAddress":"","_VenueCity":"","_VenueCountry":"","_VenueProvince":"","_VenueState":"","_VenueZip":"","_VenuePhone":"","_VenueURL":"","_VenueStateProvince":"","_VenueLat":"","_VenueLng":"","_VenueShowMap":false,"_VenueShowMapLink":false,"footnotes":""},"class_list":["post-4819","page","type-page","status-publish","hentry"],"_links":{"self":[{"href":"https:\/\/www.forte-cultura.network\/it\/wp-json\/wp\/v2\/pages\/4819","targetHints":{"allow":["GET"]}}],"collection":[{"href":"https:\/\/www.forte-cultura.network\/it\/wp-json\/wp\/v2\/pages"}],"about":[{"href":"https:\/\/www.forte-cultura.network\/it\/wp-json\/wp\/v2\/types\/page"}],"author":[{"embeddable":true,"href":"https:\/\/www.forte-cultura.network\/it\/wp-json\/wp\/v2\/users\/2"}],"replies":[{"embeddable":true,"href":"https:\/\/www.forte-cultura.network\/it\/wp-json\/wp\/v2\/comments?post=4819"}],"version-history":[{"count":7,"href":"https:\/\/www.forte-cultura.network\/it\/wp-json\/wp\/v2\/pages\/4819\/revisions"}],"predecessor-version":[{"id":4959,"href":"https:\/\/www.forte-cultura.network\/it\/wp-json\/wp\/v2\/pages\/4819\/revisions\/4959"}],"wp:attachment":[{"href":"https:\/\/www.forte-cultura.network\/it\/wp-json\/wp\/v2\/media?parent=4819"}],"curies":[{"name":"wp","href":"https:\/\/api.w.org\/{rel}","templated":true}]}}