{"id":5100,"date":"2026-03-14T11:51:26","date_gmt":"2026-03-14T10:51:26","guid":{"rendered":"https:\/\/www.forte-cultura.network\/?page_id=5100"},"modified":"2026-03-14T11:55:19","modified_gmt":"2026-03-14T10:55:19","slug":"forte-cultura-membri","status":"publish","type":"page","link":"https:\/\/www.forte-cultura.network\/it\/organisation\/forte-cultura-members\/","title":{"rendered":"FORTE CULTURA Membri"},"content":{"rendered":"<p style=\"margin-bottom:0\" class=\"eplus-wrapper\">La forza della rete FORTE CULTURA si basa sui punti di forza individuali e sulla coesione dei suoi membri. 67 istituzioni, enti pubblici, associazioni ed esperti di 17 Paesi sono membri ufficiali della rete FORTE CULTURA. <\/p>\n\n\n\n<figure class=\"is-style-stripes wp-block-table has-small-font-size eplus-wrapper\" style=\"line-height:1\"><table><thead><tr><td><strong>Citt\u00e0 \/ Paese<\/strong><strong><\/strong><\/td><td><strong>Membro ordinario<\/strong> (eccetto i privati)<\/td><\/tr><\/thead><tbody><tr><td>Alessandria, IT<\/td><td>Associazione La Cittadella di Alessandria - Faro di pace in Europa<\/td><\/tr><tr><td>Alsazia, FR<\/td><td>Alsace Destination Tourisme - ADT<\/td><\/tr><tr><td>Bard, IT<\/td><td>Assoziazione Forte di Bard<\/td><\/tr><tr><td>Belfort, FR<\/td><td>Federazione la Caponniere<\/td><\/tr><tr><td>B\u00fcdingen, DE<\/td><td>Citt\u00e0 di B\u00fcdingen<\/td><\/tr><tr><td>Cochem, DE<\/td><td>Reuter &amp; Reuter GbR<\/td><\/tr><tr><td>Cipro<\/td><td>Tourplus Cipro<\/td><\/tr><tr><td>Daugavpils, LT<\/td><td>Istituzione municipale della citt\u00e0 di Daugavpils \u201cAmministrazione della fortezza e dei musei di Daugavpils\u201d.\u201d<\/td><\/tr><tr><td>D\u00f6mitz, DE<\/td><td>Fortezza D\u00f6mitz via Associazione di scopo per i monumenti culturali Ludwigslust-Parchim<\/td><\/tr><tr><td>Franzensfeste, IT<\/td><td>Museo Provinciale Fortezza di Franzensfeste<\/td><\/tr><tr><td>Germersheim, DE<\/td><td>Citt\u00e0 di Germersheim<\/td><\/tr><tr><td>Gizycko, PL<\/td><td>Fortezza Boyen a Gizycko<\/td><\/tr><tr><td>Grauerort, DE<\/td><td>Fortezza Grauerort e.V.<\/td><\/tr><tr><td>Hatten, FR<\/td><td>Museo dell'Abri de Hatten<\/td><\/tr><tr><td>Ingolstadt, DE<\/td><td>Citt\u00e0 di Ingolstadt<\/td><\/tr><tr><td>Jarom\u011b\u0159-Josefov, CZ<\/td><td>Centro culturale comunale di Jarom\u011b\u0159<\/td><\/tr><tr><td>Kiew, UA<\/td><td>Il Museo Nazionale Storico-Architettonico \u201cLa Fortezza di Kiev\u201d\u2019.\u2019<\/td><\/tr><tr><td>Coblenza, DE<\/td><td>Citt\u00e0 di Coblenza, rappresentata da Eigenbetrieb Gr\u00fcnfl\u00e4chen- und Bestattungswesen<\/td><\/tr><tr><td>Coblenza, DE<\/td><td>Direzione generale del patrimonio culturale Renania-Palatinato<\/td><\/tr><tr><td>K\u00f6nigstein, Sassonia, DE<\/td><td>Fortezza di K\u00f6nigstein gGmbH<\/td><\/tr><tr><td>Komarom, HU<\/td><td>Centro culturale militare di Fort Monostor, Komarom<\/td><\/tr><tr><td>Kronach, DE<\/td><td>Citt\u00e0 di Kronach, Tourismus- und Veranstaltungsbetrieb<\/td><\/tr><tr><td>K\u00fcstriner Vorland, DE<\/td><td>Associazione Fort Gorgast e.V.<\/td><\/tr><tr><td>La L\u00ednea de la Concepci\u00f3n, ES<\/td><td>Citt\u00e0 di La L\u00ednea de la Concepci\u00f3n<\/td><\/tr><tr><td>Lembach, FR<\/td><td>Associazione degli Amici della Lega Maginot di Lembach (AALML)<\/td><\/tr><tr><td>Mainz, DE<\/td><td>Citt\u00e0 di Magonza, mainzplus CITYMARKETING GmbH<\/td><\/tr><tr><td>Medzhybizh, UA<\/td><td>Riserva statale storico-culturale \u201cMedzhybizh\u201d<\/td><\/tr><tr><td>Msidia, MT<\/td><td>Universit\u00e0 di Malta, Dipartimento di Gestione del Turismo, Facolt\u00e0 di Economia, Management e Contabilit\u00e0<\/td><\/tr><tr><td>Nysa, PL<\/td><td>Associazione Giovani Amici \u201cArmonia nel caos\u201d<\/td><\/tr><tr><td>Ohrid, MK<\/td><td>Istituzione nazionale per la protezione dei monumenti della cultura e del museo Ohrid<\/td><\/tr><tr><td>Praga-Vy\u0161ehrad, CZ<\/td><td>Monumento alla cultura nazionale Vy\u0161ehrad Praga<\/td><\/tr><tr><td>Pola, HR<\/td><td>Juraj Dobrila Universit\u00e0 di Pola<\/td><\/tr><tr><td>Rasnov, RO<\/td><td>Associazione Mioritica<\/td><\/tr><tr><td>Rastatt, DE<\/td><td>Museo di storia militare di Rastatt<\/td><\/tr><tr><td>Remagen, DE<\/td><td>MUSEO DELLA PACE Ponte di Remagen Associazione<\/td><\/tr><tr><td>Renania-Palatinato, DE<\/td><td>Direzione generale del patrimonio culturale della Renania-Palatinato<\/td><\/tr><tr><td>Sabbioneta, IT<\/td><td>Comune di Sabbioneta<\/td><\/tr><tr><td>San Marino, SMR<\/td><td>Repubblica di San Marino<\/td><\/tr><tr><td>Sant'Oreste, IT<\/td><td>Comune di Sant'Oreste<\/td><\/tr><tr><td>Schoenenbourg, FR<\/td><td>Associazione degli Amici della Lega Maginot d'Alsazia (AALMA)<\/td><\/tr><tr><td>Schwalmstadt, DE<\/td><td>Tourismusservice Rotk\u00e4ppchenland e.V., Fortezza Ziegenhain<\/td><\/tr><tr><td>Sebenico, HR<\/td><td>Istituzione pubblica \u201cFortezza della cultura di Sebenico\u201d<\/td><\/tr><tr><td>Srebrna G\u00f3ra, PL<\/td><td>Fortezza Srebrna G\u00f3ra Sp. z.o.o.<\/td><\/tr><tr><td>Strausberg, DE<\/td><td>Luoghi della storia e.V.<\/td><\/tr><tr><td>Suomenlinna, Helsinki, FI<\/td><td>Societ\u00e0 Ehrensv\u00e4rd, Suomenlinna<\/td><\/tr><tr><td>Terez\u00edn, CZ<\/td><td>Terez\u00edn - la citt\u00e0 del cambiamento<\/td><\/tr><tr><td>Torgau, DE<\/td><td>Citt\u00e0 di Torgau, rappresentata dal Battaglione Granatieri von Spiegel e.V.<\/td><\/tr><tr><td>Ulm, DE<\/td><td>Citt\u00e0 di Ulm, rappresentata da Ulm\/Neu Ulm Touristik GmbH<\/td><\/tr><tr><td>Alto Reno, DE\/FR<\/td><td>Fortezze e storia militare sull'Alto Reno 1870 - 1999<\/td><\/tr><tr><td>Valle Sabbia, IT<\/td><td>Comunit\u00e0 montana di Valle Sabbia<\/td><\/tr><tr><td>Valletta, MT<\/td><td>Din l-Art Helwa, Fondo Nazionale di Malta<\/td><\/tr><tr><td>Windischleuba, DE<\/td><td>Associazione tedesca degli ostelli della giovent\u00f9 Capitolo regionale Turingia<\/td><\/tr><\/tbody><\/table><\/figure>\n\n\n\n<p class=\"eplus-wrapper\"><\/p>\n\n\n\n<div class=\"wp-block-group alignwide eplus-wrapper has-base-2-background-color has-background has-global-padding is-layout-constrained wp-container-core-group-is-layout-39412042 wp-block-group-is-layout-constrained\" style=\"border-radius:16px;padding-top:var(--wp--preset--spacing--40);padding-right:var(--wp--preset--spacing--50);padding-bottom:var(--wp--preset--spacing--40);padding-left:var(--wp--preset--spacing--50)\">\n<div style=\"height:var(--wp--preset--spacing--10)\" aria-hidden=\"true\" class=\"wp-block-spacer eplus-wrapper\"><\/div>\n\n\n\n<h2 class=\"wp-block-heading alignwide has-text-align-center eplus-wrapper has-x-large-font-size\">Diventa subito un membro di FORTE CULTURA.<\/h2>\n\n\n\n<div class=\"wp-block-columns alignwide eplus-wrapper is-layout-flex wp-container-core-columns-is-layout-28f84493 wp-block-columns-is-layout-flex\">\n<div class=\"wp-block-column eplus-wrapper is-layout-flow wp-block-column-is-layout-flow\">\n<p class=\"has-text-align-center eplus-wrapper translation-block\" style=\"margin-right:0;margin-left:0\">Unisciti a FORTE CULTURA e.V. ed entra a far parte dell'Itinerario Culturale Europeo dei Monumenti Fortificati.<\/p>\n<\/div>\n<\/div>\n\n\n\n<div class=\"wp-block-buttons eplus-wrapper is-content-justification-center is-layout-flex wp-container-core-buttons-is-layout-a89b3969 wp-block-buttons-is-layout-flex\">\n<div class=\"wp-block-button eplus-wrapper\"><a class=\"wp-block-button__link wp-element-button\" href=\"https:\/\/www.forte-cultura.network\/it\/organizzazione\/forte-cultura-diventa-membro\/\">Per saperne di pi\u00f9<\/a><\/div>\n<\/div>\n\n\n\n<div style=\"height:var(--wp--preset--spacing--10)\" aria-hidden=\"true\" class=\"wp-block-spacer eplus-wrapper\"><\/div>\n<\/div>","protected":false},"excerpt":{"rendered":"<p>The strength of the FORTE CULTURA network is based on the individual strengths and cohesion of its members. 67 institutions, public bodies, associations and experts from 17 countries are official [&hellip;]<\/p>\n","protected":false},"author":1,"featured_media":0,"parent":329,"menu_order":1,"comment_status":"closed","ping_status":"closed","template":"","meta":{"editor_plus_copied_stylings":"{}","pgc_sgb_lightbox_settings":"","_price":"","_stock":"","_tribe_ticket_header":"","_tribe_default_ticket_provider":"","_tribe_ticket_capacity":"0","_ticket_start_date":"","_ticket_end_date":"","_tribe_ticket_show_description":"","_tribe_ticket_show_not_going":false,"_tribe_ticket_use_global_stock":"","_tribe_ticket_global_stock_level":"","_global_stock_mode":"","_global_stock_cap":"","_tribe_rsvp_for_event":"","_tribe_ticket_going_count":"","_tribe_ticket_not_going_count":"","_tribe_tickets_list":"[]","_tribe_ticket_has_attendee_info_fields":false,"_EventAllDay":false,"_EventTimezone":"","_EventStartDate":"","_EventEndDate":"","_EventStartDateUTC":"","_EventEndDateUTC":"","_EventShowMap":false,"_EventShowMapLink":false,"_EventURL":"","_EventCost":"","_EventCostDescription":"","_EventCurrencySymbol":"","_EventCurrencyCode":"","_EventCurrencyPosition":"","_EventDateTimeSeparator":"","_EventTimeRangeSeparator":"","_EventOrganizerID":[],"_EventVenueID":[],"_OrganizerEmail":"","_OrganizerPhone":"","_OrganizerWebsite":"","_VenueAddress":"","_VenueCity":"","_VenueCountry":"","_VenueProvince":"","_VenueState":"","_VenueZip":"","_VenuePhone":"","_VenueURL":"","_VenueStateProvince":"","_VenueLat":"","_VenueLng":"","_VenueShowMap":false,"_VenueShowMapLink":false,"footnotes":""},"class_list":["post-5100","page","type-page","status-publish","hentry"],"_links":{"self":[{"href":"https:\/\/www.forte-cultura.network\/it\/wp-json\/wp\/v2\/pages\/5100","targetHints":{"allow":["GET"]}}],"collection":[{"href":"https:\/\/www.forte-cultura.network\/it\/wp-json\/wp\/v2\/pages"}],"about":[{"href":"https:\/\/www.forte-cultura.network\/it\/wp-json\/wp\/v2\/types\/page"}],"author":[{"embeddable":true,"href":"https:\/\/www.forte-cultura.network\/it\/wp-json\/wp\/v2\/users\/1"}],"replies":[{"embeddable":true,"href":"https:\/\/www.forte-cultura.network\/it\/wp-json\/wp\/v2\/comments?post=5100"}],"version-history":[{"count":2,"href":"https:\/\/www.forte-cultura.network\/it\/wp-json\/wp\/v2\/pages\/5100\/revisions"}],"predecessor-version":[{"id":5105,"href":"https:\/\/www.forte-cultura.network\/it\/wp-json\/wp\/v2\/pages\/5100\/revisions\/5105"}],"up":[{"embeddable":true,"href":"https:\/\/www.forte-cultura.network\/it\/wp-json\/wp\/v2\/pages\/329"}],"wp:attachment":[{"href":"https:\/\/www.forte-cultura.network\/it\/wp-json\/wp\/v2\/media?parent=5100"}],"curies":[{"name":"wp","href":"https:\/\/api.w.org\/{rel}","templated":true}]}}