{"id":2786,"date":"2025-08-30T12:05:11","date_gmt":"2025-08-30T10:05:11","guid":{"rendered":"https:\/\/www.forte-cultura.network\/?page_id=2786"},"modified":"2025-11-26T13:48:59","modified_gmt":"2025-11-26T12:48:59","slug":"usluga-publikowania-blogow","status":"publish","type":"page","link":"https:\/\/www.forte-cultura.network\/pl\/blog-publishing-service\/","title":{"rendered":"Serwis Wydawniczy FORTE CULTURA"},"content":{"rendered":"<div class=\"eplus-wrapper wp-block-columns alignwide is-layout-flex wp-container-core-columns-is-layout-28f84493 wp-block-columns-is-layout-flex eplus-styles-uid-950e39\">\n<div class=\"eplus-wrapper wp-block-column is-layout-flow wp-block-column-is-layout-flow\">\n<h2 class=\"wp-block-heading eplus-wrapper\">Wsp\u00f3\u0142tw\u00f3rz blogi FORTE CULTURA!<\/h2>\n\n\n\n<p class=\"eplus-wrapper\"><strong>FORTE CULTURA<\/strong> zaprasza wszystkich cz\u0142onk\u00f3w i ekspert\u00f3w z ca\u0142ego \u015bwiata do dzielenia si\u0119 swoimi historiami, wiedz\u0105 i spostrze\u017ceniami na temat fortec za po\u015brednictwem naszego bloga po\u015bwi\u0119conego aktywno\u015bci i nauce. Tw\u00f3j wk\u0142ad inspiruje entuzjast\u00f3w fortec i profesjonalist\u00f3w. Praktyczne instrukcje dotycz\u0105ce ca\u0142ego procesu mo\u017cna znale\u017a\u0107 tutaj:<\/p>\n\n\n\n<h3 class=\"wp-block-heading eplus-wrapper\">Dlaczego warto si\u0119 udziela\u0107?<\/h3>\n\n\n\n<p style=\"margin-left:var(--wp--preset--spacing--10)\" class=\"eplus-wrapper\">Zwi\u0119ksz widoczno\u015b\u0107 swojej twierdzy i dzia\u0142a\u0144<br>Dzielenie si\u0119 najlepszymi praktykami i innowacyjnymi pomys\u0142ami<br>Nawi\u0105zywanie kontakt\u00f3w z innymi profesjonalistami i entuzjastami<br>Wspieranie naszego wsp\u00f3lnego opowiadania historii ponad granicami.<\/p>\n\n\n\n<h3 class=\"wp-block-heading eplus-wrapper\">Sekcje bloga<\/h3>\n\n\n\n<p style=\"margin-left:10px\" class=\"eplus-wrapper\">\ud83d\udd38 <strong>Blog aktywno\u015bci<\/strong> - B\u0142yskawiczne wiadomo\u015bci, wydarzenia i historie z witryn twierdzy<br>\ud83d\udd38 <strong>Blog naukowy<\/strong> - Obszerne artyku\u0142y eksperckie i badawcze, badania i refleksje istotne dla profesjonalist\u00f3w zajmuj\u0105cych si\u0119 twierdzami<\/p>\n\n\n\n<h3 class=\"wp-block-heading eplus-wrapper\"><strong>Jak przes\u0142a\u0107 zg\u0142oszenie:<\/strong><\/h3>\n\n\n<div class=\"wp-block-file eplus-wrapper eplus-styles-uid-75c719\"><a id=\"wp-block-file--media-5d6a7ea6-010e-4f2f-b35d-71c0beb6e097\" href=\"https:\/\/www.forte-cultura.network\/wp-content\/uploads\/2025\/11\/Write-your-article-HERE-FORTE-CULTURA-BLOG.docx\"><strong> Napisz sw\u00f3j artyku\u0142 TUTAJ (FORTE CULTURA BLOG)<\/strong><\/a><a href=\"https:\/\/www.forte-cultura.network\/wp-content\/uploads\/2025\/11\/Write-your-article-HERE-FORTE-CULTURA-BLOG.docx\" class=\"wp-block-file__button wp-element-button\" download aria-describedby=\"wp-block-file--media-5d6a7ea6-010e-4f2f-b35d-71c0beb6e097\">Pobierz<\/a><\/div>\n\n<ol class=\"wp-block-list eplus-wrapper eplus-styles-uid-63dc31\">\n<li class=\"eplus-wrapper\"><strong>Format<\/strong> - Przygotuj sw\u00f3j artyku\u0142 w programie Microsoft Word jako tekst - <strong>mo\u017cna pobra\u0107 formularz<\/strong><\/li>\n\n\n\n<li class=\"eplus-wrapper\"><strong>Tre\u015b\u0107<\/strong> - Temat nie jest ograniczony, ale musi w jaki\u015b spos\u00f3b odnosi\u0107 si\u0119 do dziedzictwa twierdzy<\/li>\n\n\n\n<li class=\"eplus-wrapper\"><strong>D\u0142ugo\u015b\u0107<\/strong> - Nie ma \u015bcis\u0142ego limitu, artyku\u0142y nie powinny przekracza\u0107 3000 s\u0142\u00f3w<\/li>\n\n\n\n<li class=\"eplus-wrapper\"><strong>J\u0119zyk<\/strong> - Artyku\u0142 powinien by\u0107 w j\u0119zyku angielskim (je\u015bli nie, nie martw si\u0119, nasz zesp\u00f3\u0142 redakcyjny go przet\u0142umaczy).<\/li>\n\n\n\n<li class=\"eplus-wrapper\"><strong>Nag\u0142\u00f3wek<\/strong> - Na g\u00f3rze:<ul class=\"wp-block-list eplus-wrapper eplus-styles-uid-ce3a82\">\n<li class=\"eplus-wrapper\">Tytu\u0142<\/li>\n\n\n\n<li class=\"eplus-wrapper\">Imi\u0119 i nazwisko autora<\/li>\n\n\n\n<li class=\"eplus-wrapper\">Obraz z przodu<\/li>\n\n\n\n<li class=\"eplus-wrapper\">Kategorie - mo\u017cesz zapozna\u0107 si\u0119 z list\u0105 kategorii <a href=\"https:\/\/www.forte-cultura.network\/pl\/lista-kategorii-blogow\/\" data-type=\"link\" data-id=\"https:\/\/www.forte-cultura.network\/blog-categories-list\/\"><strong>TUTAJ<\/strong><\/a><\/li>\n\n\n\n<li class=\"eplus-wrapper\">Opis wprowadzaj\u0105cy<\/li>\n<\/ul><\/li>\n\n\n\n<li class=\"eplus-wrapper\"><strong>Obrazy\/wideo<\/strong> - Dodaj inne obrazy lub filmy w tek\u015bcie, je\u015bli s\u0105 dost\u0119pne. Aby uzyska\u0107 najlepsz\u0105 jako\u015b\u0107, prze\u015blij zdj\u0119cia osobno (np. za po\u015brednictwem WeTransfer). Je\u015bli to mo\u017cliwe, podaj autora zdj\u0119cia. W nazwie pliku z obrazem mo\u017cesz napisa\u0107 opis, co znajduje si\u0119 na obrazie (do cel\u00f3w przysz\u0142ego wyszukiwania w Internecie).<\/li>\n\n\n\n<li class=\"eplus-wrapper\"><strong>Cytaty<\/strong> - Mo\u017cna zamie\u015bci\u0107 osobne cytaty z imieniem i nazwiskiem oraz zawodem\/tytu\u0142em m\u00f3wcy.<\/li>\n\n\n\n<li class=\"eplus-wrapper\">Wy\u015blij plik do: <strong><a>publish@forte-cultura.eu<\/a><\/strong><\/li>\n<\/ol>\n\n\n<h3 class=\"wp-block-heading eplus-wrapper\">Co dalej?<\/h3>\n\n\n<ol class=\"wp-block-list eplus-wrapper eplus-styles-uid-c51a75\">\n<li class=\"eplus-wrapper\">Powiadomienie redakcyjne - Redaktor bloga otrzymuje zg\u0142oszenie i przygotowuje je do sprawdzenia.<\/li>\n\n\n\n<li class=\"eplus-wrapper\">Recenzja - Zesp\u00f3\u0142 redakcyjny (kierowany przez prezesa FORTE CULTURA) dokonuje recenzji i podejmuje jedn\u0105 z nast\u0119puj\u0105cych decyzji:<ul class=\"wp-block-list eplus-wrapper eplus-styles-uid-14d616\">\n<li class=\"eplus-wrapper\">Zatwierdzenie zwolnienia<\/li>\n\n\n\n<li class=\"eplus-wrapper\">Zatwierd\u017a ze zmianami - artyku\u0142 mo\u017ce zosta\u0107 opublikowany, ale wymagane s\u0105 drobne poprawki; zostaniesz powiadomiony o konieczno\u015bci wprowadzenia tych zmian.<\/li>\n\n\n\n<li class=\"eplus-wrapper\">Nie autoryzuj<\/li>\n<\/ul><\/li>\n\n\n\n<li class=\"eplus-wrapper\">Kategoryzacja - Redaktor przypisuje tagi i kategorie do artyku\u0142u i na podstawie jego tre\u015bci umieszcza go w Blogu naukowym lub Blogu aktywno\u015bci.<\/li>\n\n\n\n<li class=\"eplus-wrapper\">Umowa z autorem - po zatwierdzeniu redaktor mo\u017ce koordynowa\u0107 z autorem finalizacj\u0119 artyku\u0142u dla sieci, w tym uk\u0142ad, obrazy i formatowanie wizualne.<\/li>\n\n\n\n<li class=\"eplus-wrapper\">Harmonogram i publikacja - artyku\u0142 zostaje dodany do harmonogramu redakcyjnego. Nie jest publikowany natychmiast, ale pojawi si\u0119 na blogu FORTE CULTURA zgodnie z zaplanowanym harmonogramem.<\/li>\n\n\n\n<li class=\"eplus-wrapper\">Udost\u0119pnianie - W przypadku ka\u017cdego artyku\u0142u zesp\u00f3\u0142 redakcyjny indywidualnie decyduje, na kt\u00f3rych kana\u0142ach medi\u00f3w spo\u0142eczno\u015bciowych FORTE CULTURA (Facebook, Instagram, LinkedIn) zostanie on udost\u0119pniony. Ponadto artyku\u0142 powinien zosta\u0107 uwzgl\u0119dniony w regularnych aktualizacjach bloga dla subskrybent\u00f3w newslettera, a tak\u017ce mo\u017ce pojawi\u0107 si\u0119 w samym newsletterze. Sie\u0107 automatycznie przet\u0142umaczy artyku\u0142 na oficjalne j\u0119zyki strony FORTE CULTURA za pomoc\u0105 AI (\ud83c\uddec\ud83c\udde7 \ud83c\uddeb\ud83c\uddf7 \ud83c\uddee\ud83c\uddf9 \ud83c\uddf5\ud83c\uddf1 \ud83c\udde9\ud83c\uddea).<\/li>\n<\/ol>\n\n\n<p class=\"eplus-wrapper\">Zach\u0119camy ka\u017cdego cz\u0142onka do przes\u0142ania co najmniej jednego artyku\u0142u rocznie. Do\u0142\u0105cz do naszej rosn\u0105cej spo\u0142eczno\u015bci - Twoja historia mo\u017ce by\u0107 jednym z kolejnych wyr\u00f3\u017cnionych post\u00f3w!<\/p>\n\n\n\n<h3 class=\"wp-block-heading eplus-wrapper\">Statystyki blog\u00f3w<\/h3>\n\n\n\n<p class=\"eplus-wrapper\">Dowiedz si\u0119, czego naprawd\u0119 chc\u0105 czytelnicy FORTE CULTURA! Nasza ankieta na blogu z 2025 r. ujawni\u0142a, jak cz\u0119sto czytelnicy chc\u0105 otrzymywa\u0107 aktualizacje, kt\u00f3re tematy najbardziej ich ekscytuj\u0105 i kto jest gotowy do tworzenia tre\u015bci. Poznaj kluczowe spostrze\u017cenia <a href=\"https:\/\/www.forte-cultura.network\/pl\/badanie-zainteresowania-blogami-forte-cultura-2025\/\" data-type=\"link\" data-id=\"https:\/\/www.forte-cultura.network\/forte-cultura-blogs-interest-survey-2025\/\"><strong>TUTAJ<\/strong><\/a>.<\/p>\n\n\n\n<p class=\"eplus-wrapper\">Zapewniamy r\u00f3wnie\u017c szczeg\u00f3\u0142owe statystyki dotycz\u0105ce artyku\u0142\u00f3w na blogu wed\u0142ug roku, w tym kraj\u00f3w pochodzenia ka\u017cdego artyku\u0142u. Poznaj trendy, wzorce i inne fascynuj\u0105ce spostrze\u017cenia z bloga TUTAJ (b\u0119d\u0105 dost\u0119pne w 2026 r.).<\/p>\n<\/div>\n<\/div>\n\n\n<blockquote class=\"wp-block-quote eplus-wrapper is-layout-flow wp-block-quote-is-layout-flow\">\n<p class=\"has-text-align-center eplus-wrapper\">Potrzebujesz wi\u0119cej informacji?<\/p>\n\n\n\n<p class=\"has-text-align-center eplus-wrapper\">Kontakt: <strong><a>publish@forte-cultura.eu<\/a><\/strong><\/p>\n<\/blockquote>\n\n\n<div class=\"eplus-wrapper wp-block-columns are-vertically-aligned-center is-layout-flex wp-container-core-columns-is-layout-1146dd41 wp-block-columns-is-layout-flex eplus-styles-uid-96468d\" style=\"padding-right:0;padding-left:0\">\n<div class=\"wp-block-column is-vertically-aligned-center eplus-wrapper is-layout-flow wp-block-column-is-layout-flow\"><\/div>\n<\/div>\n\n<div class=\"eplus-wrapper wp-block-columns are-vertically-aligned-center is-not-stacked-on-mobile is-layout-flex wp-container-core-columns-is-layout-28f84493 wp-block-columns-is-layout-flex eplus-styles-uid-a810cd\">\n<div class=\"eplus-wrapper wp-block-column is-vertically-aligned-center is-layout-flow wp-block-column-is-layout-flow\"><\/div>\n<\/div>\n\n\n<div class=\"wp-block-kadence-spacer alignwide kt-block-spacer-2786_5b2aec-73\"><div class=\"kt-block-spacer kt-block-spacer-halign-center\"><\/div><\/div>\n\n\n\n<p class=\"eplus-wrapper\"><\/p>","protected":false},"excerpt":{"rendered":"<p>Contribute to the FORTE CULTURA Blogs! FORTE CULTURA invites all members and experts around the world to share their fortress stories, expertise, and insights through our activity and science blog. [&hellip;]<\/p>\n","protected":false},"author":3,"featured_media":443,"parent":0,"menu_order":0,"comment_status":"closed","ping_status":"closed","template":"","meta":{"editor_plus_copied_stylings":"{}","pgc_sgb_lightbox_settings":"","_price":"","_stock":"","_tribe_ticket_header":"","_tribe_default_ticket_provider":"","_tribe_ticket_capacity":"0","_ticket_start_date":"","_ticket_end_date":"","_tribe_ticket_show_description":"","_tribe_ticket_show_not_going":false,"_tribe_ticket_use_global_stock":"","_tribe_ticket_global_stock_level":"","_global_stock_mode":"","_global_stock_cap":"","_tribe_rsvp_for_event":"","_tribe_ticket_going_count":"","_tribe_ticket_not_going_count":"","_tribe_tickets_list":"[]","_tribe_ticket_has_attendee_info_fields":false,"_EventAllDay":false,"_EventTimezone":"","_EventStartDate":"","_EventEndDate":"","_EventStartDateUTC":"","_EventEndDateUTC":"","_EventShowMap":false,"_EventShowMapLink":false,"_EventURL":"","_EventCost":"","_EventCostDescription":"","_EventCurrencySymbol":"","_EventCurrencyCode":"","_EventCurrencyPosition":"","_EventDateTimeSeparator":"","_EventTimeRangeSeparator":"","_EventOrganizerID":[],"_EventVenueID":[],"_OrganizerEmail":"","_OrganizerPhone":"","_OrganizerWebsite":"","_VenueAddress":"","_VenueCity":"","_VenueCountry":"","_VenueProvince":"","_VenueState":"","_VenueZip":"","_VenuePhone":"","_VenueURL":"","_VenueStateProvince":"","_VenueLat":"","_VenueLng":"","_VenueShowMap":false,"_VenueShowMapLink":false,"footnotes":""},"class_list":["post-2786","page","type-page","status-publish","has-post-thumbnail","hentry"],"_links":{"self":[{"href":"https:\/\/www.forte-cultura.network\/pl\/wp-json\/wp\/v2\/pages\/2786","targetHints":{"allow":["GET"]}}],"collection":[{"href":"https:\/\/www.forte-cultura.network\/pl\/wp-json\/wp\/v2\/pages"}],"about":[{"href":"https:\/\/www.forte-cultura.network\/pl\/wp-json\/wp\/v2\/types\/page"}],"author":[{"embeddable":true,"href":"https:\/\/www.forte-cultura.network\/pl\/wp-json\/wp\/v2\/users\/3"}],"replies":[{"embeddable":true,"href":"https:\/\/www.forte-cultura.network\/pl\/wp-json\/wp\/v2\/comments?post=2786"}],"version-history":[{"count":21,"href":"https:\/\/www.forte-cultura.network\/pl\/wp-json\/wp\/v2\/pages\/2786\/revisions"}],"predecessor-version":[{"id":3805,"href":"https:\/\/www.forte-cultura.network\/pl\/wp-json\/wp\/v2\/pages\/2786\/revisions\/3805"}],"wp:featuredmedia":[{"embeddable":true,"href":"https:\/\/www.forte-cultura.network\/pl\/wp-json\/wp\/v2\/media\/443"}],"wp:attachment":[{"href":"https:\/\/www.forte-cultura.network\/pl\/wp-json\/wp\/v2\/media?parent=2786"}],"curies":[{"name":"wp","href":"https:\/\/api.w.org\/{rel}","templated":true}]}}