{"id":2799,"date":"2025-08-31T12:03:08","date_gmt":"2025-08-31T10:03:08","guid":{"rendered":"https:\/\/www.forte-cultura.network\/?page_id=2799"},"modified":"2025-08-31T12:13:14","modified_gmt":"2025-08-31T10:13:14","slug":"badanie-zainteresowania-blogami-forte-cultura-2025","status":"publish","type":"page","link":"https:\/\/www.forte-cultura.network\/pl\/forte-cultura-blogs-interest-survey-2025\/","title":{"rendered":"Blogi FORTE CULTURA - Ankieta zainteresowania 2025"},"content":{"rendered":"<div class=\"eplus-wrapper wp-block-columns alignwide is-layout-flex wp-container-core-columns-is-layout-28f84493 wp-block-columns-is-layout-flex eplus-styles-uid-434791\">\n<div class=\"eplus-wrapper wp-block-column is-layout-flow wp-block-column-is-layout-flow\">\n<h2 class=\"eplus-wrapper wp-block-heading\">Spostrze\u017cenia z naszej najnowszej ankiety na blogu<\/h2>\n\n\n\n<p class=\"eplus-wrapper\"><em>Tom\u00e1\u0161 Jirouch<\/em><\/p>\n\n\n\n<p class=\"eplus-wrapper\">W lipcu 2025 r. przeprowadzili\u015bmy ankiet\u0119, aby lepiej zrozumie\u0107 preferencje naszych odbiorc\u00f3w i ich zaanga\u017cowanie w blog FORTE CULTURA. Wyniki dostarczy\u0142y cennych informacji na temat tego, w jaki spos\u00f3b nasi czytelnicy chc\u0105 wchodzi\u0107 w interakcje z tre\u015bciami, jakie tematy najbardziej ich interesuj\u0105 i jaka jest ich gotowo\u015b\u0107 do wsp\u00f3\u0142tworzenia. Zebrali\u015bmy 32 odpowiedzi. Oto, co znale\u017ali\u015bmy:<\/p>\n\n\n\n<h2 class=\"wp-block-heading eplus-wrapper\">1. Preferowana cz\u0119stotliwo\u015b\u0107 aktualizacji bloga<\/h2>\n\n\n\n<p class=\"eplus-wrapper\">Na pytanie, jak cz\u0119sto chcieliby otrzymywa\u0107 aktualizacje za po\u015brednictwem poczty elektronicznej, odpowiedzi by\u0142y do\u015b\u0107 r\u00f3wnomiernie roz\u0142o\u017cone:<\/p>\n\n\n<ul class=\"wp-block-list eplus-wrapper eplus-styles-uid-8bcd91\">\n<li class=\"eplus-wrapper\"><strong>Raz w miesi\u0105cu (miesi\u0119czne podsumowanie):<\/strong> 9 respondent\u00f3w<\/li>\n\n\n\n<li class=\"eplus-wrapper\"><strong>Raz w tygodniu (podsumowanie nowej zawarto\u015bci):<\/strong> 9 respondent\u00f3w<\/li>\n\n\n\n<li class=\"eplus-wrapper\"><strong>Za ka\u017cdym razem, gdy publikowany jest nowy artyku\u0142 (co oko\u0142o tydzie\u0144):<\/strong> 8 respondent\u00f3w<\/li>\n\n\n\n<li class=\"eplus-wrapper\"><strong>Raz na trzy miesi\u0105ce (najwa\u017cniejsze informacje kwartalne):<\/strong> 5 respondent\u00f3w<\/li>\n<\/ul>\n\n\n<p class=\"eplus-wrapper\">Podsumowuj\u0105c, respondent\u00f3w mo\u017cna podzieli\u0107 na trzy podstawowe kategorie:<\/p>\n\n\n<ul class=\"wp-block-list eplus-wrapper eplus-styles-uid-cbb80a\">\n<li class=\"eplus-wrapper\"><strong>Co tydzie\u0144 (lub za ka\u017cdym razem, gdy publikowany jest nowy artyku\u0142):<\/strong> 55 %<\/li>\n\n\n\n<li class=\"eplus-wrapper\"><strong>Raz w miesi\u0105cu:<\/strong> 29 %<\/li>\n\n\n\n<li class=\"eplus-wrapper\"><strong>Rzadziej (kwartalnie lub podobnie):<\/strong> 16 %<\/li>\n<\/ul>\n\n\n<p class=\"eplus-wrapper\"><strong>Na wynos:<\/strong> Czytelnicy ceni\u0105 sobie elastyczno\u015b\u0107. Niekt\u00f3rzy preferuj\u0105 zwi\u0119z\u0142e miesi\u0119czne lub kwartalne aktualizacje, podczas gdy inni chc\u0105 cz\u0119stszych powiadomie\u0144 o nowych artyku\u0142ach. Oferowanie wielu opcji subskrypcji mo\u017ce zadowoli\u0107 ka\u017cdego. Informacje <strong>84 % respondent\u00f3w<\/strong> chc\u0105 otrzymywa\u0107 aktualizacje <strong>co najmniej raz w miesi\u0105cu<\/strong>.<\/p>\n\n\n\n<h3 class=\"wp-block-heading eplus-wrapper\">Co m\u00f3wi\u0105 nam \u015brednia i mediana<\/h3>\n\n\n\n<p class=\"eplus-wrapper\">Najwi\u0119ksza grupa woli by\u0107 informowana <strong>regularnie, co siedem dni<\/strong>podczas gdy mniejsza cz\u0119\u015b\u0107 jest zadowolona z aktualizacji <strong>raz w miesi\u0105cu lub tylko raz na trzy miesi\u0105ce<\/strong>. Je\u015bli obliczymy \"wa\u017con\u0105\" \u015bredni\u0105 na podstawie liczby dni mi\u0119dzy aktualizacjami, to <strong>\u015brednia preferowana cz\u0119stotliwo\u015b\u0107 wynosi oko\u0142o 25 dni<\/strong>. Oznacza to, \u017ce typowy czytelnik chce otrzymywa\u0107 aktualizacje w przybli\u017ceniu <strong>raz w miesi\u0105cu<\/strong>ale wiele os\u00f3b woli cz\u0119stsze powiadomienia.<\/p>\n\n\n\n<p class=\"eplus-wrapper\">Mediana - warto\u015b\u0107, kt\u00f3ra dzieli czytelnik\u00f3w na dwie r\u00f3wne po\u0142owy, cz\u0119stsz\u0105 i rzadsz\u0105 - mie\u015bci si\u0119 w przedziale <strong>Kategoria tygodniowa lub na artyku\u0142<\/strong>. Potwierdza to, \u017ce wi\u0119kszo\u015b\u0107 czytelnik\u00f3w woli <strong>regularne, cz\u0119ste aktualizacje<\/strong>.<\/p>\n\n\n\n<figure class=\"wp-block-image size-large eplus-wrapper\"><img loading=\"lazy\" decoding=\"async\" width=\"1024\" height=\"455\" src=\"https:\/\/www.forte-cultura.network\/wp-content\/uploads\/2025\/08\/image-1024x455.png\" alt=\"\" class=\"wp-image-2800\" srcset=\"https:\/\/www.forte-cultura.network\/wp-content\/uploads\/2025\/08\/image-1024x455.png 1024w, https:\/\/www.forte-cultura.network\/wp-content\/uploads\/2025\/08\/image-300x133.png 300w, https:\/\/www.forte-cultura.network\/wp-content\/uploads\/2025\/08\/image-768x341.png 768w, https:\/\/www.forte-cultura.network\/wp-content\/uploads\/2025\/08\/image-1536x682.png 1536w, https:\/\/www.forte-cultura.network\/wp-content\/uploads\/2025\/08\/image-2048x909.png 2048w, https:\/\/www.forte-cultura.network\/wp-content\/uploads\/2025\/08\/image-18x8.png 18w\" sizes=\"auto, (max-width: 1024px) 100vw, 1024px\" \/><\/figure>\n\n\n\n<h2 class=\"wp-block-heading eplus-wrapper\">2. Najbardziej po\u017c\u0105dane typy tre\u015bci<\/h2>\n\n\n\n<p class=\"eplus-wrapper\">Uczestnicy zostali zapytani, jakie tre\u015bci najbardziej ich interesuj\u0105, a wyniki pokazuj\u0105 wyra\u017an\u0105 hierarchi\u0119 preferencji:<\/p>\n\n\n<ul class=\"wp-block-list eplus-wrapper eplus-styles-uid-560fde\">\n<li class=\"eplus-wrapper\"><strong>Projekty z teren\u00f3w fortecznych:<\/strong> 27 wzmianek<\/li>\n\n\n\n<li class=\"eplus-wrapper\"><strong>Badania, najlepsze praktyki i artyku\u0142y ekspert\u00f3w:<\/strong> 23 wzmianki<\/li>\n\n\n\n<li class=\"eplus-wrapper\"><strong>Trasy i propozycje turystyki kulturowej:<\/strong> 15 wzmianek<\/li>\n\n\n\n<li class=\"eplus-wrapper\"><strong>Mo\u017cliwo\u015bci finansowania:<\/strong> 14 wzmianek<\/li>\n\n\n\n<li class=\"eplus-wrapper\"><strong>Wywiady z cz\u0142onkami i spostrze\u017cenia dotycz\u0105ce zarz\u0105dzania fortec\u0105:<\/strong> 10 wzmianek<\/li>\n<\/ul>\n\n\n<p class=\"eplus-wrapper\"><strong>Na wynos:<\/strong> Wi\u0119kszo\u015b\u0107 czytelnik\u00f3w jest najbardziej zaanga\u017cowana w tre\u015bci podkre\u015blaj\u0105ce projekty forteczne i artyku\u0142y oparte na badaniach. Turystyka kulturowa, wskaz\u00f3wki dotycz\u0105ce finansowania i perspektywy wewn\u0119trzne s\u0105 r\u00f3wnie\u017c cenione, ale w nieco mniejszym stopniu.<\/p>\n\n\n\n<h2 class=\"wp-block-heading eplus-wrapper\">3. Zainteresowanie wnoszeniem tre\u015bci<\/h2>\n\n\n\n<p class=\"eplus-wrapper\">Zbadali\u015bmy r\u00f3wnie\u017c, czy czytelnicy byliby zainteresowani samodzielnym dodawaniem tre\u015bci:<\/p>\n\n\n<ul class=\"wp-block-list eplus-wrapper eplus-styles-uid-e55c2d\">\n<li class=\"eplus-wrapper\"><strong>Tak, mam ju\u017c co\u015b na my\u015bli:<\/strong> 7 odpowiedzi<\/li>\n\n\n\n<li class=\"eplus-wrapper\"><strong>Tak, ale potrzebuj\u0119 pomocy, by zacz\u0105\u0107:<\/strong> 7 odpowiedzi<\/li>\n\n\n\n<li class=\"eplus-wrapper\"><strong>Mo\u017ce w przysz\u0142o\u015bci:<\/strong> 10 odpowiedzi<\/li>\n\n\n\n<li class=\"eplus-wrapper\"><strong>Nie, nie w tej chwili:<\/strong> 4 odpowiedzi<\/li>\n<\/ul>\n\n\n<p class=\"eplus-wrapper\">Z 28 odpowiedzi:<\/p>\n\n\n<ul class=\"wp-block-list eplus-wrapper eplus-styles-uid-6bd34c\">\n<li class=\"eplus-wrapper\"><strong>Zainteresowany teraz (z pomys\u0142em lub potrzebuj\u0105cy pomocy):<\/strong> 50%<\/li>\n\n\n\n<li class=\"eplus-wrapper\"><strong>Mo\u017ce p\u00f3\u017aniej:<\/strong> 36%<\/li>\n\n\n\n<li class=\"eplus-wrapper\"><strong>Nie jestem zainteresowany:<\/strong> 14%<\/li>\n<\/ul>\n\n\n<p class=\"eplus-wrapper\"><strong>Na wynos:<\/strong> Po\u0142owa respondent\u00f3w jest gotowa do natychmiastowego wniesienia wk\u0142adu, a niekt\u00f3rzy potrzebuj\u0105 wskaz\u00f3wek. Istnieje r\u00f3wnie\u017c spora grupa, kt\u00f3ra mo\u017ce wnie\u015b\u0107 sw\u00f3j wk\u0142ad w przysz\u0142o\u015bci, co wskazuje na potencja\u0142 rozwoju tre\u015bci tworzonych przez spo\u0142eczno\u015b\u0107.<\/p>\n\n\n\n<h2 class=\"wp-block-heading eplus-wrapper\">4. Pomys\u0142y<\/h2>\n\n\n\n<p class=\"eplus-wrapper\">Nasi respondenci zasugerowali kilka konkretnych temat\u00f3w dla bloga FORTE CULTURA, w tym:<\/p>\n\n\n\n<p class=\"eplus-wrapper\"><strong>1. Wydarzenia i spo\u0142eczno\u015b\u0107<\/strong><\/p>\n\n\n<ul class=\"wp-block-list eplus-wrapper eplus-styles-uid-ee93d0\">\n<li class=\"eplus-wrapper\">Wiadomo\u015bci o nadchodz\u0105cych wydarzeniach.<\/li>\n\n\n\n<li class=\"eplus-wrapper\">Jak ludzie mog\u0105 pom\u00f3c w badaniu i dokumentowaniu fort\u00f3w.<\/li>\n\n\n\n<li class=\"eplus-wrapper\">Wolontariat i mo\u017cliwe miejsca pracy dla pracownik\u00f3w.<\/li>\n<\/ul>\n\n\n<p class=\"eplus-wrapper\"><strong>2. Badania i technologia<\/strong><\/p>\n\n\n<ul class=\"wp-block-list eplus-wrapper eplus-styles-uid-8a51ed\">\n<li class=\"eplus-wrapper\">Wykorzystanie nauki do badania fortec.<\/li>\n\n\n\n<li class=\"eplus-wrapper\">Jak sztuczna inteligencja pomaga w badaniach, mapach i zarz\u0105dzaniu informacjami.<\/li>\n\n\n\n<li class=\"eplus-wrapper\">Narz\u0119dzia takie jak geofizyka i radar penetruj\u0105cy grunt pozwalaj\u0105 znale\u017a\u0107 ukryte struktury.<\/li>\n<\/ul>\n\n\n<p class=\"eplus-wrapper\"><strong>3. Ochrona i dobre praktyki<\/strong><\/p>\n\n\n<ul class=\"wp-block-list eplus-wrapper eplus-styles-uid-835759\"><\/ul>\n\n<ul class=\"wp-block-list eplus-wrapper eplus-styles-uid-ec05e5\">\n<li class=\"eplus-wrapper\">Przyk\u0142ady projekt\u00f3w renowacyjnych.<\/li>\n\n\n\n<li class=\"eplus-wrapper\">Ciekawe znaleziska, takie jak stare narz\u0119dzia lub ukryte cz\u0119\u015bci fortec.<\/li>\n<\/ul>\n\n<ul class=\"wp-block-list eplus-wrapper eplus-styles-uid-da00f3\"><\/ul>\n\n<ul class=\"wp-block-list eplus-wrapper eplus-styles-uid-c82099\"><\/ul>\n\n\n<p class=\"eplus-wrapper\"><strong>4. Etyka i tematy specjalne<\/strong><\/p>\n\n\n<ul class=\"wp-block-list eplus-wrapper eplus-styles-uid-e5b2ef\">\n<li class=\"eplus-wrapper\">Niezwyk\u0142e odkrycia, takie jak odciski zwierz\u0119cych \u0142ap na zamkowych ceg\u0142ach.<\/li>\n\n\n\n<li class=\"eplus-wrapper\">Kwestie etyczne w badaniach i konserwacji.<\/li>\n<\/ul>\n\n<ul class=\"wp-block-list eplus-wrapper eplus-styles-uid-e50afd\"><\/ul>\n\n<ul class=\"wp-block-list eplus-wrapper eplus-styles-uid-068815\"><\/ul>\n\n\n<h2 class=\"wp-block-heading eplus-wrapper\">Wnioski<\/h2>\n\n\n\n<p class=\"eplus-wrapper\">Wyniki ankiety stanowi\u0105 jasny plan dzia\u0142ania dla bloga FORTE CULTURA:<\/p>\n\n\n<ol class=\"wp-block-list eplus-wrapper eplus-styles-uid-4bda86\">\n<li class=\"eplus-wrapper\">Skoncentruj si\u0119 na projektach fortecznych i artyku\u0142ach opartych na badaniach, w tym poradach dotycz\u0105cych turystyki kulturowej i mo\u017cliwo\u015bciach finansowania.<\/li>\n\n\n\n<li class=\"eplus-wrapper\">Zach\u0119canie czytelnik\u00f3w do udzia\u0142u w dyskusji poprzez udzielanie wskaz\u00f3wek tym, kt\u00f3rzy ich potrzebuj\u0105.<\/li>\n\n\n\n<li class=\"eplus-wrapper\">Oko\u0142o 84 % respondent\u00f3w chce otrzymywa\u0107 aktualizacje bloga co najmniej raz w miesi\u0105cu.<\/li>\n<\/ol><\/div>\n<\/div>\n\n\n<blockquote class=\"wp-block-quote eplus-wrapper is-layout-flow wp-block-quote-is-layout-flow\">\n<p class=\"has-text-align-center eplus-wrapper\">Potrzebujesz wi\u0119cej informacji?<\/p>\n\n\n\n<p class=\"has-text-align-center eplus-wrapper\">Kontakt: <strong><a>publish@forte-cultura.eu<\/a><\/strong><\/p>\n<\/blockquote>","protected":false},"excerpt":{"rendered":"<p>Insights from Our Recent Blog Survey By Tom\u00e1\u0161 Jirouch In July 2025 we conducted a survey to better understand our audience\u2019s preferences and engagement with the FORTE CULTURA Blog. The [&hellip;]<\/p>\n","protected":false},"author":3,"featured_media":0,"parent":0,"menu_order":0,"comment_status":"closed","ping_status":"closed","template":"","meta":{"editor_plus_copied_stylings":"{}","pgc_sgb_lightbox_settings":"","_price":"","_stock":"","_tribe_ticket_header":"","_tribe_default_ticket_provider":"","_tribe_ticket_capacity":"0","_ticket_start_date":"","_ticket_end_date":"","_tribe_ticket_show_description":"","_tribe_ticket_show_not_going":false,"_tribe_ticket_use_global_stock":"","_tribe_ticket_global_stock_level":"","_global_stock_mode":"","_global_stock_cap":"","_tribe_rsvp_for_event":"","_tribe_ticket_going_count":"","_tribe_ticket_not_going_count":"","_tribe_tickets_list":"[]","_tribe_ticket_has_attendee_info_fields":false,"_EventAllDay":false,"_EventTimezone":"","_EventStartDate":"","_EventEndDate":"","_EventStartDateUTC":"","_EventEndDateUTC":"","_EventShowMap":false,"_EventShowMapLink":false,"_EventURL":"","_EventCost":"","_EventCostDescription":"","_EventCurrencySymbol":"","_EventCurrencyCode":"","_EventCurrencyPosition":"","_EventDateTimeSeparator":"","_EventTimeRangeSeparator":"","_EventOrganizerID":[],"_EventVenueID":[],"_OrganizerEmail":"","_OrganizerPhone":"","_OrganizerWebsite":"","_VenueAddress":"","_VenueCity":"","_VenueCountry":"","_VenueProvince":"","_VenueState":"","_VenueZip":"","_VenuePhone":"","_VenueURL":"","_VenueStateProvince":"","_VenueLat":"","_VenueLng":"","_VenueShowMap":false,"_VenueShowMapLink":false,"footnotes":""},"class_list":["post-2799","page","type-page","status-publish","hentry"],"_links":{"self":[{"href":"https:\/\/www.forte-cultura.network\/pl\/wp-json\/wp\/v2\/pages\/2799","targetHints":{"allow":["GET"]}}],"collection":[{"href":"https:\/\/www.forte-cultura.network\/pl\/wp-json\/wp\/v2\/pages"}],"about":[{"href":"https:\/\/www.forte-cultura.network\/pl\/wp-json\/wp\/v2\/types\/page"}],"author":[{"embeddable":true,"href":"https:\/\/www.forte-cultura.network\/pl\/wp-json\/wp\/v2\/users\/3"}],"replies":[{"embeddable":true,"href":"https:\/\/www.forte-cultura.network\/pl\/wp-json\/wp\/v2\/comments?post=2799"}],"version-history":[{"count":4,"href":"https:\/\/www.forte-cultura.network\/pl\/wp-json\/wp\/v2\/pages\/2799\/revisions"}],"predecessor-version":[{"id":2808,"href":"https:\/\/www.forte-cultura.network\/pl\/wp-json\/wp\/v2\/pages\/2799\/revisions\/2808"}],"wp:attachment":[{"href":"https:\/\/www.forte-cultura.network\/pl\/wp-json\/wp\/v2\/media?parent=2799"}],"curies":[{"name":"wp","href":"https:\/\/api.w.org\/{rel}","templated":true}]}}