{"id":5100,"date":"2026-03-14T11:51:26","date_gmt":"2026-03-14T10:51:26","guid":{"rendered":"https:\/\/www.forte-cultura.network\/?page_id=5100"},"modified":"2026-03-14T11:55:19","modified_gmt":"2026-03-14T10:55:19","slug":"czlonkowie-forte-cultura","status":"publish","type":"page","link":"https:\/\/www.forte-cultura.network\/pl\/organisation\/forte-cultura-members\/","title":{"rendered":"Cz\u0142onkowie FORTE CULTURA"},"content":{"rendered":"<p style=\"margin-bottom:0\" class=\"eplus-wrapper\">Si\u0142a sieci FORTE CULTURA opiera si\u0119 na indywidualnych atutach i sp\u00f3jno\u015bci jej cz\u0142onk\u00f3w. 67 instytucji, organ\u00f3w publicznych, stowarzysze\u0144 i ekspert\u00f3w z 17 kraj\u00f3w jest oficjalnymi cz\u0142onkami sieci FORTE CULTURA. <\/p>\n\n\n\n<figure class=\"is-style-stripes wp-block-table has-small-font-size eplus-wrapper\" style=\"line-height:1\"><table><thead><tr><td><strong>Miasto \/ Kraj<\/strong><strong><\/strong><\/td><td><strong>Cz\u0142onek zwyczajny<\/strong> (z wyj\u0105tkiem os\u00f3b prywatnych)<\/td><\/tr><\/thead><tbody><tr><td>Alessandria, IT<\/td><td>Associazione La Cittadella di Alessandria - Faro di pace in Europa<\/td><\/tr><tr><td>Alzacja, FR<\/td><td>Alsace Destination Tourisme - ADT<\/td><\/tr><tr><td>Bard, IT<\/td><td>Assoziazione Forte di Bard<\/td><\/tr><tr><td>Belfort, FR<\/td><td>Federation la Caponniere<\/td><\/tr><tr><td>B\u00fcdingen, DE<\/td><td>Miasto B\u00fcdingen<\/td><\/tr><tr><td>Cochem, DE<\/td><td>Reuter &amp; Reuter GbR<\/td><\/tr><tr><td>Cypr<\/td><td>Tourplus Cypr<\/td><\/tr><tr><td>Daugavpils, LT<\/td><td>Miejska instytucja Daugavpils \u201cAdministracja twierdzy i muze\u00f3w Daugavpils\u201d<\/td><\/tr><tr><td>D\u00f6mitz, DE<\/td><td>Twierdza D\u00f6mitz za po\u015brednictwem Stowarzyszenia Celowego na rzecz Zabytk\u00f3w Kultury Ludwigslust-Parchim<\/td><\/tr><tr><td>Franzensfeste, IT<\/td><td>Muzeum Prowincjonalne Twierdza Franzensfeste<\/td><\/tr><tr><td>Germersheim, DE<\/td><td>Miasto Germersheim<\/td><\/tr><tr><td>Gi\u017cycko, PL<\/td><td>Twierdza Boyen w Gi\u017cycku<\/td><\/tr><tr><td>Grauerort, DE<\/td><td>Fortress Grauerort e.V.<\/td><\/tr><tr><td>Hatten, FR<\/td><td>Mus\u00e9e de l'Abri de Hatten<\/td><\/tr><tr><td>Ingolstadt, DE<\/td><td>Miasto Ingolstadt<\/td><\/tr><tr><td>Jarom\u011b\u0159-Josefov, CZ<\/td><td>Miejskie Centrum Kultury Jarom\u011b\u0159<\/td><\/tr><tr><td>Kiew, UA<\/td><td>Narodowe Muzeum Historyczno-Architektoniczne \u201cTwierdza Kijowska\u201d<\/td><\/tr><tr><td>Koblencja, Niemcy<\/td><td>Miasto Koblencja, reprezentowane przez Eigenbetrieb Gr\u00fcnfl\u00e4chen- und Bestattungswesen<\/td><\/tr><tr><td>Koblencja, Niemcy<\/td><td>Dyrekcja Generalna ds. Dziedzictwa Kulturowego Nadrenii-Palatynatu<\/td><\/tr><tr><td>K\u00f6nigstein, Saksonia, Niemcy<\/td><td>Fortress K\u00f6nigstein gGmbH<\/td><\/tr><tr><td>Komarom, HU<\/td><td>Wojskowe Centrum Kultury Fort Monostor, Komarom<\/td><\/tr><tr><td>Kronach, DE<\/td><td>Miasto Kronach, Tourismus- und Veranstaltungsbetrieb<\/td><\/tr><tr><td>K\u00fcstriner Vorland, DE<\/td><td>Stowarzyszenie Fort Gorgast e.V.<\/td><\/tr><tr><td>La L\u00ednea de la Concepci\u00f3n, ES<\/td><td>Miasto La L\u00ednea de la Concepci\u00f3n<\/td><\/tr><tr><td>Lembach, FR<\/td><td>Stowarzyszenie przyjaci\u00f3\u0142 Ligne Maginot de Lembach (AALML)<\/td><\/tr><tr><td>Mainz, DE<\/td><td>Miasto Moguncja, mainzplus CITYMARKETING GmbH<\/td><\/tr><tr><td>Medzhybizh, UA<\/td><td>Pa\u0144stwowy Rezerwat Historyczno-Kulturowy \u201cMedzhybizh\u201d<\/td><\/tr><tr><td>Msidia, MT<\/td><td>Uniwersytet Malta\u0144ski, Wydzia\u0142 Zarz\u0105dzania Turystyk\u0105, Wydzia\u0142 Ekonomii, Zarz\u0105dzania i Rachunkowo\u015bci<\/td><\/tr><tr><td>Nysa, PL<\/td><td>Stowarzyszenie Przyjaci\u00f3\u0142 M\u0142odzie\u017cy \u201cHarmonia w chaosie\u201d<\/td><\/tr><tr><td>Ochryda, MK<\/td><td>Narodowa Instytucja Ochrony Zabytk\u00f3w Kultury i Muzeum Ochrydy<\/td><\/tr><tr><td>Praga-Wyszehrad, CZ<\/td><td>Pomnik Kultury Narodowej na Wyszehradzie w Pradze<\/td><\/tr><tr><td>Pula, HR<\/td><td>Juraj Dobrila Uniwersytet w Puli<\/td><\/tr><tr><td>Rasnov, RO<\/td><td>Stowarzyszenie Mioritics<\/td><\/tr><tr><td>Rastatt, DE<\/td><td>Muzeum Historii Wojskowo\u015bci Rastatt<\/td><\/tr><tr><td>Remagen, DE<\/td><td>MUZEUM POKOJU Most w Remagen Stowarzyszenie<\/td><\/tr><tr><td>Nadrenia-Palatynat, DE<\/td><td>Generalna Dyrekcja Dziedzictwa Kulturowego Nadrenii-Palatynatu<\/td><\/tr><tr><td>Sabbioneta, IT<\/td><td>Gmina Sabbioneta<\/td><\/tr><tr><td>San Marino, SMR<\/td><td>Republika San Marino<\/td><\/tr><tr><td>Sant'Oreste, IT<\/td><td>Gmina Sant'Oreste<\/td><\/tr><tr><td>Schoenenbourg, FR<\/td><td>Stowarzyszenie przyjaci\u00f3\u0142 Ligne Maginot d'Alsace (AALMA)<\/td><\/tr><tr><td>Schwalmstadt, DE<\/td><td>Tourismusservice Rotk\u00e4ppchenland e.V., Twierdza Ziegenhain<\/td><\/tr><tr><td>\u0160ibenik, HR<\/td><td>Instytucja publiczna \u201cTwierdza kultury \u0160ibenik\u201d<\/td><\/tr><tr><td>Srebrna G\u00f3ra, PL<\/td><td>Twierdza Srebrna G\u00f3ra Sp. z o.o.<\/td><\/tr><tr><td>Strausberg, DE<\/td><td>Places of History e.V.<\/td><\/tr><tr><td>Suomenlinna, Helsinki, FI<\/td><td>Towarzystwo Ehrensv\u00e4rd, Suomenlinna<\/td><\/tr><tr><td>Terez\u00edn, CZ<\/td><td>Terez\u00edn - miasto zmian<\/td><\/tr><tr><td>Torgau, DE<\/td><td>Miasto Torgau, reprezentowane przez Grenadier Battalion von Spiegel e.V.<\/td><\/tr><tr><td>Ulm, DE<\/td><td>Miasto Ulm, reprezentowane przez Ulm\/Neu Ulm Touristik GmbH<\/td><\/tr><tr><td>G\u00f3rny Ren, DE\/FR<\/td><td>Twierdze i historia wojskowo\u015bci nad g\u00f3rnym Renem 1870-1999<\/td><\/tr><tr><td>Valle Sabbia, IT<\/td><td>Spo\u0142eczno\u015b\u0107 g\u00f3rska Valle Sabbia<\/td><\/tr><tr><td>Valletta, MT<\/td><td>Din l-Art Helwa, Narodowy Fundusz Powierniczy Malty<\/td><\/tr><tr><td>Windischleuba, DE<\/td><td>Niemieckie Stowarzyszenie Schronisk M\u0142odzie\u017cowych Oddzia\u0142 Regionalny Turyngia<\/td><\/tr><\/tbody><\/table><\/figure>\n\n\n\n<p class=\"eplus-wrapper\"><\/p>\n\n\n\n<div class=\"wp-block-group alignwide eplus-wrapper has-base-2-background-color has-background has-global-padding is-layout-constrained wp-container-core-group-is-layout-39412042 wp-block-group-is-layout-constrained\" style=\"border-radius:16px;padding-top:var(--wp--preset--spacing--40);padding-right:var(--wp--preset--spacing--50);padding-bottom:var(--wp--preset--spacing--40);padding-left:var(--wp--preset--spacing--50)\">\n<div style=\"height:var(--wp--preset--spacing--10)\" aria-hidden=\"true\" class=\"wp-block-spacer eplus-wrapper\"><\/div>\n\n\n\n<h2 class=\"wp-block-heading alignwide has-text-align-center eplus-wrapper has-x-large-font-size\">Zosta\u0144 cz\u0142onkiem FORTE CULTURA ju\u017c teraz.<\/h2>\n\n\n\n<div class=\"wp-block-columns alignwide eplus-wrapper is-layout-flex wp-container-core-columns-is-layout-28f84493 wp-block-columns-is-layout-flex\">\n<div class=\"wp-block-column eplus-wrapper is-layout-flow wp-block-column-is-layout-flow\">\n<p class=\"has-text-align-center eplus-wrapper translation-block\" style=\"margin-right:0;margin-left:0\">Do\u0142\u0105cz do FORTE CULTURA e.V. i sta\u0144 si\u0119 cz\u0119\u015bci\u0105 Europejskiego Szlaku Kulturowego Zabytk\u00f3w Fortecznych.<\/p>\n<\/div>\n<\/div>\n\n\n\n<div class=\"wp-block-buttons eplus-wrapper is-content-justification-center is-layout-flex wp-container-core-buttons-is-layout-a89b3969 wp-block-buttons-is-layout-flex\">\n<div class=\"wp-block-button eplus-wrapper\"><a class=\"wp-block-button__link wp-element-button\" href=\"https:\/\/www.forte-cultura.network\/pl\/organizacja\/forte-cultura-zostan-czlonkiem\/\">Dowiedz si\u0119 wi\u0119cej<\/a><\/div>\n<\/div>\n\n\n\n<div style=\"height:var(--wp--preset--spacing--10)\" aria-hidden=\"true\" class=\"wp-block-spacer eplus-wrapper\"><\/div>\n<\/div>","protected":false},"excerpt":{"rendered":"<p>The strength of the FORTE CULTURA network is based on the individual strengths and cohesion of its members. 67 institutions, public bodies, associations and experts from 17 countries are official [&hellip;]<\/p>\n","protected":false},"author":1,"featured_media":0,"parent":329,"menu_order":1,"comment_status":"closed","ping_status":"closed","template":"","meta":{"editor_plus_copied_stylings":"{}","pgc_sgb_lightbox_settings":"","_price":"","_stock":"","_tribe_ticket_header":"","_tribe_default_ticket_provider":"","_tribe_ticket_capacity":"0","_ticket_start_date":"","_ticket_end_date":"","_tribe_ticket_show_description":"","_tribe_ticket_show_not_going":false,"_tribe_ticket_use_global_stock":"","_tribe_ticket_global_stock_level":"","_global_stock_mode":"","_global_stock_cap":"","_tribe_rsvp_for_event":"","_tribe_ticket_going_count":"","_tribe_ticket_not_going_count":"","_tribe_tickets_list":"[]","_tribe_ticket_has_attendee_info_fields":false,"_EventAllDay":false,"_EventTimezone":"","_EventStartDate":"","_EventEndDate":"","_EventStartDateUTC":"","_EventEndDateUTC":"","_EventShowMap":false,"_EventShowMapLink":false,"_EventURL":"","_EventCost":"","_EventCostDescription":"","_EventCurrencySymbol":"","_EventCurrencyCode":"","_EventCurrencyPosition":"","_EventDateTimeSeparator":"","_EventTimeRangeSeparator":"","_EventOrganizerID":[],"_EventVenueID":[],"_OrganizerEmail":"","_OrganizerPhone":"","_OrganizerWebsite":"","_VenueAddress":"","_VenueCity":"","_VenueCountry":"","_VenueProvince":"","_VenueState":"","_VenueZip":"","_VenuePhone":"","_VenueURL":"","_VenueStateProvince":"","_VenueLat":"","_VenueLng":"","_VenueShowMap":false,"_VenueShowMapLink":false,"footnotes":""},"class_list":["post-5100","page","type-page","status-publish","hentry"],"_links":{"self":[{"href":"https:\/\/www.forte-cultura.network\/pl\/wp-json\/wp\/v2\/pages\/5100","targetHints":{"allow":["GET"]}}],"collection":[{"href":"https:\/\/www.forte-cultura.network\/pl\/wp-json\/wp\/v2\/pages"}],"about":[{"href":"https:\/\/www.forte-cultura.network\/pl\/wp-json\/wp\/v2\/types\/page"}],"author":[{"embeddable":true,"href":"https:\/\/www.forte-cultura.network\/pl\/wp-json\/wp\/v2\/users\/1"}],"replies":[{"embeddable":true,"href":"https:\/\/www.forte-cultura.network\/pl\/wp-json\/wp\/v2\/comments?post=5100"}],"version-history":[{"count":2,"href":"https:\/\/www.forte-cultura.network\/pl\/wp-json\/wp\/v2\/pages\/5100\/revisions"}],"predecessor-version":[{"id":5105,"href":"https:\/\/www.forte-cultura.network\/pl\/wp-json\/wp\/v2\/pages\/5100\/revisions\/5105"}],"up":[{"embeddable":true,"href":"https:\/\/www.forte-cultura.network\/pl\/wp-json\/wp\/v2\/pages\/329"}],"wp:attachment":[{"href":"https:\/\/www.forte-cultura.network\/pl\/wp-json\/wp\/v2\/media?parent=5100"}],"curies":[{"name":"wp","href":"https:\/\/api.w.org\/{rel}","templated":true}]}}